{"id":1345,"date":"2024-02-21T22:00:37","date_gmt":"2024-02-21T20:00:37","guid":{"rendered":"https:\/\/tammetorubbq.ee\/?post_type=product&#038;p=1345"},"modified":"2026-04-14T22:00:57","modified_gmt":"2026-04-14T19:00:57","slug":"heath-riles-cherry-rub-283g","status":"publish","type":"product","link":"https:\/\/tammetorubbq.ee\/en\/product\/heath-riles-cherry-rub-283g\/","title":{"rendered":"Heath Riles Cherry Rub 283g"},"content":{"rendered":"<p><strong>Ingredients:<\/strong> suhkur, paprika, pruun suhkur, sool, v\u00fcrtsid, naatriumglutamaat, k\u00fc\u00fcslaugupulber, sibulapulber, kunstlik kirsi maitseaine (dekstroos, maltodekstriin, kummiaraabik), looduslik l\u00f5hna- ja maitseaine (sojavalk), looduslik suitsumaitse, punane v\u00e4rv #40 ja paakumise v\u00e4ltimiseks on lisatud v\u00e4hem kui 2% trikaltsiumfosfaati.<\/p>\n<h6>Heath Riles is a man who has won countless titles in the World Championship rib category.<\/h6>","protected":false},"excerpt":{"rendered":"<h5>Heath Riles Cherry Rub \u2013 magusalt v\u00fcrtsikas BBQ maitseelamus<\/h5>\n<p>See <em data-start=\"168\" data-end=\"192\">Heath Riles Cherry Rub<\/em> on ainulaadne BBQ-kuivsegu, mis \u00fchendab <strong data-start=\"233\" data-end=\"260\">puuviljase kirsi maitse<\/strong>, <strong data-start=\"262\" data-end=\"279\">\u00f5rna magususe<\/strong> and <strong data-start=\"283\" data-end=\"304\">t\u00e4iusliku v\u00fcrtsikuse <\/strong>\u2013 tulemuseks rub, mis \u00e4ratab sinu grilltoidud ellu!<\/p>\n<p>See sobib suurep\u00e4raselt <strong>sealihale, ribidele, kanale ja lambalihale<\/strong> ning annab lihale ka isu\u00e4ratava v\u00e4rvi ja s\u00fcgava maitse.<\/p>\n<p data-start=\"521\" data-end=\"542\"><strong data-start=\"523\" data-end=\"540\">P\u00f5hiomadused:<\/strong><\/p>\n<ul data-start=\"543\" data-end=\"1130\">\n<li data-start=\"543\" data-end=\"693\">\n<p data-start=\"545\" data-end=\"693\">\ud83c\udf52 <strong data-start=\"548\" data-end=\"577\">Eksootiline kirsi-maitse:<\/strong> eristuv ja mahlakas puuviljamaitse, mis pole t\u00fc\u00fcpiline BBQ-maitseainesegus.<\/p>\n<\/li>\n<li data-start=\"694\" data-end=\"824\">\n<p data-start=\"696\" data-end=\"824\">\ud83d\udd25 <strong data-start=\"699\" data-end=\"742\">T\u00e4iuslik tasakaal magususe ja v\u00fcrtsiga:<\/strong> annab s\u00fcgava, meeldej\u00e4\u00e4va maitseprofiili.<\/p>\n<\/li>\n<li data-start=\"825\" data-end=\"994\">\n<p data-start=\"827\" data-end=\"994\">\ud83c\udf56 <strong data-start=\"830\" data-end=\"854\">Mitmek\u00fclgne kasutus:<\/strong> suurep\u00e4rane sealihale, ribidele, kanale ja lambalihale ning annab grilltoidule erilise viimistluse.<\/p>\n<\/li>\n<li data-start=\"995\" data-end=\"1130\">\n<p data-start=\"997\" data-end=\"1130\">\ud83c\udfa8 <strong data-start=\"1000\" data-end=\"1025\">Ilus v\u00e4rv ja v\u00e4limus:<\/strong> loob lihale atraktiivse v\u00e4limuse \u2013 just <em data-start=\"1066\" data-end=\"1089\">see on kirsiks tordil<\/em>!<\/p>\n<\/li>\n<\/ul>\n<p>&nbsp;<\/p>\n<p data-start=\"704\" data-end=\"722\">\ud83d\udca1 <strong>Pro Tip:<\/strong> Parima tulemuse saavutamiseks h\u00f5\u00f5ru maitseaine lihale v\u00e4hemalt 30\u201360 minutit enne k\u00fcpsetamist (v\u00f5i j\u00e4ta \u00fcle\u00f6\u00f6 k\u00fclmkappi maitsestuma).<\/p>\n<p data-start=\"704\" data-end=\"722\">Ribide ja sea abat\u00fcki puhul kombineeri Cherry Rub\u2019i \u00f5unapuu suitsuga \u2013 tulemuseks on eriti mahlane ja maitsek\u00fcllane BBQ.<\/p>\n<p><img loading=\"lazy\" decoding=\"async\" class=\"alignnone wp-image-5481\" src=\"https:\/\/tammetorubbq.ee\/wp-content\/uploads\/2024\/02\/Heath-Riles-Logo-SQ-300x300.png\" alt=\"\" width=\"181\" height=\"181\" srcset=\"https:\/\/tammetorubbq.ee\/wp-content\/uploads\/2024\/02\/Heath-Riles-Logo-SQ-300x300.png 300w, https:\/\/tammetorubbq.ee\/wp-content\/uploads\/2024\/02\/Heath-Riles-Logo-SQ-150x150.png 150w, https:\/\/tammetorubbq.ee\/wp-content\/uploads\/2024\/02\/Heath-Riles-Logo-SQ-768x768.png 768w, https:\/\/tammetorubbq.ee\/wp-content\/uploads\/2024\/02\/Heath-Riles-Logo-SQ-12x12.png 12w, https:\/\/tammetorubbq.ee\/wp-content\/uploads\/2024\/02\/Heath-Riles-Logo-SQ-600x600.png 600w, https:\/\/tammetorubbq.ee\/wp-content\/uploads\/2024\/02\/Heath-Riles-Logo-SQ-64x64.png 64w, https:\/\/tammetorubbq.ee\/wp-content\/uploads\/2024\/02\/Heath-Riles-Logo-SQ.png 1000w\" sizes=\"auto, (max-width: 181px) 100vw, 181px\" \/><\/p>","protected":false},"featured_media":1306,"comment_status":"open","ping_status":"closed","template":"","meta":{"_uf_show_specific_survey":0,"_uf_disable_surveys":false},"pwb-brand":[],"product_brand":[],"product_cat":[21],"product_tag":[347,118,112,114,122],"class_list":{"0":"post-1345","1":"product","2":"type-product","3":"status-publish","4":"has-post-thumbnail","6":"product_cat-maitseainesegud","7":"product_tag-heath-riles","8":"product_tag-kanaliha","9":"product_tag-lambaliha","10":"product_tag-sealiha","11":"product_tag-searibi","13":"first","14":"instock","15":"taxable","16":"shipping-taxable","17":"purchasable","18":"product-type-simple"},"brands":[],"_links":{"self":[{"href":"https:\/\/tammetorubbq.ee\/en\/wp-json\/wp\/v2\/product\/1345","targetHints":{"allow":["GET"]}}],"collection":[{"href":"https:\/\/tammetorubbq.ee\/en\/wp-json\/wp\/v2\/product"}],"about":[{"href":"https:\/\/tammetorubbq.ee\/en\/wp-json\/wp\/v2\/types\/product"}],"replies":[{"embeddable":true,"href":"https:\/\/tammetorubbq.ee\/en\/wp-json\/wp\/v2\/comments?post=1345"}],"wp:featuredmedia":[{"embeddable":true,"href":"https:\/\/tammetorubbq.ee\/en\/wp-json\/wp\/v2\/media\/1306"}],"wp:attachment":[{"href":"https:\/\/tammetorubbq.ee\/en\/wp-json\/wp\/v2\/media?parent=1345"}],"wp:term":[{"taxonomy":"pwb-brand","embeddable":true,"href":"https:\/\/tammetorubbq.ee\/en\/wp-json\/wp\/v2\/pwb-brand?post=1345"},{"taxonomy":"product_brand","embeddable":true,"href":"https:\/\/tammetorubbq.ee\/en\/wp-json\/wp\/v2\/product_brand?post=1345"},{"taxonomy":"product_cat","embeddable":true,"href":"https:\/\/tammetorubbq.ee\/en\/wp-json\/wp\/v2\/product_cat?post=1345"},{"taxonomy":"product_tag","embeddable":true,"href":"https:\/\/tammetorubbq.ee\/en\/wp-json\/wp\/v2\/product_tag?post=1345"}],"curies":[{"name":"wp","href":"https:\/\/api.w.org\/{rel}","templated":true}]}}