{"id":1384,"date":"2024-03-04T12:26:35","date_gmt":"2024-03-04T10:26:35","guid":{"rendered":"https:\/\/tammetorubbq.ee\/?post_type=product&#038;p=1384"},"modified":"2026-05-13T23:00:28","modified_gmt":"2026-05-13T20:00:28","slug":"beef-short-ribs-ireland","status":"publish","type":"product","link":"https:\/\/tammetorubbq.ee\/en\/toode\/veise-ribi-short-ribs-iirimaa\/","title":{"rendered":"Beef short-ribs ~2,3kg (IRL)"},"content":{"rendered":"<ul>\n<li>Antibiotic-free, organic beef.<\/li>\n<li><span class=\"label\">Feed - <\/span><span class=\"data\">rohi.<\/span><\/li>\n<li>Vacuum packed.<\/li>\n<li>Refrigerated (storage temp. 0 + 2\u00b0C).<\/li>\n<li>The weight of a single strip weighs 1.5-2.3kg.<\/li>\n<li>Bulk package ~9kg (~5 ribbed sheets).<\/li>\n<li>Country of origin IRELAND.<\/li>\n<\/ul>\n<p>&nbsp;<\/p>\n<p>The product cannot be sent by parcel machine or courier.<\/p>\n<p><strong>Tellimus on v\u00f5imalik k\u00e4tte saada eelneval kokkuleppel: L\u00e4ike tee, Peetri v\u00f5i Metssea tee, Uuesalu, Rae vald.<\/strong><\/p>\n<p>Write to us\u00a0<a href=\"https:\/\/tammetorubbq.ee\/en\/product\/swift-searibi-st-louise-usa\/info%40tammetorubbq.ee\/\">info@tammetorubbq.ee<\/a>\u00a0or call\u00a0<a href=\"http:\/\/+372%2056%20888%20638\/\" target=\"_blank\" rel=\"noopener\">+372 56 888 638<\/a><\/p>","protected":false},"excerpt":{"rendered":"<h5><strong>Esmaklassilise kvaliteediga rohumaa veise ribiliha<\/strong><\/h5>\n<p>Ideal for low and slow grilling or BBQ.<\/p>\n<p>Short ribs come from the rib part, which contains three to four ribs. Depending on where it is cut, it can be between 5-15cm thick and contains meat intertwined with muscle, fat and sinew, giving it a supreme and strong meaty flavour.<\/p>\n<p>When cooked properly, this cut is very tender and juicy.<\/p>\n<p>&nbsp;<\/p>\n<p>\u00dche ribiplaadi keskmine kaal on ~2,3kg.<\/p>\n<p>Feel free to ask for a special price for larger quantities.<\/p>\n<p>The product is sold by weight. The exact price will be calculated after weighing the product.<\/p>\n<p><strong>The product is available for pre-order.\u00a0<\/strong><\/p>\n<p>As this is a weighing product, there is no possibility to place an order via the online shop.<\/p>\n<p>To order please write to <a href=\"\/en\/info@tammetorubbq.ee\/\">info@tammetorubbq.ee<\/a> or call <a href=\"http:\/\/+372 56 888 638\">+372 56 888 638<\/a><\/p>\n<p>&nbsp;<\/p>","protected":false},"featured_media":1397,"comment_status":"open","ping_status":"closed","template":"","meta":{"_uf_show_specific_survey":0,"_uf_disable_surveys":false},"pwb-brand":[],"product_brand":[],"product_cat":[71],"product_tag":[],"class_list":{"0":"post-1384","1":"product","2":"type-product","3":"status-publish","4":"has-post-thumbnail","6":"product_cat-liha","8":"first","9":"outofstock","10":"taxable","11":"shipping-taxable","12":"purchasable","13":"product-type-simple"},"brands":[],"_links":{"self":[{"href":"https:\/\/tammetorubbq.ee\/en\/wp-json\/wp\/v2\/product\/1384","targetHints":{"allow":["GET"]}}],"collection":[{"href":"https:\/\/tammetorubbq.ee\/en\/wp-json\/wp\/v2\/product"}],"about":[{"href":"https:\/\/tammetorubbq.ee\/en\/wp-json\/wp\/v2\/types\/product"}],"replies":[{"embeddable":true,"href":"https:\/\/tammetorubbq.ee\/en\/wp-json\/wp\/v2\/comments?post=1384"}],"wp:featuredmedia":[{"embeddable":true,"href":"https:\/\/tammetorubbq.ee\/en\/wp-json\/wp\/v2\/media\/1397"}],"wp:attachment":[{"href":"https:\/\/tammetorubbq.ee\/en\/wp-json\/wp\/v2\/media?parent=1384"}],"wp:term":[{"taxonomy":"pwb-brand","embeddable":true,"href":"https:\/\/tammetorubbq.ee\/en\/wp-json\/wp\/v2\/pwb-brand?post=1384"},{"taxonomy":"product_brand","embeddable":true,"href":"https:\/\/tammetorubbq.ee\/en\/wp-json\/wp\/v2\/product_brand?post=1384"},{"taxonomy":"product_cat","embeddable":true,"href":"https:\/\/tammetorubbq.ee\/en\/wp-json\/wp\/v2\/product_cat?post=1384"},{"taxonomy":"product_tag","embeddable":true,"href":"https:\/\/tammetorubbq.ee\/en\/wp-json\/wp\/v2\/product_tag?post=1384"}],"curies":[{"name":"wp","href":"https:\/\/api.w.org\/{rel}","templated":true}]}}