{"id":1686,"date":"2024-05-21T18:34:46","date_gmt":"2024-05-21T15:34:46","guid":{"rendered":"https:\/\/tammetorubbq.ee\/?post_type=product&#038;p=1686"},"modified":"2026-04-28T05:00:08","modified_gmt":"2026-04-28T02:00:08","slug":"big-poppa-smokers-double-secret-steak-rub-397g","status":"publish","type":"product","link":"https:\/\/tammetorubbq.ee\/en\/toode\/big-poppa-smokers-double-secret-steak-rub-397g\/","title":{"rendered":"Big Poppa Smokers Double Secret Steak Rub 397g"},"content":{"rendered":"<p><strong>Ingredients:<\/strong> meresool; kuivatatud k\u00fc\u00fcslauk, sibul, paprika ja sidrun, v\u00fcrtsid, suhkur, paprika, pruun suhkur, sidrunhape, selleriseemned, kurkum (v\u00e4rv), naturaalsed maitseained\u00a0 ja paprika ekstrakt (v\u00e4rv).<\/p>","protected":false},"excerpt":{"rendered":"<p><strong><span style=\"color: #0000ff;\">Double Secret seasoning is your secret weapon!<\/span><\/strong><\/p>\n<p>At the heart of this exceptional seasoning is a rich blend of coarse sea salt that blends perfectly with premium spices to complement the natural flavour of beef.<\/p>\n<p>The result? Irresistibly delicious beef cuts that will tantalize your taste buds and leave you with an unforgettable treat.<\/p>\n<p>Big Poppa Smokers is a well known and long-established figure in the US market, with many titles to his name.<\/p>\n<p><img loading=\"lazy\" decoding=\"async\" class=\"wp-image-1557\" src=\"http:\/\/tammetorubbq.ee\/wp-content\/uploads\/2024\/03\/Big-Poppa-Smokers-Logo-Vector-300x225.webp\" alt=\"Big Poppa Smokers\" width=\"167\" height=\"125\" \/><\/p>","protected":false},"featured_media":1689,"comment_status":"open","ping_status":"closed","template":"","meta":{"_uf_show_specific_survey":0,"_uf_disable_surveys":false},"pwb-brand":[80],"product_brand":[405],"product_cat":[21],"product_tag":[114,123,119,165],"class_list":{"0":"post-1686","1":"product","2":"type-product","3":"status-publish","4":"has-post-thumbnail","6":"pwb-brand-big-poppas","7":"product_brand-big-poppas","8":"product_cat-maitseainesegud","9":"product_tag-sealiha","10":"product_tag-steik","11":"product_tag-veiseliha","12":"product_tag-veiseribi","14":"first","15":"instock","16":"taxable","17":"shipping-taxable","18":"purchasable","19":"product-type-simple"},"brands":[{"id":80,"name":"Big Poppa's","slug":"big-poppas"}],"_links":{"self":[{"href":"https:\/\/tammetorubbq.ee\/en\/wp-json\/wp\/v2\/product\/1686","targetHints":{"allow":["GET"]}}],"collection":[{"href":"https:\/\/tammetorubbq.ee\/en\/wp-json\/wp\/v2\/product"}],"about":[{"href":"https:\/\/tammetorubbq.ee\/en\/wp-json\/wp\/v2\/types\/product"}],"replies":[{"embeddable":true,"href":"https:\/\/tammetorubbq.ee\/en\/wp-json\/wp\/v2\/comments?post=1686"}],"wp:featuredmedia":[{"embeddable":true,"href":"https:\/\/tammetorubbq.ee\/en\/wp-json\/wp\/v2\/media\/1689"}],"wp:attachment":[{"href":"https:\/\/tammetorubbq.ee\/en\/wp-json\/wp\/v2\/media?parent=1686"}],"wp:term":[{"taxonomy":"pwb-brand","embeddable":true,"href":"https:\/\/tammetorubbq.ee\/en\/wp-json\/wp\/v2\/pwb-brand?post=1686"},{"taxonomy":"product_brand","embeddable":true,"href":"https:\/\/tammetorubbq.ee\/en\/wp-json\/wp\/v2\/product_brand?post=1686"},{"taxonomy":"product_cat","embeddable":true,"href":"https:\/\/tammetorubbq.ee\/en\/wp-json\/wp\/v2\/product_cat?post=1686"},{"taxonomy":"product_tag","embeddable":true,"href":"https:\/\/tammetorubbq.ee\/en\/wp-json\/wp\/v2\/product_tag?post=1686"}],"curies":[{"name":"wp","href":"https:\/\/api.w.org\/{rel}","templated":true}]}}