{"id":1713,"date":"2024-05-29T16:01:49","date_gmt":"2024-05-29T13:01:49","guid":{"rendered":"https:\/\/tammetorubbq.ee\/?post_type=product&#038;p=1713"},"modified":"2026-04-18T11:00:41","modified_gmt":"2026-04-18T08:00:41","slug":"chargriller-akron-kamado-soegrill","status":"publish","type":"product","link":"https:\/\/tammetorubbq.ee\/en\/product\/chargriller-akron-kamado-soegrill\/","title":{"rendered":"Char-Griller Akorn Kamado 20\u201d s\u00f6egrill"},"content":{"rendered":"<ul>\n<li>Grill grate diameter 20\" (50,8 cm).<\/li>\n<li>CharGriller, a brand of jackets owned by Middleby Outdoors, the group also includes Kamado Joe and Masterbuilt.<\/li>\n<li>The CharGriller AKORN\u00ae Kamado charcoal grill is a Kamado type grill with a very good value for money.<\/li>\n<li>Suitable for both high and low heat grilling.<\/li>\n<li>Strong steel construction with fuel-efficient triple-wall insulation.<\/li>\n<li>Light, easy to manoeuvre, durable and built to last!<\/li>\n<li>Authentic cast iron grills and Easy Dump\u2122 ash pan (very easy to remove).<\/li>\n<li>Removable heating rack and foldable side shelves.<\/li>\n<li>Adjustable shock absorbers and large 8\" (20 cm) lockable wheels.<\/li>\n<li>Total cooking surface: 447 square inches (2884 cm2), main cooking area: 314 square inches (2026 cm2) + 133 square inches heating rack (337,8 cm2).<\/li>\n<li>Available in black.<\/li>\n<li>Weight: 49kg<\/li>\n<\/ul>\n<p><iframe loading=\"lazy\" title=\"Char-Griller AKORN Kamado Grill Spotlight | Char-Griller\" width=\"500\" height=\"281\" src=\"https:\/\/www.youtube.com\/embed\/GP5uqr9B384?feature=oembed\" frameborder=\"0\" allow=\"accelerometer; autoplay; clipboard-write; encrypted-media; gyroscope; picture-in-picture; web-share\" referrerpolicy=\"strict-origin-when-cross-origin\" allowfullscreen><\/iframe><\/p>\n<p>&nbsp;<\/p>","protected":false},"excerpt":{"rendered":"<p data-start=\"160\" data-end=\"202\"><strong data-start=\"160\" data-end=\"202\">Top class kamado-type charcoal grill at an affordable price!<\/strong><\/p>\n<p data-start=\"204\" data-end=\"526\">Char-Griller Akorn Kamado is a versatile and efficient kamado-type charcoal grill that offers the benefits of a ceramic kamado grill without the high price tag. Thanks to its three-layer steel construction, it retains excellent heat and provides economical charcoal consumption - ideal for grilling, smoking, baking and roasting.<\/p>\n<ul>\n<li><strong data-start=\"1336\" data-end=\"1358\">Favourable alternative<\/strong>: Kamado-style grilling at a fraction of the price of ceramic models.<\/li>\n<li><strong data-start=\"1439\" data-end=\"1454\">Various<\/strong>: Grill, smoke, bake or roast - all from a single device.<\/li>\n<li><strong data-start=\"1517\" data-end=\"1540\">Light and durable<\/strong>: Steel construction is lighter and more durable than ceramic alternatives.<\/li>\n<li><strong data-start=\"1626\" data-end=\"1646\">User-friendly<\/strong>: Suitable for beginners as well as experienced grill masters.<\/li>\n<\/ul>\n<p><strong data-start=\"2237\" data-end=\"2266\">Char-Griller Akorn Kamado<\/strong> is the perfect choice if you want an enjoyable barbecue experience without spending too much. The perfect choice for any home chef who appreciates flavour, efficiency and durability.<\/p>\n<p>Kindlasti soovitame ka juurde osta <strong><a href=\"https:\/\/tammetorubbq.ee\/en\/product\/char-griller-akorn-20-kamado-soegrillile-ilmastikukindel-grillikate\/\">ilmastikukindla grillikatte<\/a><\/strong> mis pakub usaldusv\u00e4\u00e4rset kaitset vihma, lume, p\u00e4ikese ja mustuse eest, pikendades grilli eluiga ning hoides selle puhtana j\u00e4rgmiseks kasutuskorraks.<\/p>\n<p><img loading=\"lazy\" decoding=\"async\" class=\"size-full wp-image-1726\" src=\"http:\/\/tammetorubbq.ee\/wp-content\/uploads\/2024\/05\/char-griller_brandmark_1x.png\" alt=\"char-griller\" width=\"195\" height=\"195\" srcset=\"https:\/\/tammetorubbq.ee\/wp-content\/uploads\/2024\/05\/char-griller_brandmark_1x.png 195w, https:\/\/tammetorubbq.ee\/wp-content\/uploads\/2024\/05\/char-griller_brandmark_1x-150x150.png 150w, https:\/\/tammetorubbq.ee\/wp-content\/uploads\/2024\/05\/char-griller_brandmark_1x-12x12.png 12w, https:\/\/tammetorubbq.ee\/wp-content\/uploads\/2024\/05\/char-griller_brandmark_1x-64x64.png 64w\" sizes=\"auto, (max-width: 195px) 100vw, 195px\" \/><\/p>\n<p><a href=\"https:\/\/tammetorubbq.ee\/en\/pay-later\/\"><strong>BUY NOW, PAY LATER<\/strong><\/a>\u00a0- interest free!<\/p>\n<p><img loading=\"lazy\" decoding=\"async\" class=\"alignnone wp-image-2646\" src=\"http:\/\/tammetorubbq.ee\/wp-content\/uploads\/2023\/12\/inbank-wordmark.png\" alt=\"Inbank\" width=\"164\" height=\"74\" srcset=\"https:\/\/tammetorubbq.ee\/wp-content\/uploads\/2023\/12\/inbank-wordmark.png 300w, https:\/\/tammetorubbq.ee\/wp-content\/uploads\/2023\/12\/inbank-wordmark-18x8.png 18w, https:\/\/tammetorubbq.ee\/wp-content\/uploads\/2023\/12\/inbank-wordmark-64x29.png 64w\" sizes=\"auto, (max-width: 164px) 100vw, 164px\" \/><\/p>\n<p>We also offer the option to pay later - in one, two or three equal instalments, without any interest or surcharge.<\/p>\n<p>You can find a selection of different payment options in our shopping cart.<\/p>","protected":false},"featured_media":1725,"comment_status":"open","ping_status":"closed","template":"","meta":{"_uf_show_specific_survey":0,"_uf_disable_surveys":false},"pwb-brand":[95],"product_brand":[],"product_cat":[169,20],"product_tag":[140,78],"class_list":{"0":"post-1713","1":"product","2":"type-product","3":"status-publish","4":"has-post-thumbnail","6":"pwb-brand-chargriller","7":"product_cat-soegrillid","8":"product_cat-kampaania","9":"product_tag-chargriller","10":"product_tag-soegrill","12":"first","13":"instock","14":"sale","15":"taxable","16":"shipping-taxable","17":"purchasable","18":"product-type-simple"},"brands":[{"id":95,"name":"CharGriller","slug":"chargriller"}],"_links":{"self":[{"href":"https:\/\/tammetorubbq.ee\/en\/wp-json\/wp\/v2\/product\/1713","targetHints":{"allow":["GET"]}}],"collection":[{"href":"https:\/\/tammetorubbq.ee\/en\/wp-json\/wp\/v2\/product"}],"about":[{"href":"https:\/\/tammetorubbq.ee\/en\/wp-json\/wp\/v2\/types\/product"}],"replies":[{"embeddable":true,"href":"https:\/\/tammetorubbq.ee\/en\/wp-json\/wp\/v2\/comments?post=1713"}],"wp:featuredmedia":[{"embeddable":true,"href":"https:\/\/tammetorubbq.ee\/en\/wp-json\/wp\/v2\/media\/1725"}],"wp:attachment":[{"href":"https:\/\/tammetorubbq.ee\/en\/wp-json\/wp\/v2\/media?parent=1713"}],"wp:term":[{"taxonomy":"pwb-brand","embeddable":true,"href":"https:\/\/tammetorubbq.ee\/en\/wp-json\/wp\/v2\/pwb-brand?post=1713"},{"taxonomy":"product_brand","embeddable":true,"href":"https:\/\/tammetorubbq.ee\/en\/wp-json\/wp\/v2\/product_brand?post=1713"},{"taxonomy":"product_cat","embeddable":true,"href":"https:\/\/tammetorubbq.ee\/en\/wp-json\/wp\/v2\/product_cat?post=1713"},{"taxonomy":"product_tag","embeddable":true,"href":"https:\/\/tammetorubbq.ee\/en\/wp-json\/wp\/v2\/product_tag?post=1713"}],"curies":[{"name":"wp","href":"https:\/\/api.w.org\/{rel}","templated":true}]}}