{"id":1785,"date":"2024-06-07T16:50:40","date_gmt":"2024-06-07T13:50:40","guid":{"rendered":"https:\/\/tammetorubbq.ee\/?post_type=product&#038;p=1785"},"modified":"2026-04-29T07:00:21","modified_gmt":"2026-04-29T04:00:21","slug":"kosmos-q-spg-rub-340g","status":"publish","type":"product","link":"https:\/\/tammetorubbq.ee\/en\/toode\/kosmos-q-spg-rub-340g\/","title":{"rendered":"Kosmo's Q SPG Rub 340g"},"content":{"rendered":"<p><strong>Ingredients:<\/strong> meresool, must pipar, k\u00fc\u00fcslauk, orgaaniline roosuhkur ja v\u00fcrtsid.<\/p>","protected":false},"excerpt":{"rendered":"<h5 data-pm-slice=\"1 1 []\"><strong>Kosmo's Q SPG Rub (or salt, pepper, garlic and lots of magic).<\/strong><\/h5>\n<p>Rub is a versatile and award-winning dry spice blend made from simple but effective ingredients: sea salt, black pepper, garlic and organic cane sugar.<\/p>\n<p>This classic \"SPG\" (Salt, Pepper, Garlic) blend is renowned for bringing out the natural flavours of the meat and is highly appreciated by BBQ enthusiasts.<\/p>\n<ul>\n<li>Flavour profile: a balanced blend of salty, slightly sweet and aromatic flavours.<\/li>\n<li>Perfect for: beef, pork, chicken, fish, ribs, brisket, wings and even vegetables.<\/li>\n<li>Use: Great for BBQ, grilling, smoking or roasting - just sprinkle on the meat before cooking.<\/li>\n<\/ul>\n<p><strong>Why choose Kosmo's Q SPG Rub?<\/strong><\/p>\n<ul>\n<li>Competition quality: designed to meet the high standards of BBQ competitions.<\/li>\n<li>100% natural ingredients: contains no artificial additives or preservatives.<\/li>\n<li>Versatile use: gives a great flavour to dishes other than meat.<\/li>\n<\/ul>\n<p><strong>Kosmo's Q has made an SPG seasoning mix with a super good ratio.<\/strong><\/p>\n<p>&nbsp;<\/p>\n<p><img loading=\"lazy\" decoding=\"async\" class=\"wp-image-1698\" src=\"http:\/\/tammetorubbq.ee\/wp-content\/uploads\/2024\/05\/Kosmos-Q-logo.avif\" alt=\"Kosmo&#039;s Q\" width=\"146\" height=\"110\" srcset=\"https:\/\/tammetorubbq.ee\/wp-content\/uploads\/2024\/05\/Kosmos-Q-logo.avif 258w, https:\/\/tammetorubbq.ee\/wp-content\/uploads\/2024\/05\/Kosmos-Q-logo-16x12.avif 16w, https:\/\/tammetorubbq.ee\/wp-content\/uploads\/2024\/05\/Kosmos-Q-logo-64x48.avif 64w\" sizes=\"auto, (max-width: 146px) 100vw, 146px\" \/><\/p>","protected":false},"featured_media":6623,"comment_status":"open","ping_status":"closed","template":"","meta":{"_uf_show_specific_survey":0,"_uf_disable_surveys":false},"pwb-brand":[81],"product_brand":[],"product_cat":[21,20],"product_tag":[163,118,159,121,120,319,114,122,123,119,165],"class_list":{"0":"post-1785","1":"product","2":"type-product","3":"status-publish","4":"has-post-thumbnail","6":"pwb-brand-kosmos-q","7":"product_cat-maitseainesegud","8":"product_cat-kampaania","9":"product_tag-kala","10":"product_tag-kanaliha","11":"product_tag-kanatiivad","12":"product_tag-koogiviljad","13":"product_tag-mereannid","14":"product_tag-pardi-rinnafilee","15":"product_tag-sealiha","16":"product_tag-searibi","17":"product_tag-steik","18":"product_tag-veiseliha","19":"product_tag-veiseribi","21":"first","22":"instock","23":"sale","24":"taxable","25":"shipping-taxable","26":"purchasable","27":"product-type-simple"},"brands":[{"id":81,"name":"Kosmo's Q","slug":"kosmos-q"}],"_links":{"self":[{"href":"https:\/\/tammetorubbq.ee\/en\/wp-json\/wp\/v2\/product\/1785","targetHints":{"allow":["GET"]}}],"collection":[{"href":"https:\/\/tammetorubbq.ee\/en\/wp-json\/wp\/v2\/product"}],"about":[{"href":"https:\/\/tammetorubbq.ee\/en\/wp-json\/wp\/v2\/types\/product"}],"replies":[{"embeddable":true,"href":"https:\/\/tammetorubbq.ee\/en\/wp-json\/wp\/v2\/comments?post=1785"}],"wp:featuredmedia":[{"embeddable":true,"href":"https:\/\/tammetorubbq.ee\/en\/wp-json\/wp\/v2\/media\/6623"}],"wp:attachment":[{"href":"https:\/\/tammetorubbq.ee\/en\/wp-json\/wp\/v2\/media?parent=1785"}],"wp:term":[{"taxonomy":"pwb-brand","embeddable":true,"href":"https:\/\/tammetorubbq.ee\/en\/wp-json\/wp\/v2\/pwb-brand?post=1785"},{"taxonomy":"product_brand","embeddable":true,"href":"https:\/\/tammetorubbq.ee\/en\/wp-json\/wp\/v2\/product_brand?post=1785"},{"taxonomy":"product_cat","embeddable":true,"href":"https:\/\/tammetorubbq.ee\/en\/wp-json\/wp\/v2\/product_cat?post=1785"},{"taxonomy":"product_tag","embeddable":true,"href":"https:\/\/tammetorubbq.ee\/en\/wp-json\/wp\/v2\/product_tag?post=1785"}],"curies":[{"name":"wp","href":"https:\/\/api.w.org\/{rel}","templated":true}]}}