{"id":197,"date":"2023-11-28T16:46:12","date_gmt":"2023-11-28T13:46:12","guid":{"rendered":"https:\/\/tammetorubbq.ee\/?post_type=product&#038;p=197"},"modified":"2026-04-15T02:00:04","modified_gmt":"2026-04-14T23:00:04","slug":"marttiini-ckp-chefs-knife-21","status":"publish","type":"product","link":"https:\/\/tammetorubbq.ee\/en\/product\/marttiini-ckp-chefs-knife-21\/","title":{"rendered":"Marttiini CKP Coke knife 21\/33cm"},"content":{"rendered":"<p><strong>M\u00d5\u00d5TMED<\/strong><br data-start=\"72\" data-end=\"75\" \/>Terat pikkus: 21 cm<br data-start=\"94\" data-end=\"97\" \/>Kogu pikkus: 33 cm<\/p>\n<p data-start=\"119\" data-end=\"196\"><strong data-start=\"119\" data-end=\"133\">MATERJALID<\/strong><br data-start=\"133\" data-end=\"136\" \/>Tera materjal: roostevaba teras<br data-start=\"167\" data-end=\"170\" \/>K\u00e4epideme materjal: kumm<\/p>\n<h5 data-start=\"98\" data-end=\"146\">Marttiini \u2013 Soome kvaliteet juba aastast 1928<\/h5>\n<p data-start=\"148\" data-end=\"385\">Marttiini kaubam\u00e4rgi asutas\u00a0<strong data-start=\"81\" data-end=\"115\">Johan Henrik \u201cJanne\u201d Marttiini<\/strong>\u00a01928.\u202faastal Rovaniemis, Soomes, eesm\u00e4rgiga luua teravaid, vastupidavaid ja t\u00e4pseid nugasid, mis sobiksid nii kalastajatele, matkajaile kui k\u00f6\u00f6gihuvilistele. Algusest peale on Marttiini kombineerinud\u00a0<strong data-start=\"316\" data-end=\"362\">k\u00e4sit\u00f6\u00f6traditsiooni ja uuendusliku disaini<\/strong>, pakkudes terasid, mis tagavad sujuva, kontrollitud ja t\u00e4pse l\u00f5ike.<\/p>\n<p data-start=\"148\" data-end=\"385\">Marttiini noad on\u00a0<strong data-start=\"166\" data-end=\"197\">soome meisterlikkuse s\u00fcmbol<\/strong>, mida hinnatakse \u00fcle kogu maailma. Alates 1928. aastast on Marttiini valmistanud\u00a0<strong data-start=\"279\" data-end=\"328\">vastupidavaid, teravaid ja ergonoomilisi nugasid<\/strong>, mis sobivad nii loodusesse, k\u00f6\u00f6ki kui ka kingituseks.<\/p>\n<p data-start=\"387\" data-end=\"614\">Iga nuga on loodud\u00a0<strong data-start=\"406\" data-end=\"433\">t\u00e4psuse ja kvaliteediga<\/strong>, \u00fchendades traditsioonilise k\u00e4sit\u00f6\u00f6oskuse ja kaasaegsed materjalid.<\/p>\n<p data-start=\"387\" data-end=\"614\">Marttiini nuga ei ole lihtsalt t\u00f6\u00f6riist \u2013 see on\u00a0<strong data-start=\"551\" data-end=\"611\">usaldusv\u00e4\u00e4rne kaaslane igaks seikluseks ja igap\u00e4evaeluks, on k\u00f5rgelt hinnatud nii professionaalide kui harrastajate seas.<\/strong><\/p>","protected":false},"excerpt":{"rendered":"<h5 data-start=\"0\" data-end=\"95\"><strong data-start=\"0\" data-end=\"93\"><span class=\"hover:entity-accent entity-underline inline cursor-pointer align-baseline\"><span class=\"whitespace-normal\">Marttiini k\u00f6\u00f6ginuga <\/span><\/span>\u2013 mitmek\u00fclgne nuga liha ja k\u00f6\u00f6giviljade l\u00f5ikamiseks<\/strong><\/h5>\n<p data-start=\"97\" data-end=\"493\">See Marttiini k\u00f6\u00f6ginuga on ideaalne abiline nii liha, k\u00f6\u00f6giviljade kui ka suuremate koostisosade, n\u00e4iteks kapsa v\u00f5i meloni l\u00f5ikamiseks. Paks ja tugev tera tagab suurep\u00e4rase vastupidavuse ja stabiilsuse, samal ajal kui robustne k\u00e4epide istub mugavalt ka suuremates k\u00e4tes, pakkudes kindlat haaret ja kontrolli. 21 cm pikkune tera v\u00f5imaldab h\u00f5lpsasti l\u00f5igata nii liha kui ka k\u00f6\u00f6givilju koduk\u00f6\u00f6gis.<\/p>\n<ul>\n<li data-start=\"495\" data-end=\"683\">Mitmek\u00fclgne kasutus liha ja k\u00f6\u00f6giviljade l\u00f5ikamiseks<\/li>\n<li data-start=\"495\" data-end=\"683\">Tugev ja vastupidav roostevabast terasest tera<\/li>\n<li data-start=\"495\" data-end=\"683\">Mugav ja ergonoomiline k\u00e4epide<\/li>\n<li data-start=\"495\" data-end=\"683\">Sobib suuremate koostisosade t\u00f6\u00f6tlemiseks<\/li>\n<\/ul>\n<p data-start=\"685\" data-end=\"759\" data-is-last-node=\"\" data-is-only-node=\"\">Soovitame pesta k\u00e4sitsi, et s\u00e4ilitada tera teravus ja k\u00e4epideme kvaliteet.<\/p>\n<p>CKP - Condor Kitchen Professional<\/p>\n<p>&nbsp;<\/p>\n<p><img loading=\"lazy\" decoding=\"async\" class=\"alignnone size-full wp-image-5476\" src=\"https:\/\/tammetorubbq.ee\/wp-content\/uploads\/2023\/11\/Image.png\" alt=\"\" width=\"276\" height=\"57\" srcset=\"https:\/\/tammetorubbq.ee\/wp-content\/uploads\/2023\/11\/Image.png 276w, https:\/\/tammetorubbq.ee\/wp-content\/uploads\/2023\/11\/Image-18x4.png 18w, https:\/\/tammetorubbq.ee\/wp-content\/uploads\/2023\/11\/Image-64x13.png 64w\" sizes=\"auto, (max-width: 276px) 100vw, 276px\" \/><\/p>","protected":false},"featured_media":938,"comment_status":"open","ping_status":"closed","template":"","meta":{"_uf_show_specific_survey":0,"_uf_disable_surveys":false},"pwb-brand":[34],"product_brand":[],"product_cat":[20,27],"product_tag":[315,314],"class_list":{"0":"post-197","1":"product","2":"type-product","3":"status-publish","4":"has-post-thumbnail","6":"pwb-brand-marttiini","7":"product_cat-kampaania","8":"product_cat-noad","9":"product_tag-kokanuga","10":"product_tag-marttiini","12":"first","13":"instock","14":"sale","15":"taxable","16":"shipping-taxable","17":"purchasable","18":"product-type-simple"},"brands":[{"id":34,"name":"Marttiini","slug":"marttiini"}],"_links":{"self":[{"href":"https:\/\/tammetorubbq.ee\/en\/wp-json\/wp\/v2\/product\/197","targetHints":{"allow":["GET"]}}],"collection":[{"href":"https:\/\/tammetorubbq.ee\/en\/wp-json\/wp\/v2\/product"}],"about":[{"href":"https:\/\/tammetorubbq.ee\/en\/wp-json\/wp\/v2\/types\/product"}],"replies":[{"embeddable":true,"href":"https:\/\/tammetorubbq.ee\/en\/wp-json\/wp\/v2\/comments?post=197"}],"wp:featuredmedia":[{"embeddable":true,"href":"https:\/\/tammetorubbq.ee\/en\/wp-json\/wp\/v2\/media\/938"}],"wp:attachment":[{"href":"https:\/\/tammetorubbq.ee\/en\/wp-json\/wp\/v2\/media?parent=197"}],"wp:term":[{"taxonomy":"pwb-brand","embeddable":true,"href":"https:\/\/tammetorubbq.ee\/en\/wp-json\/wp\/v2\/pwb-brand?post=197"},{"taxonomy":"product_brand","embeddable":true,"href":"https:\/\/tammetorubbq.ee\/en\/wp-json\/wp\/v2\/product_brand?post=197"},{"taxonomy":"product_cat","embeddable":true,"href":"https:\/\/tammetorubbq.ee\/en\/wp-json\/wp\/v2\/product_cat?post=197"},{"taxonomy":"product_tag","embeddable":true,"href":"https:\/\/tammetorubbq.ee\/en\/wp-json\/wp\/v2\/product_tag?post=197"}],"curies":[{"name":"wp","href":"https:\/\/api.w.org\/{rel}","templated":true}]}}