{"id":199,"date":"2023-11-28T16:48:46","date_gmt":"2023-11-28T13:48:46","guid":{"rendered":"https:\/\/tammetorubbq.ee\/?post_type=product&#038;p=199"},"modified":"2026-04-15T01:00:06","modified_gmt":"2026-04-14T22:00:06","slug":"martini-ckp-serving-set","status":"publish","type":"product","link":"https:\/\/tammetorubbq.ee\/en\/product\/martini-ckp-serving-set\/","title":{"rendered":"Marttiini CKP serving set"},"content":{"rendered":"<p><strong>M\u00d5\u00d5TMED<\/strong><\/p>\n<p>Tera pikkus: 15 \/ 15 cm<\/p>\n<p>Kogupikkus: 27 \/ 27 cm<\/p>\n<p>&nbsp;<\/p>\n<p data-start=\"69\" data-end=\"120\"><strong data-start=\"69\" data-end=\"83\">MATERJALID<\/strong><br data-start=\"83\" data-end=\"86\" \/>Tera materjal: roostevaba teras<\/p>\n<p data-start=\"122\" data-end=\"149\">K\u00e4epideme materjal: kumm<\/p>\n<p>&nbsp;<\/p>\n<p data-start=\"151\" data-end=\"192\" data-is-last-node=\"\" data-is-only-node=\"\"><strong data-start=\"151\" data-end=\"163\">OMADUSED<\/strong><br data-start=\"163\" data-end=\"166\" \/>Pakend: puidust kinkekarp<\/p>\n<h5 data-start=\"98\" data-end=\"146\">Marttiini \u2013 Soome kvaliteet juba aastast 1928<\/h5>\n<p data-start=\"148\" data-end=\"385\">Marttiini kaubam\u00e4rgi asutas\u00a0<strong data-start=\"81\" data-end=\"115\">Johan Henrik \u201cJanne\u201d Marttiini<\/strong>\u00a01928.\u202faastal Rovaniemis, Soomes, eesm\u00e4rgiga luua teravaid, vastupidavaid ja t\u00e4pseid nugasid, mis sobiksid nii kalastajatele, matkajaile kui k\u00f6\u00f6gihuvilistele. Algusest peale on Marttiini kombineerinud\u00a0<strong data-start=\"316\" data-end=\"362\">k\u00e4sit\u00f6\u00f6traditsiooni ja uuendusliku disaini<\/strong>, pakkudes terasid, mis tagavad sujuva, kontrollitud ja t\u00e4pse l\u00f5ike.<\/p>\n<p data-start=\"148\" data-end=\"385\">Marttiini noad on\u00a0<strong data-start=\"166\" data-end=\"197\">soome meisterlikkuse s\u00fcmbol<\/strong>, mida hinnatakse \u00fcle kogu maailma. Alates 1928. aastast on Marttiini valmistanud\u00a0<strong data-start=\"279\" data-end=\"328\">vastupidavaid, teravaid ja ergonoomilisi nugasid<\/strong>, mis sobivad nii loodusesse, k\u00f6\u00f6ki kui ka kingituseks.<\/p>\n<p data-start=\"387\" data-end=\"614\">Iga nuga on loodud\u00a0<strong data-start=\"406\" data-end=\"433\">t\u00e4psuse ja kvaliteediga<\/strong>, \u00fchendades traditsioonilise k\u00e4sit\u00f6\u00f6oskuse ja kaasaegsed materjalid.<\/p>\n<p data-start=\"387\" data-end=\"614\">Marttiini nuga ei ole lihtsalt t\u00f6\u00f6riist \u2013 see on\u00a0<strong data-start=\"551\" data-end=\"611\">usaldusv\u00e4\u00e4rne kaaslane igaks seikluseks ja igap\u00e4evaeluks, on k\u00f5rgelt hinnatud nii professionaalide kui harrastajate seas.<\/strong><\/p>","protected":false},"excerpt":{"rendered":"<p><strong>Liharoa esimese viilu lahti l\u00f5ikamine on tseremoonia<\/strong> \u2013 seep\u00e4rast vajab iga pidus\u00f6\u00f6k head nuga. Olenemata sellest, kas l\u00f5ikate sinki, linnuliha v\u00f5i praadi.<\/p>\n<p data-start=\"115\" data-end=\"416\">Kvaliteetne nikerdusnuga ja praehark moodustavad praktilise ning elegantse komplekti, mis on loodud praet\u00fckkide, liha ja ahjuroogade mugavaks viilutamiseks ning serveerimiseks. Terav roostevabast terasest nuga tagab t\u00e4pse ja puhta l\u00f5ike, samal ajal kui tugev praehark aitab liha kindlalt paigal hoida.<\/p>\n<p data-start=\"418\" data-end=\"675\">Ergonoomilised kummist k\u00e4epidemed pakuvad kindlat haaret ja kasutusmugavust ka pikema l\u00f5ikamise ajal. Komplekt on pakendatud stiilsesse puidust kinkekarpi, mist\u00f5ttu sobib see suurep\u00e4raselt nii igap\u00e4evaseks kasutamiseks kui ka kingituseks kokandushuvilisele.<\/p>\n<ul>\n<li data-start=\"418\" data-end=\"675\">Sobib praadide ja suuremate lihat\u00fckkide viilutamiseks<\/li>\n<li data-start=\"418\" data-end=\"675\">Vastupidav roostevabast terasest tera<\/li>\n<li data-start=\"418\" data-end=\"675\">Mugav ja kindel haare<\/li>\n<li data-start=\"418\" data-end=\"675\">Esinduslik puidust kinkekarp<\/li>\n<\/ul>\n<p><strong>T\u00e4iuslik kingitus, mis on pakendatud kaunisse puidust kinkekarpi.<\/strong><\/p>\n<p>Soovitatav on k\u00e4sipesu, et s\u00e4ilitada toodete kvaliteet ja pikaealisus.<\/p>\n<p>CKP - Condor Kitchen Professional<\/p>\n<p>&nbsp;<\/p>\n<p><img loading=\"lazy\" decoding=\"async\" class=\"alignnone size-full wp-image-5476\" src=\"https:\/\/tammetorubbq.ee\/wp-content\/uploads\/2023\/11\/Image.png\" alt=\"\" width=\"276\" height=\"57\" srcset=\"https:\/\/tammetorubbq.ee\/wp-content\/uploads\/2023\/11\/Image.png 276w, https:\/\/tammetorubbq.ee\/wp-content\/uploads\/2023\/11\/Image-18x4.png 18w, https:\/\/tammetorubbq.ee\/wp-content\/uploads\/2023\/11\/Image-64x13.png 64w\" sizes=\"auto, (max-width: 276px) 100vw, 276px\" \/><\/p>","protected":false},"featured_media":5500,"comment_status":"open","ping_status":"closed","template":"","meta":{"_uf_show_specific_survey":0,"_uf_disable_surveys":false},"pwb-brand":[34],"product_brand":[],"product_cat":[20,27,26],"product_tag":[314],"class_list":{"0":"post-199","1":"product","2":"type-product","3":"status-publish","4":"has-post-thumbnail","6":"pwb-brand-marttiini","7":"product_cat-kampaania","8":"product_cat-noad","9":"product_cat-nugade-tarvikud","10":"product_tag-marttiini","12":"first","13":"instock","14":"sale","15":"taxable","16":"shipping-taxable","17":"purchasable","18":"product-type-simple"},"brands":[{"id":34,"name":"Marttiini","slug":"marttiini"}],"_links":{"self":[{"href":"https:\/\/tammetorubbq.ee\/en\/wp-json\/wp\/v2\/product\/199","targetHints":{"allow":["GET"]}}],"collection":[{"href":"https:\/\/tammetorubbq.ee\/en\/wp-json\/wp\/v2\/product"}],"about":[{"href":"https:\/\/tammetorubbq.ee\/en\/wp-json\/wp\/v2\/types\/product"}],"replies":[{"embeddable":true,"href":"https:\/\/tammetorubbq.ee\/en\/wp-json\/wp\/v2\/comments?post=199"}],"wp:featuredmedia":[{"embeddable":true,"href":"https:\/\/tammetorubbq.ee\/en\/wp-json\/wp\/v2\/media\/5500"}],"wp:attachment":[{"href":"https:\/\/tammetorubbq.ee\/en\/wp-json\/wp\/v2\/media?parent=199"}],"wp:term":[{"taxonomy":"pwb-brand","embeddable":true,"href":"https:\/\/tammetorubbq.ee\/en\/wp-json\/wp\/v2\/pwb-brand?post=199"},{"taxonomy":"product_brand","embeddable":true,"href":"https:\/\/tammetorubbq.ee\/en\/wp-json\/wp\/v2\/product_brand?post=199"},{"taxonomy":"product_cat","embeddable":true,"href":"https:\/\/tammetorubbq.ee\/en\/wp-json\/wp\/v2\/product_cat?post=199"},{"taxonomy":"product_tag","embeddable":true,"href":"https:\/\/tammetorubbq.ee\/en\/wp-json\/wp\/v2\/product_tag?post=199"}],"curies":[{"name":"wp","href":"https:\/\/api.w.org\/{rel}","templated":true}]}}