{"id":2063,"date":"2024-11-06T19:01:11","date_gmt":"2024-11-06T17:01:11","guid":{"rendered":"https:\/\/tammetorubbq.ee\/?post_type=product&#038;p=2063"},"modified":"2026-04-30T09:00:02","modified_gmt":"2026-04-30T06:00:02","slug":"stokes-sweet-chilli-sauce-320g","status":"publish","type":"product","link":"https:\/\/tammetorubbq.ee\/en\/toode\/stokes-magus-tsillikaste-320g\/","title":{"rendered":"Stokes Sweet Chilli Sauce 320g"},"content":{"rendered":"<p><strong>Ingredients:<\/strong> sugar (46%), water, malt vinegar, red chilli (5%), thickener: modified corn starch, dried red pepper (2%), red chilli puree (red chilli, white wine vinegar, sunflower oil, sea salt, stabilisers: guar gum), onion, sea salt, tomato puree, garlic salt, preservative: sorbic acid.<\/p>\n<p><strong>Nutritional value per 100g:<\/strong> energia 947kcal\/223kJ, s\u00fcsivesikud 55g, millest suhkrud 51g, sool 1g.<\/p>\n<div class=\"text-token-text-secondary flex items-center justify-center gap-4 px-4 py-2.5 text-sm whitespace-nowrap\">\n<p data-start=\"0\" data-end=\"18\"><strong data-start=\"0\" data-end=\"16\">Storage\u00a0<\/strong>hoida jahedas kohas, eemal otsesest p\u00e4ikesevalgusest. P\u00e4rast avamist hoida k\u00fclmkapis ja tarbida 6 n\u00e4dala jooksul ning kindlasti enne s\u00e4ilivusaega.<\/p>\n<p data-start=\"0\" data-end=\"18\">\n<h5 data-start=\"0\" data-end=\"18\"><strong data-start=\"35\" data-end=\"84\">Stokes - made with real ingredients!<\/strong><\/h5>\n<\/div>\n<p data-start=\"86\" data-end=\"416\">Stokes is a UK family business renowned for its quality sauces and condiments. At the heart of their products lie genuine ingredients, rich recipes, and a handcrafted quality. The dedication is palpable in every jar and bottle \u2013 whether it's their ketchup, mayonnaise, BBQ sauce, chutney, jam, or creamy horseradish.<\/p>\n<p data-start=\"418\" data-end=\"702\">Stokes does not use quick methods or shortcuts. Tomato ketchup contains more tomatoes than most competitors. The sauces use real honey, fresh cream, natural spice extracts and other quality ingredients to create a balanced, clean, and homemade taste.<\/p>\n<p data-start=\"704\" data-end=\"908\">In addition to classic tomato ketchups, the selection includes smoky chipotle ketchup, various BBQ sauces, full-bodied mayonnaise, several chutneys, fruity jams, and elegant accompaniments for everyday meals.<\/p>\n<p data-start=\"1003\" data-end=\"1074\" data-is-only-node=\"\" data-is-last-node=\"\"><strong data-start=\"1003\" data-end=\"1019\">Country of origin:<\/strong>\u00a0United Kingdom<\/p>","protected":false},"excerpt":{"rendered":"<p>Sweet chilli sauce with red chilli and paprika, full of oriental vitality.<\/p>\n<p>With its sweet and clean flavour, this sauce is deliciously versatile - use it as a dipping sauce, a glaze or as a marinade.<\/p>\n<p>&nbsp;<\/p>\n<h5 data-start=\"0\" data-end=\"220\">If you appreciate flavour that is at once honest, simple and well-considered, then Stokes is a sure bet!<\/h5>\n<p><img loading=\"lazy\" decoding=\"async\" class=\"alignnone wp-image-1551\" src=\"http:\/\/tammetorubbq.ee\/wp-content\/uploads\/2023\/12\/stokes-logo-vector-1.png\" alt=\"\" width=\"199\" height=\"110\" srcset=\"https:\/\/tammetorubbq.ee\/wp-content\/uploads\/2023\/12\/stokes-logo-vector-1.png 300w, https:\/\/tammetorubbq.ee\/wp-content\/uploads\/2023\/12\/stokes-logo-vector-1-18x10.png 18w, https:\/\/tammetorubbq.ee\/wp-content\/uploads\/2023\/12\/stokes-logo-vector-1-64x35.png 64w\" sizes=\"auto, (max-width: 199px) 100vw, 199px\" \/><\/p>","protected":false},"featured_media":2064,"comment_status":"open","ping_status":"closed","template":"","meta":{"_uf_show_specific_survey":0,"_uf_disable_surveys":false},"pwb-brand":[89],"product_brand":[],"product_cat":[22],"product_tag":[333],"class_list":{"0":"post-2063","1":"product","2":"type-product","3":"status-publish","4":"has-post-thumbnail","6":"pwb-brand-stokes","7":"product_cat-kastmed-ja-marinaadid","8":"product_tag-stokes","10":"first","11":"outofstock","12":"taxable","13":"shipping-taxable","14":"purchasable","15":"product-type-simple"},"brands":[{"id":89,"name":"Stokes","slug":"stokes"}],"_links":{"self":[{"href":"https:\/\/tammetorubbq.ee\/en\/wp-json\/wp\/v2\/product\/2063","targetHints":{"allow":["GET"]}}],"collection":[{"href":"https:\/\/tammetorubbq.ee\/en\/wp-json\/wp\/v2\/product"}],"about":[{"href":"https:\/\/tammetorubbq.ee\/en\/wp-json\/wp\/v2\/types\/product"}],"replies":[{"embeddable":true,"href":"https:\/\/tammetorubbq.ee\/en\/wp-json\/wp\/v2\/comments?post=2063"}],"wp:featuredmedia":[{"embeddable":true,"href":"https:\/\/tammetorubbq.ee\/en\/wp-json\/wp\/v2\/media\/2064"}],"wp:attachment":[{"href":"https:\/\/tammetorubbq.ee\/en\/wp-json\/wp\/v2\/media?parent=2063"}],"wp:term":[{"taxonomy":"pwb-brand","embeddable":true,"href":"https:\/\/tammetorubbq.ee\/en\/wp-json\/wp\/v2\/pwb-brand?post=2063"},{"taxonomy":"product_brand","embeddable":true,"href":"https:\/\/tammetorubbq.ee\/en\/wp-json\/wp\/v2\/product_brand?post=2063"},{"taxonomy":"product_cat","embeddable":true,"href":"https:\/\/tammetorubbq.ee\/en\/wp-json\/wp\/v2\/product_cat?post=2063"},{"taxonomy":"product_tag","embeddable":true,"href":"https:\/\/tammetorubbq.ee\/en\/wp-json\/wp\/v2\/product_tag?post=2063"}],"curies":[{"name":"wp","href":"https:\/\/api.w.org\/{rel}","templated":true}]}}