{"id":216,"date":"2023-11-28T18:27:23","date_gmt":"2023-11-28T15:27:23","guid":{"rendered":"https:\/\/tammetorubbq.ee\/?post_type=product&#038;p=216"},"modified":"2026-05-07T20:00:55","modified_gmt":"2026-05-07T17:00:55","slug":"poppamies-texas-beef-rub-seasoning-mix","status":"publish","type":"product","link":"https:\/\/tammetorubbq.ee\/en\/toode\/poppamies-texas-beef-rub-maitseainesegu\/","title":{"rendered":"Poppamies Texas Beef Rub 200g"},"content":{"rendered":"<p><strong>Ingredients:<\/strong> Cane sugar, salt, mustard seeds, smoked paprika, black pepper, cardamom.<\/p>\n<p>Poppamiehe seasoning mixes are made from the best raw ingredients and are particularly suitable for dry marinating meats, but also excellent for general seasoning in cooking.<\/p>\n<p>Poppamies RUB spices are lactose and gluten free and contain no flavour enhancers.<\/p>","protected":false},"excerpt":{"rendered":"<p>The mustardy and peppery Texas Beef RUB is made in the spirit of Texas flavours.<br \/>\nThe mixture is designed for beef, but is also perfect for pork.<\/p>\n<p>The seasoning mix is suitable in addition to the smoked meat. There is nothing extra in the seasoning, all the ingredients are balanced in terms of flavours, salt and sweetness.<br \/>\nMaitsesta liha enne k\u00fcpsetamist, h\u00f5\u00f5ruge v\u00fcrtsisegu lihale ohtralt, ca 40-50 g kilogrammi liha kohta.+<\/p>\n<p>&nbsp;<\/p>\n<p><img loading=\"lazy\" decoding=\"async\" class=\"alignnone  wp-image-6303\" src=\"https:\/\/tammetorubbq.ee\/wp-content\/uploads\/2023\/11\/a3254948a7e8d399_org-300x223.png\" alt=\"\" width=\"204\" height=\"152\" srcset=\"https:\/\/tammetorubbq.ee\/wp-content\/uploads\/2023\/11\/a3254948a7e8d399_org-300x223.png 300w, https:\/\/tammetorubbq.ee\/wp-content\/uploads\/2023\/11\/a3254948a7e8d399_org-768x570.png 768w, https:\/\/tammetorubbq.ee\/wp-content\/uploads\/2023\/11\/a3254948a7e8d399_org-16x12.png 16w, https:\/\/tammetorubbq.ee\/wp-content\/uploads\/2023\/11\/a3254948a7e8d399_org-600x445.png 600w, https:\/\/tammetorubbq.ee\/wp-content\/uploads\/2023\/11\/a3254948a7e8d399_org-64x48.png 64w, https:\/\/tammetorubbq.ee\/wp-content\/uploads\/2023\/11\/a3254948a7e8d399_org.png 1024w\" sizes=\"auto, (max-width: 204px) 100vw, 204px\" \/><\/p>","protected":false},"featured_media":274,"comment_status":"open","ping_status":"closed","template":"","meta":{"_uf_show_specific_survey":0,"_uf_disable_surveys":false},"pwb-brand":[167],"product_brand":[],"product_cat":[20,21],"product_tag":[123,119,165],"class_list":{"0":"post-216","1":"product","2":"type-product","3":"status-publish","4":"has-post-thumbnail","6":"pwb-brand-poppamies","7":"product_cat-kampaania","8":"product_cat-maitseainesegud","9":"product_tag-steik","10":"product_tag-veiseliha","11":"product_tag-veiseribi","13":"first","14":"instock","15":"sale","16":"taxable","17":"shipping-taxable","18":"purchasable","19":"product-type-simple"},"brands":[{"id":167,"name":"Poppamies","slug":"poppamies"}],"_links":{"self":[{"href":"https:\/\/tammetorubbq.ee\/en\/wp-json\/wp\/v2\/product\/216","targetHints":{"allow":["GET"]}}],"collection":[{"href":"https:\/\/tammetorubbq.ee\/en\/wp-json\/wp\/v2\/product"}],"about":[{"href":"https:\/\/tammetorubbq.ee\/en\/wp-json\/wp\/v2\/types\/product"}],"replies":[{"embeddable":true,"href":"https:\/\/tammetorubbq.ee\/en\/wp-json\/wp\/v2\/comments?post=216"}],"wp:featuredmedia":[{"embeddable":true,"href":"https:\/\/tammetorubbq.ee\/en\/wp-json\/wp\/v2\/media\/274"}],"wp:attachment":[{"href":"https:\/\/tammetorubbq.ee\/en\/wp-json\/wp\/v2\/media?parent=216"}],"wp:term":[{"taxonomy":"pwb-brand","embeddable":true,"href":"https:\/\/tammetorubbq.ee\/en\/wp-json\/wp\/v2\/pwb-brand?post=216"},{"taxonomy":"product_brand","embeddable":true,"href":"https:\/\/tammetorubbq.ee\/en\/wp-json\/wp\/v2\/product_brand?post=216"},{"taxonomy":"product_cat","embeddable":true,"href":"https:\/\/tammetorubbq.ee\/en\/wp-json\/wp\/v2\/product_cat?post=216"},{"taxonomy":"product_tag","embeddable":true,"href":"https:\/\/tammetorubbq.ee\/en\/wp-json\/wp\/v2\/product_tag?post=216"}],"curies":[{"name":"wp","href":"https:\/\/api.w.org\/{rel}","templated":true}]}}