{"id":226,"date":"2023-11-28T18:56:11","date_gmt":"2023-11-28T15:56:11","guid":{"rendered":"https:\/\/tammetorubbq.ee\/?post_type=product&#038;p=226"},"modified":"2026-04-14T22:01:03","modified_gmt":"2026-04-14T19:01:03","slug":"poppamies-louisiana-cajun-rub-spice-mix","status":"publish","type":"product","link":"https:\/\/tammetorubbq.ee\/en\/product\/poppamies-louisiana-cajun-rub-spice-mix\/","title":{"rendered":"Poppamies Louisiana Cajun Rub 200g"},"content":{"rendered":"<p><strong>Ingredients<\/strong>: sool (22%), k\u00fc\u00fcslauk, paprika, must pipar, sibul, pune, t\u0161illi, t\u00fc\u00fcmian, cayenne.<\/p>\n<table>\n<thead>\n<tr>\n<th><\/th>\n<th><\/th>\n<\/tr>\n<\/thead>\n<tbody>\n<tr>\n<td>\n<h5><strong>Teravusaste:<\/strong><\/h5>\n<\/td>\n<td>\n<h5 style=\"text-align: center;\"><strong>2<\/strong><\/h5>\n<\/td>\n<\/tr>\n<tr>\n<td>Toote kaal:<\/td>\n<td>280 g<\/td>\n<\/tr>\n<tr>\n<td>Sisu:<\/td>\n<td>200 g<\/td>\n<\/tr>\n<\/tbody>\n<\/table>\n<p>&nbsp;<\/p>\n<table>\n<thead>\n<tr>\n<th><strong>Toitev\u00e4\u00e4rtus (100 g kohta)<\/strong><\/th>\n<th><strong>Kogus<\/strong><\/th>\n<\/tr>\n<\/thead>\n<tbody>\n<tr>\n<td>Energiasisaldus<\/td>\n<td>1114,5 kJ \/ 266,4 kcal<\/td>\n<\/tr>\n<tr>\n<td>Rasvad<\/td>\n<td>4,3 g<\/td>\n<\/tr>\n<tr>\n<td>\u2013 millest k\u00fcllastunud rasvhapped<\/td>\n<td>1 g<\/td>\n<\/tr>\n<tr>\n<td>S\u00fcsivesikud<\/td>\n<td>39,7 g<\/td>\n<\/tr>\n<tr>\n<td>\u2013 millest suhkrud<\/td>\n<td>13,5 g<\/td>\n<\/tr>\n<tr>\n<td>Valgud<\/td>\n<td>10,2 g<\/td>\n<\/tr>\n<tr>\n<td>Sool<\/td>\n<td>21,7 g<\/td>\n<\/tr>\n<\/tbody>\n<\/table>\n<p>&nbsp;<\/p>\n<p>Poppamiehe seasoning mixes are made from the best raw ingredients and are particularly suitable for dry marinating meats, but also excellent for general seasoning in cooking.<\/p>\n<p><strong>Poppamies rub`d on laktoosi- ja gluteenivabad ning ei sisalda maitsetugevdajaid.<\/strong><\/p>","protected":false},"excerpt":{"rendered":"<div class=\"\" data-block=\"true\" data-editor=\"s4bt\" data-offset-key=\"ckaj9-0-0\">\n<h5 class=\"_1mf _1mj\" data-offset-key=\"ckaj9-0-0\"><strong>Avasta meie p\u00f5hjanaabrite Louisiana Cajun rub<\/strong><\/h5>\n<\/div>\n<div class=\"\" data-block=\"true\" data-editor=\"s4bt\" data-offset-key=\"91r8h-0-0\">\n<div class=\"_1mf _1mj\" data-offset-key=\"91r8h-0-0\"><span data-offset-key=\"91r8h-0-0\">Maitseainesegu Louisiana Cajun on magustamata ja valmistatud ehtsas Cajuni stiilis, sobides eriti h\u00e4sti kana, mereandide ja suitsuliha maitsestamiseks.<\/span><\/div>\n<\/div>\n<div class=\"\" data-block=\"true\" data-editor=\"s4bt\" data-offset-key=\"ce1h5-0-0\">\n<div class=\"_1mf _1mj\" data-offset-key=\"ce1h5-0-0\"><span data-offset-key=\"ce1h5-0-0\">Poppamies Louisiana Cajun on tasakaalus soola ja v\u00fcrtside poolest ning ei sisalda lisatud suhkrut.<\/span><\/div>\n<\/div>\n<div class=\"\" data-block=\"true\" data-editor=\"s4bt\" data-offset-key=\"f88d0-0-0\">\n<div class=\"_1mf _1mj\" data-offset-key=\"f88d0-0-0\"><span data-offset-key=\"f88d0-0-0\">\u00a0<\/span><\/div>\n<\/div>\n<div class=\"\" data-block=\"true\" data-editor=\"s4bt\" data-offset-key=\"d1ba9-0-0\">\n<div class=\"_1mf _1mj\" data-offset-key=\"d1ba9-0-0\"><span data-offset-key=\"d1ba9-0-0\">Liha maitsestamiseks soovitame kasutada umbes 40\u201350 g maitseainesegu \u00fche kilogrammi liha kohta.<\/span><\/div>\n<\/div>\n<div data-offset-key=\"d1ba9-0-0\"><\/div>\n<p><img loading=\"lazy\" decoding=\"async\" class=\"alignnone wp-image-6303\" src=\"https:\/\/tammetorubbq.ee\/wp-content\/uploads\/2023\/11\/a3254948a7e8d399_org-300x223.png\" alt=\"\" width=\"155\" height=\"115\" srcset=\"https:\/\/tammetorubbq.ee\/wp-content\/uploads\/2023\/11\/a3254948a7e8d399_org-300x223.png 300w, https:\/\/tammetorubbq.ee\/wp-content\/uploads\/2023\/11\/a3254948a7e8d399_org-768x570.png 768w, https:\/\/tammetorubbq.ee\/wp-content\/uploads\/2023\/11\/a3254948a7e8d399_org-16x12.png 16w, https:\/\/tammetorubbq.ee\/wp-content\/uploads\/2023\/11\/a3254948a7e8d399_org-600x445.png 600w, https:\/\/tammetorubbq.ee\/wp-content\/uploads\/2023\/11\/a3254948a7e8d399_org-64x48.png 64w, https:\/\/tammetorubbq.ee\/wp-content\/uploads\/2023\/11\/a3254948a7e8d399_org.png 1024w\" sizes=\"auto, (max-width: 155px) 100vw, 155px\" \/><\/p>","protected":false},"featured_media":275,"comment_status":"open","ping_status":"closed","template":"","meta":{"_uf_show_specific_survey":0,"_uf_disable_surveys":false},"pwb-brand":[167],"product_brand":[],"product_cat":[21],"product_tag":[118,159,120],"class_list":{"0":"post-226","1":"product","2":"type-product","3":"status-publish","4":"has-post-thumbnail","6":"pwb-brand-poppamies","7":"product_cat-maitseainesegud","8":"product_tag-kanaliha","9":"product_tag-kanatiivad","10":"product_tag-mereannid","12":"first","13":"instock","14":"taxable","15":"shipping-taxable","16":"purchasable","17":"product-type-simple"},"brands":[{"id":167,"name":"Poppamies","slug":"poppamies"}],"_links":{"self":[{"href":"https:\/\/tammetorubbq.ee\/en\/wp-json\/wp\/v2\/product\/226","targetHints":{"allow":["GET"]}}],"collection":[{"href":"https:\/\/tammetorubbq.ee\/en\/wp-json\/wp\/v2\/product"}],"about":[{"href":"https:\/\/tammetorubbq.ee\/en\/wp-json\/wp\/v2\/types\/product"}],"replies":[{"embeddable":true,"href":"https:\/\/tammetorubbq.ee\/en\/wp-json\/wp\/v2\/comments?post=226"}],"wp:featuredmedia":[{"embeddable":true,"href":"https:\/\/tammetorubbq.ee\/en\/wp-json\/wp\/v2\/media\/275"}],"wp:attachment":[{"href":"https:\/\/tammetorubbq.ee\/en\/wp-json\/wp\/v2\/media?parent=226"}],"wp:term":[{"taxonomy":"pwb-brand","embeddable":true,"href":"https:\/\/tammetorubbq.ee\/en\/wp-json\/wp\/v2\/pwb-brand?post=226"},{"taxonomy":"product_brand","embeddable":true,"href":"https:\/\/tammetorubbq.ee\/en\/wp-json\/wp\/v2\/product_brand?post=226"},{"taxonomy":"product_cat","embeddable":true,"href":"https:\/\/tammetorubbq.ee\/en\/wp-json\/wp\/v2\/product_cat?post=226"},{"taxonomy":"product_tag","embeddable":true,"href":"https:\/\/tammetorubbq.ee\/en\/wp-json\/wp\/v2\/product_tag?post=226"}],"curies":[{"name":"wp","href":"https:\/\/api.w.org\/{rel}","templated":true}]}}