{"id":404,"date":"2023-12-03T11:29:41","date_gmt":"2023-12-03T09:29:41","guid":{"rendered":"https:\/\/tammetorubbq.ee\/?post_type=product&#038;p=404"},"modified":"2026-04-17T00:00:04","modified_gmt":"2026-04-16T21:00:04","slug":"bbq-succahi-smoky-beast","status":"publish","type":"product","link":"https:\/\/tammetorubbq.ee\/en\/product\/bbq-succahi-smoky-beast\/","title":{"rendered":"BBQ Smoky Beast incense burner"},"content":{"rendered":"<p><strong>Smoky Beast<\/strong>\u00a0has a larger capacity than the largest models of Kamado ceramic grills (marked XL, Big Joe\/Pro Joe). The two grills have a total surface area of 5865 cm2.<\/p>\n<p>There is no need to store or cover your BBQ indoors for the winter, as Cor-Ten and stainless steel can withstand all weathers. The steel also resists temperature fluctuations well - there's no fear of breakage or cracking.<\/p>\n<p>If you want to move your barbecue from one place to another, or lend it to a friend or neighbour, it's easy: a BBQ can be transported in the box of a truck. It's not a delicate product that should be handled with great care.<\/p>\n<p>&nbsp;<\/p>\n<p><strong>Technical data:<\/strong><\/p>\n<p>Included in the price: charcoal bathtub, module for barbecue briquette, side shelves.<strong><br \/>\n<\/strong><br \/>\nThe BBQ grill is made of 3 mm Cor-Ten steel, weight 101 kg.<br \/>\nThe cooking and heating chambers are separable, and the chimneys are separable.<br \/>\nBBQ grills are not painted.<\/p>\n<p>Unbreakable hinges (5mm stainless steel).<\/p>\n<p>The size of the baking tray is 70 x 50 cm.<\/p>\n<p>Two baking tins on different levels with dimensions of 68\u00d749 cm and 68\u00d734 cm. Material stainless steel.<\/p>\n<p>Capacity: two racks can hold about 20 kg of culinary ribs at a time.<\/p>\n<p>Chimneys on both sides ensure even heat distribution.<\/p>\n<p>The water is added to the water bath through a special pipe and the oven does not need to be opened.<\/p>\n<p>The fat flows out of the oven along a sloping trough and drips into a special bucket.<\/p>\n<p>At the top of the chimneys are sifters that can be used to regulate the temperature in the oven.<\/p>\n<p>The BBQ is equipped with an external thermometer (scale 0-300 C).<\/p>\n<p>Hearth depth 48 cm, cast iron bottom.<\/p>\n<p>At the front of the stove is a 20\u00d720 cm hotplate for heating mop sauces.<\/p>\n<p>The door can be fixed in two positions - a good way to adjust the temperature.<\/p>\n<p>Double-walled boiler door for better heat resistance<\/p>\n<p>&nbsp;<\/p>\n<p>Smoky Beast material: Cor-Ten steel is almost pure carbon steel, but treated to create a protective layer on its surface to withstand the elements. Cor-Ten is initially greyish, then reddish-brown (a rust-like tint), becoming darker over time. When used correctly, Cor-Ten steel is expressive, long-lasting and maintenance-free, and will stand the test of time in a unique way.<\/p>","protected":false},"excerpt":{"rendered":"<p><strong>Klassikaline kahe korstnaga BBQ-suitsuahi, millega k\u00fcpsetades saab parimaid maitseelamusi.<\/strong><\/p>\n<p>Valmistatakse k\u00e4sit\u00f6\u00f6na Cor-Ten terasest. BBQ-k\u00fcpsetamiseks saab ahju k\u00fctta nii puude- kui grillbriketiga.<\/p>\n<p>Lisaks saab kasutada ka <strong>s\u00f6egrillina<\/strong>. Kui BBQ k\u00fcpsetamiseks v\u00f5i suitsutamiseks tuleb kuumus alt k\u00fcttekoldest, siis grillimise jaoks on spetsiaalne s\u00f6evann, mis paigaldatakse k\u00fcpsetusrestide alla.<\/p>\n<p>The reddish-brown colour of the Cor-Ten steel is matched with stainless steel details, and the Smoky Beast stands out with its striking appearance. Content is not inferior to appearance, as the previous generation of models have won numerous grilling competitions.<\/p>\n<p><strong>NB! <\/strong>Alates 2025 aprillist on tuhasahtel ning rasva-, vee-, ja s\u00f6evannid valmistatud roostevabast terasest. Grillihooaja alguses ei pea tegema enam vannidele roostehooldust!<\/p>\n<p>&nbsp;<\/p>\n<p><img loading=\"lazy\" decoding=\"async\" class=\"alignnone wp-image-951\" src=\"http:\/\/tammetorubbq.ee\/wp-content\/uploads\/2023\/11\/GrillSymbol.png\" alt=\"\" width=\"153\" height=\"42\" srcset=\"https:\/\/tammetorubbq.ee\/wp-content\/uploads\/2023\/11\/GrillSymbol.png 273w, https:\/\/tammetorubbq.ee\/wp-content\/uploads\/2023\/11\/GrillSymbol-18x5.png 18w, https:\/\/tammetorubbq.ee\/wp-content\/uploads\/2023\/11\/GrillSymbol-64x18.png 64w\" sizes=\"auto, (max-width: 153px) 100vw, 153px\" \/><\/p>\n<p>&nbsp;<\/p>\n<p><a href=\"https:\/\/tammetorubbq.ee\/en\/pay-later\/\"><strong>BUY NOW, PAY LATER<\/strong><\/a>\u00a0- interest free!<\/p>\n<p><img loading=\"lazy\" decoding=\"async\" class=\"alignnone wp-image-2646\" src=\"http:\/\/tammetorubbq.ee\/wp-content\/uploads\/2023\/12\/inbank-wordmark.png\" alt=\"\" width=\"167\" height=\"75\" srcset=\"https:\/\/tammetorubbq.ee\/wp-content\/uploads\/2023\/12\/inbank-wordmark.png 300w, https:\/\/tammetorubbq.ee\/wp-content\/uploads\/2023\/12\/inbank-wordmark-18x8.png 18w, https:\/\/tammetorubbq.ee\/wp-content\/uploads\/2023\/12\/inbank-wordmark-64x29.png 64w\" sizes=\"auto, (max-width: 167px) 100vw, 167px\" \/><\/p>\n<p>We also offer the option to pay later - in one, two or three equal instalments, without any interest or surcharge.<\/p>\n<p>You can find a selection of different payment options in our shopping cart.<\/p>","protected":false},"featured_media":405,"comment_status":"open","ping_status":"closed","template":"","meta":{"_uf_show_specific_survey":0,"_uf_disable_surveys":false},"pwb-brand":[92],"product_brand":[],"product_cat":[57,53],"product_tag":[77,147,78,76],"class_list":{"0":"post-404","1":"product","2":"type-product","3":"status-publish","4":"has-post-thumbnail","6":"pwb-brand-grillsymbol","7":"product_cat-bbq-suitsuahjud","8":"product_cat-grillid","9":"product_tag-bbq-ahi","10":"product_tag-grillsymbol","11":"product_tag-soegrill","12":"product_tag-suitsuahi","14":"first","15":"instock","16":"taxable","17":"shipping-taxable","18":"purchasable","19":"product-type-simple"},"brands":[{"id":92,"name":"GrillSymbol","slug":"grillsymbol"}],"_links":{"self":[{"href":"https:\/\/tammetorubbq.ee\/en\/wp-json\/wp\/v2\/product\/404","targetHints":{"allow":["GET"]}}],"collection":[{"href":"https:\/\/tammetorubbq.ee\/en\/wp-json\/wp\/v2\/product"}],"about":[{"href":"https:\/\/tammetorubbq.ee\/en\/wp-json\/wp\/v2\/types\/product"}],"replies":[{"embeddable":true,"href":"https:\/\/tammetorubbq.ee\/en\/wp-json\/wp\/v2\/comments?post=404"}],"wp:featuredmedia":[{"embeddable":true,"href":"https:\/\/tammetorubbq.ee\/en\/wp-json\/wp\/v2\/media\/405"}],"wp:attachment":[{"href":"https:\/\/tammetorubbq.ee\/en\/wp-json\/wp\/v2\/media?parent=404"}],"wp:term":[{"taxonomy":"pwb-brand","embeddable":true,"href":"https:\/\/tammetorubbq.ee\/en\/wp-json\/wp\/v2\/pwb-brand?post=404"},{"taxonomy":"product_brand","embeddable":true,"href":"https:\/\/tammetorubbq.ee\/en\/wp-json\/wp\/v2\/product_brand?post=404"},{"taxonomy":"product_cat","embeddable":true,"href":"https:\/\/tammetorubbq.ee\/en\/wp-json\/wp\/v2\/product_cat?post=404"},{"taxonomy":"product_tag","embeddable":true,"href":"https:\/\/tammetorubbq.ee\/en\/wp-json\/wp\/v2\/product_tag?post=404"}],"curies":[{"name":"wp","href":"https:\/\/api.w.org\/{rel}","templated":true}]}}