{"id":4169,"date":"2025-11-03T16:10:21","date_gmt":"2025-11-03T14:10:21","guid":{"rendered":"https:\/\/tammetorubbq.ee\/?post_type=product&#038;p=4169"},"modified":"2026-04-15T05:00:13","modified_gmt":"2026-04-15T02:00:13","slug":"big-swede-bbq-badass-bird-boost-rub-340g","status":"publish","type":"product","link":"https:\/\/tammetorubbq.ee\/en\/product\/big-swede-bbq-badass-bird-boost-rub-340g\/","title":{"rendered":"Big Swede BBQ Badass Bird Boost Rub 340g"},"content":{"rendered":"<p data-start=\"0\" data-end=\"13\"><strong>Koostisosad:<\/strong> sool, suhkur, kuivatatud k\u00fc\u00fcslauk, maitseained (sh t\u0161illipipar), naatriumglutamaat, paprika, sibulapulber, kurkum (v\u00e4rvaine), SINEPI seeme, sidrunhape, maltodekstriin, sulatatud kanarasv, h\u00fcdrol\u00fc\u00fcsitud maisi-, soja- [SOJA] ja nisu- (GLUTEEN) valk, looduslik hikkoripuu suitsumaitse, SELLERI ekstraktid, kuni 2% kaltsiumfosfaati (paakumisvastane aine).<\/p>\n<p data-start=\"370\" data-end=\"418\">Toitev\u00e4\u00e4rtus (keskmised v\u00e4\u00e4rtused) 100 g kohta.<\/p>\n<p data-start=\"420\" data-end=\"552\" data-is-last-node=\"\" data-is-only-node=\"\">Energia 0 kJ \/ 0 kcal, rasv 0 g, millest k\u00fcllastunud rasvhapped 0 g, s\u00fcsivesikud 100 g, millest suhkrud 0 g, valgud 0 g, sool 0,3 g.<\/p>\n","protected":false},"excerpt":{"rendered":"<p data-start=\"0\" data-end=\"231\"><strong>See maitseainesegu on tulvil magusaid, soolaseid, maitsek\u00fcllaseid ja v\u00fcrtsikaid noote \u2013 t\u00e4iuslik tasakaal, mis paneb iga roa elama.<\/strong><\/p>\n<p data-start=\"0\" data-end=\"231\">See maitseainesegu \u00fchendab endas magusa, soolase, v\u00fcrtsika ja kergelt tulise maitsekoosluse.<\/p>\n<p data-start=\"0\" data-end=\"231\"><strong>T\u00f5eline v\u00f5istlustasemel maitseainesegu<\/strong>, mis viib iga linnuliha uuele tasemele \u2013 olgu see <strong>kana, part v\u00f5i kalkun<\/strong>.<\/p>\n<p data-start=\"233\" data-end=\"406\" data-is-last-node=\"\" data-is-only-node=\"\"><strong data-start=\"233\" data-end=\"245\">\ud83d\udca1 Pro tip:<\/strong> h\u00f5\u00f5ru maitseainesegu lihale v\u00e4hemalt 30 minutit enne k\u00fcpsetamist (v\u00f5i j\u00e4ta \u00fcle\u00f6\u00f6 k\u00fclmkappi), et maitsed saaksid t\u00e4ielikult imenduda ja liha j\u00e4\u00e4ks eriti mahlane.<\/p>\n<p data-start=\"233\" data-end=\"406\" data-is-last-node=\"\" data-is-only-node=\"\">\n<p><img loading=\"lazy\" decoding=\"async\" class=\"wp-image-4171\" src=\"http:\/\/tammetorubbq.ee\/wp-content\/uploads\/2025\/11\/Big-Swede-BBQ-logo-300x300.jpg\" alt=\"Big Swede BBQ\" width=\"187\" height=\"187\" srcset=\"https:\/\/tammetorubbq.ee\/wp-content\/uploads\/2025\/11\/Big-Swede-BBQ-logo-300x300.jpg 300w, https:\/\/tammetorubbq.ee\/wp-content\/uploads\/2025\/11\/Big-Swede-BBQ-logo-150x150.jpg 150w, https:\/\/tammetorubbq.ee\/wp-content\/uploads\/2025\/11\/Big-Swede-BBQ-logo-12x12.jpg 12w, https:\/\/tammetorubbq.ee\/wp-content\/uploads\/2025\/11\/Big-Swede-BBQ-logo-64x64.jpg 64w, https:\/\/tammetorubbq.ee\/wp-content\/uploads\/2025\/11\/Big-Swede-BBQ-logo.jpg 436w\" sizes=\"auto, (max-width: 187px) 100vw, 187px\" \/><\/p>\n<p data-start=\"233\" data-end=\"406\" data-is-last-node=\"\" data-is-only-node=\"\">","protected":false},"featured_media":4170,"comment_status":"open","ping_status":"closed","template":"","meta":{"_uf_show_specific_survey":0,"_uf_disable_surveys":false},"pwb-brand":[229],"product_brand":[],"product_cat":[21],"product_tag":[230,118,159,231],"class_list":{"0":"post-4169","1":"product","2":"type-product","3":"status-publish","4":"has-post-thumbnail","6":"pwb-brand-big-swede-bbq","7":"product_cat-maitseainesegud","8":"product_tag-kalkun","9":"product_tag-kanaliha","10":"product_tag-kanatiivad","11":"product_tag-part","13":"first","14":"instock","15":"taxable","16":"shipping-taxable","17":"purchasable","18":"product-type-simple"},"brands":[{"id":229,"name":"Big Swede BBQ","slug":"big-swede-bbq"}],"_links":{"self":[{"href":"https:\/\/tammetorubbq.ee\/en\/wp-json\/wp\/v2\/product\/4169","targetHints":{"allow":["GET"]}}],"collection":[{"href":"https:\/\/tammetorubbq.ee\/en\/wp-json\/wp\/v2\/product"}],"about":[{"href":"https:\/\/tammetorubbq.ee\/en\/wp-json\/wp\/v2\/types\/product"}],"replies":[{"embeddable":true,"href":"https:\/\/tammetorubbq.ee\/en\/wp-json\/wp\/v2\/comments?post=4169"}],"wp:featuredmedia":[{"embeddable":true,"href":"https:\/\/tammetorubbq.ee\/en\/wp-json\/wp\/v2\/media\/4170"}],"wp:attachment":[{"href":"https:\/\/tammetorubbq.ee\/en\/wp-json\/wp\/v2\/media?parent=4169"}],"wp:term":[{"taxonomy":"pwb-brand","embeddable":true,"href":"https:\/\/tammetorubbq.ee\/en\/wp-json\/wp\/v2\/pwb-brand?post=4169"},{"taxonomy":"product_brand","embeddable":true,"href":"https:\/\/tammetorubbq.ee\/en\/wp-json\/wp\/v2\/product_brand?post=4169"},{"taxonomy":"product_cat","embeddable":true,"href":"https:\/\/tammetorubbq.ee\/en\/wp-json\/wp\/v2\/product_cat?post=4169"},{"taxonomy":"product_tag","embeddable":true,"href":"https:\/\/tammetorubbq.ee\/en\/wp-json\/wp\/v2\/product_tag?post=4169"}],"curies":[{"name":"wp","href":"https:\/\/api.w.org\/{rel}","templated":true}]}}