{"id":430,"date":"2023-12-03T11:57:05","date_gmt":"2023-12-03T09:57:05","guid":{"rendered":"https:\/\/tammetorubbq.ee\/?post_type=product&#038;p=430"},"modified":"2026-04-14T22:00:17","modified_gmt":"2026-04-14T19:00:17","slug":"kamado-joe-classic-ii-stand-alone","status":"publish","type":"product","link":"https:\/\/tammetorubbq.ee\/en\/product\/kamado-joe-classic-ii-stand-alone\/","title":{"rendered":"Kamado Joe Classic II Stand Alone"},"content":{"rendered":"<p>The ceramic Kamado Joe grill \/ bbq oven, a pioneer in the world of Kamado grills and also in innovation. The perfect size for backyard grilling on both low and high heat, as well as for smoking. The grill has a thick-walled heat-resistant ceramic body that locks in smoke and moisture at any temperature. The easy-opening dome has a counter-balanced 'Air Lift' hinge and a weatherproof\/sealed 'Konrol Tower' top vent. The cooking rack is made of very high quality 304 stainless steel. The Classic II also comes standard with a 'Divide &amp; Conquer\u00ae' system for flexible cooking, a multi-panel ceramic firebox, a reliable galvanised steel base frame on wheels and a patented pull-out ashtray for easy cleaning of the grill.<\/p>\n<p>&nbsp;<\/p>\n<p>The kit includes<\/p>\n<ul>\n<li>18\" (46 cm) ceramic grill Stand Alone version, i.e. without frame and without side panels.<\/li>\n<li>Finished high-density polyurethane handle<\/li>\n<li>Three-level \"Divide &amp; Conquer\u00ae\" system for flexible cooking, i.e. including a 2-piece half-moon ceramic heat deflector (heat spreader) and 2-piece stainless steel (304) half-moon grill racks (46 cm diameter) - additional grill racks available as optional extras.<\/li>\n<li>Patented retractable stainless steel (304) ashtray for easier grill cleaning<\/li>\n<li>Built-in thermometer<\/li>\n<li>Aluminium top ventilation opening \"Kontrol Tower\"<\/li>\n<li>\"Hing Air Lift\" (i.e. lid with amord)<\/li>\n<li>AMP Multi-panel (i.e. multi-part, non-destructive) firebox<\/li>\n<li>Heat-resistant fibreglass envelope with wire netting<\/li>\n<li>Stainless steel (304) lid clamp clip<\/li>\n<li>Stainless steel accessory rack \"Accessory Rack\"<\/li>\n<li>Grill grate lifting bars<\/li>\n<li>Tuharoop<\/li>\n<\/ul>\n<p>&nbsp;<\/p>\n<p>&nbsp;<\/p>\n<p>WEIGHT 86 kg<\/p>\n<p>PACKAGE DIMENSIONS 66 \u00d7 79 \u00d7 87 cm<\/p>\n<p>Overall dimensions 118 (l) x 121 (h) x 71 (w) cm<\/p>\n<p>SURFACE \u00d8 46 cm, st 651cm\u00b2<\/p>\n<p>TEMPERATURE RANGE 80 - 400 \u00b0C<\/p>\n<p>SPACING AREA INCLUDING FLOOR 1034 cm2<\/p>\n<p>ALARM AREA WITH TWO HOLES \/ LOAD HOLES 1291 cm2 \/ 1677 cm2<\/p>\n<p>PRODUCER \u00a0\u00a0\u00a0\u00a0\u00a0\u00a0\u00a0\u00a0\u00a0\u00a0\u00a0\u00a0\u00a0\u00a0\u00a0\u00a0\u00a0\u00a0\u00a0\u00a0\u00a0\u00a0\u00a0\u00a0\u00a0\u00a0\u00a0\u00a0\u00a0\u00a0\u00a0\u00a0\u00a0\u00a0\u00a0\u00a0\u00a0\u00a0\u00a0\u00a0\u00a0\u00a0\u00a0\u00a0\u00a0\u00a0\u00a0\u00a0\u00a0\u00a0\u00a0\u00a0\u00a0\u00a0\u00a0\u00a0\u00a0\u00a0\u00a0\u00a0\u00a0\u00a0\u00a0\u00a0\u00a0\u00a0\u00a0\u00a0\u00a0\u00a0\u00a0\u00a0\u00a0\u00a0\u00a0\u00a0\u00a0\u00a0\u00a0\u00a0\u00a0\u00a0\u00a0\u00a0\u00a0\u00a0\u00a0\u00a0\u00a0\u00a0\u00a0\u00a0\u00a0\u00a0 <strong>Kamado Joe<\/strong><\/p>\n<p>NOTE: Kamado Joe ceramic parts are covered by a limited lifetime warranty (warranty conditions: <a href=\"http:\/\/tammetorubbq.ee\/wp-content\/uploads\/2023\/12\/Kamado_Joe_garantii-1.docx\" target=\"_blank\" rel=\"noopener\">see here<\/a>); including ceramic tiles, heat reflectors and sealing tiles 3 years; metal and cast iron 5 years; thermometer and gaskets 1 year.<\/p>","protected":false},"excerpt":{"rendered":"<h4>Kaasa kingitus + TASUTA tarne.<\/h4>\n<ul>\n<li>Top quality in the world!<\/li>\n<li>Best value for money!<\/li>\n<li><strong>By far the best choice in ceramic grills!<\/strong><\/li>\n<li>The best-selling Kamado Joe Classic grill Stand Alone version, i.e. without frame and without side panels.<\/li>\n<li>Grill rack \u00d8 47 cm (18\"), oven inside \u00d8 50 cm, oven outside \u00d8 57 cm, weight 86 kg.<\/li>\n<\/ul>\n<p>Kindlasti soovitame ka juurde osta\u00a0<a href=\"https:\/\/tammetorubbq.ee\/en\/product\/kamado-joe-classic-dome-stand-alone-ilmastikukindel-grillikate\/\"><strong>ilmastikukindla grillikatte<\/strong><\/a>\u00a0mis pakub usaldusv\u00e4\u00e4rset kaitset vihma, lume, p\u00e4ikese ja mustuse eest, pikendades grilli eluiga ning hoides selle puhtana j\u00e4rgmiseks kasutuskorraks.<\/p>\n<p><span style=\"color: #000000;\"><strong>Oleme tootja Kamado Joe ametlik esindaja, edasim\u00fc\u00fcja Eestis!<\/strong><\/span><\/p>\n<p><img loading=\"lazy\" decoding=\"async\" class=\"wp-image-1531\" src=\"http:\/\/tammetorubbq.ee\/wp-content\/uploads\/2024\/03\/kamado-joe-logo-300x40.webp\" alt=\"Kamado Joe logo\" width=\"180\" height=\"24\" srcset=\"https:\/\/tammetorubbq.ee\/wp-content\/uploads\/2024\/03\/kamado-joe-logo-300x40.webp 300w, https:\/\/tammetorubbq.ee\/wp-content\/uploads\/2024\/03\/kamado-joe-logo-768x104.webp 768w, https:\/\/tammetorubbq.ee\/wp-content\/uploads\/2024\/03\/kamado-joe-logo-18x2.webp 18w, https:\/\/tammetorubbq.ee\/wp-content\/uploads\/2024\/03\/kamado-joe-logo-600x81.webp 600w, https:\/\/tammetorubbq.ee\/wp-content\/uploads\/2024\/03\/kamado-joe-logo-64x9.webp 64w, https:\/\/tammetorubbq.ee\/wp-content\/uploads\/2024\/03\/kamado-joe-logo.webp 1024w\" sizes=\"auto, (max-width: 180px) 100vw, 180px\" \/><\/p>\n<p><a href=\"https:\/\/tammetorubbq.ee\/en\/pay-later\/\"><strong>BUY NOW, PAY LATER<\/strong><\/a> - interest free!<\/p>\n<p><img loading=\"lazy\" decoding=\"async\" class=\"alignnone wp-image-2646\" src=\"http:\/\/tammetorubbq.ee\/wp-content\/uploads\/2023\/12\/inbank-wordmark.png\" alt=\"Inbank\" width=\"167\" height=\"75\" srcset=\"https:\/\/tammetorubbq.ee\/wp-content\/uploads\/2023\/12\/inbank-wordmark.png 300w, https:\/\/tammetorubbq.ee\/wp-content\/uploads\/2023\/12\/inbank-wordmark-18x8.png 18w, https:\/\/tammetorubbq.ee\/wp-content\/uploads\/2023\/12\/inbank-wordmark-64x29.png 64w\" sizes=\"auto, (max-width: 167px) 100vw, 167px\" \/><\/p>\n<p>We also offer the option to pay later - in one, two or three equal instalments, without any interest or surcharge.<\/p>\n<p>You can find a selection of different payment options in our shopping cart.<\/p>","protected":false},"featured_media":5725,"comment_status":"open","ping_status":"closed","template":"","meta":{"_uf_show_specific_survey":0,"_uf_disable_surveys":false},"pwb-brand":[69],"product_brand":[],"product_cat":[53,55],"product_tag":[126,325,316,127,78],"class_list":{"0":"post-430","1":"product","2":"type-product","3":"status-publish","4":"has-post-thumbnail","6":"pwb-brand-kamado-joe","7":"product_cat-grillid","8":"product_cat-keraamilised-grillid","9":"product_tag-kamado-joe","10":"product_tag-kamado-joe-classic","11":"product_tag-kamado-joe-keraamiline-grill","12":"product_tag-keraamilised-grillid","13":"product_tag-soegrill","15":"first","16":"instock","17":"taxable","18":"shipping-taxable","19":"purchasable","20":"product-type-simple"},"brands":[{"id":69,"name":"Kamado Joe","slug":"kamado-joe"}],"_links":{"self":[{"href":"https:\/\/tammetorubbq.ee\/en\/wp-json\/wp\/v2\/product\/430","targetHints":{"allow":["GET"]}}],"collection":[{"href":"https:\/\/tammetorubbq.ee\/en\/wp-json\/wp\/v2\/product"}],"about":[{"href":"https:\/\/tammetorubbq.ee\/en\/wp-json\/wp\/v2\/types\/product"}],"replies":[{"embeddable":true,"href":"https:\/\/tammetorubbq.ee\/en\/wp-json\/wp\/v2\/comments?post=430"}],"wp:featuredmedia":[{"embeddable":true,"href":"https:\/\/tammetorubbq.ee\/en\/wp-json\/wp\/v2\/media\/5725"}],"wp:attachment":[{"href":"https:\/\/tammetorubbq.ee\/en\/wp-json\/wp\/v2\/media?parent=430"}],"wp:term":[{"taxonomy":"pwb-brand","embeddable":true,"href":"https:\/\/tammetorubbq.ee\/en\/wp-json\/wp\/v2\/pwb-brand?post=430"},{"taxonomy":"product_brand","embeddable":true,"href":"https:\/\/tammetorubbq.ee\/en\/wp-json\/wp\/v2\/product_brand?post=430"},{"taxonomy":"product_cat","embeddable":true,"href":"https:\/\/tammetorubbq.ee\/en\/wp-json\/wp\/v2\/product_cat?post=430"},{"taxonomy":"product_tag","embeddable":true,"href":"https:\/\/tammetorubbq.ee\/en\/wp-json\/wp\/v2\/product_tag?post=430"}],"curies":[{"name":"wp","href":"https:\/\/api.w.org\/{rel}","templated":true}]}}