{"id":4362,"date":"2025-11-27T13:37:11","date_gmt":"2025-11-27T11:37:11","guid":{"rendered":"https:\/\/tammetorubbq.ee\/?post_type=product&#038;p=4362"},"modified":"2026-04-15T00:00:12","modified_gmt":"2026-04-14T21:00:12","slug":"char-griller-competiton-pro-ilmastikukindel-grillikate","status":"publish","type":"product","link":"https:\/\/tammetorubbq.ee\/en\/product\/char-griller-competiton-pro-ilmastikukindel-grillikate\/","title":{"rendered":"Char-Griller Competiton Pro ilmastikukindel grillikate"},"content":{"rendered":"<h4 data-start=\"947\" data-end=\"983\"><strong data-start=\"952\" data-end=\"983\">Miks valida see grillikate?<\/strong><\/h4>\n<ul data-start=\"984\" data-end=\"1155\">\n<li data-start=\"984\" data-end=\"1048\">\n<p data-start=\"986\" data-end=\"1048\">Pikendab grilli eluiga ja hoiab selle v\u00e4ljan\u00e4gemise v\u00e4rskena<\/p>\n<\/li>\n<li data-start=\"1049\" data-end=\"1096\">\n<p data-start=\"1051\" data-end=\"1096\">Kaitseb grilli v\u00e4litingimustes hoiustamisel<\/p>\n<\/li>\n<li data-start=\"1097\" data-end=\"1155\">\n<p data-start=\"1099\" data-end=\"1155\">Mugav kasutada ja vastupidav ka intensiivsel kasutamisel<\/p>\n<\/li>\n<\/ul>","protected":false},"excerpt":{"rendered":"<p data-start=\"133\" data-end=\"366\">Kaitse oma Char-Griller Competiton Pro grill maksimaalse mugavuse ja kindlusega! See kvaliteetne <strong data-start=\"220\" data-end=\"250\">ilmastikukindel grillikate<\/strong> hoiab sinu grilli turvaliselt kaitstud aastaringselt \u2013 olgu tegemist vihma, lume, UV-kiirguse v\u00f5i tugevama tuulega.<\/p>\n<h4 data-start=\"368\" data-end=\"385\"><strong data-start=\"373\" data-end=\"385\">Features<\/strong><\/h4>\n<ul data-start=\"386\" data-end=\"945\">\n<li data-start=\"386\" data-end=\"494\">\n<p data-start=\"388\" data-end=\"494\"><strong data-start=\"388\" data-end=\"408\">T\u00e4iuslik sobivus<\/strong> Char-Griller Competiton Pro mudelile \u2013 spetsiaalselt vormitud t\u00e4pseks ja tihedaks istuvuseks.<\/p>\n<\/li>\n<li data-start=\"495\" data-end=\"593\">\n<p data-start=\"497\" data-end=\"593\"><strong data-start=\"497\" data-end=\"536\">Vastupidav ilmastikukindel materjal<\/strong> \u2013 kaitseb grilli niiskuse, mustuse ja pleekimise eest.<\/p>\n<\/li>\n<li data-start=\"594\" data-end=\"690\">\n<p data-start=\"596\" data-end=\"690\"><strong data-start=\"596\" data-end=\"622\">UV-kaitsega pealispind<\/strong> \u2013 hoiab \u00e4ra materjali lagunemise ja v\u00e4rvi tuhmumise p\u00e4ikese k\u00e4es.<\/p>\n<\/li>\n<li data-start=\"691\" data-end=\"796\">\n<p data-start=\"693\" data-end=\"796\"><strong data-start=\"693\" data-end=\"713\">Tugevad \u00f5mblused<\/strong> \u2013 tagavad pika kasutusea ning vastupidavuse ka sagedasel peale- ja mahav\u00f5tmisel.<\/p>\n<\/li>\n<li data-start=\"797\" data-end=\"872\">\n<p data-start=\"799\" data-end=\"872\"><strong data-start=\"799\" data-end=\"817\">Kinnitusrihmad<\/strong> \u2013 hoiavad katte kindlalt paigal ka tuulistes oludes.<\/p>\n<\/li>\n<li data-start=\"873\" data-end=\"945\">\n<p data-start=\"875\" data-end=\"945\"><strong data-start=\"875\" data-end=\"894\">Easy to maintain<\/strong> \u2013 vajadusel saab kergesti puhastada niiske lapiga.<\/p>\n<\/li>\n<\/ul>\n<p><img decoding=\"async\" src=\"http:\/\/tammetorubbq.ee\/wp-content\/uploads\/2024\/05\/char-griller_brandmark_1x.png\" alt=\"char-griller\" \/><\/p>","protected":false},"featured_media":4363,"comment_status":"open","ping_status":"closed","template":"","meta":{"_uf_show_specific_survey":0,"_uf_disable_surveys":false},"pwb-brand":[95],"product_brand":[],"product_cat":[88],"product_tag":[239],"class_list":{"0":"post-4362","1":"product","2":"type-product","3":"status-publish","4":"has-post-thumbnail","6":"pwb-brand-chargriller","7":"product_cat-grillide-lisatarvikud","8":"product_tag-ilmastikukindel-kate","10":"first","11":"instock","12":"taxable","13":"shipping-taxable","14":"purchasable","15":"product-type-simple"},"brands":[{"id":95,"name":"CharGriller","slug":"chargriller"}],"_links":{"self":[{"href":"https:\/\/tammetorubbq.ee\/en\/wp-json\/wp\/v2\/product\/4362","targetHints":{"allow":["GET"]}}],"collection":[{"href":"https:\/\/tammetorubbq.ee\/en\/wp-json\/wp\/v2\/product"}],"about":[{"href":"https:\/\/tammetorubbq.ee\/en\/wp-json\/wp\/v2\/types\/product"}],"replies":[{"embeddable":true,"href":"https:\/\/tammetorubbq.ee\/en\/wp-json\/wp\/v2\/comments?post=4362"}],"wp:featuredmedia":[{"embeddable":true,"href":"https:\/\/tammetorubbq.ee\/en\/wp-json\/wp\/v2\/media\/4363"}],"wp:attachment":[{"href":"https:\/\/tammetorubbq.ee\/en\/wp-json\/wp\/v2\/media?parent=4362"}],"wp:term":[{"taxonomy":"pwb-brand","embeddable":true,"href":"https:\/\/tammetorubbq.ee\/en\/wp-json\/wp\/v2\/pwb-brand?post=4362"},{"taxonomy":"product_brand","embeddable":true,"href":"https:\/\/tammetorubbq.ee\/en\/wp-json\/wp\/v2\/product_brand?post=4362"},{"taxonomy":"product_cat","embeddable":true,"href":"https:\/\/tammetorubbq.ee\/en\/wp-json\/wp\/v2\/product_cat?post=4362"},{"taxonomy":"product_tag","embeddable":true,"href":"https:\/\/tammetorubbq.ee\/en\/wp-json\/wp\/v2\/product_tag?post=4362"}],"curies":[{"name":"wp","href":"https:\/\/api.w.org\/{rel}","templated":true}]}}