{"id":448,"date":"2023-12-03T12:21:20","date_gmt":"2023-12-03T10:21:20","guid":{"rendered":"https:\/\/tammetorubbq.ee\/?post_type=product&#038;p=448"},"modified":"2026-04-20T12:00:20","modified_gmt":"2026-04-20T09:00:20","slug":"kamado-joe-classic-iii","status":"publish","type":"product","link":"https:\/\/tammetorubbq.ee\/en\/product\/kamado-joe-classic-iii\/","title":{"rendered":"Kamado Joe Classic III"},"content":{"rendered":"<p>Classic III kit includes the latest innovation - revolutionary hyperbolic smoke chamber contents \"<em>SloRoller<\/em>\", which uses swirling airflow technology - regulating heat and smoke. It is designed to enhance the flavour and texture of food in low and slow cooking up to 260\u00b0C max. It can be easily replaced with a ceramic heat deflector or removed altogether for browning or grilling at higher heat. Like its predecessor, the Classic II grill, it has a thick-walled heat-resistant ceramic casing that locks in smoke and moisture at any temperature. The easy-opening dome has a counterweight hinge (called an \"arbor\").\"<em>Air Lift\"<\/em>\u00a0and a weatherproof \/ high-precision top vent \"<em>Control Tower<\/em>\". The baking rack is made of very high quality 304 stainless steel. Other innovations of the Classic III include a four-level multifunctional cooking system \"<em>Divide &amp;<\/em>\u00a0Conquer\u00ae\" with stainless steel charcoal horn, heat resistant\/powder coated aluminium side shelves, high quality weatherproof galvanised steel base frame with wheels, advanced multi-panel ceramic firebox and patented pull-out ash pan.<\/p>\n<p>&nbsp;<\/p>\n<p><strong>The kit includes<\/strong><\/p>\n<ul>\n<li>18\" (46 cm) ceramic barbecue with galvanised steel innovative base frame and lockable wheels.<\/li>\n<li>Patented hyperbolic smoke chamber \"SloRoller\"<\/li>\n<li>Finished with folding aluminium side shelves and high-density polyurethane handle.<\/li>\n<li>Four-level \"Divide &amp; Conquer\u00ae\" system for flexible cooking, i.e. including 2 pieces of half-moon ceramic heat deflectors (heat spreaders) and 2 pieces of stainless steel (304) half-moon grilling grid (46 cm diameter) - additional grilling grids can be purchased as options.<\/li>\n<li>Patented retractable stainless steel (304) ashtray for easier grill cleaning<\/li>\n<li>Built-in thermometer<\/li>\n<li>Aluminium top ventilation opening \"Kontrol Tower\"<\/li>\n<li>Hing \"Air Lift\" (i.e. a cover with a damper)<\/li>\n<li>AMP Multi-panel (i.e. multi-part, non-destructive) firebox<\/li>\n<li>Stainless steel (304) charcoal basket for an even more even glow of the charcoal.<\/li>\n<li>Heat-resistant fibreglass envelope with wire netting<\/li>\n<li>Stainless steel (304) cover closure clamp<\/li>\n<li>Stainless steel accessory rack \"Accessory Rack\"<\/li>\n<li>Grill grate lifting bars<\/li>\n<li>Tuharoop<\/li>\n<\/ul>\n<p>&nbsp;<\/p>\n<p><strong>Technical information<\/strong><\/p>\n<p>WEIGHT 128 kg<\/p>\n<p>PACKAGE DIMENSIONS 111 x 84 x 75 cm<\/p>\n<p>Overall dimensions 119 (l) x 123 (h) x 73 (w) cm<\/p>\n<p>SURFACE \u00d8 \u00d8 46 cm, st 651cm\u00b2<\/p>\n<p>HEAT 80 - 400 \u00b0C (with SloRoller up to max 260 \u00b0C)<\/p>\n<p>AIR CONDITIONING SURFACE INCLUDING FLOOR 1034cm\u00b2<\/p>\n<p>COOKING AREA WITH TWO GRILLS 1291cm\u00b2<\/p>\n<p>AIR CONDITIONING AREA WITH TWO FRAME AND SURFACE 1677cm\u00b2<\/p>\n<p>AIR CONDITIONING AREA WITH THREE FRAME AND SURFACE 2320cm\u00b2<\/p>\n<p>&nbsp;<\/p>\n<p><strong>Garantii<\/strong> &#8211; Kamado Joe keraamilistele osadele kehtib piiratud eluaegne garantii (garantiitingimused: <strong><a href=\"https:\/\/tammetorubbq.ee\/wp-content\/uploads\/2026\/02\/Kamado_Joe_garantii.pdf\">see here<\/a><\/strong>); including ceramic tiles, heat reflectors and sealing tiles 3 years; metal and cast iron 5 years; thermometer and gaskets 1 year.<\/p>","protected":false},"excerpt":{"rendered":"<h4>Kaasa kingitus + TASUTA tarne.<\/h4>\n<h4>Top class ceramic barbecue for the gourmand<\/h4>\n<p>The Kamado Joe Classic III is the most advanced member of the Kamado Joe range - designed for true barbecue enthusiasts who don't compromise on quality. Innovative solutions, patented technologies and maximum ease of use make this grill the absolute leader in its class.<\/p>\n<p data-start=\"1873\" data-end=\"2178\">The Kamado Joe Classic III ceramic barbecue combines innovation and tradition, offering you the opportunity to cook like a professional - in your own backyard, restaurant or any outdoor kitchen. Ideal for BBQs, smoking, classic grilling and high heat grilling.<\/p>\n<p data-start=\"1873\" data-end=\"2178\"><strong>If you're looking for uncompromising quality and a true barbecue experience, this is the barbecue for you.<\/strong><\/p>\n<ul>\n<li>World-class quality<\/li>\n<li>Best value for money!<\/li>\n<li><strong>By far the best choice in ceramic grills!<\/strong><\/li>\n<li>New model of best-selling Kamado Joe grill!<\/li>\n<li>Grill rack \u00d8 47 cm (18\"), oven inside \u00d8 50 cm, oven outside \u00d8 57 cm, weight 128 kg.<\/li>\n<\/ul>\n<p>Kindlasti soovitame ka juurde osta\u00a0<a href=\"https:\/\/tammetorubbq.ee\/en\/product\/kamado-joe-classic-ilmastikukindel-grillikate\/\"><strong>ilmastikukindla grillikatte<\/strong><\/a>\u00a0mis pakub usaldusv\u00e4\u00e4rset kaitset vihma, lume, p\u00e4ikese ja mustuse eest, pikendades grilli eluiga ning hoides selle puhtana j\u00e4rgmiseks kasutuskorraks.<\/p>\n<p><span style=\"color: #000000;\"><strong>Oleme tootja Kamado Joe ametlik esindaja, edasim\u00fc\u00fcja Eestis!<\/strong><\/span><\/p>\n<p><img loading=\"lazy\" decoding=\"async\" class=\"alignnone wp-image-1531\" src=\"http:\/\/tammetorubbq.ee\/wp-content\/uploads\/2024\/03\/kamado-joe-logo-300x40.webp\" alt=\"Kamado Joe logo\" width=\"180\" height=\"24\" srcset=\"https:\/\/tammetorubbq.ee\/wp-content\/uploads\/2024\/03\/kamado-joe-logo-300x40.webp 300w, https:\/\/tammetorubbq.ee\/wp-content\/uploads\/2024\/03\/kamado-joe-logo-768x104.webp 768w, https:\/\/tammetorubbq.ee\/wp-content\/uploads\/2024\/03\/kamado-joe-logo-18x2.webp 18w, https:\/\/tammetorubbq.ee\/wp-content\/uploads\/2024\/03\/kamado-joe-logo-600x81.webp 600w, https:\/\/tammetorubbq.ee\/wp-content\/uploads\/2024\/03\/kamado-joe-logo-64x9.webp 64w, https:\/\/tammetorubbq.ee\/wp-content\/uploads\/2024\/03\/kamado-joe-logo.webp 1024w\" sizes=\"auto, (max-width: 180px) 100vw, 180px\" \/><\/p>\n<p><a href=\"https:\/\/tammetorubbq.ee\/en\/pay-later\/\"><strong>BUY NOW, PAY LATER<\/strong><\/a>\u00a0- interest free!<\/p>\n<p><img loading=\"lazy\" decoding=\"async\" class=\"alignnone wp-image-2646\" src=\"http:\/\/tammetorubbq.ee\/wp-content\/uploads\/2023\/12\/inbank-wordmark.png\" alt=\"Inbank\" width=\"169\" height=\"76\" srcset=\"https:\/\/tammetorubbq.ee\/wp-content\/uploads\/2023\/12\/inbank-wordmark.png 300w, https:\/\/tammetorubbq.ee\/wp-content\/uploads\/2023\/12\/inbank-wordmark-18x8.png 18w, https:\/\/tammetorubbq.ee\/wp-content\/uploads\/2023\/12\/inbank-wordmark-64x29.png 64w\" sizes=\"auto, (max-width: 169px) 100vw, 169px\" \/><\/p>\n<p>We also offer the option to pay later - in one, two or three equal instalments, without any interest or surcharge.<\/p>\n<p>You can find a selection of different payment options in our shopping cart.<\/p>","protected":false},"featured_media":449,"comment_status":"open","ping_status":"closed","template":"","meta":{"_uf_show_specific_survey":0,"_uf_disable_surveys":false},"pwb-brand":[69],"product_brand":[],"product_cat":[53,55],"product_tag":[126,325,316,127,78],"class_list":{"0":"post-448","1":"product","2":"type-product","3":"status-publish","4":"has-post-thumbnail","6":"pwb-brand-kamado-joe","7":"product_cat-grillid","8":"product_cat-keraamilised-grillid","9":"product_tag-kamado-joe","10":"product_tag-kamado-joe-classic","11":"product_tag-kamado-joe-keraamiline-grill","12":"product_tag-keraamilised-grillid","13":"product_tag-soegrill","15":"first","16":"instock","17":"taxable","18":"shipping-taxable","19":"purchasable","20":"product-type-simple"},"brands":[{"id":69,"name":"Kamado Joe","slug":"kamado-joe"}],"_links":{"self":[{"href":"https:\/\/tammetorubbq.ee\/en\/wp-json\/wp\/v2\/product\/448","targetHints":{"allow":["GET"]}}],"collection":[{"href":"https:\/\/tammetorubbq.ee\/en\/wp-json\/wp\/v2\/product"}],"about":[{"href":"https:\/\/tammetorubbq.ee\/en\/wp-json\/wp\/v2\/types\/product"}],"replies":[{"embeddable":true,"href":"https:\/\/tammetorubbq.ee\/en\/wp-json\/wp\/v2\/comments?post=448"}],"wp:featuredmedia":[{"embeddable":true,"href":"https:\/\/tammetorubbq.ee\/en\/wp-json\/wp\/v2\/media\/449"}],"wp:attachment":[{"href":"https:\/\/tammetorubbq.ee\/en\/wp-json\/wp\/v2\/media?parent=448"}],"wp:term":[{"taxonomy":"pwb-brand","embeddable":true,"href":"https:\/\/tammetorubbq.ee\/en\/wp-json\/wp\/v2\/pwb-brand?post=448"},{"taxonomy":"product_brand","embeddable":true,"href":"https:\/\/tammetorubbq.ee\/en\/wp-json\/wp\/v2\/product_brand?post=448"},{"taxonomy":"product_cat","embeddable":true,"href":"https:\/\/tammetorubbq.ee\/en\/wp-json\/wp\/v2\/product_cat?post=448"},{"taxonomy":"product_tag","embeddable":true,"href":"https:\/\/tammetorubbq.ee\/en\/wp-json\/wp\/v2\/product_tag?post=448"}],"curies":[{"name":"wp","href":"https:\/\/api.w.org\/{rel}","templated":true}]}}