{"id":4606,"date":"2025-12-08T11:38:37","date_gmt":"2025-12-08T09:38:37","guid":{"rendered":"https:\/\/tammetorubbq.ee\/?post_type=product&#038;p=4606"},"modified":"2026-04-04T18:01:56","modified_gmt":"2026-04-04T15:01:56","slug":"kulmsuitsu-generaator","status":"publish","type":"product","link":"https:\/\/tammetorubbq.ee\/en\/product\/kulmsuitsu-generaator\/","title":{"rendered":"Turnpike BBQ k\u00fclmsuitsu generaator"},"content":{"rendered":"<p data-start=\"89\" data-end=\"130\"><strong data-start=\"755\" data-end=\"766\">Dimensions:<\/strong> 23 x 19 x 4.5 cm<\/p>\n<h3 data-start=\"89\" data-end=\"130\"><strong>Best tips for cold smoking<\/strong><\/h3>\n<p data-start=\"132\" data-end=\"397\"><strong data-start=\"132\" data-end=\"149\">Smoke chips<\/strong><br data-start=\"149\" data-end=\"152\" \/>The lawn must be clean and dry. Damp chips will not burn properly. Keep the chewing gum in a dry room, if necessary dry it in a microwave oven (30 sec. on high heat) or in an oven (90 \u00b0C for 30 min.). If the chips do not burn evenly, use 20% oak chips in a layer.<\/p>\n<p data-start=\"399\" data-end=\"603\"><strong data-start=\"399\" data-end=\"415\">Smoke chamber<\/strong><br data-start=\"415\" data-end=\"418\" \/>The ProQ generator works in all BBQs with a lid and also in homemade smoke boxes. The chamber doesn't need to be airtight - you just need a slight movement of air from the bottom up.<\/p>\n<p data-start=\"605\" data-end=\"804\"><strong data-start=\"605\" data-end=\"622\">Preparing for<\/strong><br data-start=\"622\" data-end=\"625\" \/>Check that the generator is not damaged. Fill with chewing gum, tap on a flat surface, press gently and smooth the labyrinth with your finger along the centre, leaving the top layer slightly loose.<\/p>\n<p data-start=\"806\" data-end=\"1069\"><strong data-start=\"806\" data-end=\"819\">Censorship<\/strong><br data-start=\"819\" data-end=\"822\" \/>Place a tea light or point a kitchen burner towards the flame in a corner. When the burner lights, remove the candle and let the generator burn outdoors for 5-10 minutes. Then place it in the smoke chamber and check after 30 minutes that the smoke has not gone out or jumped into the next duct.<\/p>\n<p data-start=\"1071\" data-end=\"1280\"><strong data-start=\"1071\" data-end=\"1092\">During fumigation<\/strong><br data-start=\"1092\" data-end=\"1095\" \/>Monitor the progress of the smoke, especially during the long process. Wear gloves when removing - the generator can be hot. Cold smoke at temperatures below 21\u00b0C, preferably at cooler times or at night.<\/p>\n<p data-start=\"1282\" data-end=\"1441\"><strong data-start=\"1282\" data-end=\"1297\">Cleaning<\/strong><br data-start=\"1297\" data-end=\"1300\" \/>Empty the ash into a non-combustible container. If resin or soot build-up occurs, soak the generator in soapy water, brush and dry thoroughly.<\/p>","protected":false},"excerpt":{"rendered":"<p data-start=\"83\" data-end=\"309\">Kas tahad ise k\u00fclmsuitsutada? Siis on k\u00fclmsuitsugeneraator lausa h\u00e4davajalik.<\/p>\n<p data-start=\"83\" data-end=\"309\">K\u00fclmsuitsugeneraatorit kasutatakse koos (peaaegu t\u00e4ielikult) suletud suitsukambriga &#8211; n\u00e4iteks kamado, barbecue, suitsuahi, suitsukapp v\u00f5i isegi tavaline pappkast.<\/p>\n<p data-start=\"83\" data-end=\"309\"><em><strong>Great for smoking fish, cheese, bacon, butter and other foods at low temperatures.<\/strong><\/em><\/p>\n<p data-start=\"311\" data-end=\"753\"><strong data-start=\"311\" data-end=\"323\">Features<\/strong><br data-start=\"323\" data-end=\"326\" \/>\u2022 Lihtne kasutada \u2013 t\u00e4ida generaator suitsupuruga ja s\u00fc\u00fcta \u00fches servas teek\u00fc\u00fcnlaga<br data-start=\"413\" data-end=\"416\" \/>- Fits most BBQ equipment and smoke boxes<br data-start=\"467\" data-end=\"470\" \/>- Suitable for ovens up to 150 litres, burn time up to 12 hours.<br data-start=\"496\" data-end=\"499\" \/>- Also suitable for self-made solutions (e.g. cardboard box, metal cabinet), if air inlet and outlet are available.<br data-start=\"598\" data-end=\"601\" \/>- Made of stainless steel - durable and rust resistant<br data-start=\"665\" data-end=\"668\" \/>-\u00a0<strong>NB!<\/strong>\u00a0remove the tea light immediately after lighting.<br data-start=\"713\" data-end=\"716\" \/>- For outdoor use only<\/p>\n<p data-start=\"311\" data-end=\"753\">A compact, efficient and practical tool for those who want to experiment with cold smoking at home.<\/p>\n<p data-start=\"311\" data-end=\"753\"><strong>\ud83d\udca1 Pro tip:<\/strong> Kasuta peeneteralist suitsupuru ja koputa t\u00e4idetud generaatorit kergelt vastu lauda, et puru \u00fchtlaselt settiks ning p\u00f5lemine oleks stabiilsem ja pikema kestusega.<\/p>\n<p><img loading=\"lazy\" decoding=\"async\" class=\"wp-image-4200\" src=\"http:\/\/tammetorubbq.ee\/wp-content\/uploads\/2025\/11\/Turnpike-logo-300x109.png\" alt=\"Turnpike logo\" width=\"245\" height=\"89\" srcset=\"https:\/\/tammetorubbq.ee\/wp-content\/uploads\/2025\/11\/Turnpike-logo-300x109.png 300w, https:\/\/tammetorubbq.ee\/wp-content\/uploads\/2025\/11\/Turnpike-logo-18x7.png 18w, https:\/\/tammetorubbq.ee\/wp-content\/uploads\/2025\/11\/Turnpike-logo-64x23.png 64w, https:\/\/tammetorubbq.ee\/wp-content\/uploads\/2025\/11\/Turnpike-logo.png 390w\" sizes=\"auto, (max-width: 245px) 100vw, 245px\" \/><\/p>","protected":false},"featured_media":4607,"comment_status":"closed","ping_status":"closed","template":"","meta":{"_uf_show_specific_survey":0,"_uf_disable_surveys":false},"pwb-brand":[117],"product_brand":[],"product_cat":[30],"product_tag":[252,312],"class_list":{"0":"post-4606","1":"product","2":"type-product","3":"status-publish","4":"has-post-thumbnail","6":"pwb-brand-turnpike-bbq","7":"product_cat-grillimise-tarvikud","8":"product_tag-kulmsuitsu-generaator","9":"product_tag-kulmsuitsutamine","11":"first","12":"instock","13":"taxable","14":"shipping-taxable","15":"purchasable","16":"product-type-simple"},"brands":[{"id":117,"name":"Turnpike BBQ","slug":"turnpike-bbq"}],"_links":{"self":[{"href":"https:\/\/tammetorubbq.ee\/en\/wp-json\/wp\/v2\/product\/4606","targetHints":{"allow":["GET"]}}],"collection":[{"href":"https:\/\/tammetorubbq.ee\/en\/wp-json\/wp\/v2\/product"}],"about":[{"href":"https:\/\/tammetorubbq.ee\/en\/wp-json\/wp\/v2\/types\/product"}],"replies":[{"embeddable":true,"href":"https:\/\/tammetorubbq.ee\/en\/wp-json\/wp\/v2\/comments?post=4606"}],"wp:featuredmedia":[{"embeddable":true,"href":"https:\/\/tammetorubbq.ee\/en\/wp-json\/wp\/v2\/media\/4607"}],"wp:attachment":[{"href":"https:\/\/tammetorubbq.ee\/en\/wp-json\/wp\/v2\/media?parent=4606"}],"wp:term":[{"taxonomy":"pwb-brand","embeddable":true,"href":"https:\/\/tammetorubbq.ee\/en\/wp-json\/wp\/v2\/pwb-brand?post=4606"},{"taxonomy":"product_brand","embeddable":true,"href":"https:\/\/tammetorubbq.ee\/en\/wp-json\/wp\/v2\/product_brand?post=4606"},{"taxonomy":"product_cat","embeddable":true,"href":"https:\/\/tammetorubbq.ee\/en\/wp-json\/wp\/v2\/product_cat?post=4606"},{"taxonomy":"product_tag","embeddable":true,"href":"https:\/\/tammetorubbq.ee\/en\/wp-json\/wp\/v2\/product_tag?post=4606"}],"curies":[{"name":"wp","href":"https:\/\/api.w.org\/{rel}","templated":true}]}}