{"id":4748,"date":"2025-12-30T11:19:34","date_gmt":"2025-12-30T09:19:34","guid":{"rendered":"https:\/\/tammetorubbq.ee\/?post_type=product&#038;p=4748"},"modified":"2026-04-14T22:00:24","modified_gmt":"2026-04-14T19:00:24","slug":"barbecoa-burger-sauce-500ml","status":"publish","type":"product","link":"https:\/\/tammetorubbq.ee\/en\/product\/barbecoa-burger-sauce-500ml\/","title":{"rendered":"Barbecoa Burger Sauce 500ml"},"content":{"rendered":"<p><strong data-start=\"0\" data-end=\"17\" data-is-only-node=\"\">Ingredients: <\/strong>vesi, suhkur, kuivatatud gl\u00fckoosisiirup, modifitseeritud maisit\u00e4rklis, tomat, sool, suhkrusiirup, <strong data-start=\"118\" data-end=\"129\">SOJAOAD<\/strong>, <strong data-start=\"131\" data-end=\"149\">NISU (GLUTEEN)<\/strong>, ananas, \u00f5un, <strong data-start=\"164\" data-end=\"173\">SINEP<\/strong>, sibul, k\u00fc\u00fcslauk, suitsutatud paprika pulber, v\u00fcrtsid, looduslikud maitseained, sibulamahla kontsentraat, hape (sidrunhape), v\u00e4rv (paprikaekstrakt), s\u00e4ilitusaine.<\/p>\n<div style=\"width: 606px;\" class=\"wp-video\"><video class=\"wp-video-shortcode\" id=\"video-4748-1\" width=\"606\" height=\"1080\" preload=\"metadata\" controls=\"controls\"><source type=\"video\/mp4\" src=\"http:\/\/tammetorubbq.ee\/wp-content\/uploads\/2025\/12\/4831726cccf5452f8a758cac665d628f.HD-1080p-7.2Mbps-58273437.mp4?_=1\" \/><a href=\"http:\/\/tammetorubbq.ee\/wp-content\/uploads\/2025\/12\/4831726cccf5452f8a758cac665d628f.HD-1080p-7.2Mbps-58273437.mp4\">http:\/\/tammetorubbq.ee\/wp-content\/uploads\/2025\/12\/4831726cccf5452f8a758cac665d628f.HD-1080p-7.2Mbps-58273437.mp4<\/a><\/video><\/div>\n<p data-start=\"0\" data-end=\"53\"><strong data-start=\"0\" data-end=\"51\">Tutvu Tom Bertels\u2019i ja Barbecoa BBQ meeskonnaga<\/strong><\/p>\n<p data-start=\"55\" data-end=\"294\"><strong>Tom Bertels<\/strong>\u00a0on tunnustatud Euroopa BBQ-meister, tuntud oma tipptasemel brisketi valmistamise oskuste ja rahvusvaheliste auhindade poolest. Tema retseptid toovad esile s\u00fcgava umami ja \u00f5rnalt suitsuse maitse.<\/p>\n<p data-start=\"296\" data-end=\"578\" data-is-last-node=\"\" data-is-only-node=\"\"><strong>Barbecoa BBQ meeskond<\/strong>, tegutsedes alates 2022. aastast, koosneb kirglikest BBQ-professionaalidest, kes on v\u00f5itnud mitmeid rahvusvahelisi tiitleid, sealhulgas Belgia meistritiitleid. Iga nende valmistatud liha peegeldab p\u00fchendumust, oskust ja visadust, viies BBQ-kunsti tipptasemele.<\/p>","protected":false},"excerpt":{"rendered":"<p data-start=\"0\" data-end=\"178\"><strong data-start=\"0\" data-end=\"16\">Barbecoa burgerikaste<\/strong> on kreemjas, maitserikas ja vastupandamatult maitsev. T\u00e4iuslik tasakaal soolaste v\u00fcrtside, \u00f5rna magususe ja kerge hapukuse vahel annab igale suut\u00e4iele elavuse.<\/p>\n<p data-start=\"180\" data-end=\"292\"><strong data-start=\"180\" data-end=\"197\">Dipikastmena:<\/strong> Kasuta nagu majoneesi \u2013 jahtunult burgeritel, salatites, friikartulitel v\u00f5i muudel roogadel.<\/p>\n<p data-start=\"294\" data-end=\"443\" data-is-last-node=\"\" data-is-only-node=\"\"><strong data-start=\"294\" data-end=\"306\">\ud83d\udca1 Pro tip:<\/strong> M\u00e4\u00e4ri kaste burgeri vahelisele saiakesele ja lisa peale veidi <a href=\"https:\/\/tammetorubbq.ee\/en\/product\/barbecoa-perfect-blend-bbq-kaste-500ml\/\">Barbecoa Perfect Blend BBQ-kastet<\/a> \u2013 see loob t\u00e4iusliku maitsekoosluse.<\/p>\n<p><img loading=\"lazy\" decoding=\"async\" class=\"size-medium wp-image-4732\" src=\"http:\/\/tammetorubbq.ee\/wp-content\/uploads\/2025\/12\/Barbecoa-logo--300x107.png\" alt=\"Barbecoa logo\" width=\"300\" height=\"107\" srcset=\"https:\/\/tammetorubbq.ee\/wp-content\/uploads\/2025\/12\/Barbecoa-logo--300x107.png 300w, https:\/\/tammetorubbq.ee\/wp-content\/uploads\/2025\/12\/Barbecoa-logo--768x274.png 768w, https:\/\/tammetorubbq.ee\/wp-content\/uploads\/2025\/12\/Barbecoa-logo--18x6.png 18w, https:\/\/tammetorubbq.ee\/wp-content\/uploads\/2025\/12\/Barbecoa-logo--600x214.png 600w, https:\/\/tammetorubbq.ee\/wp-content\/uploads\/2025\/12\/Barbecoa-logo--64x23.png 64w, https:\/\/tammetorubbq.ee\/wp-content\/uploads\/2025\/12\/Barbecoa-logo-.png 828w\" sizes=\"auto, (max-width: 300px) 100vw, 300px\" \/><\/p>","protected":false},"featured_media":4750,"comment_status":"closed","ping_status":"closed","template":"","meta":{"_uf_show_specific_survey":0,"_uf_disable_surveys":false},"pwb-brand":[256],"product_brand":[],"product_cat":[22],"product_tag":[257,138,179,264],"class_list":{"0":"post-4748","1":"product","2":"type-product","3":"status-publish","4":"has-post-thumbnail","6":"pwb-brand-barbecoa","7":"product_cat-kastmed-ja-marinaadid","8":"product_tag-barbecoa","9":"product_tag-burger","10":"product_tag-friikartul","11":"product_tag-salat","13":"first","14":"instock","15":"taxable","16":"shipping-taxable","17":"purchasable","18":"product-type-simple"},"brands":[{"id":256,"name":"Barbecoa","slug":"barbecoa"}],"_links":{"self":[{"href":"https:\/\/tammetorubbq.ee\/en\/wp-json\/wp\/v2\/product\/4748","targetHints":{"allow":["GET"]}}],"collection":[{"href":"https:\/\/tammetorubbq.ee\/en\/wp-json\/wp\/v2\/product"}],"about":[{"href":"https:\/\/tammetorubbq.ee\/en\/wp-json\/wp\/v2\/types\/product"}],"replies":[{"embeddable":true,"href":"https:\/\/tammetorubbq.ee\/en\/wp-json\/wp\/v2\/comments?post=4748"}],"wp:featuredmedia":[{"embeddable":true,"href":"https:\/\/tammetorubbq.ee\/en\/wp-json\/wp\/v2\/media\/4750"}],"wp:attachment":[{"href":"https:\/\/tammetorubbq.ee\/en\/wp-json\/wp\/v2\/media?parent=4748"}],"wp:term":[{"taxonomy":"pwb-brand","embeddable":true,"href":"https:\/\/tammetorubbq.ee\/en\/wp-json\/wp\/v2\/pwb-brand?post=4748"},{"taxonomy":"product_brand","embeddable":true,"href":"https:\/\/tammetorubbq.ee\/en\/wp-json\/wp\/v2\/product_brand?post=4748"},{"taxonomy":"product_cat","embeddable":true,"href":"https:\/\/tammetorubbq.ee\/en\/wp-json\/wp\/v2\/product_cat?post=4748"},{"taxonomy":"product_tag","embeddable":true,"href":"https:\/\/tammetorubbq.ee\/en\/wp-json\/wp\/v2\/product_tag?post=4748"}],"curies":[{"name":"wp","href":"https:\/\/api.w.org\/{rel}","templated":true}]}}