{"id":4802,"date":"2026-01-04T18:27:22","date_gmt":"2026-01-04T16:27:22","guid":{"rendered":"https:\/\/tammetorubbq.ee\/?post_type=product&#038;p=4802"},"modified":"2026-04-15T04:00:10","modified_gmt":"2026-04-15T01:00:10","slug":"kinders-honey-bbq-kaste-439g","status":"publish","type":"product","link":"https:\/\/tammetorubbq.ee\/en\/product\/kinders-honey-bbq-kaste-439g\/","title":{"rendered":"Kinder\u2019s Honey BBQ kaste 439g"},"content":{"rendered":"<p data-start=\"964\" data-end=\"1120\"><strong data-start=\"964\" data-end=\"980\">Ingredients:<\/strong> tomatipasta, mesi, pruun suhkur, \u00e4\u00e4dikas, vesi, sool, paprika, suitsutatud paprika, sibulapulber, k\u00fc\u00fcslaugupulber, must pipar, maitseained.<\/p>\n<p data-start=\"1122\" data-end=\"1142\"><strong data-start=\"1122\" data-end=\"1136\">Netokogus:<\/strong> 439 g<\/p>","protected":false},"excerpt":{"rendered":"<p data-start=\"172\" data-end=\"456\"><strong>Kinder\u2019s Honey BBQ kaste<\/strong> valmib k\u00f5rgeima kvaliteediga tomatitest ning sellele lisatakse magusat ja rikkalikku mett koos hoolikalt valitud v\u00fcrtside seguga. Tulemuseks on m\u00f5nusalt magus, kergelt suitsune BBQ kaste, mis sobib ideaalselt nii igap\u00e4evasteks roogadeks kui ka grillipidudeks.<\/p>\n<p data-start=\"458\" data-end=\"785\">See kaste on suurep\u00e4rane kana, pulled pork\u2019i, k\u00fcpsetatud ubade ning makaronide ja juustuga roogade juurde. T\u00e4nu oma ideaalsele konsistentsile sobib see suurep\u00e4raselt ka kanaribade kastmiseks, liha pintsliga m\u00e4\u00e4rimiseks grillil, v\u00f5ileibadele niristamiseks, l\u00f5he glasuurimiseks ja paljuks muuks.<\/p>\n<p><strong data-start=\"787\" data-end=\"799\"><img decoding=\"async\" class=\"emoji\" role=\"img\" draggable=\"false\" src=\"https:\/\/s.w.org\/images\/core\/emoji\/17.0.2\/svg\/1f4a1.svg\" alt=\"\ud83d\udca1\" \/> Pro tip:<\/strong> lisa kaste lihale grillimise viimastel minutitel, et saavutada karamelline ja maitsek\u00fcllane glasuur.<\/p>\n<p>&nbsp;<\/p>\n<p><img loading=\"lazy\" decoding=\"async\" class=\"alignnone wp-image-4780\" src=\"http:\/\/tammetorubbq.ee\/wp-content\/uploads\/2026\/01\/kinders-logo-black.svg\" alt=\"\" width=\"177\" height=\"112\" \/><\/p>","protected":false},"featured_media":4803,"comment_status":"closed","ping_status":"closed","template":"","meta":{"_uf_show_specific_survey":0,"_uf_disable_surveys":false},"pwb-brand":[265],"product_brand":[],"product_cat":[22],"product_tag":[118,159,266,166,114,122],"class_list":{"0":"post-4802","1":"product","2":"type-product","3":"status-publish","4":"has-post-thumbnail","6":"pwb-brand-kinders","7":"product_cat-kastmed-ja-marinaadid","8":"product_tag-kanaliha","9":"product_tag-kanatiivad","10":"product_tag-kinders","11":"product_tag-rebitudliha","12":"product_tag-sealiha","13":"product_tag-searibi","15":"first","16":"instock","17":"taxable","18":"shipping-taxable","19":"purchasable","20":"product-type-simple"},"brands":[{"id":265,"name":"Kinder's","slug":"kinders"}],"_links":{"self":[{"href":"https:\/\/tammetorubbq.ee\/en\/wp-json\/wp\/v2\/product\/4802","targetHints":{"allow":["GET"]}}],"collection":[{"href":"https:\/\/tammetorubbq.ee\/en\/wp-json\/wp\/v2\/product"}],"about":[{"href":"https:\/\/tammetorubbq.ee\/en\/wp-json\/wp\/v2\/types\/product"}],"replies":[{"embeddable":true,"href":"https:\/\/tammetorubbq.ee\/en\/wp-json\/wp\/v2\/comments?post=4802"}],"wp:featuredmedia":[{"embeddable":true,"href":"https:\/\/tammetorubbq.ee\/en\/wp-json\/wp\/v2\/media\/4803"}],"wp:attachment":[{"href":"https:\/\/tammetorubbq.ee\/en\/wp-json\/wp\/v2\/media?parent=4802"}],"wp:term":[{"taxonomy":"pwb-brand","embeddable":true,"href":"https:\/\/tammetorubbq.ee\/en\/wp-json\/wp\/v2\/pwb-brand?post=4802"},{"taxonomy":"product_brand","embeddable":true,"href":"https:\/\/tammetorubbq.ee\/en\/wp-json\/wp\/v2\/product_brand?post=4802"},{"taxonomy":"product_cat","embeddable":true,"href":"https:\/\/tammetorubbq.ee\/en\/wp-json\/wp\/v2\/product_cat?post=4802"},{"taxonomy":"product_tag","embeddable":true,"href":"https:\/\/tammetorubbq.ee\/en\/wp-json\/wp\/v2\/product_tag?post=4802"}],"curies":[{"name":"wp","href":"https:\/\/api.w.org\/{rel}","templated":true}]}}