{"id":4913,"date":"2026-01-18T13:45:59","date_gmt":"2026-01-18T11:45:59","guid":{"rendered":"https:\/\/tammetorubbq.ee\/?post_type=product&#038;p=4913"},"modified":"2026-04-05T21:00:04","modified_gmt":"2026-04-05T18:00:04","slug":"smeg-riivide-ja-loikurite-komplekt-koogikombainile","status":"publish","type":"product","link":"https:\/\/tammetorubbq.ee\/en\/product\/smeg-riivide-ja-loikurite-komplekt-koogikombainile\/","title":{"rendered":"Smeg riivide ja l\u00f5ikurite komplekt k\u00f6\u00f6gikombainile"},"content":{"rendered":"<p data-start=\"468\" data-end=\"482\"><strong data-start=\"468\" data-end=\"480\">Dimensions:<\/strong><\/p>\n<ul data-start=\"483\" data-end=\"567\">\n<li data-start=\"483\" data-end=\"531\">\n<p data-start=\"485\" data-end=\"531\">Riiv-lisatarviku korpus: K 220 mm \u00d7 L 150 mm<\/p>\n<\/li>\n<li data-start=\"532\" data-end=\"567\">\n<p data-start=\"534\" data-end=\"567\">Silindrid: K 149 mm \u00d7 L 90,6 mm<\/p>\n<\/li>\n<\/ul>\n<h3 data-start=\"107\" data-end=\"150\">Smeg \u2013 stiil ja kvaliteet teie k\u00f6\u00f6gis<\/h3>\n<p data-start=\"152\" data-end=\"502\">Avastage Smeg v\u00e4ikeelektroonika, mis \u00fchendab\u00a0<strong>Itaalia disain<\/strong>i, funktsionaalsuse ja kvaliteedi. Alates retrostiilis r\u00f6steritest ja kohvimasinatest kuni modernsete blenderite ja veekeetjateni \u2013 Smeg tooted toovad teie k\u00f6\u00f6ki erilise elegantsi. Iga seade on loodud vastupidavaks ja mugavaks kasutamiseks, pakkudes samal ajal stiilset visuaalset elamust.<\/p>\n<p data-start=\"504\" data-end=\"611\">Valige Smeg ja muutke igap\u00e4evane toiduvalmistamine nauditavaks \u2013 sest hea disain ei ole kunagi \u00fcleliigne.<\/p>","protected":false},"excerpt":{"rendered":"<p data-start=\"74\" data-end=\"106\"><strong data-start=\"74\" data-end=\"104\">Riiv-lisatarviku omadused:<\/strong><\/p>\n<ul data-start=\"107\" data-end=\"317\">\n<li data-start=\"107\" data-end=\"152\">\n<p data-start=\"109\" data-end=\"152\">Lisatarviku korpus ja plastikust surupulk<\/p>\n<\/li>\n<li data-start=\"153\" data-end=\"225\">\n<p data-start=\"155\" data-end=\"225\"><strong data-start=\"155\" data-end=\"171\">Turvak\u00e4epide<\/strong>, mis h\u00f5lbustab silindri eemaldamist ja paigaldamist<\/p>\n<\/li>\n<li data-start=\"226\" data-end=\"317\">\n<p data-start=\"228\" data-end=\"317\">Roostevabast terasest <strong data-start=\"250\" data-end=\"277\">lukustus-\/avamiss\u00fcsteem<\/strong>, mis lihtsustab silindrite vahetamist<\/p>\n<\/li>\n<\/ul>\n<p data-start=\"319\" data-end=\"348\"><strong data-start=\"319\" data-end=\"346\">Komplektis 4 silindrit:<\/strong><\/p>\n<ol data-start=\"349\" data-end=\"420\">\n<li data-start=\"349\" data-end=\"369\">\n<p data-start=\"352\" data-end=\"369\">Keskmine l\u00f5ikur<\/p>\n<\/li>\n<li data-start=\"370\" data-end=\"386\">\n<p data-start=\"373\" data-end=\"386\">Peen l\u00f5ikur<\/p>\n<\/li>\n<li data-start=\"387\" data-end=\"401\">\n<p data-start=\"390\" data-end=\"401\">J\u00e4me riiv<\/p>\n<\/li>\n<li data-start=\"402\" data-end=\"420\">\n<p data-start=\"405\" data-end=\"420\">Keskmine riiv<\/p>\n<\/li>\n<\/ol>\n<p><strong data-start=\"222\" data-end=\"233\">Note:<\/strong> Ei ole n\u00f5udepesumasinas pestav.<\/p>\n<p data-start=\"159\" data-end=\"266\"><strong data-start=\"159\" data-end=\"192\">Sobib Smeg k\u00f6\u00f6gikombainidele:<\/strong> SMF01, SMF02, SMF03, SMF13.<\/p>\n<p data-start=\"159\" data-end=\"266\"><img loading=\"lazy\" decoding=\"async\" class=\"wp-image-4840\" src=\"http:\/\/tammetorubbq.ee\/wp-content\/uploads\/2026\/01\/Smeg_logo.svg-300x60.png\" alt=\"Smeg\" width=\"230\" height=\"46\" srcset=\"https:\/\/tammetorubbq.ee\/wp-content\/uploads\/2026\/01\/Smeg_logo.svg-300x60.png 300w, https:\/\/tammetorubbq.ee\/wp-content\/uploads\/2026\/01\/Smeg_logo.svg-1024x204.png 1024w, https:\/\/tammetorubbq.ee\/wp-content\/uploads\/2026\/01\/Smeg_logo.svg-768x153.png 768w, https:\/\/tammetorubbq.ee\/wp-content\/uploads\/2026\/01\/Smeg_logo.svg-1536x305.png 1536w, https:\/\/tammetorubbq.ee\/wp-content\/uploads\/2026\/01\/Smeg_logo.svg-2048x407.png 2048w, https:\/\/tammetorubbq.ee\/wp-content\/uploads\/2026\/01\/Smeg_logo.svg-18x4.png 18w, https:\/\/tammetorubbq.ee\/wp-content\/uploads\/2026\/01\/Smeg_logo.svg-600x119.png 600w, https:\/\/tammetorubbq.ee\/wp-content\/uploads\/2026\/01\/Smeg_logo.svg-64x13.png 64w\" sizes=\"auto, (max-width: 230px) 100vw, 230px\" \/><\/p>","protected":false},"featured_media":4923,"comment_status":"closed","ping_status":"closed","template":"","meta":{"_uf_show_specific_survey":0,"_uf_disable_surveys":false},"pwb-brand":[275],"product_brand":[],"product_cat":[278],"product_tag":[222,276,279],"class_list":{"0":"post-4913","1":"product","2":"type-product","3":"status-publish","4":"has-post-thumbnail","6":"pwb-brand-smeg","7":"product_cat-lisatarvikud","8":"product_tag-koogikombain","9":"product_tag-smeg","10":"product_tag-smeg-lisatarvikud","12":"first","13":"instock","14":"taxable","15":"shipping-taxable","16":"purchasable","17":"product-type-simple"},"brands":[{"id":275,"name":"Smeg","slug":"smeg"}],"_links":{"self":[{"href":"https:\/\/tammetorubbq.ee\/en\/wp-json\/wp\/v2\/product\/4913","targetHints":{"allow":["GET"]}}],"collection":[{"href":"https:\/\/tammetorubbq.ee\/en\/wp-json\/wp\/v2\/product"}],"about":[{"href":"https:\/\/tammetorubbq.ee\/en\/wp-json\/wp\/v2\/types\/product"}],"replies":[{"embeddable":true,"href":"https:\/\/tammetorubbq.ee\/en\/wp-json\/wp\/v2\/comments?post=4913"}],"wp:featuredmedia":[{"embeddable":true,"href":"https:\/\/tammetorubbq.ee\/en\/wp-json\/wp\/v2\/media\/4923"}],"wp:attachment":[{"href":"https:\/\/tammetorubbq.ee\/en\/wp-json\/wp\/v2\/media?parent=4913"}],"wp:term":[{"taxonomy":"pwb-brand","embeddable":true,"href":"https:\/\/tammetorubbq.ee\/en\/wp-json\/wp\/v2\/pwb-brand?post=4913"},{"taxonomy":"product_brand","embeddable":true,"href":"https:\/\/tammetorubbq.ee\/en\/wp-json\/wp\/v2\/product_brand?post=4913"},{"taxonomy":"product_cat","embeddable":true,"href":"https:\/\/tammetorubbq.ee\/en\/wp-json\/wp\/v2\/product_cat?post=4913"},{"taxonomy":"product_tag","embeddable":true,"href":"https:\/\/tammetorubbq.ee\/en\/wp-json\/wp\/v2\/product_tag?post=4913"}],"curies":[{"name":"wp","href":"https:\/\/api.w.org\/{rel}","templated":true}]}}