{"id":5002,"date":"2026-01-29T17:17:58","date_gmt":"2026-01-29T15:17:58","guid":{"rendered":"https:\/\/tammetorubbq.ee\/?post_type=product&#038;p=5002"},"modified":"2026-05-12T11:00:11","modified_gmt":"2026-05-12T08:00:11","slug":"enn-tobrelutsu-the-ultimate-bbq-kaste-granaatounaga-280g","status":"publish","type":"product","link":"https:\/\/tammetorubbq.ee\/en\/toode\/enn-tobrelutsu-the-ultimate-bbq-kaste-granaatounaga-280g\/","title":{"rendered":"Enn Tobreluts The Ultimate BBQ Sauce with Pomegranate 280g"},"content":{"rendered":"<p><strong>Ingredients:<\/strong> vesi, pruunsuhkur, tomatipulber, valge suhkur, \u00e4\u00e4dikas, agaavinektar, riisi\u00e4\u00e4dikas, siid\u00e4\u00e4dikas, rapsi\u00f5li, granaat\u00f5unap\u00fcree (2%), sool, maisit\u00e4rklis, suitsuaroom, k\u00fc\u00fcslaugupulber, \u00fcrdid, sibulapulber, tamarindipasta, s\u00e4ilitusaine (kaaliumsorbaat).<\/p>\n<p><strong data-start=\"795\" data-end=\"818\">Toitumisalane teave<\/strong><br data-start=\"818\" data-end=\"821\" \/>Toitumisalane teave 100 g kohta: energiasisaldus 161 kcal, rasvad 2,4 g, millest k\u00fcllastunud rasvhapped 0 g, s\u00fcsivesikud 33,2 g, millest suhkrud 27,4 g, valgud 1,3 g, sool 1,8 g.<\/p>\n<p data-start=\"1001\" data-end=\"1084\"><strong data-start=\"1001\" data-end=\"1016\">S\u00e4ilitamine<\/strong><br data-start=\"1016\" data-end=\"1019\" \/>S\u00e4ilitada toatemperatuuril ja kaitsta otsese p\u00e4ikesevalguse eest.<\/p>","protected":false},"excerpt":{"rendered":"<p><strong>The Ultimate BBQ Sauce with POMEGRANATE \/ BBQ kaste granaat\u00f5unaga <\/strong><\/p>\n<p>The Ultimate Sauce\u2019i sari on v\u00e4lja t\u00f6\u00f6tatud BBQ Entertainment grillmeistri Enn Tobrelutsu poolt, keskendudes puhtale maitsele ja heale tekstuurile. Granaat\u00f5unaga BBQ-kaste on sarja puuviljasem valik, kus klassikaline BBQ-iseloom kohtub kerge granaat\u00f5unanoodiga. Kaste on selge, kauni l\u00e4ikega ning sobib nii igap\u00e4evaseks grillimiseks kui ka pidulikumate liharoogade juurde.<\/p>\n<p><strong data-start=\"59\" data-end=\"80\">A perfect fit:<\/strong><br data-start=\"80\" data-end=\"83\" \/>\u2022 sealiha, kana ja veiseliha glasuurimiseks grillil v\u00f5i ahjus<br data-start=\"144\" data-end=\"147\" \/>\u2022 burgerite ja liharoogade k\u00f5rvale kastmena<br data-start=\"190\" data-end=\"193\" \/>\u2022 lisandina marinaadidesse, kui soovid kerget puuviljast n\u00fcanssi<br data-start=\"257\" data-end=\"260\" \/>\u2022 k\u00f6\u00f6giviljade ja taimsete roogade maitsestamiseks<\/p>\n<p><img loading=\"lazy\" decoding=\"async\" class=\"wp-image-3475\" src=\"http:\/\/tammetorubbq.ee\/wp-content\/uploads\/2025\/07\/BBQ-Entertainment-N-Catering-Enn-Tobreluts-Logo-300x127.png\" alt=\"BBQ entertainment\" width=\"234\" height=\"99\" srcset=\"https:\/\/tammetorubbq.ee\/wp-content\/uploads\/2025\/07\/BBQ-Entertainment-N-Catering-Enn-Tobreluts-Logo-300x127.png 300w, https:\/\/tammetorubbq.ee\/wp-content\/uploads\/2025\/07\/BBQ-Entertainment-N-Catering-Enn-Tobreluts-Logo-18x8.png 18w, https:\/\/tammetorubbq.ee\/wp-content\/uploads\/2025\/07\/BBQ-Entertainment-N-Catering-Enn-Tobreluts-Logo-600x254.png 600w, https:\/\/tammetorubbq.ee\/wp-content\/uploads\/2025\/07\/BBQ-Entertainment-N-Catering-Enn-Tobreluts-Logo-64x27.png 64w, https:\/\/tammetorubbq.ee\/wp-content\/uploads\/2025\/07\/BBQ-Entertainment-N-Catering-Enn-Tobreluts-Logo.png 628w\" sizes=\"auto, (max-width: 234px) 100vw, 234px\" \/><\/p>","protected":false},"featured_media":5009,"comment_status":"closed","ping_status":"closed","template":"","meta":{"_uf_show_specific_survey":0,"_uf_disable_surveys":false},"pwb-brand":[183],"product_brand":[407],"product_cat":[22,20],"product_tag":[250,138,280,118,121,114,119],"class_list":{"0":"post-5002","1":"product","2":"type-product","3":"status-publish","4":"has-post-thumbnail","6":"pwb-brand-bbq-entertainment","7":"product_brand-bbq-entertainment","8":"product_cat-kastmed-ja-marinaadid","9":"product_cat-kampaania","10":"product_tag-bbq-kaste","11":"product_tag-burger","12":"product_tag-enn-tobreluts","13":"product_tag-kanaliha","14":"product_tag-koogiviljad","15":"product_tag-sealiha","16":"product_tag-veiseliha","18":"first","19":"instock","20":"sale","21":"taxable","22":"shipping-taxable","23":"purchasable","24":"product-type-simple"},"brands":[{"id":183,"name":"BBQ Entertainment","slug":"bbq-entertainment"}],"_links":{"self":[{"href":"https:\/\/tammetorubbq.ee\/en\/wp-json\/wp\/v2\/product\/5002","targetHints":{"allow":["GET"]}}],"collection":[{"href":"https:\/\/tammetorubbq.ee\/en\/wp-json\/wp\/v2\/product"}],"about":[{"href":"https:\/\/tammetorubbq.ee\/en\/wp-json\/wp\/v2\/types\/product"}],"replies":[{"embeddable":true,"href":"https:\/\/tammetorubbq.ee\/en\/wp-json\/wp\/v2\/comments?post=5002"}],"wp:featuredmedia":[{"embeddable":true,"href":"https:\/\/tammetorubbq.ee\/en\/wp-json\/wp\/v2\/media\/5009"}],"wp:attachment":[{"href":"https:\/\/tammetorubbq.ee\/en\/wp-json\/wp\/v2\/media?parent=5002"}],"wp:term":[{"taxonomy":"pwb-brand","embeddable":true,"href":"https:\/\/tammetorubbq.ee\/en\/wp-json\/wp\/v2\/pwb-brand?post=5002"},{"taxonomy":"product_brand","embeddable":true,"href":"https:\/\/tammetorubbq.ee\/en\/wp-json\/wp\/v2\/product_brand?post=5002"},{"taxonomy":"product_cat","embeddable":true,"href":"https:\/\/tammetorubbq.ee\/en\/wp-json\/wp\/v2\/product_cat?post=5002"},{"taxonomy":"product_tag","embeddable":true,"href":"https:\/\/tammetorubbq.ee\/en\/wp-json\/wp\/v2\/product_tag?post=5002"}],"curies":[{"name":"wp","href":"https:\/\/api.w.org\/{rel}","templated":true}]}}