{"id":5062,"date":"2026-01-31T11:59:18","date_gmt":"2026-01-31T09:59:18","guid":{"rendered":"https:\/\/tammetorubbq.ee\/?post_type=product&#038;p=5062"},"modified":"2026-04-06T00:01:00","modified_gmt":"2026-04-05T21:01:00","slug":"smeg-roster-50ndate-stiil-matt-smaragdroheline","status":"publish","type":"product","link":"https:\/\/tammetorubbq.ee\/en\/product\/smeg-roster-50ndate-stiil-matt-smaragdroheline\/","title":{"rendered":"Smeg r\u00f6ster 50`ndate stiil (matt smaragdroheline)"},"content":{"rendered":"<h3 class=\"text-xl font-semibold\">Technical data<\/h3>\n<div class=\"divider m-1\"><\/div>\n<table class=\"table text-base\">\n<tbody>\n<tr>\n<th class=\"align-top w-1\/2 pl-0 py-1\">Brand<\/th>\n<td class=\"align-top w-1\/2 py-1\">Smeg<\/td>\n<\/tr>\n<tr>\n<th class=\"align-top w-1\/2 pl-0 py-1\">Disain<\/th>\n<td class=\"align-top w-1\/2 py-1\">50\u00b4ndate stiil<\/td>\n<\/tr>\n<tr>\n<th class=\"align-top w-1\/2 pl-0 py-1\">V\u00e4rvus<\/th>\n<td class=\"align-top w-1\/2 py-1\">Smaragdroheline<\/td>\n<\/tr>\n<tr>\n<th class=\"align-top w-1\/2 pl-0 py-1\">Pakendi k\u00f5rgus<\/th>\n<td class=\"align-top w-1\/2 py-1\">24,8<\/td>\n<\/tr>\n<tr>\n<th class=\"align-top w-1\/2 pl-0 py-1\">Pakendi laius<\/th>\n<td class=\"align-top w-1\/2 py-1\">36,6<\/td>\n<\/tr>\n<tr>\n<th class=\"align-top w-1\/2 pl-0 py-1\">Pakendi s\u00fcgavus<\/th>\n<td class=\"align-top w-1\/2 py-1\">22,4<\/td>\n<\/tr>\n<\/tbody>\n<\/table>\n<h3 data-start=\"107\" data-end=\"150\">Smeg \u2013 stiil ja kvaliteet teie k\u00f6\u00f6gis<\/h3>\n<p data-start=\"152\" data-end=\"502\">Avastage Smeg v\u00e4ikeelektroonika, mis \u00fchendab\u00a0<strong>Itaalia disain<\/strong>i, funktsionaalsuse ja kvaliteedi. Alates retrostiilis r\u00f6steritest ja kohvimasinatest kuni modernsete blenderite ja veekeetjateni \u2013 Smeg tooted toovad teie k\u00f6\u00f6ki erilise elegantsi. Iga seade on loodud vastupidavaks ja mugavaks kasutamiseks, pakkudes samal ajal stiilset visuaalset elamust.<\/p>\n<p data-start=\"504\" data-end=\"611\">Valige Smeg ja muutke igap\u00e4evane toiduvalmistamine nauditavaks \u2013 sest hea disain ei ole kunagi \u00fcleliigne.<\/p>","protected":false},"excerpt":{"rendered":"<div class=\"bde-div-308-119 bde-div\">\n<div class=\"bde-wooproductprice-308-108 bde-wooproductprice breakdance-woocommerce\">\n<h4 data-start=\"87\" data-end=\"140\"><strong data-start=\"87\" data-end=\"138\">Kahe v\u00f5ileiva r\u00f6ster \u2013 kompaktne ja mitmek\u00fclgne!<\/strong><\/h4>\n<p>Kahe avaga r\u00f6ster, mis mahutab kokku 2 viilu. T\u00e4nu kompaktsetele m\u00f5\u00f5tudele sobib see ideaalselt igasse k\u00f6\u00f6ki. Mitmed r\u00f6stitasemed ja funktsioonid muudavad selle mitmek\u00fclgseks, kohandudes erinevate leivat\u00fc\u00fcpide ja eelistustega. V\u00f5imsus 950 W.<\/p>\n<ul>\n<li>6 erinevat r\u00f6stimistaset parimate tulemuste saavutamiseks: sulatusfunktsioon, soojendusfunktsioon, bageli-funktsioon mis r\u00f6stib vaid viilu \u00fche poole.<\/li>\n<li>Maksimaalne mugavus t\u00e4nu viilude automaatsele v\u00e4ljah\u00fcppamisele.<\/li>\n<li>R\u00f6stri sisemuse puhastamine on lihtne t\u00e4nu purusahtlile.<\/li>\n<li>Laiad pesad automaatse tsentreerimisega erineva paksusega viilude jaoks.<\/li>\n<\/ul>\n<p><strong>Vaata ka lisatarvikuid: <a href=\"https:\/\/tammetorubbq.ee\/en\/product\/smeg-kukli-soojendamise-rest-rosterile\/\">TSBW01<\/a>\u00a0and\u00a0<a href=\"https:\/\/tammetorubbq.ee\/en\/product\/smeg-voileivarest-rosterile\/\">TSSR01<\/a><\/strong><\/p>\n<\/div>\n<\/div>\n<div class=\"bde-rich-text-308-117 bde-rich-text bde-wooproductexcerpt breakdance-woocommerce breakdance-rich-text-styles\">\n<p>&nbsp;<\/p>\n<p><img loading=\"lazy\" decoding=\"async\" class=\"wp-image-4840\" src=\"http:\/\/tammetorubbq.ee\/wp-content\/uploads\/2026\/01\/Smeg_logo.svg-300x60.png\" alt=\"Smeg\" width=\"230\" height=\"46\" srcset=\"https:\/\/tammetorubbq.ee\/wp-content\/uploads\/2026\/01\/Smeg_logo.svg-300x60.png 300w, https:\/\/tammetorubbq.ee\/wp-content\/uploads\/2026\/01\/Smeg_logo.svg-1024x204.png 1024w, https:\/\/tammetorubbq.ee\/wp-content\/uploads\/2026\/01\/Smeg_logo.svg-768x153.png 768w, https:\/\/tammetorubbq.ee\/wp-content\/uploads\/2026\/01\/Smeg_logo.svg-1536x305.png 1536w, https:\/\/tammetorubbq.ee\/wp-content\/uploads\/2026\/01\/Smeg_logo.svg-2048x407.png 2048w, https:\/\/tammetorubbq.ee\/wp-content\/uploads\/2026\/01\/Smeg_logo.svg-18x4.png 18w, https:\/\/tammetorubbq.ee\/wp-content\/uploads\/2026\/01\/Smeg_logo.svg-600x119.png 600w, https:\/\/tammetorubbq.ee\/wp-content\/uploads\/2026\/01\/Smeg_logo.svg-64x13.png 64w\" sizes=\"auto, (max-width: 230px) 100vw, 230px\" \/><\/p>\n<p>&nbsp;<\/p>\n<p><a href=\"https:\/\/tammetorubbq.ee\/en\/pay-later\/\"><strong>BUY NOW, PAY LATER<\/strong><\/a>\u00a0- interest free!<\/p>\n<p><img loading=\"lazy\" decoding=\"async\" class=\"alignnone wp-image-2646\" src=\"http:\/\/tammetorubbq.ee\/wp-content\/uploads\/2023\/12\/inbank-wordmark.png\" alt=\"\" width=\"167\" height=\"75\" srcset=\"https:\/\/tammetorubbq.ee\/wp-content\/uploads\/2023\/12\/inbank-wordmark.png 300w, https:\/\/tammetorubbq.ee\/wp-content\/uploads\/2023\/12\/inbank-wordmark-18x8.png 18w, https:\/\/tammetorubbq.ee\/wp-content\/uploads\/2023\/12\/inbank-wordmark-64x29.png 64w\" sizes=\"auto, (max-width: 167px) 100vw, 167px\" \/><\/p>\n<p>We also offer the option to pay later - in one, two or three equal instalments, without any interest or surcharge.<\/p>\n<p>You can find a selection of different payment options in our shopping cart.<\/p>\n<\/div>","protected":false},"featured_media":5070,"comment_status":"closed","ping_status":"closed","template":"","meta":{"_uf_show_specific_survey":0,"_uf_disable_surveys":false},"pwb-brand":[275],"product_brand":[],"product_cat":[270],"product_tag":[294,277,276,304],"class_list":{"0":"post-5062","1":"product","2":"type-product","3":"status-publish","4":"has-post-thumbnail","6":"pwb-brand-smeg","7":"product_cat-rosterid","8":"product_tag-matt-smaragdroheline","9":"product_tag-roster","10":"product_tag-smeg","11":"product_tag-smeg-tsf01","13":"first","14":"instock","15":"taxable","16":"shipping-taxable","17":"purchasable","18":"product-type-simple"},"brands":[{"id":275,"name":"Smeg","slug":"smeg"}],"_links":{"self":[{"href":"https:\/\/tammetorubbq.ee\/en\/wp-json\/wp\/v2\/product\/5062","targetHints":{"allow":["GET"]}}],"collection":[{"href":"https:\/\/tammetorubbq.ee\/en\/wp-json\/wp\/v2\/product"}],"about":[{"href":"https:\/\/tammetorubbq.ee\/en\/wp-json\/wp\/v2\/types\/product"}],"replies":[{"embeddable":true,"href":"https:\/\/tammetorubbq.ee\/en\/wp-json\/wp\/v2\/comments?post=5062"}],"wp:featuredmedia":[{"embeddable":true,"href":"https:\/\/tammetorubbq.ee\/en\/wp-json\/wp\/v2\/media\/5070"}],"wp:attachment":[{"href":"https:\/\/tammetorubbq.ee\/en\/wp-json\/wp\/v2\/media?parent=5062"}],"wp:term":[{"taxonomy":"pwb-brand","embeddable":true,"href":"https:\/\/tammetorubbq.ee\/en\/wp-json\/wp\/v2\/pwb-brand?post=5062"},{"taxonomy":"product_brand","embeddable":true,"href":"https:\/\/tammetorubbq.ee\/en\/wp-json\/wp\/v2\/product_brand?post=5062"},{"taxonomy":"product_cat","embeddable":true,"href":"https:\/\/tammetorubbq.ee\/en\/wp-json\/wp\/v2\/product_cat?post=5062"},{"taxonomy":"product_tag","embeddable":true,"href":"https:\/\/tammetorubbq.ee\/en\/wp-json\/wp\/v2\/product_tag?post=5062"}],"curies":[{"name":"wp","href":"https:\/\/api.w.org\/{rel}","templated":true}]}}