{"id":516,"date":"2023-12-03T12:55:38","date_gmt":"2023-12-03T10:55:38","guid":{"rendered":"https:\/\/tammetorubbq.ee\/?post_type=product&#038;p=516"},"modified":"2026-04-15T00:00:10","modified_gmt":"2026-04-14T21:00:10","slug":"kamado-joe-kettle-joe-22-56-cm","status":"publish","type":"product","link":"https:\/\/tammetorubbq.ee\/en\/product\/kamado-joe-kettle-joe-22-56-cm\/","title":{"rendered":"Kamado Joe Kettle Joe"},"content":{"rendered":"<p><strong>Technical information<\/strong><\/p>\n<p>WEIGHT 49 kg<\/p>\n<p>PACKAGE DIMENSIONS 74 \u00d7 120 \u00d7 110 cm<\/p>\n<p>&nbsp;<\/p>\n<p><strong>Garantii<\/strong> &#8211; Kamado Joe keraamilistele osadele kehtib piiratud eluaegne garantii (garantiitingimused: <strong><a href=\"https:\/\/tammetorubbq.ee\/wp-content\/uploads\/2026\/02\/Kamado_Joe_garantii.pdf\">see here<\/a><\/strong>); including ceramic tiles, heat reflectors and sealing tiles 3 years; metal and cast iron 5 years; thermometer and gaskets 1 year.<\/p>","protected":false},"excerpt":{"rendered":"<h4>Kaasa kingitus + TASUTA tarne.<\/h4>\n<p><strong>Kamado Joe Kettle Joe\u2122 22-inch charcoal grill with unique ceramic charcoal pan, Sl\u014dRoller\u2122 and crescent grill racks.<\/strong><\/p>\n<p>An efficient ceramic firebox allows longer cooking times using less fuel.<\/p>\n<p>The 2-Tier Divide &amp; Conquer\u00ae system (crescent grills) allows you to cook food at different temperatures - both low heat and direct heat.<\/p>\n<p>The revolutionary Sl\u014dRoller\u2122 hyperbolic smoke chamber insert uses cyclonic airflow technology to control heat and smoke.<\/p>\n<p>The barbecue has an adjustable lid, the height of which can be adjusted and, if necessary, removed altogether. With the grill lid in the raised position, the Sl\u014dRoller\u2122 hyperbolic smoke chamber can be inserted into the grill to cook meat at low heat from 70\u00b0C to 200\u00b0C. Without the Sl\u014dRoller\u2122 insert, food can be cooked directly over the grill at high heat.<\/p>\n<p>The stove also has a handy ash compartment and a smart frame with lockable wheels.<\/p>\n<p>Grill rack \u00d8 56 cm (22\")<\/p>\n<p>Kindlasti soovitame ka juurde osta\u00a0<a href=\"https:\/\/tammetorubbq.ee\/en\/product\/kamado-joe-kettle-joe-iimastikukindel-grillikate\/\"><strong>ilmastikukindla grillikatte<\/strong><\/a>\u00a0mis pakub usaldusv\u00e4\u00e4rset kaitset vihma, lume, p\u00e4ikese ja mustuse eest, pikendades grilli eluiga ning hoides selle puhtana j\u00e4rgmiseks kasutuskorraks.<\/p>\n<p><span style=\"color: #000000;\"><strong>Oleme tootja Kamado Joe ametlik esindaja, edasim\u00fc\u00fcja Eestis!<\/strong><\/span><\/p>\n<p><img loading=\"lazy\" decoding=\"async\" class=\"wp-image-1531\" src=\"http:\/\/tammetorubbq.ee\/wp-content\/uploads\/2024\/03\/kamado-joe-logo-300x40.webp\" alt=\"Kamado Joe logo\" width=\"173\" height=\"23\" srcset=\"https:\/\/tammetorubbq.ee\/wp-content\/uploads\/2024\/03\/kamado-joe-logo-300x40.webp 300w, https:\/\/tammetorubbq.ee\/wp-content\/uploads\/2024\/03\/kamado-joe-logo-768x104.webp 768w, https:\/\/tammetorubbq.ee\/wp-content\/uploads\/2024\/03\/kamado-joe-logo-18x2.webp 18w, https:\/\/tammetorubbq.ee\/wp-content\/uploads\/2024\/03\/kamado-joe-logo-600x81.webp 600w, https:\/\/tammetorubbq.ee\/wp-content\/uploads\/2024\/03\/kamado-joe-logo-64x9.webp 64w, https:\/\/tammetorubbq.ee\/wp-content\/uploads\/2024\/03\/kamado-joe-logo.webp 1024w\" sizes=\"auto, (max-width: 173px) 100vw, 173px\" \/><\/p>\n<p>&nbsp;<\/p>\n<p><a href=\"https:\/\/tammetorubbq.ee\/en\/pay-later\/\"><strong>BUY NOW, PAY LATER<\/strong><\/a> - interest free!<\/p>\n<p><img loading=\"lazy\" decoding=\"async\" class=\"alignnone wp-image-2646\" src=\"http:\/\/tammetorubbq.ee\/wp-content\/uploads\/2023\/12\/inbank-wordmark.png\" alt=\"Inbank\" width=\"164\" height=\"74\" srcset=\"https:\/\/tammetorubbq.ee\/wp-content\/uploads\/2023\/12\/inbank-wordmark.png 300w, https:\/\/tammetorubbq.ee\/wp-content\/uploads\/2023\/12\/inbank-wordmark-18x8.png 18w, https:\/\/tammetorubbq.ee\/wp-content\/uploads\/2023\/12\/inbank-wordmark-64x29.png 64w\" sizes=\"auto, (max-width: 164px) 100vw, 164px\" \/><\/p>\n<p>We also offer the option to pay later - in one, two or three equal instalments, without any interest or surcharge.<\/p>\n<p>You can find a selection of different payment options in our shopping cart.<\/p>","protected":false},"featured_media":517,"comment_status":"open","ping_status":"closed","template":"","meta":{"_uf_show_specific_survey":0,"_uf_disable_surveys":false},"pwb-brand":[69],"product_brand":[],"product_cat":[53,55],"product_tag":[126,316,328,127,78],"class_list":{"0":"post-516","1":"product","2":"type-product","3":"status-publish","4":"has-post-thumbnail","6":"pwb-brand-kamado-joe","7":"product_cat-grillid","8":"product_cat-keraamilised-grillid","9":"product_tag-kamado-joe","10":"product_tag-kamado-joe-keraamiline-grill","11":"product_tag-kamado-joe-kettle-joe","12":"product_tag-keraamilised-grillid","13":"product_tag-soegrill","15":"first","16":"instock","17":"taxable","18":"shipping-taxable","19":"purchasable","20":"product-type-simple"},"brands":[{"id":69,"name":"Kamado Joe","slug":"kamado-joe"}],"_links":{"self":[{"href":"https:\/\/tammetorubbq.ee\/en\/wp-json\/wp\/v2\/product\/516","targetHints":{"allow":["GET"]}}],"collection":[{"href":"https:\/\/tammetorubbq.ee\/en\/wp-json\/wp\/v2\/product"}],"about":[{"href":"https:\/\/tammetorubbq.ee\/en\/wp-json\/wp\/v2\/types\/product"}],"replies":[{"embeddable":true,"href":"https:\/\/tammetorubbq.ee\/en\/wp-json\/wp\/v2\/comments?post=516"}],"wp:featuredmedia":[{"embeddable":true,"href":"https:\/\/tammetorubbq.ee\/en\/wp-json\/wp\/v2\/media\/517"}],"wp:attachment":[{"href":"https:\/\/tammetorubbq.ee\/en\/wp-json\/wp\/v2\/media?parent=516"}],"wp:term":[{"taxonomy":"pwb-brand","embeddable":true,"href":"https:\/\/tammetorubbq.ee\/en\/wp-json\/wp\/v2\/pwb-brand?post=516"},{"taxonomy":"product_brand","embeddable":true,"href":"https:\/\/tammetorubbq.ee\/en\/wp-json\/wp\/v2\/product_brand?post=516"},{"taxonomy":"product_cat","embeddable":true,"href":"https:\/\/tammetorubbq.ee\/en\/wp-json\/wp\/v2\/product_cat?post=516"},{"taxonomy":"product_tag","embeddable":true,"href":"https:\/\/tammetorubbq.ee\/en\/wp-json\/wp\/v2\/product_tag?post=516"}],"curies":[{"name":"wp","href":"https:\/\/api.w.org\/{rel}","templated":true}]}}