{"id":5524,"date":"2026-02-15T09:48:41","date_gmt":"2026-02-15T07:48:41","guid":{"rendered":"https:\/\/tammetorubbq.ee\/?post_type=product&#038;p=5524"},"modified":"2026-04-08T21:01:25","modified_gmt":"2026-04-08T18:01:25","slug":"forged-olive-santoku-nuga-18cm","status":"publish","type":"product","link":"https:\/\/tammetorubbq.ee\/en\/product\/forged-olive-santoku-nuga-18cm\/","title":{"rendered":"Forged OLIVE Santoku kokanuga 18cm"},"content":{"rendered":"<h5 data-start=\"1520\" data-end=\"1541\">Technical data<\/h5>\n<ul data-start=\"1542\" data-end=\"1885\">\n<li data-start=\"1542\" data-end=\"1582\">\n<p data-start=\"1544\" data-end=\"1582\"><strong data-start=\"1544\" data-end=\"1555\">Manufacturer:<\/strong> Style de Vie Authentique<\/p>\n<\/li>\n<li data-start=\"1583\" data-end=\"1612\">\n<p data-start=\"1585\" data-end=\"1612\"><strong data-start=\"1585\" data-end=\"1602\">Country of origin:<\/strong> Netherlands<\/p>\n<\/li>\n<li data-start=\"1647\" data-end=\"1673\">\n<p data-start=\"1649\" data-end=\"1673\"><strong data-start=\"1649\" data-end=\"1665\">Length of the blade:<\/strong> 18 cm<\/p>\n<\/li>\n<li data-start=\"1674\" data-end=\"1699\">\n<p data-start=\"1676\" data-end=\"1699\"><strong data-start=\"1676\" data-end=\"1692\">Thickness of the grain:<\/strong> 2 mm<\/p>\n<\/li>\n<li data-start=\"1700\" data-end=\"1728\">\n<p data-start=\"1702\" data-end=\"1728\"><strong data-start=\"1702\" data-end=\"1719\">Tera k\u00f5vadus:<\/strong> 58 HRC<\/p>\n<\/li>\n<li data-start=\"1729\" data-end=\"1760\">\n<p data-start=\"1731\" data-end=\"1760\"><strong data-start=\"1731\" data-end=\"1741\">Teras:<\/strong> Jaapani 7Cr17MoV<\/p>\n<\/li>\n<li data-start=\"1761\" data-end=\"1785\">\n<p data-start=\"1763\" data-end=\"1785\"><strong data-start=\"1763\" data-end=\"1779\">Pointing angle:<\/strong> 22\u00b0<\/p>\n<\/li>\n<li data-start=\"1786\" data-end=\"1812\">\n<p data-start=\"1788\" data-end=\"1812\"><strong data-start=\"1788\" data-end=\"1800\">K\u00e4epide:<\/strong> oliivipuu<\/p>\n<\/li>\n<li data-start=\"1813\" data-end=\"1846\">\n<p data-start=\"1815\" data-end=\"1846\"><strong data-start=\"1815\" data-end=\"1834\">K\u00e4epideme v\u00e4rv:<\/strong> helepruun<\/p>\n<\/li>\n<li data-start=\"1847\" data-end=\"1885\">\n<p data-start=\"1849\" data-end=\"1885\"><strong data-start=\"1849\" data-end=\"1860\">Packaging:<\/strong> luksuslik puidust karp<\/p>\n<\/li>\n<\/ul>\n<p data-start=\"1892\" data-end=\"1903\"><strong>Maintenance<\/strong>: Nuga ei ole m\u00f5eldud n\u00f5udepesumasinas pesemiseks. Soovitame pesta k\u00e4sitsi ja kuivatada kohe p\u00e4rast kasutamist, et s\u00e4ilitada tera teravus ja k\u00e4epideme naturaalne ilu.<\/p>\n<p data-start=\"2075\" data-end=\"2087\"><strong>Garantii<\/strong>: STYLE DE VIE Authentique pakub noale <strong data-start=\"2125\" data-end=\"2155\">10-aastast tootjagarantiid<\/strong>, mis kinnitab selle kvaliteeti ja vastupidavust.<\/p>\n<p data-start=\"2088\" data-end=\"2204\"><strong>Style de Vie Authentique<\/strong> on Hollandi br\u00e4nd, mis \u00fchendab k\u00e4sit\u00f6\u00f6, disaini ja funktsionaalsuse. Nende k\u00e4sitsi sepistatud noad on inspireeritud Jaapani noatraditsioonidest, tuntud suurep\u00e4rase tasakaalu ja vastupidava terase poolest ning loodud pakkuma nii professionaalset l\u00f5ikekogemust kui ka visuaalset elamust. Rahvusvaheliselt tunnustatud disain (sh Red Dot Award) ja tugev hinna-kvaliteedi suhe teevad Style de Vie nugadest populaarse valiku nii kodukokkade kui ka entusiastide seas.<\/p>","protected":false},"excerpt":{"rendered":"<h5>Sepistatud Forged OLIVE Santoku nuga 18 cm \u2013 k\u00e4sitsi sepistatud universaalne k\u00f6\u00f6ginuga<\/h5>\n<p data-start=\"242\" data-end=\"531\"><strong data-start=\"242\" data-end=\"279\">STYLE DE VIE Olive Forged Santoku<\/strong> on kvaliteetne k\u00e4sitsi valmistatud idamaine peakoka nuga, mis \u00fchendab Jaapani l\u00f5iketraditsiooni ja naturaalse disaini. Tegemist on suure universaalse k\u00f6\u00f6ginoaga, mis sobib ideaalselt nii igap\u00e4evaseks toiduvalmistamiseks kui ka n\u00f5udlikumale kodukokale.<\/p>\n<p data-start=\"533\" data-end=\"791\">Santoku t\u00e4hendab jaapani keeles <em data-start=\"565\" data-end=\"582\">\u201ckolme voorust\u201d<\/em> \u2013 viilutamine, hakkimine ja kuubikuteks l\u00f5ikamine. T\u00e4nu oma mitmek\u00fclgsusele on see nuga t\u00f5eline k\u00f6\u00f6gi universaal, millega saab mugavalt t\u00f6\u00f6delda k\u00f6\u00f6givilju, liha ja kala.<\/p>\n<p data-start=\"793\" data-end=\"1050\">K\u00e4sitsi sepistatud tera on valmistatud vastupidavast Jaapani terasest ning viimistletud elegantse oliivipuust k\u00e4epidemega, mis annab noale naturaalse ja luksusliku v\u00e4limuse. Ergonomiline disain tagab kindla haarde ja hea tasakaalu ka pikema kasutamise ajal.<\/p>\n<p data-start=\"1052\" data-end=\"1146\">Nuga tarnitakse stiilses puidust kinkekarbis, mist\u00f5ttu sobib see suurep\u00e4raselt ka kingituseks.<\/p>\n<h5 data-start=\"1153\" data-end=\"1173\">Peamised eelised<\/h5>\n<ul data-start=\"1174\" data-end=\"1513\">\n<li data-start=\"1174\" data-end=\"1220\">\n<p data-start=\"1176\" data-end=\"1220\">100% k\u00e4sitsi sepistatud autentne k\u00f6\u00f6ginuga<\/p>\n<\/li>\n<li data-start=\"1221\" data-end=\"1294\">\n<p data-start=\"1223\" data-end=\"1294\">Universaalne Santoku kuju \u2013 l\u00f5ikamiseks, hakkimiseks ja viilutamiseks<\/p>\n<\/li>\n<li data-start=\"1295\" data-end=\"1340\">\n<p data-start=\"1297\" data-end=\"1340\">Vastupidav Jaapani teras, hea terahoidvus<\/p>\n<\/li>\n<li data-start=\"1341\" data-end=\"1389\">\n<p data-start=\"1343\" data-end=\"1389\">Naturaalne oliivipuust ergonoomiline k\u00e4epide<\/p>\n<\/li>\n<li data-start=\"1390\" data-end=\"1427\">\n<p data-start=\"1392\" data-end=\"1427\">Tasakaalustatud ja mugav kasutada<\/p>\n<\/li>\n<li data-start=\"1428\" data-end=\"1470\">\n<p data-start=\"1430\" data-end=\"1470\">Luksuslik puidust kinkekarp komplektis<\/p>\n<\/li>\n<li data-start=\"1471\" data-end=\"1513\">\n<p data-start=\"1473\" data-end=\"1513\">Sobib nii algajale kui ka kogenud kokale<\/p>\n<\/li>\n<\/ul>\n<p>&nbsp;<\/p>\n<p><img loading=\"lazy\" decoding=\"async\" class=\"wp-image-2962\" src=\"https:\/\/tammetorubbq.ee\/wp-content\/uploads\/2025\/04\/Forged-KATAI-logo-211x300.png\" alt=\"Forged KATAI logo\" width=\"106\" height=\"151\" srcset=\"https:\/\/tammetorubbq.ee\/wp-content\/uploads\/2025\/04\/Forged-KATAI-logo-211x300.png 211w, https:\/\/tammetorubbq.ee\/wp-content\/uploads\/2025\/04\/Forged-KATAI-logo-8x12.png 8w, https:\/\/tammetorubbq.ee\/wp-content\/uploads\/2025\/04\/Forged-KATAI-logo-64x91.png 64w, https:\/\/tammetorubbq.ee\/wp-content\/uploads\/2025\/04\/Forged-KATAI-logo.png 229w\" sizes=\"auto, (max-width: 106px) 100vw, 106px\" \/><\/p>\n<p data-start=\"1052\" data-end=\"1146\">","protected":false},"featured_media":5533,"comment_status":"closed","ping_status":"closed","template":"","meta":{"_uf_show_specific_survey":0,"_uf_disable_surveys":false},"pwb-brand":[156],"product_brand":[],"product_cat":[27],"product_tag":[157,315],"class_list":{"0":"post-5524","1":"product","2":"type-product","3":"status-publish","4":"has-post-thumbnail","6":"pwb-brand-forged","7":"product_cat-noad","8":"product_tag-forged","9":"product_tag-kokanuga","11":"first","12":"instock","13":"taxable","14":"shipping-taxable","15":"purchasable","16":"product-type-simple"},"brands":[{"id":156,"name":"Forged","slug":"forged"}],"_links":{"self":[{"href":"https:\/\/tammetorubbq.ee\/en\/wp-json\/wp\/v2\/product\/5524","targetHints":{"allow":["GET"]}}],"collection":[{"href":"https:\/\/tammetorubbq.ee\/en\/wp-json\/wp\/v2\/product"}],"about":[{"href":"https:\/\/tammetorubbq.ee\/en\/wp-json\/wp\/v2\/types\/product"}],"replies":[{"embeddable":true,"href":"https:\/\/tammetorubbq.ee\/en\/wp-json\/wp\/v2\/comments?post=5524"}],"wp:featuredmedia":[{"embeddable":true,"href":"https:\/\/tammetorubbq.ee\/en\/wp-json\/wp\/v2\/media\/5533"}],"wp:attachment":[{"href":"https:\/\/tammetorubbq.ee\/en\/wp-json\/wp\/v2\/media?parent=5524"}],"wp:term":[{"taxonomy":"pwb-brand","embeddable":true,"href":"https:\/\/tammetorubbq.ee\/en\/wp-json\/wp\/v2\/pwb-brand?post=5524"},{"taxonomy":"product_brand","embeddable":true,"href":"https:\/\/tammetorubbq.ee\/en\/wp-json\/wp\/v2\/product_brand?post=5524"},{"taxonomy":"product_cat","embeddable":true,"href":"https:\/\/tammetorubbq.ee\/en\/wp-json\/wp\/v2\/product_cat?post=5524"},{"taxonomy":"product_tag","embeddable":true,"href":"https:\/\/tammetorubbq.ee\/en\/wp-json\/wp\/v2\/product_tag?post=5524"}],"curies":[{"name":"wp","href":"https:\/\/api.w.org\/{rel}","templated":true}]}}