{"id":5734,"date":"2026-02-28T16:50:20","date_gmt":"2026-02-28T14:50:20","guid":{"rendered":"https:\/\/tammetorubbq.ee\/?post_type=product&#038;p=5734"},"modified":"2026-04-15T02:00:03","modified_gmt":"2026-04-14T23:00:03","slug":"kamado-joe-huperboolne-sisu-sloroller-big","status":"publish","type":"product","link":"https:\/\/tammetorubbq.ee\/en\/product\/kamado-joe-huperboolne-sisu-sloroller-big\/","title":{"rendered":"Kamado Joe h\u00fcperboolne sisu SloRoller Big"},"content":{"rendered":"<p><strong>Oleme tootja Kamado Joe ametlik esindaja, edasim\u00fc\u00fcja Eestis!<\/strong><\/p>\n<p>&nbsp;<\/p>\n<p><iframe loading=\"lazy\" title=\"Kamado Joe | Sl\u014dRoller\" width=\"500\" height=\"281\" src=\"https:\/\/www.youtube.com\/embed\/3v_dzu32qPU?feature=oembed\" frameborder=\"0\" allow=\"accelerometer; autoplay; clipboard-write; encrypted-media; gyroscope; picture-in-picture; web-share\" referrerpolicy=\"strict-origin-when-cross-origin\" allowfullscreen><\/iframe><\/p>","protected":false},"excerpt":{"rendered":"<h5>Avasta uued v\u00f5imalused ja mitmek\u00fclgsus oma Kamado Joe s\u00f6egrilliga k\u00fcpsetamisel.<\/h5>\n<p>Valmistatud tipptasemel innovatsiooni abil \u2013 <strong data-start=\"45\" data-end=\"58\">Sl\u014dRoller<\/strong> muudab Kamado Joe grilli \u00fcheks maailma t\u00f5husaimaks suitsuahjuks. Spetsiaalne s\u00fcsteem suunab suitsu ringlevate lainetena \u00fcmber toidu, \u00fcmbritsedes selle rikkaliku suitsuaroomiga ning jaotades kuumuse \u00fchtlaselt kogu k\u00fcpsetusalale. Tulemuseks on intensiivsem maitse ja v\u00e4hem kuumi tsoone.<\/p>\n<ul>\n<li data-start=\"16\" data-end=\"168\">\n<p data-start=\"18\" data-end=\"168\">Komplekti kuuluvad Sl\u014dRoller Hyperbolic Smoke Chamber ja uus restihoidja kasutamiseks Series I ja II grillidega (k\u00fcpsetusrestid ei kuulu komplekti).<\/p>\n<\/li>\n<li data-start=\"169\" data-end=\"294\">\n<p data-start=\"171\" data-end=\"294\">Lihtne paigaldada \u2013 eemalda Divide &amp; Conquer\u00ae restis\u00fcsteem ning asenda see Sl\u014dRolleri ja olemasolevate k\u00fcpsetusrestidega.<\/p>\n<\/li>\n<li data-start=\"295\" data-end=\"377\">\n<p data-start=\"297\" data-end=\"377\">Loodud aeglaseks k\u00fcpsetamiseks temperatuurivahemikus 65\u2013150 \u00b0C.<\/p>\n<\/li>\n<li data-start=\"566\" data-end=\"704\" data-is-last-node=\"\">\n<p data-start=\"568\" data-end=\"704\" data-is-last-node=\"\"><a href=\"https:\/\/tammetorubbq.ee\/en\/product-tag\/kamado-joe-big-joe\/\"><strong data-start=\"568\" data-end=\"579\">Big Joe<\/strong><\/a> suurus sobib Kamado Joe Big Joe\u00ae seeriale, XL Big Green Egg mudelile ning teistele \u00fcmmargustele 24-tollistele s\u00f6egrillidele.<\/p>\n<\/li>\n<\/ul>\n<p>&nbsp;<\/p>\n<p><img loading=\"lazy\" decoding=\"async\" class=\"wp-image-1531\" src=\"http:\/\/tammetorubbq.ee\/wp-content\/uploads\/2024\/03\/kamado-joe-logo-300x40.webp\" alt=\"Kamado Joe logo\" width=\"180\" height=\"24\" srcset=\"https:\/\/tammetorubbq.ee\/wp-content\/uploads\/2024\/03\/kamado-joe-logo-300x40.webp 300w, https:\/\/tammetorubbq.ee\/wp-content\/uploads\/2024\/03\/kamado-joe-logo-768x104.webp 768w, https:\/\/tammetorubbq.ee\/wp-content\/uploads\/2024\/03\/kamado-joe-logo-18x2.webp 18w, https:\/\/tammetorubbq.ee\/wp-content\/uploads\/2024\/03\/kamado-joe-logo-600x81.webp 600w, https:\/\/tammetorubbq.ee\/wp-content\/uploads\/2024\/03\/kamado-joe-logo-64x9.webp 64w, https:\/\/tammetorubbq.ee\/wp-content\/uploads\/2024\/03\/kamado-joe-logo.webp 1024w\" sizes=\"auto, (max-width: 180px) 100vw, 180px\" \/><\/p>\n<p><a href=\"https:\/\/tammetorubbq.ee\/en\/pay-later\/\"><strong>BUY NOW, PAY LATER<\/strong><\/a>\u00a0- interest free!<\/p>\n<p><img loading=\"lazy\" decoding=\"async\" class=\"alignnone wp-image-2646\" src=\"http:\/\/tammetorubbq.ee\/wp-content\/uploads\/2023\/12\/inbank-wordmark.png\" alt=\"\" width=\"167\" height=\"75\" srcset=\"https:\/\/tammetorubbq.ee\/wp-content\/uploads\/2023\/12\/inbank-wordmark.png 300w, https:\/\/tammetorubbq.ee\/wp-content\/uploads\/2023\/12\/inbank-wordmark-18x8.png 18w, https:\/\/tammetorubbq.ee\/wp-content\/uploads\/2023\/12\/inbank-wordmark-64x29.png 64w\" sizes=\"auto, (max-width: 167px) 100vw, 167px\" \/><\/p>\n<p>We also offer the option to pay later - in one, two or three equal instalments, without any interest or surcharge.<\/p>\n<p>You can find a selection of different payment options in our shopping cart.<\/p>","protected":false},"featured_media":5735,"comment_status":"closed","ping_status":"closed","template":"","meta":{"_uf_show_specific_survey":0,"_uf_disable_surveys":false},"pwb-brand":[69],"product_brand":[],"product_cat":[88],"product_tag":[126,326,323,329],"class_list":{"0":"post-5734","1":"product","2":"type-product","3":"status-publish","4":"has-post-thumbnail","6":"pwb-brand-kamado-joe","7":"product_cat-grillide-lisatarvikud","8":"product_tag-kamado-joe","9":"product_tag-kamado-joe-big-joe","10":"product_tag-kamado-joe-lisatarvikud","11":"product_tag-sloroller","13":"first","14":"instock","15":"taxable","16":"shipping-taxable","17":"purchasable","18":"product-type-simple"},"brands":[{"id":69,"name":"Kamado Joe","slug":"kamado-joe"}],"_links":{"self":[{"href":"https:\/\/tammetorubbq.ee\/en\/wp-json\/wp\/v2\/product\/5734","targetHints":{"allow":["GET"]}}],"collection":[{"href":"https:\/\/tammetorubbq.ee\/en\/wp-json\/wp\/v2\/product"}],"about":[{"href":"https:\/\/tammetorubbq.ee\/en\/wp-json\/wp\/v2\/types\/product"}],"replies":[{"embeddable":true,"href":"https:\/\/tammetorubbq.ee\/en\/wp-json\/wp\/v2\/comments?post=5734"}],"wp:featuredmedia":[{"embeddable":true,"href":"https:\/\/tammetorubbq.ee\/en\/wp-json\/wp\/v2\/media\/5735"}],"wp:attachment":[{"href":"https:\/\/tammetorubbq.ee\/en\/wp-json\/wp\/v2\/media?parent=5734"}],"wp:term":[{"taxonomy":"pwb-brand","embeddable":true,"href":"https:\/\/tammetorubbq.ee\/en\/wp-json\/wp\/v2\/pwb-brand?post=5734"},{"taxonomy":"product_brand","embeddable":true,"href":"https:\/\/tammetorubbq.ee\/en\/wp-json\/wp\/v2\/product_brand?post=5734"},{"taxonomy":"product_cat","embeddable":true,"href":"https:\/\/tammetorubbq.ee\/en\/wp-json\/wp\/v2\/product_cat?post=5734"},{"taxonomy":"product_tag","embeddable":true,"href":"https:\/\/tammetorubbq.ee\/en\/wp-json\/wp\/v2\/product_tag?post=5734"}],"curies":[{"name":"wp","href":"https:\/\/api.w.org\/{rel}","templated":true}]}}