{"id":5743,"date":"2026-02-28T17:10:54","date_gmt":"2026-02-28T15:10:54","guid":{"rendered":"https:\/\/tammetorubbq.ee\/?post_type=product&#038;p=5743"},"modified":"2026-04-15T04:00:11","modified_gmt":"2026-04-15T01:00:11","slug":"kamado-joe-roostevabast-lisarest-ehk-grillresti-korgem-tasapind-big","status":"publish","type":"product","link":"https:\/\/tammetorubbq.ee\/en\/product\/kamado-joe-roostevabast-lisarest-ehk-grillresti-korgem-tasapind-big\/","title":{"rendered":"Kamado Joe roostevabast lisarest ehk grillresti k\u00f5rgem tasapind Big"},"content":{"rendered":"<p><strong>Oleme tootja Kamado Joe ametlik esindaja, edasim\u00fc\u00fcja Eestis!<\/strong><\/p>","protected":false},"excerpt":{"rendered":"<div class=\"flex flex-col text-sm\">\n<article class=\"text-token-text-primary w-full focus:outline-none [--shadow-height:45px] has-data-writing-block:pointer-events-none has-data-writing-block:-mt-(--shadow-height) has-data-writing-block:pt-(--shadow-height) [&amp;:has([data-writing-block])&gt;*]:pointer-events-auto scroll-mt-[calc(var(--header-height)+min(200px,max(70px,20svh)))]\" dir=\"auto\" tabindex=\"-1\" data-turn-id=\"request-WEB:441b0ec9-05fe-425d-8f58-4311b5f3b669-2\" data-testid=\"conversation-turn-6\" data-scroll-anchor=\"true\" data-turn=\"assistant\">\n<div class=\"text-base my-auto mx-auto pb-10 [--thread-content-margin:--spacing(4)] @w-sm\/main:[--thread-content-margin:--spacing(6)] @w-lg\/main:[--thread-content-margin:--spacing(16)] px-(--thread-content-margin)\">\n<div class=\"[--thread-content-max-width:40rem] @w-lg\/main:[--thread-content-max-width:48rem] mx-auto max-w-(--thread-content-max-width) flex-1 group\/turn-messages focus-visible:outline-hidden relative flex w-full min-w-0 flex-col agent-turn\" tabindex=\"-1\">\n<div class=\"flex max-w-full flex-col grow\">\n<div class=\"min-h-8 text-message relative flex w-full flex-col items-end gap-2 text-start break-words whitespace-normal [.text-message+&amp;]:mt-1\" dir=\"auto\" data-message-author-role=\"assistant\" data-message-id=\"4d7a98be-e37e-4c81-881e-c08e734721c4\" data-message-model-slug=\"gpt-5-2\">\n<div class=\"flex w-full flex-col gap-1 empty:hidden first:pt-[1px]\">\n<div class=\"markdown prose dark:prose-invert w-full wrap-break-word light markdown-new-styling\">\n<h5 data-start=\"0\" data-end=\"37\"><strong data-start=\"0\" data-end=\"35\">Mitmek\u00fclgsed k\u00fcpsetusv\u00f5imalused<\/strong><\/h5>\n<p data-start=\"39\" data-end=\"298\" data-is-last-node=\"\" data-is-only-node=\"\">Otse grillresti peale paigaldatav tarvik, millel on avar neljatolline (u 10 cm) k\u00f5rgus, suurendab grilli k\u00fcpsetuspinda kuni 60%. N\u00f5udepesumasinas pestav lahendus v\u00f5imaldab kombineerida erinevaid k\u00fcpsetuspindu vastavalt sinu vajadustele ja valmistamisstiilile.<\/p>\n<\/div>\n<\/div>\n<\/div>\n<\/div>\n<\/div>\n<\/div>\n<div class=\"z-0 flex min-h-[46px] justify-start\">\n<ul>\n<li data-start=\"16\" data-end=\"121\">\n<p data-start=\"18\" data-end=\"121\">T\u00f5stab k\u00f6\u00f6giviljad ja \u00f5rnemad lihad leegist k\u00f5rgemale, v\u00f5imaldades \u00fchtlasemat ja \u00f5rnemat k\u00fcpsetamist.<\/p>\n<\/li>\n<li data-start=\"122\" data-end=\"198\">\n<p data-start=\"124\" data-end=\"198\">Asetub otse grillrestile ning piludega jalad tagavad parema stabiilsuse.<\/p>\n<\/li>\n<li data-start=\"404\" data-end=\"559\" data-is-last-node=\"\">\n<p data-start=\"406\" data-end=\"559\" data-is-last-node=\"\"><a href=\"https:\/\/tammetorubbq.ee\/product-tag\/kamado-joe-big-joe\/\"><strong data-start=\"406\" data-end=\"417\">Big Joe<\/strong><\/a> suuruses Grill Expander sobib Kamado Joe Big Joe\u00ae seeriale, XL Big Green Egg mudelile ning teistele \u00fcmmargustele 24-tollistele s\u00f6egrillidele.<\/p>\n<\/li>\n<\/ul>\n<p>&nbsp;<\/p>\n<p><img loading=\"lazy\" decoding=\"async\" class=\" wp-image-1531\" src=\"http:\/\/tammetorubbq.ee\/wp-content\/uploads\/2024\/03\/kamado-joe-logo-300x40.webp\" alt=\"Kamado Joe logo\" width=\"180\" height=\"24\" srcset=\"https:\/\/tammetorubbq.ee\/wp-content\/uploads\/2024\/03\/kamado-joe-logo-300x40.webp 300w, https:\/\/tammetorubbq.ee\/wp-content\/uploads\/2024\/03\/kamado-joe-logo-768x104.webp 768w, https:\/\/tammetorubbq.ee\/wp-content\/uploads\/2024\/03\/kamado-joe-logo-18x2.webp 18w, https:\/\/tammetorubbq.ee\/wp-content\/uploads\/2024\/03\/kamado-joe-logo-600x81.webp 600w, https:\/\/tammetorubbq.ee\/wp-content\/uploads\/2024\/03\/kamado-joe-logo-64x9.webp 64w, https:\/\/tammetorubbq.ee\/wp-content\/uploads\/2024\/03\/kamado-joe-logo.webp 1024w\" sizes=\"auto, (max-width: 180px) 100vw, 180px\" \/><\/p>\n<\/div>\n<div class=\"text-base my-auto mx-auto pb-10 [--thread-content-margin:--spacing(4)] @w-sm\/main:[--thread-content-margin:--spacing(6)] @w-lg\/main:[--thread-content-margin:--spacing(16)] px-(--thread-content-margin)\">\n<div class=\"[--thread-content-max-width:40rem] @w-lg\/main:[--thread-content-max-width:48rem] mx-auto max-w-(--thread-content-max-width) flex-1 group\/turn-messages focus-visible:outline-hidden relative flex w-full min-w-0 flex-col agent-turn\" tabindex=\"-1\">\n<div class=\"mt-3 w-full empty:hidden\">\n<div class=\"text-center\"><\/div>\n<\/div>\n<\/div>\n<\/div>\n<\/article>\n<\/div>\n<div class=\"pointer-events-none h-px w-px absolute bottom-0\" aria-hidden=\"true\" data-edge=\"true\"><\/div>\n","protected":false},"featured_media":5744,"comment_status":"closed","ping_status":"closed","template":"","meta":{"_uf_show_specific_survey":0,"_uf_disable_surveys":false},"pwb-brand":[69],"product_brand":[],"product_cat":[88],"product_tag":[126,326,323],"class_list":{"0":"post-5743","1":"product","2":"type-product","3":"status-publish","4":"has-post-thumbnail","6":"pwb-brand-kamado-joe","7":"product_cat-grillide-lisatarvikud","8":"product_tag-kamado-joe","9":"product_tag-kamado-joe-big-joe","10":"product_tag-kamado-joe-lisatarvikud","12":"first","13":"instock","14":"taxable","15":"shipping-taxable","16":"purchasable","17":"product-type-simple"},"brands":[{"id":69,"name":"Kamado Joe","slug":"kamado-joe"}],"_links":{"self":[{"href":"https:\/\/tammetorubbq.ee\/en\/wp-json\/wp\/v2\/product\/5743","targetHints":{"allow":["GET"]}}],"collection":[{"href":"https:\/\/tammetorubbq.ee\/en\/wp-json\/wp\/v2\/product"}],"about":[{"href":"https:\/\/tammetorubbq.ee\/en\/wp-json\/wp\/v2\/types\/product"}],"replies":[{"embeddable":true,"href":"https:\/\/tammetorubbq.ee\/en\/wp-json\/wp\/v2\/comments?post=5743"}],"wp:featuredmedia":[{"embeddable":true,"href":"https:\/\/tammetorubbq.ee\/en\/wp-json\/wp\/v2\/media\/5744"}],"wp:attachment":[{"href":"https:\/\/tammetorubbq.ee\/en\/wp-json\/wp\/v2\/media?parent=5743"}],"wp:term":[{"taxonomy":"pwb-brand","embeddable":true,"href":"https:\/\/tammetorubbq.ee\/en\/wp-json\/wp\/v2\/pwb-brand?post=5743"},{"taxonomy":"product_brand","embeddable":true,"href":"https:\/\/tammetorubbq.ee\/en\/wp-json\/wp\/v2\/product_brand?post=5743"},{"taxonomy":"product_cat","embeddable":true,"href":"https:\/\/tammetorubbq.ee\/en\/wp-json\/wp\/v2\/product_cat?post=5743"},{"taxonomy":"product_tag","embeddable":true,"href":"https:\/\/tammetorubbq.ee\/en\/wp-json\/wp\/v2\/product_tag?post=5743"}],"curies":[{"name":"wp","href":"https:\/\/api.w.org\/{rel}","templated":true}]}}