{"id":6089,"date":"2026-03-19T11:58:32","date_gmt":"2026-03-19T09:58:32","guid":{"rendered":"https:\/\/tammetorubbq.ee\/?post_type=product&#038;p=6089"},"modified":"2026-05-05T13:00:09","modified_gmt":"2026-05-05T10:00:09","slug":"moddern-green-complete","status":"publish","type":"product","link":"https:\/\/tammetorubbq.ee\/en\/toode\/moddern-green-complete\/","title":{"rendered":"Moddern Green Complete"},"content":{"rendered":"<h6><strong>M\u00f5\u00f5dud<\/strong><\/h6>\n<ul>\n<li data-start=\"23\" data-end=\"38\">Pikkus: 55 cm<\/li>\n<li data-start=\"41\" data-end=\"55\">Laius: 55 cm<\/li>\n<li data-start=\"58\" data-end=\"74\">K\u00f5rgus: 115 cm<\/li>\n<li data-start=\"77\" data-end=\"94\">Netokaal: 87 kg<\/li>\n<li data-start=\"97\" data-end=\"113\" data-is-last-node=\"\">T\u00f6\u00f6k\u00f5rgus: 90 cm<\/li>\n<\/ul>\n<h6 data-start=\"67\" data-end=\"351\"><strong>Moddern\u00a0<\/strong><\/h6>\n<div class=\"flex flex-col text-sm pb-25\">\n<section class=\"text-token-text-primary w-full focus:outline-none [--shadow-height:45px] has-data-writing-block:pointer-events-none has-data-writing-block:-mt-(--shadow-height) has-data-writing-block:pt-(--shadow-height) [&amp;:has([data-writing-block])&gt;*]:pointer-events-auto scroll-mt-[calc(var(--header-height)+min(200px,max(70px,20svh)))]\" dir=\"auto\" data-turn-id=\"request-69ba584e-3268-8333-8880-8f20a8dfb508-6\" data-testid=\"conversation-turn-44\" data-scroll-anchor=\"true\" data-turn=\"assistant\">\n<div class=\"text-base my-auto mx-auto pb-10 [--thread-content-margin:var(--thread-content-margin-xs,calc(var(--spacing)*4))] @w-sm\/main:[--thread-content-margin:var(--thread-content-margin-sm,calc(var(--spacing)*6))] @w-lg\/main:[--thread-content-margin:var(--thread-content-margin-lg,calc(var(--spacing)*16))] px-(--thread-content-margin)\">\n<div class=\"[--thread-content-max-width:40rem] @w-lg\/main:[--thread-content-max-width:48rem] mx-auto max-w-(--thread-content-max-width) flex-1 group\/turn-messages focus-visible:outline-hidden relative flex w-full min-w-0 flex-col agent-turn\">\n<div class=\"flex max-w-full flex-col gap-4 grow\">\n<div class=\"min-h-8 text-message relative flex w-full flex-col items-end gap-2 text-start break-words whitespace-normal outline-none keyboard-focused:focus-ring [.text-message+&amp;]:mt-1\" dir=\"auto\" tabindex=\"0\" data-message-author-role=\"assistant\" data-message-id=\"31ac38d3-dde9-4ace-9344-5a76d45a5d80\" data-message-model-slug=\"gpt-5-mini\" data-turn-start-message=\"true\">\n<div class=\"flex w-full flex-col gap-1 empty:hidden\">\n<div class=\"markdown prose dark:prose-invert w-full wrap-break-word light markdown-new-styling\">\n<p data-start=\"0\" data-end=\"436\" data-is-last-node=\"\" data-is-only-node=\"\">S\u00fcndinud lihtsast k\u00fcsimusest &#8211; miks valida disaini ja j\u00f5udluse vahel, kui saab m\u00f5lemat? Just see k\u00fcsimus viis meid Moddern kamado loomiseni \u2013 s\u00f6egrillini, millel on pehmed, \u00fcmarad vormid, l\u00e4bim\u00f5eldud materjalid ja disain, mis toob rahu, mitte segadust. Iga detail on l\u00e4bi m\u00f5eldud, alates mati keraamilise pinnat\u00f6\u00f6tluse kuni unikaalse jalavalikuni. Mitte selleks, et silma paista, vaid selleks, et saaksid ise tunda ja m\u00e4rgata erinevust.<\/p>\n<p data-start=\"0\" data-end=\"436\" data-is-last-node=\"\" data-is-only-node=\"\">\n<\/div>\n<\/div>\n<\/div>\n<\/div>\n<\/div>\n<\/div>\n<\/section>\n<\/div>\n<p data-start=\"67\" data-end=\"351\">Hollandist p\u00e4rit br\u00e4nd Moddern usub, et v\u00e4ljas toidu valmistamine on rohkem kui lihtsalt s\u00f6\u00f6mine. See on kogemus ja rahulik hetk, kus saab keskenduda heale toidule ja meeldivale seltskonnale. Grill peab selle juures h\u00e4sti t\u00f6\u00f6tama ja samal ajal ka kaunilt v\u00e4lja n\u00e4gema.<\/p>\n<p data-start=\"353\" data-end=\"562\">Seet\u00f5ttu on Moddern kamado s\u00f6egrillidel pehmed, \u00fcmarad jooned, l\u00e4bim\u00f5eldud materjalivalik ja rahulik, tasakaalus disain. Eesm\u00e4rk on luua v\u00e4liruum, mis on selge ja korrastatud, mitte \u00fclekoormatud detailidest.<\/p>\n<p data-start=\"564\" data-end=\"787\">Iga Moddern kamado on viimistletud kuni k\u00f5ige v\u00e4iksemate detailideni: pinnat\u00f6\u00f6tlus, jalgade lahendused ja funktsionaalne \u00fclesehitus. Nii on v\u00f5imalik kujundada \u00f5ueala, mis on korraga stiilne, isikup\u00e4rane ja mugav kasutada.<\/p>\n","protected":false},"excerpt":{"rendered":"<p data-start=\"0\" data-end=\"297\">Moddern Green Complete kamado on s\u00f6egrill, mis \u00fchendab stiilse disaini, vastupidava konstruktsiooni ja mugava kasutamise. Roheline kamado koos musta aluse ja \u00fcmarate k\u00fclglaudadega sobib suurep\u00e4raselt nii terrassile kui aeda. Mustad alumiiniumjalad ratastega muudavad grilli liigutamise lihtsaks.<\/p>\n<p data-start=\"299\" data-end=\"677\">Komplekti kuuluvad roostevabast terasest poolkuu-restid, plate setter ning mitmetasandiline k\u00fcpsetuss\u00fcsteem. T\u00e4nu sellele saad samal kamadol valmistada nii aeglaselt kaudselt k\u00fcpsetatud roogasid, suitsutada kui ka grillida otsesel kuumusel. Sisseehitatud termomeeter aitab hoida soovitud temperatuuri nii madalal ja aeglasel k\u00fcpsetamisel kui ka k\u00f5rgel kuumusel pruunistamisel.<\/p>\n<p data-start=\"679\" data-end=\"797\" data-is-last-node=\"\" data-is-only-node=\"\">Moddern kamado on loodud igap\u00e4evaseks kasutamiseks v\u00e4litingimustes ning peab h\u00e4sti vastu erinevatele ilmastikuoludele.<\/p>\n<h6 data-start=\"81\" data-end=\"104\"><strong data-start=\"81\" data-end=\"102\">Komplekt sisaldab<\/strong><\/h6>\n<ul data-start=\"105\" data-end=\"450\">\n<li data-section-id=\"za85oe\" data-start=\"105\" data-end=\"157\">\n<p data-start=\"107\" data-end=\"157\">Moddern Green kamado koos aluse ja k\u00fclglaudadega<\/p>\n<\/li>\n<li data-section-id=\"1en7nfc\" data-start=\"158\" data-end=\"194\">\n<p data-start=\"160\" data-end=\"194\">Mustad alumiiniumjalad ratastega<\/p>\n<\/li>\n<li data-section-id=\"t3ifo6\" data-start=\"195\" data-end=\"254\">\n<p data-start=\"197\" data-end=\"254\">2 \u00d7 poolkuu kujuline roostevabast terasest k\u00fcpsetusrest<\/p>\n<\/li>\n<li data-section-id=\"djujo9\" data-start=\"255\" data-end=\"329\">\n<p data-start=\"257\" data-end=\"329\">1 \u00d7 kuumusjagaja (keraamiline plaat) kaudseks slow &amp; low k\u00fcpsetamiseks<\/p>\n<\/li>\n<li data-section-id=\"112vz09\" data-start=\"330\" data-end=\"413\">\n<p data-start=\"332\" data-end=\"413\">2 \u00d7 poolkuu kuumusjagajat (keraamiline plaat) kaudseks slow &amp; low k\u00fcpsetamiseks<\/p>\n<\/li>\n<li data-section-id=\"8n2918\" data-start=\"414\" data-end=\"450\">\n<p data-start=\"416\" data-end=\"450\">Mitmetasandiline k\u00fcpsetuss\u00fcsteem<\/p>\n<\/li>\n<\/ul>\n<h6 data-start=\"452\" data-end=\"466\"><strong data-start=\"452\" data-end=\"464\">Features<\/strong><\/h6>\n<ul data-start=\"467\" data-end=\"781\">\n<li data-section-id=\"18pnnke\" data-start=\"467\" data-end=\"554\">\n<p data-start=\"469\" data-end=\"554\">Kamado-t\u00fc\u00fcpi grill aeglaseks k\u00fcpsetamiseks, suitsutamiseks ja otseseks grillimiseks<\/p>\n<\/li>\n<li data-section-id=\"cnsasn\" data-start=\"555\" data-end=\"601\">\n<p data-start=\"557\" data-end=\"601\">Mustad \u00fcmarad k\u00fclglauad ettevalmistamiseks<\/p>\n<\/li>\n<li data-section-id=\"2s155r\" data-start=\"602\" data-end=\"661\">\n<p data-start=\"604\" data-end=\"661\">Sisseehitatud kaanetermomeeter temperatuuri j\u00e4lgimiseks<\/p>\n<\/li>\n<li data-section-id=\"1wuf7ee\" data-start=\"662\" data-end=\"720\">\n<p data-start=\"664\" data-end=\"720\">Vastupidav konstruktsioon v\u00e4litingimustes kasutamiseks<\/p>\n<\/li>\n<li data-section-id=\"1ibkpiu\" data-start=\"721\" data-end=\"781\">\n<p data-start=\"723\" data-end=\"781\">Ratastega alus lihtsaks liigutamiseks terrassil v\u00f5i aias<\/p>\n<\/li>\n<\/ul>\n<h6 data-start=\"679\" data-end=\"797\">Hindab ajatut disaini, m\u00e4rkab detaile ja teeb teadlikke valikuid, siis Moddern on just sinu jaoks.<\/h6>\n<p data-start=\"679\" data-end=\"797\" data-is-last-node=\"\" data-is-only-node=\"\"><a href=\"https:\/\/tammetorubbq.ee\/wp-content\/uploads\/2026\/03\/Moddern-logo.svg\"><img decoding=\"async\" class=\"alignnone size-full wp-image-6094\" src=\"https:\/\/tammetorubbq.ee\/wp-content\/uploads\/2026\/03\/Moddern-logo.svg\" alt=\"\" \/><\/a><\/p>\n<p><a href=\"https:\/\/tammetorubbq.ee\/en\/pay-later\/\"><strong>BUY NOW, PAY LATER<\/strong><\/a>\u00a0- interest free!<\/p>\n<p><img loading=\"lazy\" decoding=\"async\" class=\"alignnone wp-image-2646\" src=\"http:\/\/tammetorubbq.ee\/wp-content\/uploads\/2023\/12\/inbank-wordmark.png\" alt=\"\" width=\"167\" height=\"75\" srcset=\"https:\/\/tammetorubbq.ee\/wp-content\/uploads\/2023\/12\/inbank-wordmark.png 300w, https:\/\/tammetorubbq.ee\/wp-content\/uploads\/2023\/12\/inbank-wordmark-18x8.png 18w, https:\/\/tammetorubbq.ee\/wp-content\/uploads\/2023\/12\/inbank-wordmark-64x29.png 64w\" sizes=\"auto, (max-width: 167px) 100vw, 167px\" \/><\/p>\n<p>We also offer the option to pay later - in one, two or three equal instalments, without any interest or surcharge.<\/p>\n<p>You can find a selection of different payment options in our shopping cart.<\/p>","protected":false},"featured_media":6090,"comment_status":"closed","ping_status":"closed","template":"","meta":{"_uf_show_specific_survey":0,"_uf_disable_surveys":false},"pwb-brand":[349],"product_brand":[],"product_cat":[169,55],"product_tag":[127,350,78],"class_list":{"0":"post-6089","1":"product","2":"type-product","3":"status-publish","4":"has-post-thumbnail","6":"pwb-brand-moddern","7":"product_cat-soegrillid","8":"product_cat-keraamilised-grillid","9":"product_tag-keraamilised-grillid","10":"product_tag-moddern","11":"product_tag-soegrill","13":"first","14":"instock","15":"taxable","16":"shipping-taxable","17":"purchasable","18":"product-type-simple"},"brands":[{"id":349,"name":"Moddern","slug":"moddern"}],"_links":{"self":[{"href":"https:\/\/tammetorubbq.ee\/en\/wp-json\/wp\/v2\/product\/6089","targetHints":{"allow":["GET"]}}],"collection":[{"href":"https:\/\/tammetorubbq.ee\/en\/wp-json\/wp\/v2\/product"}],"about":[{"href":"https:\/\/tammetorubbq.ee\/en\/wp-json\/wp\/v2\/types\/product"}],"replies":[{"embeddable":true,"href":"https:\/\/tammetorubbq.ee\/en\/wp-json\/wp\/v2\/comments?post=6089"}],"wp:featuredmedia":[{"embeddable":true,"href":"https:\/\/tammetorubbq.ee\/en\/wp-json\/wp\/v2\/media\/6090"}],"wp:attachment":[{"href":"https:\/\/tammetorubbq.ee\/en\/wp-json\/wp\/v2\/media?parent=6089"}],"wp:term":[{"taxonomy":"pwb-brand","embeddable":true,"href":"https:\/\/tammetorubbq.ee\/en\/wp-json\/wp\/v2\/pwb-brand?post=6089"},{"taxonomy":"product_brand","embeddable":true,"href":"https:\/\/tammetorubbq.ee\/en\/wp-json\/wp\/v2\/product_brand?post=6089"},{"taxonomy":"product_cat","embeddable":true,"href":"https:\/\/tammetorubbq.ee\/en\/wp-json\/wp\/v2\/product_cat?post=6089"},{"taxonomy":"product_tag","embeddable":true,"href":"https:\/\/tammetorubbq.ee\/en\/wp-json\/wp\/v2\/product_tag?post=6089"}],"curies":[{"name":"wp","href":"https:\/\/api.w.org\/{rel}","templated":true}]}}