{"id":6107,"date":"2026-03-19T13:21:52","date_gmt":"2026-03-19T11:21:52","guid":{"rendered":"https:\/\/tammetorubbq.ee\/?post_type=product&#038;p=6107"},"modified":"2026-05-06T17:00:04","modified_gmt":"2026-05-06T14:00:04","slug":"gmg-peak-prime-2-0-wifi-pelletgrill","status":"publish","type":"product","link":"https:\/\/tammetorubbq.ee\/en\/toode\/gmg-peak-prime-2-0-wifi-pelletgrill\/","title":{"rendered":"GMG PEAK Prime 2.0 WiFi pellet grill"},"content":{"rendered":"<h6 data-start=\"91\" data-end=\"148\"><strong data-start=\"91\" data-end=\"146\">Tehnilised andmed ja omadused<\/strong><\/h6>\n<ul data-start=\"150\" data-end=\"1482\">\n<li data-section-id=\"162d76u\" data-start=\"150\" data-end=\"219\">\n<p data-start=\"152\" data-end=\"219\">Automaatne temperatuuri j\u00e4lgimine ja hoidmine vahemikus 65\u2013260\u202f\u00b0C<\/p>\n<\/li>\n<li data-section-id=\"6bukgg\" data-start=\"220\" data-end=\"279\">\n<p data-start=\"222\" data-end=\"279\">T\u00f6\u00f6kindel tiguajam pelletite automaatseks etteandmiseks<\/p>\n<\/li>\n<li data-section-id=\"1fkyr7x\" data-start=\"280\" data-end=\"360\">\n<p data-start=\"282\" data-end=\"360\">12\u202fV voolupinge v\u00f5imaldab grilli toita akupanga v\u00f5i v\u00e4iksema p\u00e4iksepaneeliga<\/p>\n<\/li>\n<li data-section-id=\"82vcvn\" data-start=\"361\" data-end=\"408\">\n<p data-start=\"363\" data-end=\"408\">V\u00f5imalik \u00fchendada ka tavapistikusse (220\u202fV)<\/p>\n<\/li>\n<li data-section-id=\"1dmscww\" data-start=\"409\" data-end=\"493\">\n<p data-start=\"411\" data-end=\"493\">Voolutarve: esimese kolme minuti jooksul 100\u202fW, \u00fclej\u00e4\u00e4nud grillimise ajal 16,6\u202fW<\/p>\n<\/li>\n<li data-section-id=\"1fd0au\" data-start=\"494\" data-end=\"598\">\n<p data-start=\"496\" data-end=\"598\">Selge ja arusaadav juhtpult: n\u00e4itab hetketemperatuuri ning nupule vajutades ka liha sisetemperatuuri<\/p>\n<\/li>\n<li data-section-id=\"zxpdcf\" data-start=\"599\" data-end=\"653\">\n<p data-start=\"601\" data-end=\"653\">Komplektis kaks sondi sisetemperatuuri j\u00e4lgimiseks<\/p>\n<\/li>\n<li data-section-id=\"1d8fwe0\" data-start=\"654\" data-end=\"666\">\n<p data-start=\"656\" data-end=\"666\">USB-port<\/p>\n<\/li>\n<li data-section-id=\"chlkon\" data-start=\"667\" data-end=\"828\">\n<p data-start=\"669\" data-end=\"828\">RACKT\u2122 riiulis\u00fcsteem: v\u00f5imaldab lisariiuleid lisada ja eemaldada vastavalt vajadusele (lisavarustusena saadaval riiulrest, ribialus v\u00f5i roostevaba r\u00f6stialus)<\/p>\n<\/li>\n<li data-section-id=\"om4jya\" data-start=\"829\" data-end=\"858\">\n<p data-start=\"831\" data-end=\"858\">Keskelt pooleks k\u00e4iv rest<\/p>\n<\/li>\n<li data-section-id=\"174bq6y\" data-start=\"859\" data-end=\"918\">\n<p data-start=\"861\" data-end=\"918\">K\u00fcljel konksud tarvikute paigutamiseks v\u00f5i riputamiseks<\/p>\n<\/li>\n<li data-section-id=\"h9mxkd\" data-start=\"919\" data-end=\"993\">\n<p data-start=\"921\" data-end=\"993\">Spetsiaalne puhastuskanal k\u00fcttekoldest tuha v\u00e4ljaimemiseks tuhaimuriga<\/p>\n<\/li>\n<li data-section-id=\"1g078dl\" data-start=\"994\" data-end=\"1052\">\n<p data-start=\"996\" data-end=\"1052\">Pelletianuma tagak\u00fcljel luuk pelletite v\u00e4ljalaskmiseks<\/p>\n<\/li>\n<li data-section-id=\"19bd89b\" data-start=\"1053\" data-end=\"1104\">\n<p data-start=\"1055\" data-end=\"1104\">Aken pelletianumal pelletite taseme j\u00e4lgimiseks<\/p>\n<\/li>\n<li data-section-id=\"1ic429i\" data-start=\"1105\" data-end=\"1160\">\n<p data-start=\"1107\" data-end=\"1160\">Aken kaanel toidu valmimise visuaalseks j\u00e4lgimiseks<\/p>\n<\/li>\n<li data-section-id=\"1w7ikz\" data-start=\"1161\" data-end=\"1220\">\n<p data-start=\"1163\" data-end=\"1220\">K\u00fcpsetuskambri sisemine valgustus \u00f5htuseks grillimiseks<\/p>\n<\/li>\n<li data-section-id=\"1rg3ocf\" data-start=\"1221\" data-end=\"1257\">\n<p data-start=\"1223\" data-end=\"1257\">Valmis p\u00f6\u00f6rdvarda paigaldamiseks<\/p>\n<\/li>\n<li data-section-id=\"1o239o6\" data-start=\"1258\" data-end=\"1284\">\n<p data-start=\"1260\" data-end=\"1284\">K\u00fcpsetuspind: 4245\u202fcm\u00b2<\/p>\n<\/li>\n<li data-section-id=\"1aclwqv\" data-start=\"1285\" data-end=\"1325\">\n<p data-start=\"1287\" data-end=\"1325\">K\u00fcttekolde siseosa vabak\u00f5rgus: 34\u202fcm<\/p>\n<\/li>\n<li data-section-id=\"ispb2i\" data-start=\"1326\" data-end=\"1388\">\n<p data-start=\"1328\" data-end=\"1388\">Grilli m\u00f5\u00f5tmed: k\u00f5rgus 134\u202fcm, laius 160\u202fcm, s\u00fcgavus 86\u202fcm<\/p>\n<\/li>\n<li data-section-id=\"82u6yj\" data-start=\"1389\" data-end=\"1404\">\n<p data-start=\"1391\" data-end=\"1404\">Kaal: 94\u202fkg<\/p>\n<\/li>\n<li data-section-id=\"41whnb\" data-start=\"1405\" data-end=\"1444\">\n<p data-start=\"1407\" data-end=\"1444\">Pelletipunker mahutab 9\u202fkg pelletit<\/p>\n<\/li>\n<li data-section-id=\"seb39w\" data-start=\"1445\" data-end=\"1482\">\n<p data-start=\"1447\" data-end=\"1482\">Grillil kehtib 3-aastane garantii<\/p>\n<\/li>\n<\/ul>\n<table class=\"woocommerce-product-attributes shop_attributes\" aria-label=\"Product Details\">\n<tbody>\n<tr class=\"woocommerce-product-attributes-item woocommerce-product-attributes-item--weight\">\n<th class=\"woocommerce-product-attributes-item__label\" style=\"text-align: left;\" scope=\"row\"><strong>Weight<\/strong><\/th>\n<td class=\"woocommerce-product-attributes-item__value\">94 kg<\/td>\n<\/tr>\n<tr class=\"woocommerce-product-attributes-item woocommerce-product-attributes-item--dimensions\">\n<th class=\"woocommerce-product-attributes-item__label\" scope=\"row\">Pakendi m\u00f5\u00f5tmed<\/th>\n<td class=\"woocommerce-product-attributes-item__value\">147 \u00d7 70 \u00d7 122 cm<\/td>\n<\/tr>\n<\/tbody>\n<\/table>\n<p>&nbsp;<\/p>\n<p><iframe loading=\"lazy\" title=\"Introducing GMG&#039;s Prime 2.0\" width=\"500\" height=\"281\" src=\"https:\/\/www.youtube.com\/embed\/Vlw35sNk08U?feature=oembed\" frameborder=\"0\" allow=\"accelerometer; autoplay; clipboard-write; encrypted-media; gyroscope; picture-in-picture; web-share\" referrerpolicy=\"strict-origin-when-cross-origin\" allowfullscreen><\/iframe><\/p>\n<p data-start=\"0\" data-end=\"249\">Green Mountain Grills (GMG) on kaubam\u00e4rk, mis iseloomustab end kui <strong data-start=\"67\" data-end=\"143\">innovatiivset, kvaliteetset ja kasutajas\u00f5bralikku pelletgrillide tootjat<\/strong>, keskendudes nii kodu- kui ka harrastusgrillijate kogemusele. Siin on peamised iseloomustavad omadused:<\/p>\n<ul data-start=\"251\" data-end=\"1407\">\n<li data-section-id=\"1xhz8db\" data-start=\"251\" data-end=\"399\">\n<p data-start=\"253\" data-end=\"399\"><strong data-start=\"253\" data-end=\"284\">Tehnoloogiline innovatsioon<\/strong> \u2013 GMG grillid on WiFi ja nutirakendustega juhitavad, v\u00f5imaldades t\u00e4pset temperatuuri kontrolli ja kaugj\u00e4lgimist.<\/p>\n<\/li>\n<li data-section-id=\"17154mo\" data-start=\"400\" data-end=\"641\">\n<p data-start=\"402\" data-end=\"641\"><strong data-start=\"402\" data-end=\"418\">Diversity<\/strong> \u2013 pelletigrillid v\u00f5imaldavad k\u00fcpsetada, suitsutada, grillida ja r\u00f6stitud toitu valmistada \u00fches seadmes. GMG tooted on modulaarse disainiga (RACKT\u2122 s\u00fcsteem), et lisada erinevaid riiuleid ja tarvikuid vastavalt vajadusele.<\/p>\n<\/li>\n<li data-section-id=\"krzxsh\" data-start=\"642\" data-end=\"814\">\n<p data-start=\"644\" data-end=\"814\"><strong data-start=\"644\" data-end=\"667\">Kasutajas\u00f5bralikkus<\/strong> \u2013 intuitiivsed juhtpaneelid, automaatsed temperatuuriandurid (Sense-Mate), kiire ettevalmistus ja lihtne puhastamine teevad grillimise mugavaks.<\/p>\n<\/li>\n<li data-section-id=\"1fwf4wf\" data-start=\"815\" data-end=\"985\">\n<p data-start=\"817\" data-end=\"985\"><strong data-start=\"817\" data-end=\"848\">Tippkvaliteet ja t\u00f6\u00f6kindlus<\/strong> \u2013 vastupidav konstruktsioon, roostevabast terasest grillpinnad, t\u00f6\u00f6kindlad tiguajamid ja turvalised s\u00fcsteemid pelletite etteandmiseks.<\/p>\n<\/li>\n<li data-section-id=\"9h35me\" data-start=\"986\" data-end=\"1132\">\n<p data-start=\"988\" data-end=\"1132\"><strong data-start=\"988\" data-end=\"1007\">Premium kogemus<\/strong> \u2013 GMG pakub toidule autentset suitsumaitset, s\u00e4ilitades samal ajal k\u00f5rge grillimiskiiruse, mis on sarnane gaasigrillidele.<\/p>\n<\/li>\n<li data-section-id=\"29o9zs\" data-start=\"1133\" data-end=\"1275\">\n<p data-start=\"1135\" data-end=\"1275\"><strong data-start=\"1135\" data-end=\"1177\">Keskkonnas\u00f5bralikkus ja energiat\u00f5husus<\/strong> \u2013 pelletid on taastuvk\u00fctus, grillid tarbivad minimaalselt elektrit ja v\u00e4hendavad rasvap\u00f5lemist.<\/p>\n<\/li>\n<li data-section-id=\"1jhny14\" data-start=\"1276\" data-end=\"1407\">\n<p data-start=\"1278\" data-end=\"1407\"><strong data-start=\"1278\" data-end=\"1296\">Kliendikesksus<\/strong> \u2013 garantii, lisatarvikute valik ja nutirakendused, mis muudavad grillimise kogemuse paindlikuks ja l\u00f5busaks.<\/p>\n<\/li>\n<\/ul>\n<p data-start=\"1409\" data-end=\"1570\">Kokkuv\u00f5ttes v\u00f5ib \u00f6elda, et <strong data-start=\"1436\" data-end=\"1508\">GMG br\u00e4nd t\u00e4histab \u201ctarku, efektiivseid ja nauditavaid pelletgrille\u201d<\/strong>, kus tehnoloogia ja traditsiooniline suitsumaitse kohtuvad.<\/p>","protected":false},"excerpt":{"rendered":"<p data-start=\"115\" data-end=\"324\"><strong>GMG = Green Mountain Grills<\/strong><\/p>\n<p data-start=\"115\" data-end=\"324\">Suurim GMG pelletgrill tavakasutajale. WiFi kaudu juhitav ja <strong>t\u00f6\u00f6tab kahes pinges (220V ja 12V)<\/strong>, v\u00f5imaldades \u00fchendada otse koduv\u00f5rku v\u00f5i vajadusel auto sigaris\u00fc\u00fctajasse v\u00f5i akupanka.<\/p>\n<p data-start=\"326\" data-end=\"631\">Grillil on integreeritud digitaalne juhtpaneel, mida saab mugavalt WiFi kaudu juhtida. Grill on k\u00fcpsetusvalmis paari minutiga. Sense-Mate temperatuuriandur j\u00e4lgib nii toidu kui ka \u00fcmbritsevat temperatuuri \u2013 k\u00fclmema ilmaga aktiveerub automaatselt turbore\u017eiim, mis kiirendab grillimise temperatuuri t\u00f5usu.<\/p>\n<p data-start=\"633\" data-end=\"912\">K\u00f5rge k\u00fcpsetuskamber v\u00f5imaldab grillida nii kana, kalkunit kui ka ribisid p\u00fcsti. Pellet tagab kerge suitsumaitse, kuid grillimise kiirus on sarnane gaasigrilliga. Unikaalne ventilaatoris\u00fcsteem tekitab k\u00fcttekoldesse \u00fcler\u00f5hu, v\u00e4ltides pelletite tagasip\u00f5lemist spiraalajami kaudu.<\/p>\n<p data-start=\"914\" data-end=\"1150\">Suur, roostevabast terasest kaheosaline grillpind v\u00f5imaldab korraga erinevaid toidugruppe k\u00fcpsetada. Kaasasoleva sondi abil saab reaalajas j\u00e4lgida toidu sisetemperatuuri. Toekas alusraam kummiratastega tagab grilli lihtsa liigutamise.<\/p>\n<p data-start=\"1152\" data-end=\"1368\">Lihtne hooldus: Allatilkuv rasv kogutakse kalduoleva alusplaadi abil kokku ja juhitakse k\u00fcljes oleva rasvakogumise topsi. Rasv ei tilgu p\u00f5letitele, mis v\u00e4hendab suitsu ja tagab tervislikuma toiduvalmistamise.<\/p>\n<p data-start=\"1152\" data-end=\"1368\"><a href=\"https:\/\/tammetorubbq.ee\/wp-content\/uploads\/2026\/03\/GMG-logo.svg\"><img loading=\"lazy\" decoding=\"async\" class=\"alignnone wp-image-6108\" src=\"https:\/\/tammetorubbq.ee\/wp-content\/uploads\/2026\/03\/GMG-logo.svg\" alt=\"\" width=\"244\" height=\"152\" \/><\/a><\/p>\n<p><a href=\"https:\/\/tammetorubbq.ee\/en\/pay-later\/\"><strong>BUY NOW, PAY LATER<\/strong><\/a>\u00a0- interest free!<\/p>\n<p><img loading=\"lazy\" decoding=\"async\" class=\"alignnone wp-image-2646\" src=\"http:\/\/tammetorubbq.ee\/wp-content\/uploads\/2023\/12\/inbank-wordmark.png\" alt=\"Inbank\" width=\"167\" height=\"75\" srcset=\"https:\/\/tammetorubbq.ee\/wp-content\/uploads\/2023\/12\/inbank-wordmark.png 300w, https:\/\/tammetorubbq.ee\/wp-content\/uploads\/2023\/12\/inbank-wordmark-18x8.png 18w, https:\/\/tammetorubbq.ee\/wp-content\/uploads\/2023\/12\/inbank-wordmark-64x29.png 64w\" sizes=\"auto, (max-width: 167px) 100vw, 167px\" \/><\/p>\n<p>We also offer the option to pay later - in one, two or three equal instalments, without any interest or surcharge.<\/p>\n<p>You can find a selection of different payment options in our shopping cart.<\/p>","protected":false},"featured_media":6109,"comment_status":"closed","ping_status":"closed","template":"","meta":{"_uf_show_specific_survey":0,"_uf_disable_surveys":false},"pwb-brand":[351],"product_brand":[],"product_cat":[56],"product_tag":[352,353,135],"class_list":{"0":"post-6107","1":"product","2":"type-product","3":"status-publish","4":"has-post-thumbnail","6":"pwb-brand-gmg","7":"product_cat-pelletgrillid","8":"product_tag-gmg","9":"product_tag-gmg-pelletgrill","10":"product_tag-pelletgrillid","12":"first","13":"instock","14":"taxable","15":"shipping-taxable","16":"purchasable","17":"product-type-simple"},"brands":[{"id":351,"name":"GMG","slug":"gmg"}],"_links":{"self":[{"href":"https:\/\/tammetorubbq.ee\/en\/wp-json\/wp\/v2\/product\/6107","targetHints":{"allow":["GET"]}}],"collection":[{"href":"https:\/\/tammetorubbq.ee\/en\/wp-json\/wp\/v2\/product"}],"about":[{"href":"https:\/\/tammetorubbq.ee\/en\/wp-json\/wp\/v2\/types\/product"}],"replies":[{"embeddable":true,"href":"https:\/\/tammetorubbq.ee\/en\/wp-json\/wp\/v2\/comments?post=6107"}],"wp:featuredmedia":[{"embeddable":true,"href":"https:\/\/tammetorubbq.ee\/en\/wp-json\/wp\/v2\/media\/6109"}],"wp:attachment":[{"href":"https:\/\/tammetorubbq.ee\/en\/wp-json\/wp\/v2\/media?parent=6107"}],"wp:term":[{"taxonomy":"pwb-brand","embeddable":true,"href":"https:\/\/tammetorubbq.ee\/en\/wp-json\/wp\/v2\/pwb-brand?post=6107"},{"taxonomy":"product_brand","embeddable":true,"href":"https:\/\/tammetorubbq.ee\/en\/wp-json\/wp\/v2\/product_brand?post=6107"},{"taxonomy":"product_cat","embeddable":true,"href":"https:\/\/tammetorubbq.ee\/en\/wp-json\/wp\/v2\/product_cat?post=6107"},{"taxonomy":"product_tag","embeddable":true,"href":"https:\/\/tammetorubbq.ee\/en\/wp-json\/wp\/v2\/product_tag?post=6107"}],"curies":[{"name":"wp","href":"https:\/\/api.w.org\/{rel}","templated":true}]}}