{"id":6124,"date":"2026-03-19T13:46:40","date_gmt":"2026-03-19T11:46:40","guid":{"rendered":"https:\/\/tammetorubbq.ee\/?post_type=product&#038;p=6124"},"modified":"2026-05-06T17:00:05","modified_gmt":"2026-05-06T14:00:05","slug":"gmg-trek-prime-2-0-wifi-pelletgrill","status":"publish","type":"product","link":"https:\/\/tammetorubbq.ee\/en\/toode\/gmg-trek-prime-2-0-wifi-pelletgrill\/","title":{"rendered":"GMG TREK PRIME 2.0 WiFi pellet grill"},"content":{"rendered":"<h5 data-start=\"67\" data-end=\"126\"><strong data-start=\"67\" data-end=\"124\">Tehnilised andmed ja omadused<\/strong><\/h5>\n<ul data-start=\"128\" data-end=\"1099\">\n<li data-section-id=\"1kpg5jj\" data-start=\"128\" data-end=\"197\">\n<p data-start=\"130\" data-end=\"197\">Automaatne temperatuuri j\u00e4lgimine ja hoidmine vahemikus 65\u2013287\u202f\u00b0C<\/p>\n<\/li>\n<li data-section-id=\"6bukgg\" data-start=\"198\" data-end=\"257\">\n<p data-start=\"200\" data-end=\"257\">T\u00f6\u00f6kindel tiguajam pelletite automaatseks etteandmiseks<\/p>\n<\/li>\n<li data-section-id=\"1fkyr7x\" data-start=\"258\" data-end=\"338\">\n<p data-start=\"260\" data-end=\"338\">12\u202fV voolupinge v\u00f5imaldab grilli toita akupanga v\u00f5i v\u00e4iksema p\u00e4iksepaneeliga<\/p>\n<\/li>\n<li data-section-id=\"14uxqqi\" data-start=\"339\" data-end=\"383\">\n<p data-start=\"341\" data-end=\"383\">Sigaris\u00fc\u00fctaja otsiku kasutamise v\u00f5imalus<\/p>\n<\/li>\n<li data-section-id=\"108ggvc\" data-start=\"384\" data-end=\"454\">\n<p data-start=\"386\" data-end=\"454\">V\u00f5imalik \u00fchendada ka tavalisse 220\u202fV vooluv\u00f5rku (kaasas voolujuhe)<\/p>\n<\/li>\n<li data-section-id=\"12hwu74\" data-start=\"455\" data-end=\"476\">\n<p data-start=\"457\" data-end=\"476\">Voolutarve: 100\u202fW<\/p>\n<\/li>\n<li data-section-id=\"r55tr0\" data-start=\"477\" data-end=\"583\">\n<p data-start=\"479\" data-end=\"583\">Selge ja arusaadav juhtpult: n\u00e4itab grilli hetketemperatuuri ja nupule vajutades liha sisetemperatuuri<\/p>\n<\/li>\n<li data-section-id=\"1p7b768\" data-start=\"584\" data-end=\"636\">\n<p data-start=\"586\" data-end=\"636\">Komplektis \u00fcks sond sisetemperatuuri j\u00e4lgimiseks<\/p>\n<\/li>\n<li data-section-id=\"1d8fwe0\" data-start=\"637\" data-end=\"649\">\n<p data-start=\"639\" data-end=\"649\">USB-port<\/p>\n<\/li>\n<li data-section-id=\"v0thta\" data-start=\"650\" data-end=\"692\">\n<p data-start=\"652\" data-end=\"692\">Keskelt pooleks k\u00e4iv, k\u00f5rgendatud rest<\/p>\n<\/li>\n<li data-section-id=\"1r8inft\" data-start=\"693\" data-end=\"733\">\n<p data-start=\"695\" data-end=\"733\">Toekad alusjalad tagavad stabiilsuse<\/p>\n<\/li>\n<li data-section-id=\"1q32mke\" data-start=\"734\" data-end=\"789\">\n<p data-start=\"736\" data-end=\"789\">Klappsiibriga korsten suitsu ja \u00f5hu reguleerimiseks<\/p>\n<\/li>\n<li data-section-id=\"t4mk86\" data-start=\"790\" data-end=\"831\">\n<p data-start=\"792\" data-end=\"831\">Mahutab korraga n\u00e4iteks 3\u202fkg \u0161a\u0161l\u00f5kki<\/p>\n<\/li>\n<li data-section-id=\"1euk9as\" data-start=\"832\" data-end=\"858\">\n<p data-start=\"834\" data-end=\"858\">K\u00fcpsetuspind: 1400\u202fcm\u00b2<\/p>\n<\/li>\n<li data-section-id=\"1ba2udj\" data-start=\"859\" data-end=\"939\">\n<p data-start=\"861\" data-end=\"939\">Venturi Style p\u00f6\u00f6rd\u00f5huga p\u00f5lemiskamber tagab \u00fchtlase kuumuse ja suitsumaitse<\/p>\n<\/li>\n<li data-section-id=\"1urwzm\" data-start=\"940\" data-end=\"980\">\n<p data-start=\"942\" data-end=\"980\">K\u00fcttekolde siseosa vabak\u00f5rgus: 20\u202fcm<\/p>\n<\/li>\n<li data-section-id=\"102ravh\" data-start=\"981\" data-end=\"1041\">\n<p data-start=\"983\" data-end=\"1041\">Grilli m\u00f5\u00f5tmed: k\u00f5rgus 61\u202fcm, laius 82\u202fcm, s\u00fcgavus 41\u202fcm<\/p>\n<\/li>\n<li data-section-id=\"1bbkvod\" data-start=\"1042\" data-end=\"1057\">\n<p data-start=\"1044\" data-end=\"1057\">Kaal: 29\u202fkg<\/p>\n<\/li>\n<li data-section-id=\"16z93ur\" data-start=\"1058\" data-end=\"1099\">\n<p data-start=\"1060\" data-end=\"1099\">Pelletipunker mahutab 4,5\u202fkg pelletit<\/p>\n<\/li>\n<\/ul>\n<table class=\"woocommerce-product-attributes shop_attributes\" aria-label=\"Product Details\">\n<tbody>\n<tr class=\"woocommerce-product-attributes-item woocommerce-product-attributes-item--weight\">\n<th class=\"woocommerce-product-attributes-item__label\" scope=\"row\">Weight<\/th>\n<td class=\"woocommerce-product-attributes-item__value\">32 kg<\/td>\n<\/tr>\n<tr class=\"woocommerce-product-attributes-item woocommerce-product-attributes-item--dimensions\">\n<th class=\"woocommerce-product-attributes-item__label\" scope=\"row\">Pakendi m\u00f5\u00f5tmed<\/th>\n<td class=\"woocommerce-product-attributes-item__value\">104 \u00d7 69 \u00d7 135 cm<\/td>\n<\/tr>\n<\/tbody>\n<\/table>\n<p><iframe loading=\"lazy\" title=\"GMG Trek Prime 2.0 - Unmatched Versatility\" width=\"500\" height=\"281\" src=\"https:\/\/www.youtube.com\/embed\/mzrCrP7O9D0?feature=oembed\" frameborder=\"0\" allow=\"accelerometer; autoplay; clipboard-write; encrypted-media; gyroscope; picture-in-picture; web-share\" referrerpolicy=\"strict-origin-when-cross-origin\" allowfullscreen><\/iframe><\/p>\n<p>&nbsp;<\/p>\n<p data-start=\"0\" data-end=\"249\">Green Mountain Grills (GMG) on kaubam\u00e4rk, mis iseloomustab end kui\u00a0<strong data-start=\"67\" data-end=\"143\">innovatiivset, kvaliteetset ja kasutajas\u00f5bralikku pelletgrillide tootjat<\/strong>, keskendudes nii kodu- kui ka harrastusgrillijate kogemusele. Siin on peamised iseloomustavad omadused:<\/p>\n<ul data-start=\"251\" data-end=\"1407\">\n<li data-section-id=\"1xhz8db\" data-start=\"251\" data-end=\"399\">\n<p data-start=\"253\" data-end=\"399\"><strong data-start=\"253\" data-end=\"284\">Tehnoloogiline innovatsioon<\/strong>\u00a0\u2013 GMG grillid on WiFi ja nutirakendustega juhitavad, v\u00f5imaldades t\u00e4pset temperatuuri kontrolli ja kaugj\u00e4lgimist.<\/p>\n<\/li>\n<li data-section-id=\"17154mo\" data-start=\"400\" data-end=\"641\">\n<p data-start=\"402\" data-end=\"641\"><strong data-start=\"402\" data-end=\"418\">Diversity<\/strong>\u00a0\u2013 pelletigrillid v\u00f5imaldavad k\u00fcpsetada, suitsutada, grillida ja r\u00f6stitud toitu valmistada \u00fches seadmes. GMG tooted on modulaarse disainiga (RACKT\u2122 s\u00fcsteem), et lisada erinevaid riiuleid ja tarvikuid vastavalt vajadusele.<\/p>\n<\/li>\n<li data-section-id=\"krzxsh\" data-start=\"642\" data-end=\"814\">\n<p data-start=\"644\" data-end=\"814\"><strong data-start=\"644\" data-end=\"667\">Kasutajas\u00f5bralikkus<\/strong>\u00a0\u2013 intuitiivsed juhtpaneelid, automaatsed temperatuuriandurid (Sense-Mate), kiire ettevalmistus ja lihtne puhastamine teevad grillimise mugavaks.<\/p>\n<\/li>\n<li data-section-id=\"1fwf4wf\" data-start=\"815\" data-end=\"985\">\n<p data-start=\"817\" data-end=\"985\"><strong data-start=\"817\" data-end=\"848\">Tippkvaliteet ja t\u00f6\u00f6kindlus<\/strong>\u00a0\u2013 vastupidav konstruktsioon, roostevabast terasest grillpinnad, t\u00f6\u00f6kindlad tiguajamid ja turvalised s\u00fcsteemid pelletite etteandmiseks.<\/p>\n<\/li>\n<li data-section-id=\"9h35me\" data-start=\"986\" data-end=\"1132\">\n<p data-start=\"988\" data-end=\"1132\"><strong data-start=\"988\" data-end=\"1007\">Premium kogemus<\/strong>\u00a0\u2013 GMG pakub toidule autentset suitsumaitset, s\u00e4ilitades samal ajal k\u00f5rge grillimiskiiruse, mis on sarnane gaasigrillidele.<\/p>\n<\/li>\n<li data-section-id=\"29o9zs\" data-start=\"1133\" data-end=\"1275\">\n<p data-start=\"1135\" data-end=\"1275\"><strong data-start=\"1135\" data-end=\"1177\">Keskkonnas\u00f5bralikkus ja energiat\u00f5husus<\/strong>\u00a0\u2013 pelletid on taastuvk\u00fctus, grillid tarbivad minimaalselt elektrit ja v\u00e4hendavad rasvap\u00f5lemist.<\/p>\n<\/li>\n<li data-section-id=\"1jhny14\" data-start=\"1276\" data-end=\"1407\">\n<p data-start=\"1278\" data-end=\"1407\"><strong data-start=\"1278\" data-end=\"1296\">Kliendikesksus<\/strong>\u00a0\u2013 garantii, lisatarvikute valik ja nutirakendused, mis muudavad grillimise kogemuse paindlikuks ja l\u00f5busaks.<\/p>\n<\/li>\n<\/ul>\n<p data-start=\"1409\" data-end=\"1570\">Kokkuv\u00f5ttes v\u00f5ib \u00f6elda, et\u00a0<strong data-start=\"1436\" data-end=\"1508\">GMG br\u00e4nd t\u00e4histab \u201ctarku, efektiivseid ja nauditavaid pelletgrille\u201d<\/strong>, kus tehnoloogia ja traditsiooniline suitsumaitse kohtuvad.<\/p>","protected":false},"excerpt":{"rendered":"<p><strong>GMG = Green Mountain Grills<\/strong><\/p>\n<p data-start=\"63\" data-end=\"493\">GMG v\u00e4ikseim mudel, sobib ideaalselt ka kaasaskandmiseks loodusesse \u2013 voolu saab n\u00e4iteks v\u00f5tta auto sigaris\u00fc\u00fctajast. Grillil on integreeritud digitaalne juhtpaneel, mida saab WiFi kaudu juhtida, ning paari minutiga on grill k\u00fcpsetusvalmis. Sense-Mate temperatuuriandur j\u00e4lgib nii toidu kui ka \u00fcmbritsevat temperatuuri \u2013 k\u00fclmemal ilmaga aktiveerub andur automaatselt turbore\u017eiim, mis kiirendab grillimise temperatuuri t\u00f5usu.<\/p>\n<p data-start=\"495\" data-end=\"877\">Pellet tagab alati kerge suitsumaitse, kuid grillimise kiirus ei j\u00e4\u00e4 palju alla gaasigrillile. Unikaalne ventilaatoris\u00fcsteem tekitab k\u00fcttekoldesse \u00fcler\u00f5hu, v\u00e4ltides pelletite tagasip\u00f5lemist spiraalajami kaudu. Suur, roostevabast terasest kaheosaline grillpind v\u00f5imaldab korraga k\u00fcpsetada erinevaid toidugruppe. Kaasasoleva sondi abil saab reaalajas j\u00e4lgida toidu sisetemperatuuri.<\/p>\n<p data-start=\"879\" data-end=\"1093\">Lihtne hooldus: allatilkuv rasv kogutakse kalduoleva alusplaadi abil kokku ja juhitakse k\u00fcljes oleva rasvakogumise topsi. Rasv ei tilgu p\u00f5letitele, mis v\u00e4hendab suitsu ja tagab tervislikuma toiduvalmistamise.<\/p>\n<p data-start=\"1152\" data-end=\"1368\"><a href=\"https:\/\/tammetorubbq.ee\/wp-content\/uploads\/2026\/03\/GMG-logo.svg\"><img loading=\"lazy\" decoding=\"async\" class=\"alignnone wp-image-6108\" src=\"https:\/\/tammetorubbq.ee\/wp-content\/uploads\/2026\/03\/GMG-logo.svg\" alt=\"\" width=\"244\" height=\"152\" \/><\/a><\/p>\n<p><a href=\"https:\/\/tammetorubbq.ee\/en\/pay-later\/\"><strong>BUY NOW, PAY LATER<\/strong><\/a>\u00a0- interest free!<\/p>\n<p><img loading=\"lazy\" decoding=\"async\" class=\"alignnone wp-image-2646\" src=\"http:\/\/tammetorubbq.ee\/wp-content\/uploads\/2023\/12\/inbank-wordmark.png\" alt=\"Inbank\" width=\"167\" height=\"75\" srcset=\"https:\/\/tammetorubbq.ee\/wp-content\/uploads\/2023\/12\/inbank-wordmark.png 300w, https:\/\/tammetorubbq.ee\/wp-content\/uploads\/2023\/12\/inbank-wordmark-18x8.png 18w, https:\/\/tammetorubbq.ee\/wp-content\/uploads\/2023\/12\/inbank-wordmark-64x29.png 64w\" sizes=\"auto, (max-width: 167px) 100vw, 167px\" \/><\/p>\n<p>We also offer the option to pay later - in one, two or three equal instalments, without any interest or surcharge.<\/p>\n<p>You can find a selection of different payment options in our shopping cart.<\/p>","protected":false},"featured_media":6125,"comment_status":"closed","ping_status":"closed","template":"","meta":{"_uf_show_specific_survey":0,"_uf_disable_surveys":false},"pwb-brand":[351],"product_brand":[],"product_cat":[56],"product_tag":[352,353,135],"class_list":{"0":"post-6124","1":"product","2":"type-product","3":"status-publish","4":"has-post-thumbnail","6":"pwb-brand-gmg","7":"product_cat-pelletgrillid","8":"product_tag-gmg","9":"product_tag-gmg-pelletgrill","10":"product_tag-pelletgrillid","12":"first","13":"instock","14":"taxable","15":"shipping-taxable","16":"purchasable","17":"product-type-simple"},"brands":[{"id":351,"name":"GMG","slug":"gmg"}],"_links":{"self":[{"href":"https:\/\/tammetorubbq.ee\/en\/wp-json\/wp\/v2\/product\/6124","targetHints":{"allow":["GET"]}}],"collection":[{"href":"https:\/\/tammetorubbq.ee\/en\/wp-json\/wp\/v2\/product"}],"about":[{"href":"https:\/\/tammetorubbq.ee\/en\/wp-json\/wp\/v2\/types\/product"}],"replies":[{"embeddable":true,"href":"https:\/\/tammetorubbq.ee\/en\/wp-json\/wp\/v2\/comments?post=6124"}],"wp:featuredmedia":[{"embeddable":true,"href":"https:\/\/tammetorubbq.ee\/en\/wp-json\/wp\/v2\/media\/6125"}],"wp:attachment":[{"href":"https:\/\/tammetorubbq.ee\/en\/wp-json\/wp\/v2\/media?parent=6124"}],"wp:term":[{"taxonomy":"pwb-brand","embeddable":true,"href":"https:\/\/tammetorubbq.ee\/en\/wp-json\/wp\/v2\/pwb-brand?post=6124"},{"taxonomy":"product_brand","embeddable":true,"href":"https:\/\/tammetorubbq.ee\/en\/wp-json\/wp\/v2\/product_brand?post=6124"},{"taxonomy":"product_cat","embeddable":true,"href":"https:\/\/tammetorubbq.ee\/en\/wp-json\/wp\/v2\/product_cat?post=6124"},{"taxonomy":"product_tag","embeddable":true,"href":"https:\/\/tammetorubbq.ee\/en\/wp-json\/wp\/v2\/product_tag?post=6124"}],"curies":[{"name":"wp","href":"https:\/\/api.w.org\/{rel}","templated":true}]}}