{"id":6189,"date":"2026-03-23T11:37:22","date_gmt":"2026-03-23T09:37:22","guid":{"rendered":"https:\/\/tammetorubbq.ee\/?post_type=product&#038;p=6189"},"modified":"2026-05-10T00:00:16","modified_gmt":"2026-05-09T21:00:16","slug":"napoleon-roostevabast-terasest-napitstangid","status":"publish","type":"product","link":"https:\/\/tammetorubbq.ee\/en\/toode\/napoleon-roostevabast-terasest-napitstangid\/","title":{"rendered":"Napoleon roostevabast terasest n\u00e4pitstangid"},"content":{"rendered":"<h5 data-start=\"121\" data-end=\"152\"><strong>Why choose Napoleon Grill?<\/strong><\/h5>\n<p class=\"\" data-start=\"154\" data-end=\"369\"><strong data-start=\"154\" data-end=\"166\">Napoleon<\/strong>\u00a0is a family-owned company based in Canada that has been developing high-quality grills and outdoor cooking solutions for decades. The brand is recognised worldwide for reliability, innovation and longevity.<\/p>\n<p class=\"\" data-start=\"371\" data-end=\"751\">Any\u00a0<strong data-start=\"375\" data-end=\"394\">Napoleon grill<\/strong>\u00a0are designed to offer precise heat control, robust construction and a comfortable user experience. Whether it's a charcoal, gas or pellet barbecue, Napoleon combines modern design with practical solutions: stainless steel burners, cast iron grills, JETFIRE\u2122 ignition system, ACCU-PROBE\u2122 thermometer and smart storage options are just a few examples.<\/p>\n<p class=\"\" data-start=\"753\" data-end=\"994\"><strong data-start=\"753\" data-end=\"777\">Napoleon product range<\/strong>\u00a0covers all needs - from portable models to full outdoor kitchen solutions. If you value reliability, functionality and the versatility to grill all year round, Napoleon is the right choice.<\/p>","protected":false},"excerpt":{"rendered":"<h5 data-start=\"60\" data-end=\"113\"><strong data-start=\"60\" data-end=\"111\">Kitsaskujulised grillitangid \u00f5rnadele toitudele<\/strong><\/h5>\n<p data-start=\"115\" data-end=\"313\">Need kitsaskujulised grillitangid on ideaalsed \u00f5rnade toitude, nagu kala, k\u00f6\u00f6giviljade ja mereandide, k\u00e4sitsemiseks. T\u00e4pse ja kindla haarde abil saad toitu keerata v\u00f5i t\u00f5sta ilma seda vigastamata.<\/p>\n<p data-start=\"315\" data-end=\"464\">Roostevabast terasest konstruktsioon tagab tangide pikaajalise vastupidavuse ning n\u00f5udepesumasinas pestav disain teeb hoolduse lihtsaks ja kiireks.<\/p>\n<h5 data-section-id=\"1s0ig86\" data-start=\"466\" data-end=\"478\"><strong>Features<\/strong><\/h5>\n<ul data-start=\"479\" data-end=\"602\">\n<li data-section-id=\"ccs8ge\" data-start=\"479\" data-end=\"522\">Kitsas ots \u00f5rnade toitude k\u00e4sitlemiseks<\/li>\n<li data-section-id=\"5oiz3q\" data-start=\"523\" data-end=\"574\">Vastupidav roostevabast terasest konstruktsioon<\/li>\n<li data-section-id=\"1ldrl0b\" data-start=\"575\" data-end=\"602\">Dishwasher safe<\/li>\n<\/ul>\n<p><img loading=\"lazy\" decoding=\"async\" class=\"wp-image-2098\" src=\"http:\/\/tammetorubbq.ee\/wp-content\/uploads\/2024\/11\/napoleon-gas-grills-logo-vector-1-300x124.png\" alt=\"napoleon gas grills logo vector\" width=\"174\" height=\"72\" srcset=\"https:\/\/tammetorubbq.ee\/wp-content\/uploads\/2024\/11\/napoleon-gas-grills-logo-vector-1-300x124.png 300w, https:\/\/tammetorubbq.ee\/wp-content\/uploads\/2024\/11\/napoleon-gas-grills-logo-vector-1-768x317.png 768w, https:\/\/tammetorubbq.ee\/wp-content\/uploads\/2024\/11\/napoleon-gas-grills-logo-vector-1-18x7.png 18w, https:\/\/tammetorubbq.ee\/wp-content\/uploads\/2024\/11\/napoleon-gas-grills-logo-vector-1-600x248.png 600w, https:\/\/tammetorubbq.ee\/wp-content\/uploads\/2024\/11\/napoleon-gas-grills-logo-vector-1-64x26.png 64w, https:\/\/tammetorubbq.ee\/wp-content\/uploads\/2024\/11\/napoleon-gas-grills-logo-vector-1.png 847w\" sizes=\"auto, (max-width: 174px) 100vw, 174px\" \/><\/p>","protected":false},"featured_media":6190,"comment_status":"closed","ping_status":"closed","template":"","meta":{"_uf_show_specific_survey":0,"_uf_disable_surveys":false},"pwb-brand":[101],"product_brand":[389],"product_cat":[30],"product_tag":[134,355,362],"class_list":{"0":"post-6189","1":"product","2":"type-product","3":"status-publish","4":"has-post-thumbnail","6":"pwb-brand-napoleon","7":"product_brand-napoleon","8":"product_cat-grillimise-tarvikud","9":"product_tag-grillimise-tarvikud","10":"product_tag-grilltangid","11":"product_tag-napitstangid","13":"first","14":"instock","15":"taxable","16":"shipping-taxable","17":"purchasable","18":"product-type-simple"},"brands":[{"id":101,"name":"Napoleon","slug":"napoleon"}],"_links":{"self":[{"href":"https:\/\/tammetorubbq.ee\/en\/wp-json\/wp\/v2\/product\/6189","targetHints":{"allow":["GET"]}}],"collection":[{"href":"https:\/\/tammetorubbq.ee\/en\/wp-json\/wp\/v2\/product"}],"about":[{"href":"https:\/\/tammetorubbq.ee\/en\/wp-json\/wp\/v2\/types\/product"}],"replies":[{"embeddable":true,"href":"https:\/\/tammetorubbq.ee\/en\/wp-json\/wp\/v2\/comments?post=6189"}],"wp:featuredmedia":[{"embeddable":true,"href":"https:\/\/tammetorubbq.ee\/en\/wp-json\/wp\/v2\/media\/6190"}],"wp:attachment":[{"href":"https:\/\/tammetorubbq.ee\/en\/wp-json\/wp\/v2\/media?parent=6189"}],"wp:term":[{"taxonomy":"pwb-brand","embeddable":true,"href":"https:\/\/tammetorubbq.ee\/en\/wp-json\/wp\/v2\/pwb-brand?post=6189"},{"taxonomy":"product_brand","embeddable":true,"href":"https:\/\/tammetorubbq.ee\/en\/wp-json\/wp\/v2\/product_brand?post=6189"},{"taxonomy":"product_cat","embeddable":true,"href":"https:\/\/tammetorubbq.ee\/en\/wp-json\/wp\/v2\/product_cat?post=6189"},{"taxonomy":"product_tag","embeddable":true,"href":"https:\/\/tammetorubbq.ee\/en\/wp-json\/wp\/v2\/product_tag?post=6189"}],"curies":[{"name":"wp","href":"https:\/\/api.w.org\/{rel}","templated":true}]}}