{"id":6362,"date":"2026-04-01T13:08:07","date_gmt":"2026-04-01T10:08:07","guid":{"rendered":"https:\/\/tammetorubbq.ee\/?post_type=product&#038;p=6362"},"modified":"2026-04-09T20:01:10","modified_gmt":"2026-04-09T17:01:10","slug":"sucklebusters-hog-waller-pork-rib-rub-113g","status":"publish","type":"product","link":"https:\/\/tammetorubbq.ee\/en\/product\/sucklebusters-hog-waller-pork-rib-rub-113g\/","title":{"rendered":"SuckleBusters Hog Waller Pork &#038; Rib Rub 113g"},"content":{"rendered":"<p><strong>Ingredients<\/strong>: Meresool, turbinado-suhkur, pruun suhkur, t\u0161illipiprad ja v\u00fcrtsid.<\/p>\n<p><strong data-start=\"82\" data-end=\"124\" data-is-last-node=\"\">Ilma MSG-ta. Loomulikult gluteenivaba.<\/strong><\/p>","protected":false},"excerpt":{"rendered":"<h5><\/h5>\n<h5><strong><span style=\"color: #ff0000;\">SuckleBusters`i valikus nr 1 rub<\/span> &#8211; soolane, magus ja kergelt v\u00fcrtsikas<\/strong><\/h5>\n<p data-start=\"128\" data-end=\"386\">T\u00e4iuslik maitseaine sealiha austajatele, kes otsivad perfektset maitset. Hoolikalt ja kirglikult loodud rub avab ukse mahlakate ja suussulavate searoogade maailma, mis j\u00e4tavad k\u00f5igile isu veelgi enamaks.<\/p>\n<p data-start=\"388\" data-end=\"622\">Kogege, kuidas Hog Waller Pork Rub muudab sealiha l\u00f5igud kulinaarseteks meistriteosteks. T\u00e4pselt tasakaalustatud \u00fcrtide ja v\u00fcrtside segu t\u00f5stab liha loomulikku rikkust esile, luues maitsete s\u00fcmfoonia, mis tantsib teie maitsemeeltes.<\/p>\n<p data-start=\"388\" data-end=\"622\">Alates ribidest kuni r\u00f6stideni \u2013 see rub on teie pilet BBQ tipphetkedeni. Olenemata sellest, kas olete kogenud pitmaster v\u00f5i kodune grillientusiast, viib Hog Waller Pork Rub teie searoogade maitse t\u00e4iesti uuele tasemele, muutes need k\u00f5igi t\u00e4helepanu keskpunktiks.<\/p>\n<p><img loading=\"lazy\" decoding=\"async\" class=\"size-medium wp-image-6359\" src=\"https:\/\/tammetorubbq.ee\/wp-content\/uploads\/2026\/04\/SuckleBusters-logo-300x150.webp\" alt=\"SuckleBusters logo\" width=\"300\" height=\"150\" srcset=\"https:\/\/tammetorubbq.ee\/wp-content\/uploads\/2026\/04\/SuckleBusters-logo-300x150.webp 300w, https:\/\/tammetorubbq.ee\/wp-content\/uploads\/2026\/04\/SuckleBusters-logo-1024x512.webp 1024w, https:\/\/tammetorubbq.ee\/wp-content\/uploads\/2026\/04\/SuckleBusters-logo-768x384.webp 768w, https:\/\/tammetorubbq.ee\/wp-content\/uploads\/2026\/04\/SuckleBusters-logo-1536x768.webp 1536w, https:\/\/tammetorubbq.ee\/wp-content\/uploads\/2026\/04\/SuckleBusters-logo-18x9.webp 18w, https:\/\/tammetorubbq.ee\/wp-content\/uploads\/2026\/04\/SuckleBusters-logo-600x300.webp 600w, https:\/\/tammetorubbq.ee\/wp-content\/uploads\/2026\/04\/SuckleBusters-logo-64x32.webp 64w, https:\/\/tammetorubbq.ee\/wp-content\/uploads\/2026\/04\/SuckleBusters-logo.webp 2000w\" sizes=\"auto, (max-width: 300px) 100vw, 300px\" \/><\/p>","protected":false},"featured_media":6363,"comment_status":"closed","ping_status":"closed","template":"","meta":{"_uf_show_specific_survey":0,"_uf_disable_surveys":false},"pwb-brand":[370],"product_brand":[],"product_cat":[21],"product_tag":[114,122,371],"class_list":{"0":"post-6362","1":"product","2":"type-product","3":"status-publish","4":"has-post-thumbnail","6":"pwb-brand-sucklebusters","7":"product_cat-maitseainesegud","8":"product_tag-sealiha","9":"product_tag-searibi","10":"product_tag-sucklebusters","12":"first","13":"instock","14":"taxable","15":"shipping-taxable","16":"purchasable","17":"product-type-simple"},"brands":[{"id":370,"name":"SuckleBusters","slug":"sucklebusters"}],"_links":{"self":[{"href":"https:\/\/tammetorubbq.ee\/en\/wp-json\/wp\/v2\/product\/6362","targetHints":{"allow":["GET"]}}],"collection":[{"href":"https:\/\/tammetorubbq.ee\/en\/wp-json\/wp\/v2\/product"}],"about":[{"href":"https:\/\/tammetorubbq.ee\/en\/wp-json\/wp\/v2\/types\/product"}],"replies":[{"embeddable":true,"href":"https:\/\/tammetorubbq.ee\/en\/wp-json\/wp\/v2\/comments?post=6362"}],"wp:featuredmedia":[{"embeddable":true,"href":"https:\/\/tammetorubbq.ee\/en\/wp-json\/wp\/v2\/media\/6363"}],"wp:attachment":[{"href":"https:\/\/tammetorubbq.ee\/en\/wp-json\/wp\/v2\/media?parent=6362"}],"wp:term":[{"taxonomy":"pwb-brand","embeddable":true,"href":"https:\/\/tammetorubbq.ee\/en\/wp-json\/wp\/v2\/pwb-brand?post=6362"},{"taxonomy":"product_brand","embeddable":true,"href":"https:\/\/tammetorubbq.ee\/en\/wp-json\/wp\/v2\/product_brand?post=6362"},{"taxonomy":"product_cat","embeddable":true,"href":"https:\/\/tammetorubbq.ee\/en\/wp-json\/wp\/v2\/product_cat?post=6362"},{"taxonomy":"product_tag","embeddable":true,"href":"https:\/\/tammetorubbq.ee\/en\/wp-json\/wp\/v2\/product_tag?post=6362"}],"curies":[{"name":"wp","href":"https:\/\/api.w.org\/{rel}","templated":true}]}}