{"id":6411,"date":"2026-04-02T11:27:25","date_gmt":"2026-04-02T08:27:25","guid":{"rendered":"https:\/\/tammetorubbq.ee\/?post_type=product&#038;p=6411"},"modified":"2026-04-12T20:01:45","modified_gmt":"2026-04-12T17:01:45","slug":"lillies-q-brisket-pepper-218g","status":"publish","type":"product","link":"https:\/\/tammetorubbq.ee\/en\/product\/lillies-q-brisket-pepper-218g\/","title":{"rendered":"Lillie`s Q Brisket Pepper 218g"},"content":{"rendered":"<p data-start=\"65\" data-end=\"83\"><strong data-start=\"65\" data-end=\"81\">Ingredients: <\/strong>Must pipar<\/p>","protected":false},"excerpt":{"rendered":"<h5 data-start=\"114\" data-end=\"443\"><strong>Puhas, aus ja piprane segu, mis toob veiseliha loomuliku maitse esile ilma seda varjamata<\/strong><\/h5>\n<p data-start=\"114\" data-end=\"443\">Lillie\u2019s Q Brisket Pepper on loodud klassikalise Texase stiili j\u00e4rgi. J\u00e4me must pipar, tasakaalus soolasus ja kerge \u00fcrdine taust loovad ideaalse rub\u2019i <strong>brisketile, veiseribidele, tri-tipile ja steikidele<\/strong>.<\/p>\n<p data-start=\"445\" data-end=\"658\">See rub annab lihale s\u00fcgava, robustse kooriku, samal ajal hoides sisu mahlase ja maitsek\u00fcllasena. See on t\u00e4iuslik valik, kui soovid, et liha enda maitse oleks esiplaanil, mitte peidetud keeruliste maitsete alla.<\/p>\n<p data-start=\"660\" data-end=\"890\">Brisket Pepper sobib suurep\u00e4raselt ka teistele liha- ja grillitud roogadele, sealhulgas <strong>kana-, sealiha ja k\u00f6\u00f6giviljad<\/strong>ele. Ideaalne neile, kes hindavad selget, ausat ja piprast maitset, mis t\u00e4iendab toorainet, mitte ei varja seda.<\/p>\n<p data-start=\"429\" data-end=\"633\"><strong data-start=\"429\" data-end=\"453\">Ajalooline t\u00e4hendus: <\/strong>Nimi \u201eNo. 28\u201c austab Texase ajalugu BBQ-kuningriigina. Texas kuulus 1800. aastatel Mehhikole, sai 1836. aastal Texase Vabariigiks ja liitus 1845. aastal USA-ga 28. osariigina.<\/p>\n<p data-start=\"635\" data-end=\"787\"><strong data-start=\"635\" data-end=\"660\">Sobib igas regioonis: <\/strong>Kuigi parim brisket on p\u00e4rit Texasest, t\u00f6\u00f6tab Brisket Pepper suurep\u00e4raselt nii grillil kui k\u00f6\u00f6gis igas osariigis ja kodus.<\/p>\n<h5 data-start=\"635\" data-end=\"787\"><strong data-start=\"789\" data-end=\"819\">Parimad kasutusvaldkonnad<\/strong><\/h5>\n<p data-start=\"635\" data-end=\"787\"><strong data-start=\"822\" data-end=\"853\">Liha ja valgurikkad toidud:<\/strong> brisket, veiseliha, burgerid, steigid, kala, l\u00f5he, tuunifilee, m\u00f5\u00f5kkala, sealiha kotletid, kana, kalkun<br data-start=\"957\" data-end=\"960\" \/><strong data-start=\"960\" data-end=\"993\">Maitsestamiseks ja lisandina:<\/strong> oad, munad, hommikus\u00f6\u00f6gi pannkoogid, grillitud k\u00f6\u00f6giviljad, hautised, kanasalatid, kapsasalatid, tuunasalat, munasalat, pastasalat<br data-start=\"1124\" data-end=\"1127\" \/><strong data-start=\"1127\" data-end=\"1146\">Lisama maitset:<\/strong> avokaado \/ avokaadotoast, peekon, t\u00e4idetud munad<br data-start=\"1195\" data-end=\"1198\" \/><strong data-start=\"1198\" data-end=\"1230\">Segamiseks ja rikastamiseks:<\/strong> Bloody Mary segu, kastmed, salatikastmed<\/p>\n<p data-start=\"635\" data-end=\"787\"><img loading=\"lazy\" decoding=\"async\" class=\"wp-image-4299\" src=\"http:\/\/tammetorubbq.ee\/wp-content\/uploads\/2025\/11\/Lilles-Q-logo-300x300.jpg\" alt=\"Lillie&#96;s Q logo\" width=\"170\" height=\"170\" srcset=\"https:\/\/tammetorubbq.ee\/wp-content\/uploads\/2025\/11\/Lilles-Q-logo-300x300.jpg 300w, https:\/\/tammetorubbq.ee\/wp-content\/uploads\/2025\/11\/Lilles-Q-logo-150x150.jpg 150w, https:\/\/tammetorubbq.ee\/wp-content\/uploads\/2025\/11\/Lilles-Q-logo-12x12.jpg 12w, https:\/\/tammetorubbq.ee\/wp-content\/uploads\/2025\/11\/Lilles-Q-logo-64x64.jpg 64w, https:\/\/tammetorubbq.ee\/wp-content\/uploads\/2025\/11\/Lilles-Q-logo.jpg 400w\" sizes=\"auto, (max-width: 170px) 100vw, 170px\" \/><\/p>","protected":false},"featured_media":6412,"comment_status":"closed","ping_status":"closed","template":"","meta":{"_uf_show_specific_survey":0,"_uf_disable_surveys":false},"pwb-brand":[238],"product_brand":[],"product_cat":[21],"product_tag":[176,118,121,375,114,123,119,165],"class_list":{"0":"post-6411","1":"product","2":"type-product","3":"status-publish","4":"has-post-thumbnail","6":"pwb-brand-lillies-q","7":"product_cat-maitseainesegud","8":"product_tag-brisket","9":"product_tag-kanaliha","10":"product_tag-koogiviljad","11":"product_tag-lillies-q","12":"product_tag-sealiha","13":"product_tag-steik","14":"product_tag-veiseliha","15":"product_tag-veiseribi","17":"first","18":"instock","19":"taxable","20":"shipping-taxable","21":"purchasable","22":"product-type-simple"},"brands":[{"id":238,"name":"Lillie\u2019s Q","slug":"lillies-q"}],"_links":{"self":[{"href":"https:\/\/tammetorubbq.ee\/en\/wp-json\/wp\/v2\/product\/6411","targetHints":{"allow":["GET"]}}],"collection":[{"href":"https:\/\/tammetorubbq.ee\/en\/wp-json\/wp\/v2\/product"}],"about":[{"href":"https:\/\/tammetorubbq.ee\/en\/wp-json\/wp\/v2\/types\/product"}],"replies":[{"embeddable":true,"href":"https:\/\/tammetorubbq.ee\/en\/wp-json\/wp\/v2\/comments?post=6411"}],"wp:featuredmedia":[{"embeddable":true,"href":"https:\/\/tammetorubbq.ee\/en\/wp-json\/wp\/v2\/media\/6412"}],"wp:attachment":[{"href":"https:\/\/tammetorubbq.ee\/en\/wp-json\/wp\/v2\/media?parent=6411"}],"wp:term":[{"taxonomy":"pwb-brand","embeddable":true,"href":"https:\/\/tammetorubbq.ee\/en\/wp-json\/wp\/v2\/pwb-brand?post=6411"},{"taxonomy":"product_brand","embeddable":true,"href":"https:\/\/tammetorubbq.ee\/en\/wp-json\/wp\/v2\/product_brand?post=6411"},{"taxonomy":"product_cat","embeddable":true,"href":"https:\/\/tammetorubbq.ee\/en\/wp-json\/wp\/v2\/product_cat?post=6411"},{"taxonomy":"product_tag","embeddable":true,"href":"https:\/\/tammetorubbq.ee\/en\/wp-json\/wp\/v2\/product_tag?post=6411"}],"curies":[{"name":"wp","href":"https:\/\/api.w.org\/{rel}","templated":true}]}}