{"id":6455,"date":"2026-04-06T15:35:46","date_gmt":"2026-04-06T12:35:46","guid":{"rendered":"https:\/\/tammetorubbq.ee\/?post_type=product&#038;p=6455"},"modified":"2026-04-15T00:00:12","modified_gmt":"2026-04-14T21:00:12","slug":"klassikaline-bbq-rub-850g","status":"publish","type":"product","link":"https:\/\/tammetorubbq.ee\/en\/product\/klassikaline-bbq-rub-850g\/","title":{"rendered":"Klassikaline BBQ Rub 850g"},"content":{"rendered":"<p><strong>Ingredients:<\/strong> sool (31%), suhkur, kuivatatud gl\u00fckoosisiirup, maitse- ja l\u00f5hnaained (sisaldab <strong>sinep<\/strong>), sibulapulber, k\u00fc\u00fcslaugu-graanulid, happesuse regulaator E330 ehk sidrunhape, v\u00fcrtsiekstrakt (<strong>seller<\/strong>). Hoida toatemperatuuril, kuivas kohas.<\/p>\n<table>\n<thead>\n<tr>\n<th style=\"text-align: left;\">Parameeter<\/th>\n<th style=\"text-align: left;\">V\u00e4\u00e4rtus<\/th>\n<\/tr>\n<\/thead>\n<tbody>\n<tr>\n<td>Weight:<\/td>\n<td>1,02 kg<\/td>\n<\/tr>\n<tr>\n<td>Pakendi m\u00f5\u00f5tmed:<\/td>\n<td>6,5 \u00d7 13,5 \u00d7 15 cm<\/td>\n<\/tr>\n<\/tbody>\n<\/table>","protected":false},"excerpt":{"rendered":"<h5><strong>Legendaarne <span class=\"hover:entity-accent entity-underline inline cursor-pointer align-baseline\"><span class=\"whitespace-normal\">Enn Tobreluts<\/span><\/span> klassikaline BBQ maitseainesegu<\/strong><\/h5>\n<p data-start=\"96\" data-end=\"237\">Populaarne ja ajatu maitseainesegu on n\u00fc\u00fcd saadaval uues, kasutajas\u00f5bralikus pakendis, mis teeb maitsestamise veelgi mugavamaks ja t\u00e4psemaks.<\/p>\n<p data-start=\"239\" data-end=\"510\">See kergelt v\u00fcrtsikas klassikaline BBQ rub paistab silma oma ainulaadse aroomi ja tasakaalustatud maitsega, tuues esile liha parimad omadused. <strong>Sobib ideaalselt sealihale \u2013 eriti ribidele, abat\u00fckile ja kaelakarbonaadile<\/strong> \u2013 kuid t\u00e4iustab suurep\u00e4raselt ka teisi liharoogasid.<\/p>\n<p data-start=\"512\" data-end=\"691\">Tegemist on kindla valikuga iga spetsialisti arsenalis. <strong>T\u00e4iuslik pulled pork ehk rebitud sealiha s\u00fcnnib just selle maitseaineseguga<\/strong>, andes tulemuseks mahlase ja maitsek\u00fcllase roa.<\/p>\n<p data-start=\"693\" data-end=\"904\">Kasutamine on lihtne \u2013 piisab vahetust maitsestamisest enne k\u00fcpsetamist. Paksemate lihat\u00fckkide puhul soovitame aeglast k\u00fcpsetamist madalal kuumusel, et liha muutuks pehmeks ning maitsed j\u00f5uaksid s\u00fcgavale imbuda.<\/p>\n<p data-start=\"906\" data-end=\"1171\">Soovi korral v\u00f5ib enne maitsestamist lisada liha pinnale veidi kvaliteetset k\u00fclmpressitud oliivi\u00f5li, et maitseained paremini kinnituksid. Samuti sobib rub suurep\u00e4raselt kombineerimiseks teiste maitseainetega, v\u00f5imaldades luua just endale meelep\u00e4rase maitseprofiili.<\/p>\n<p data-start=\"1173\" data-end=\"1226\" data-is-last-node=\"\" data-is-only-node=\"\"><strong>Tulemus? Lihtne valmistamine, professionaalne maitse.<\/strong><\/p>\n<p data-start=\"1173\" data-end=\"1226\" data-is-last-node=\"\" data-is-only-node=\"\">\n<p><img loading=\"lazy\" decoding=\"async\" class=\"wp-image-3475\" src=\"https:\/\/tammetorubbq.ee\/wp-content\/uploads\/2025\/07\/BBQ-Entertainment-N-Catering-Enn-Tobreluts-Logo-300x127.png\" alt=\"BBQ entertainment\" width=\"274\" height=\"116\" srcset=\"https:\/\/tammetorubbq.ee\/wp-content\/uploads\/2025\/07\/BBQ-Entertainment-N-Catering-Enn-Tobreluts-Logo-300x127.png 300w, https:\/\/tammetorubbq.ee\/wp-content\/uploads\/2025\/07\/BBQ-Entertainment-N-Catering-Enn-Tobreluts-Logo-18x8.png 18w, https:\/\/tammetorubbq.ee\/wp-content\/uploads\/2025\/07\/BBQ-Entertainment-N-Catering-Enn-Tobreluts-Logo-600x254.png 600w, https:\/\/tammetorubbq.ee\/wp-content\/uploads\/2025\/07\/BBQ-Entertainment-N-Catering-Enn-Tobreluts-Logo-64x27.png 64w, https:\/\/tammetorubbq.ee\/wp-content\/uploads\/2025\/07\/BBQ-Entertainment-N-Catering-Enn-Tobreluts-Logo.png 628w\" sizes=\"auto, (max-width: 274px) 100vw, 274px\" \/><\/p>","protected":false},"featured_media":6456,"comment_status":"closed","ping_status":"closed","template":"","meta":{"_uf_show_specific_survey":0,"_uf_disable_surveys":false},"pwb-brand":[183],"product_brand":[],"product_cat":[21],"product_tag":[280,166,114,122],"class_list":{"0":"post-6455","1":"product","2":"type-product","3":"status-publish","4":"has-post-thumbnail","6":"pwb-brand-bbq-entertainment","7":"product_cat-maitseainesegud","8":"product_tag-enn-tobreluts","9":"product_tag-rebitudliha","10":"product_tag-sealiha","11":"product_tag-searibi","13":"first","14":"instock","15":"taxable","16":"shipping-taxable","17":"purchasable","18":"product-type-simple"},"brands":[{"id":183,"name":"BBQ Entertainment","slug":"bbq-entertainment"}],"_links":{"self":[{"href":"https:\/\/tammetorubbq.ee\/en\/wp-json\/wp\/v2\/product\/6455","targetHints":{"allow":["GET"]}}],"collection":[{"href":"https:\/\/tammetorubbq.ee\/en\/wp-json\/wp\/v2\/product"}],"about":[{"href":"https:\/\/tammetorubbq.ee\/en\/wp-json\/wp\/v2\/types\/product"}],"replies":[{"embeddable":true,"href":"https:\/\/tammetorubbq.ee\/en\/wp-json\/wp\/v2\/comments?post=6455"}],"wp:featuredmedia":[{"embeddable":true,"href":"https:\/\/tammetorubbq.ee\/en\/wp-json\/wp\/v2\/media\/6456"}],"wp:attachment":[{"href":"https:\/\/tammetorubbq.ee\/en\/wp-json\/wp\/v2\/media?parent=6455"}],"wp:term":[{"taxonomy":"pwb-brand","embeddable":true,"href":"https:\/\/tammetorubbq.ee\/en\/wp-json\/wp\/v2\/pwb-brand?post=6455"},{"taxonomy":"product_brand","embeddable":true,"href":"https:\/\/tammetorubbq.ee\/en\/wp-json\/wp\/v2\/product_brand?post=6455"},{"taxonomy":"product_cat","embeddable":true,"href":"https:\/\/tammetorubbq.ee\/en\/wp-json\/wp\/v2\/product_cat?post=6455"},{"taxonomy":"product_tag","embeddable":true,"href":"https:\/\/tammetorubbq.ee\/en\/wp-json\/wp\/v2\/product_tag?post=6455"}],"curies":[{"name":"wp","href":"https:\/\/api.w.org\/{rel}","templated":true}]}}