{"id":6682,"date":"2026-04-15T14:32:41","date_gmt":"2026-04-15T11:32:41","guid":{"rendered":"https:\/\/tammetorubbq.ee\/?post_type=product&#038;p=6682"},"modified":"2026-04-16T02:00:22","modified_gmt":"2026-04-15T23:00:22","slug":"oaka-bbq-texase-rub-170g","status":"publish","type":"product","link":"https:\/\/tammetorubbq.ee\/en\/product\/oaka-bbq-texase-rub-170g\/","title":{"rendered":"Oak\u2019a BBQ Texase Rub 170g"},"content":{"rendered":"<p data-start=\"97\" data-end=\"452\"><strong data-start=\"97\" data-end=\"113\">Ingredients: <\/strong>sool, suhkur, k\u00fc\u00fcslaugugraanulid, suitsutatud paprika pulber, magus paprika pulber, sibulapulber, koriander, dekstroos, must pipar, lambal\u00e4\u00e4ts (2,9%), ingveripulber, kurkum, kardemon (1,7%), rapsi\u00f5li, k\u00f6\u00f6mned, paprikaekstrakt, sidruniekstrakt, looduslik l\u00f5hna- ja maitseaine, musta pipra ekstrakt, paakumisvastane aine (r\u00e4nidioksiid).<\/p>\n<p>&nbsp;<\/p>","protected":false},"excerpt":{"rendered":"<h5 data-start=\"139\" data-end=\"360\"><strong>V\u00e4ga hinnatud ja populaarne Oak\u2019a BBQ maitseainesegu<\/strong><\/h5>\n<p data-start=\"107\" data-end=\"276\">Oak\u2019a BBQ Texase maitseainesegu on maitsek\u00fcllane segu kvaliteetsetest koostisosadest, mis annab roogadele intensiivse suitsuse aroomi ja selgelt eristuva maitseprofiili.<\/p>\n<p data-start=\"278\" data-end=\"419\">Sobib suurep\u00e4raselt Mehhiko k\u00f6\u00f6gi roogade, grilltoitude, marineerimise, ahjus k\u00fcpsetamise, hautamise ning igap\u00e4evase toiduvalmistamise jaoks.<\/p>\n<ul>\n<li data-section-id=\"bwm7xq\" data-start=\"96\" data-end=\"248\"><strong data-start=\"98\" data-end=\"113\">Grillimine:<\/strong> Sobib suurep\u00e4raselt liha, kala ja k\u00f6\u00f6giviljade maitsestamiseks. Segu annab roogadele rikkaliku maitse ja aitab luua kr\u00f5beda kooriku.<\/li>\n<li data-section-id=\"1ix8sg1\" data-start=\"250\" data-end=\"376\"><strong data-start=\"252\" data-end=\"274\">Ahjus k\u00fcpsetamine:<\/strong> Raputa maitseainesegu lihale v\u00f5i k\u00f6\u00f6giviljadele enne k\u00fcpsetamist, et anda neile intensiivne maitse.<\/li>\n<li data-section-id=\"zd5wdl\" data-start=\"378\" data-end=\"469\"><strong data-start=\"380\" data-end=\"393\">Hautised:<\/strong> Lisa maitseainesegu suppidele v\u00f5i hautistele, et muuta need maitsekamaks.<\/li>\n<li data-section-id=\"kh7u9l\" data-start=\"471\" data-end=\"590\"><strong data-start=\"473\" data-end=\"492\">Mehhiko toidud:<\/strong> Suurep\u00e4rane valik Mehhiko roogade valmistamiseks, n\u00e4iteks nachod, enchiladad v\u00f5i taco t\u00e4idised.<\/li>\n<li data-section-id=\"1l06gur\" data-start=\"592\" data-end=\"736\"><strong data-start=\"594\" data-end=\"621\">Koorekiht (kr\u00f5be pind):<\/strong> Kanna segu lihale v\u00f5i kalale enne suitsutamist, et luua maitsev ja aromaatne koorik ning esile tuua suitsuaroom.<\/li>\n<\/ul>\n<div class=\"flex flex-col text-sm pb-25\">\n<section class=\"text-token-text-primary w-full focus:outline-none [--shadow-height:45px] has-data-writing-block:pointer-events-none has-data-writing-block:-mt-(--shadow-height) has-data-writing-block:pt-(--shadow-height) [&amp;:has([data-writing-block])&gt;*]:pointer-events-auto scroll-mt-[calc(var(--header-height)+min(200px,max(70px,20svh)))]\" dir=\"auto\" data-turn-id=\"request-WEB:28c81414-927a-48d4-9f94-a86d0e602202-1\" data-testid=\"conversation-turn-4\" data-scroll-anchor=\"true\" data-turn=\"assistant\">\n<div class=\"text-base my-auto mx-auto pb-10 [--thread-content-margin:var(--thread-content-margin-xs,calc(var(--spacing)*4))] @w-sm\/main:[--thread-content-margin:var(--thread-content-margin-sm,calc(var(--spacing)*6))] @w-lg\/main:[--thread-content-margin:var(--thread-content-margin-lg,calc(var(--spacing)*16))] px-(--thread-content-margin)\">\n<div class=\"[--thread-content-max-width:40rem] @w-lg\/main:[--thread-content-max-width:48rem] mx-auto max-w-(--thread-content-max-width) flex-1 group\/turn-messages focus-visible:outline-hidden relative flex w-full min-w-0 flex-col agent-turn\">\n<div class=\"mt-3 w-full empty:hidden\">\n<div class=\"text-center\">\n<p data-start=\"0\" data-end=\"33\"><strong>Traditsioon, kirg ja elustiil<\/strong><\/p>\n<p data-start=\"35\" data-end=\"307\">Oak\u2019A BBQ ei valmista lihtsalt kastmeid ja maitseainesegusid \u2013 nende eesm\u00e4rk on luua julgeid ja unustamatuid BBQ-elamusi. Iga Oak\u2019A BBQ kastmepudel, iga n\u00e4put\u00e4is maitseainesegu ja iga glasuur on k\u00e4sitsi loodud, et viia sinu grillimine t\u00f5elise kulinaarse rituaali tasemele.<\/p>\n<p data-start=\"309\" data-end=\"547\" data-is-last-node=\"\" data-is-only-node=\"\">BBQ on palju enamat kui lihtsalt toit. See on traditsioon, kirg ja viis inimesi kokku tuua. Kogu maailmas hinnatakse BBQ-d selle rikkalike maitsete, aeglaselt k\u00fcpsetatud t\u00e4iuslikkuse ning r\u00f5\u00f5mu p\u00e4rast, mida pakub otse tulelt jagatud eine.<\/p>\n<\/div>\n<\/div>\n<\/div>\n<\/div>\n<\/section>\n<\/div>\n<div class=\"pointer-events-none h-px w-px absolute bottom-0\" aria-hidden=\"true\" data-edge=\"true\"><\/div>\n<p><img loading=\"lazy\" decoding=\"async\" class=\" wp-image-6555\" src=\"https:\/\/tammetorubbq.ee\/wp-content\/uploads\/2026\/04\/Oaka-BBQ-logo-300x250.png\" alt=\"Oak\u2019a BBQ logo\" width=\"147\" height=\"123\" srcset=\"https:\/\/tammetorubbq.ee\/wp-content\/uploads\/2026\/04\/Oaka-BBQ-logo-300x250.png 300w, https:\/\/tammetorubbq.ee\/wp-content\/uploads\/2026\/04\/Oaka-BBQ-logo-1024x853.png 1024w, https:\/\/tammetorubbq.ee\/wp-content\/uploads\/2026\/04\/Oaka-BBQ-logo-768x640.png 768w, https:\/\/tammetorubbq.ee\/wp-content\/uploads\/2026\/04\/Oaka-BBQ-logo-14x12.png 14w, https:\/\/tammetorubbq.ee\/wp-content\/uploads\/2026\/04\/Oaka-BBQ-logo-600x500.png 600w, https:\/\/tammetorubbq.ee\/wp-content\/uploads\/2026\/04\/Oaka-BBQ-logo-64x53.png 64w, https:\/\/tammetorubbq.ee\/wp-content\/uploads\/2026\/04\/Oaka-BBQ-logo.png 1205w\" sizes=\"auto, (max-width: 147px) 100vw, 147px\" \/><\/p>\n","protected":false},"featured_media":6683,"comment_status":"closed","ping_status":"closed","template":"","meta":{"_uf_show_specific_survey":0,"_uf_disable_surveys":false},"pwb-brand":[383],"product_brand":[384],"product_cat":[21],"product_tag":[176,121,120,385,394,114,119,165],"class_list":{"0":"post-6682","1":"product","2":"type-product","3":"status-publish","4":"has-post-thumbnail","6":"pwb-brand-oaka-bbq","7":"product_brand-oaka-bbq","8":"product_cat-maitseainesegud","9":"product_tag-brisket","10":"product_tag-koogiviljad","11":"product_tag-mereannid","12":"product_tag-oaka-bbq","13":"product_tag-oaka-bbq-rub","14":"product_tag-sealiha","15":"product_tag-veiseliha","16":"product_tag-veiseribi","18":"first","19":"instock","20":"taxable","21":"shipping-taxable","22":"purchasable","23":"product-type-simple"},"brands":[{"id":383,"name":"Oak\u2019a BBQ","slug":"oaka-bbq"}],"_links":{"self":[{"href":"https:\/\/tammetorubbq.ee\/en\/wp-json\/wp\/v2\/product\/6682","targetHints":{"allow":["GET"]}}],"collection":[{"href":"https:\/\/tammetorubbq.ee\/en\/wp-json\/wp\/v2\/product"}],"about":[{"href":"https:\/\/tammetorubbq.ee\/en\/wp-json\/wp\/v2\/types\/product"}],"replies":[{"embeddable":true,"href":"https:\/\/tammetorubbq.ee\/en\/wp-json\/wp\/v2\/comments?post=6682"}],"wp:featuredmedia":[{"embeddable":true,"href":"https:\/\/tammetorubbq.ee\/en\/wp-json\/wp\/v2\/media\/6683"}],"wp:attachment":[{"href":"https:\/\/tammetorubbq.ee\/en\/wp-json\/wp\/v2\/media?parent=6682"}],"wp:term":[{"taxonomy":"pwb-brand","embeddable":true,"href":"https:\/\/tammetorubbq.ee\/en\/wp-json\/wp\/v2\/pwb-brand?post=6682"},{"taxonomy":"product_brand","embeddable":true,"href":"https:\/\/tammetorubbq.ee\/en\/wp-json\/wp\/v2\/product_brand?post=6682"},{"taxonomy":"product_cat","embeddable":true,"href":"https:\/\/tammetorubbq.ee\/en\/wp-json\/wp\/v2\/product_cat?post=6682"},{"taxonomy":"product_tag","embeddable":true,"href":"https:\/\/tammetorubbq.ee\/en\/wp-json\/wp\/v2\/product_tag?post=6682"}],"curies":[{"name":"wp","href":"https:\/\/api.w.org\/{rel}","templated":true}]}}