{"id":6698,"date":"2026-04-15T15:24:11","date_gmt":"2026-04-15T12:24:11","guid":{"rendered":"https:\/\/tammetorubbq.ee\/?post_type=product&#038;p=6698"},"modified":"2026-04-16T00:00:19","modified_gmt":"2026-04-15T21:00:19","slug":"oaka-bbq-champion-steak-rub-180g","status":"publish","type":"product","link":"https:\/\/tammetorubbq.ee\/en\/product\/oaka-bbq-champion-steak-rub-180g\/","title":{"rendered":"Oak\u2019a BBQ Champion Steak Rub 180g"},"content":{"rendered":"<p data-start=\"108\" data-end=\"344\"><strong data-start=\"108\" data-end=\"124\">Ingredients: <\/strong>sool, suhkur, suitsutatud paprika pulber, sibulapulber, k\u00fc\u00fcslaugugraanulid, jahvatatud must pipar, v\u00f5imaitseaine (3,2%), naatriumglutamaat, p\u00e4rmiekstrakt, rapsi\u00f5li, ancho t\u0161illi, paakumisvastane aine (r\u00e4nidioksiid).<\/p>\n<p data-start=\"346\" data-end=\"431\"><strong data-start=\"346\" data-end=\"362\">S\u00e4ilitamine: <\/strong>hoida kuivas kohas toatemperatuuril vahemikus 10 \u00b0C kuni +25 \u00b0C.<\/p>","protected":false},"excerpt":{"rendered":"<p data-start=\"115\" data-end=\"343\">Champion Steak maitseainesegu on loodud suitsutatud paprika baasil, mida tasakaalustavad k\u00fc\u00fcslauk, sibul, must pipar ja ancho t\u0161illi. Maitseprofiili t\u00e4iendab t\u00e4idlane v\u00f5i n\u00fcanss ning p\u00e4rmiekstrakt, mis lisab s\u00fcgavust ja rikkust.<\/p>\n<p data-start=\"345\" data-end=\"456\">Tulemuseks on julge, kuid viimistletud BBQ-maitse, mis t\u00e4iustab liha loomulikku maitset seda \u00fcle domineerimata.<\/p>\n<p data-start=\"458\" data-end=\"852\"><strong data-start=\"458\" data-end=\"492\">Mis teeb selle segu eriliseks?<\/strong><br data-start=\"492\" data-end=\"495\" \/>Segu on v\u00e4lja t\u00f6\u00f6tatud koost\u00f6\u00f6s Baltic Steak CookOff t\u0161empioni Robertas Svetlauskasega. See maitseainesegu t\u00f5stab esile steigi maitse, ilma seda varjutamata. Erinevalt paljudest paprika domineerimisega segudest talub see h\u00e4sti k\u00f5rget kuumust, luues rikkaliku kooriku ilma k\u00f5rbenud v\u00f5i kibeda maitsenoodita \u2013 ideaalne grillimiseks ja kiireks pruunistamiseks.<\/p>\n<ul data-start=\"96\" data-end=\"676\">\n<li data-section-id=\"corwvd\" data-start=\"96\" data-end=\"239\"><strong data-start=\"98\" data-end=\"113\">Grillimine:<\/strong> Sobib suurep\u00e4raselt steikidele, burgeritele, ribidele ja kanalihale \u2013 annab rikkaliku, kergelt suitsuse ja v\u00fcrtsika maitse.<\/li>\n<li data-section-id=\"tmy1rs\" data-start=\"241\" data-end=\"366\"><strong data-start=\"243\" data-end=\"261\">Marineerimine:<\/strong> Sega \u00f5li v\u00f5i v\u00e4ikese koguse veega, et valmistada intensiivne BBQ-marinaad liha v\u00f5i k\u00f6\u00f6giviljade jaoks.<\/li>\n<li data-section-id=\"12dhah\" data-start=\"368\" data-end=\"526\"><strong data-start=\"370\" data-end=\"392\">Ahjus k\u00fcpsetamine:<\/strong> Raputa maitseainesegu lihale, kartulitele v\u00f5i k\u00f6\u00f6giviljadele enne k\u00fcpsetamist, et luua maitsekas ja kergelt karamellistunud koorik.<\/li>\n<li data-section-id=\"1y8wc02\" data-start=\"528\" data-end=\"676\"><strong data-start=\"530\" data-end=\"553\">Igap\u00e4evane kasutus:<\/strong> Sobib burgeripihvide, friikartulite, kastmete ja isegi omlettide maitsestamiseks, lisades roogadele tugeva BBQ iseloomu.<\/li>\n<\/ul>\n<div class=\"flex flex-col text-sm pb-25\">\n<section class=\"text-token-text-primary w-full focus:outline-none [--shadow-height:45px] has-data-writing-block:pointer-events-none has-data-writing-block:-mt-(--shadow-height) has-data-writing-block:pt-(--shadow-height) [&amp;:has([data-writing-block])&gt;*]:pointer-events-auto scroll-mt-[calc(var(--header-height)+min(200px,max(70px,20svh)))]\" dir=\"auto\" data-turn-id=\"request-WEB:28c81414-927a-48d4-9f94-a86d0e602202-1\" data-testid=\"conversation-turn-4\" data-scroll-anchor=\"true\" data-turn=\"assistant\">\n<div class=\"text-base my-auto mx-auto pb-10 [--thread-content-margin:var(--thread-content-margin-xs,calc(var(--spacing)*4))] @w-sm\/main:[--thread-content-margin:var(--thread-content-margin-sm,calc(var(--spacing)*6))] @w-lg\/main:[--thread-content-margin:var(--thread-content-margin-lg,calc(var(--spacing)*16))] px-(--thread-content-margin)\">\n<div class=\"[--thread-content-max-width:40rem] @w-lg\/main:[--thread-content-max-width:48rem] mx-auto max-w-(--thread-content-max-width) flex-1 group\/turn-messages focus-visible:outline-hidden relative flex w-full min-w-0 flex-col agent-turn\">\n<div class=\"mt-3 w-full empty:hidden\">\n<div class=\"text-center\">\n<p data-start=\"0\" data-end=\"33\"><strong>Traditsioon, kirg ja elustiil<\/strong><\/p>\n<p data-start=\"35\" data-end=\"307\">Oak\u2019A BBQ ei valmista lihtsalt kastmeid ja maitseainesegusid \u2013 nende eesm\u00e4rk on luua julgeid ja unustamatuid BBQ-elamusi. Iga Oak\u2019A BBQ kastmepudel, iga n\u00e4put\u00e4is maitseainesegu ja iga glasuur on k\u00e4sitsi loodud, et viia sinu grillimine t\u00f5elise kulinaarse rituaali tasemele.<\/p>\n<p data-start=\"309\" data-end=\"547\" data-is-last-node=\"\" data-is-only-node=\"\">BBQ on palju enamat kui lihtsalt toit. See on traditsioon, kirg ja viis inimesi kokku tuua. Kogu maailmas hinnatakse BBQ-d selle rikkalike maitsete, aeglaselt k\u00fcpsetatud t\u00e4iuslikkuse ning r\u00f5\u00f5mu p\u00e4rast, mida pakub otse tulelt jagatud eine.<\/p>\n<\/div>\n<\/div>\n<\/div>\n<\/div>\n<\/section>\n<\/div>\n<div class=\"pointer-events-none h-px w-px absolute bottom-0\" aria-hidden=\"true\" data-edge=\"true\"><\/div>\n<p><img loading=\"lazy\" decoding=\"async\" class=\" wp-image-6555\" src=\"https:\/\/tammetorubbq.ee\/wp-content\/uploads\/2026\/04\/Oaka-BBQ-logo-300x250.png\" alt=\"Oak\u2019a BBQ logo\" width=\"147\" height=\"123\" srcset=\"https:\/\/tammetorubbq.ee\/wp-content\/uploads\/2026\/04\/Oaka-BBQ-logo-300x250.png 300w, https:\/\/tammetorubbq.ee\/wp-content\/uploads\/2026\/04\/Oaka-BBQ-logo-1024x853.png 1024w, https:\/\/tammetorubbq.ee\/wp-content\/uploads\/2026\/04\/Oaka-BBQ-logo-768x640.png 768w, https:\/\/tammetorubbq.ee\/wp-content\/uploads\/2026\/04\/Oaka-BBQ-logo-14x12.png 14w, https:\/\/tammetorubbq.ee\/wp-content\/uploads\/2026\/04\/Oaka-BBQ-logo-600x500.png 600w, https:\/\/tammetorubbq.ee\/wp-content\/uploads\/2026\/04\/Oaka-BBQ-logo-64x53.png 64w, https:\/\/tammetorubbq.ee\/wp-content\/uploads\/2026\/04\/Oaka-BBQ-logo.png 1205w\" sizes=\"auto, (max-width: 147px) 100vw, 147px\" \/><\/p>\n","protected":false},"featured_media":6699,"comment_status":"closed","ping_status":"closed","template":"","meta":{"_uf_show_specific_survey":0,"_uf_disable_surveys":false},"pwb-brand":[383],"product_brand":[384],"product_cat":[21],"product_tag":[138,118,121,385,394,123,119,165],"class_list":{"0":"post-6698","1":"product","2":"type-product","3":"status-publish","4":"has-post-thumbnail","6":"pwb-brand-oaka-bbq","7":"product_brand-oaka-bbq","8":"product_cat-maitseainesegud","9":"product_tag-burger","10":"product_tag-kanaliha","11":"product_tag-koogiviljad","12":"product_tag-oaka-bbq","13":"product_tag-oaka-bbq-rub","14":"product_tag-steik","15":"product_tag-veiseliha","16":"product_tag-veiseribi","18":"first","19":"instock","20":"taxable","21":"shipping-taxable","22":"purchasable","23":"product-type-simple"},"brands":[{"id":383,"name":"Oak\u2019a BBQ","slug":"oaka-bbq"}],"_links":{"self":[{"href":"https:\/\/tammetorubbq.ee\/en\/wp-json\/wp\/v2\/product\/6698","targetHints":{"allow":["GET"]}}],"collection":[{"href":"https:\/\/tammetorubbq.ee\/en\/wp-json\/wp\/v2\/product"}],"about":[{"href":"https:\/\/tammetorubbq.ee\/en\/wp-json\/wp\/v2\/types\/product"}],"replies":[{"embeddable":true,"href":"https:\/\/tammetorubbq.ee\/en\/wp-json\/wp\/v2\/comments?post=6698"}],"wp:featuredmedia":[{"embeddable":true,"href":"https:\/\/tammetorubbq.ee\/en\/wp-json\/wp\/v2\/media\/6699"}],"wp:attachment":[{"href":"https:\/\/tammetorubbq.ee\/en\/wp-json\/wp\/v2\/media?parent=6698"}],"wp:term":[{"taxonomy":"pwb-brand","embeddable":true,"href":"https:\/\/tammetorubbq.ee\/en\/wp-json\/wp\/v2\/pwb-brand?post=6698"},{"taxonomy":"product_brand","embeddable":true,"href":"https:\/\/tammetorubbq.ee\/en\/wp-json\/wp\/v2\/product_brand?post=6698"},{"taxonomy":"product_cat","embeddable":true,"href":"https:\/\/tammetorubbq.ee\/en\/wp-json\/wp\/v2\/product_cat?post=6698"},{"taxonomy":"product_tag","embeddable":true,"href":"https:\/\/tammetorubbq.ee\/en\/wp-json\/wp\/v2\/product_tag?post=6698"}],"curies":[{"name":"wp","href":"https:\/\/api.w.org\/{rel}","templated":true}]}}