{"id":7019,"date":"2026-05-05T13:58:43","date_gmt":"2026-05-05T10:58:43","guid":{"rendered":"https:\/\/tammetorubbq.ee\/?post_type=product&#038;p=7019"},"modified":"2026-05-10T02:00:06","modified_gmt":"2026-05-09T23:00:06","slug":"proq-lihasustal-soolvee-ja-marinaadi-sustimiseks","status":"publish","type":"product","link":"https:\/\/tammetorubbq.ee\/en\/toode\/proq-lihasustal-soolvee-ja-marinaadi-sustimiseks\/","title":{"rendered":"ProQ lihas\u00fcstal soolvee ja marinaadi s\u00fcstimiseks"},"content":{"rendered":"<p data-start=\"837\" data-end=\"979\"><strong data-start=\"837\" data-end=\"863\">Hooldus ja puhastamine<\/strong><br data-start=\"863\" data-end=\"866\" \/>Kahe avaga n\u00f5el aitab v\u00e4hendada ummistuste teket ning on lihtsasti eemaldatav. S\u00fcstal on n\u00f5udepesumasinas pestav.<\/p>\n<p data-start=\"981\" data-end=\"1305\"><strong data-start=\"981\" data-end=\"1033\">Kasutussoovitused parima tulemuse saavutamiseks:<\/strong><br \/>\n\u2022 Kasuta vedelamaid marinaade \u2013 v\u00e4ldi ummistusi; t\u00fckilise marinaadi korral kurna see enne kasutamist<br data-start=\"1134\" data-end=\"1137\" \/>\u2022 S\u00fcsti \u00fchtlaselt \u2013 tee mitu s\u00fcstekohta ja lisa vedelik aeglaselt<br data-start=\"1202\" data-end=\"1205\" \/>\u2022 Lase lihal puhata \u2013 hoia liha p\u00e4rast s\u00fcstimist 1\u20132 tundi k\u00fclmkapis, et maitsed j\u00f5uaksid imenduda<\/p>","protected":false},"excerpt":{"rendered":"<h5><strong>Marinaadi ja soolvee s\u00fcgavaks s\u00fcstimiseks<\/strong><\/h5>\n<p data-start=\"153\" data-end=\"406\">ProQ lihas\u00fcstal v\u00f5imaldab viia marinaadi ja maitseained otse liha, linnuliha v\u00f5i kala sisse, tagades \u00fchtlaselt maitsestatud ja mahlase tulemuse. See on eriti kasulik suuremate lihat\u00fckkide puhul, kus pelgalt pealt maitsestamine ei anna piisavat tulemust.<\/p>\n<p data-start=\"408\" data-end=\"493\">Ideaalne abivahend k\u00f5igile, kes soovivad, et iga amps oleks maitsek\u00fcllane ja mahlane.<\/p>\n<h5 data-start=\"408\" data-end=\"493\"><strong data-start=\"495\" data-end=\"516\">Peamised eelised:<\/strong><\/h5>\n<p data-start=\"408\" data-end=\"493\">- <strong data-start=\"519\" data-end=\"553\">\u00dchtlane ja t\u00e4pne maitsestamine<\/strong> \u2013 aitab v\u00e4ltida kuivust ja eba\u00fchtlast maitset<br data-start=\"599\" data-end=\"602\" \/>- <strong data-start=\"604\" data-end=\"623\">Easy to use<\/strong> \u2013 mugav k\u00e4epide ja ergonoomiline disain sobivad ka algajale<br data-start=\"683\" data-end=\"686\" \/>- <strong data-start=\"688\" data-end=\"710\">V\u00e4hem \u00f5li ja soola<\/strong> \u2013 maitseained j\u00f5uavad otse lihasse<br data-start=\"745\" data-end=\"748\" \/>- <strong data-start=\"750\" data-end=\"773\">Versatile use<\/strong> \u2013 sobib grillimiseks, suitsutamiseks ja ahjus k\u00fcpsetamiseks<\/p>\n<p data-start=\"408\" data-end=\"493\">\n<p data-start=\"408\" data-end=\"493\"><img loading=\"lazy\" decoding=\"async\" class=\"\" src=\"http:\/\/tammetorubbq.ee\/wp-content\/uploads\/2024\/03\/ProQ-logo.svg\" alt=\"ProQ logo\" width=\"144\" height=\"84\" \/><\/p>","protected":false},"featured_media":7020,"comment_status":"closed","ping_status":"closed","template":"","meta":{"_uf_show_specific_survey":0,"_uf_disable_surveys":false},"pwb-brand":[75],"product_brand":[415],"product_cat":[30],"product_tag":[163,118,182,360,114,119],"class_list":{"0":"post-7019","1":"product","2":"type-product","3":"status-publish","4":"has-post-thumbnail","6":"pwb-brand-proq","7":"product_brand-proq","8":"product_cat-grillimise-tarvikud","9":"product_tag-kala","10":"product_tag-kanaliha","11":"product_tag-linnuliha","12":"product_tag-marinaadisustal","13":"product_tag-sealiha","14":"product_tag-veiseliha","16":"first","17":"instock","18":"taxable","19":"shipping-taxable","20":"purchasable","21":"product-type-simple"},"brands":[{"id":75,"name":"ProQ","slug":"proq"}],"_links":{"self":[{"href":"https:\/\/tammetorubbq.ee\/en\/wp-json\/wp\/v2\/product\/7019","targetHints":{"allow":["GET"]}}],"collection":[{"href":"https:\/\/tammetorubbq.ee\/en\/wp-json\/wp\/v2\/product"}],"about":[{"href":"https:\/\/tammetorubbq.ee\/en\/wp-json\/wp\/v2\/types\/product"}],"replies":[{"embeddable":true,"href":"https:\/\/tammetorubbq.ee\/en\/wp-json\/wp\/v2\/comments?post=7019"}],"wp:featuredmedia":[{"embeddable":true,"href":"https:\/\/tammetorubbq.ee\/en\/wp-json\/wp\/v2\/media\/7020"}],"wp:attachment":[{"href":"https:\/\/tammetorubbq.ee\/en\/wp-json\/wp\/v2\/media?parent=7019"}],"wp:term":[{"taxonomy":"pwb-brand","embeddable":true,"href":"https:\/\/tammetorubbq.ee\/en\/wp-json\/wp\/v2\/pwb-brand?post=7019"},{"taxonomy":"product_brand","embeddable":true,"href":"https:\/\/tammetorubbq.ee\/en\/wp-json\/wp\/v2\/product_brand?post=7019"},{"taxonomy":"product_cat","embeddable":true,"href":"https:\/\/tammetorubbq.ee\/en\/wp-json\/wp\/v2\/product_cat?post=7019"},{"taxonomy":"product_tag","embeddable":true,"href":"https:\/\/tammetorubbq.ee\/en\/wp-json\/wp\/v2\/product_tag?post=7019"}],"curies":[{"name":"wp","href":"https:\/\/api.w.org\/{rel}","templated":true}]}}