{"id":7187,"date":"2026-05-15T14:39:31","date_gmt":"2026-05-15T11:39:31","guid":{"rendered":"https:\/\/tammetorubbq.ee\/?post_type=product&#038;p=7187"},"modified":"2026-05-16T07:00:16","modified_gmt":"2026-05-16T04:00:16","slug":"tabasco-green-jalapeno-kaste-60ml","status":"publish","type":"product","link":"https:\/\/tammetorubbq.ee\/en\/toode\/tabasco-green-jalapeno-kaste-60ml\/","title":{"rendered":"Tabasco Green Jalapeno kaste 60ml"},"content":{"rendered":"<p data-section-id=\"19ts1gp\" data-start=\"2\" data-end=\"21\"><span role=\"text\"><strong data-start=\"6\" data-end=\"21\">Ingredients: <\/strong>r<\/span>ohelised jalape\u00f1o piprad, destilleeritud \u00e4\u00e4dikas, sool.<\/p>\n<h3 data-section-id=\"1a3lqg2\" data-start=\"85\" data-end=\"133\"><span role=\"text\"><strong data-start=\"89\" data-end=\"133\">Toitumisalane teave (umbes 100 ml kohta)<\/strong><\/span><\/h3>\n<ul data-start=\"134\" data-end=\"252\">\n<li data-section-id=\"11qnulr\" data-start=\"134\" data-end=\"154\">Energia: ~5 kcal<\/li>\n<li data-section-id=\"16xr9qu\" data-start=\"155\" data-end=\"170\">Rasvad: 0 g<\/li>\n<li data-section-id=\"1y6bf3q\" data-start=\"171\" data-end=\"219\">S\u00fcsivesikud: ~1 g\n<ul data-start=\"195\" data-end=\"219\">\n<li data-section-id=\"zpsv0l\" data-start=\"195\" data-end=\"219\">millest suhkrud: 0 g<\/li>\n<\/ul>\n<\/li>\n<li data-section-id=\"7wz02w\" data-start=\"220\" data-end=\"235\">Valgud: 0 g<\/li>\n<li data-section-id=\"hiczk0\" data-start=\"236\" data-end=\"252\">Sool: ~3\u20134 g<\/li>\n<\/ul>\n<p>&nbsp;<\/p>\n<p data-start=\"0\" data-end=\"346\">TABASCO on maailma enim levinud teravakastmete kaubam\u00e4rk, mille ajalugu ulatub aastasse 1868, kui Edmund McIlhenny l\u00f5i esimese TABASCO kastme Louisiana osariigis Avery Islandil, USA-s. T\u00e4naseni on ettev\u00f5te pereomanduses ning toodab kastmeid traditsiooniliste retseptide j\u00e4rgi, kasutades kvaliteetseid koostisosi ja hoolikalt laagerdatud t\u0161illipipraid.<\/p>\n<p data-start=\"348\" data-end=\"719\" data-is-last-node=\"\" data-is-only-node=\"\">TABASCO p\u00f5hiv\u00e4\u00e4rtusteks on autentsus, kvaliteet, lihtsad koostisosad ja kirg maitsete vastu. Ettev\u00f5te keskendub j\u00e4tkusuutlikule tootmisele ning soovib pakkuda inimestele \u00fcle maailma julgeid ja ainulaadseid maitseelamusi. TABASCO visioon on inspireerida inimesi avastama uusi maitseid ja muuta igap\u00e4evane toit p\u00f5nevamaks l\u00e4bi kvaliteetsete piprakastmete ja maitseainete.<\/p>","protected":false},"excerpt":{"rendered":"<h5>V\u00e4rskete, roheline, &#8220;kr\u00f5be&#8221; ja puhta maitsega<\/h5>\n<p data-start=\"0\" data-end=\"275\">V\u00e4rske ja elava maitsega roheline t\u0161illikaste, mis lisab roogadele iseloomulikku s\u00e4rtsakust ja kerget teravust. Selle maitse on kergelt mahe, kuid samas maitsek\u00fcllane, tuues esile v\u00e4rskete roheliste jalape\u00f1o paprikate kr\u00f5beda ja puhta maitse.<\/p>\n<p data-start=\"277\" data-end=\"507\">Kaste sobib suurep\u00e4raselt salatitesse, tacodesse, burritodesse, munaroogadesse ja grillitud kana juurde. Samuti on see ideaalne salsade ja dipikastmete t\u00e4iustamiseks v\u00f5i igap\u00e4evastele roogadele v\u00e4rske ja kerge teravuse lisamiseks.<\/p>\n<p data-start=\"509\" data-end=\"801\" data-is-last-node=\"\" data-is-only-node=\"\">Tulemuseks on tasakaalustatud maitseprofiiliga kaste, mis \u00fchendab kerge hapukuse, m\u00f5\u00f5duka v\u00fcrtsikuse ja rohelise paprika v\u00e4rskuse. TABASCO Green Jalape\u00f1o Sauce on loodud neile, kes eelistavad mahedamat, kuid iseloomulikku teravust ja soovivad oma toidule lisada v\u00e4rsket ja s\u00e4rtsakat n\u00fcanssi.<\/p>\n<p><strong>Teravusaste: 600 \u2013 1200 SHU (Scoville\u2019i \u00fchikut) ehk 5\/1<\/strong><\/p>\n<p>**\u201eScoville\u2019i \u00fchik\u201d (SHU) on m\u00f5\u00f5t\u00fchik, mis n\u00e4itab kapsaitsiini sisaldust \u2013 see on pipardes leiduv \u00fchend, mis p\u00f5hjustab teravust.<\/p>\n<p><a href=\"https:\/\/tammetorubbq.ee\/wp-content\/uploads\/2026\/05\/Tabasco_Logo.svg\"><img loading=\"lazy\" decoding=\"async\" class=\"alignnone  wp-image-7161\" src=\"https:\/\/tammetorubbq.ee\/wp-content\/uploads\/2026\/05\/Tabasco_Logo.svg\" alt=\"Tabasco  \" width=\"178\" height=\"178\" \/><\/a><\/p>","protected":false},"featured_media":7192,"comment_status":"closed","ping_status":"closed","template":"","meta":{"_uf_show_specific_survey":0,"_uf_disable_surveys":false},"pwb-brand":[424],"product_brand":[425],"product_cat":[22],"product_tag":[138,428,118,159,114,426,119,427],"class_list":{"0":"post-7187","1":"product","2":"type-product","3":"status-publish","4":"has-post-thumbnail","6":"pwb-brand-tabasco","7":"product_brand-tabasco","8":"product_cat-kastmed-ja-marinaadid","9":"product_tag-burger","10":"product_tag-dipikaste","11":"product_tag-kanaliha","12":"product_tag-kanatiivad","13":"product_tag-sealiha","14":"product_tag-tabasco","15":"product_tag-veiseliha","16":"product_tag-wrap","18":"first","19":"outofstock","20":"taxable","21":"shipping-taxable","22":"purchasable","23":"product-type-simple"},"brands":[{"id":424,"name":"Tabasco","slug":"tabasco"}],"_links":{"self":[{"href":"https:\/\/tammetorubbq.ee\/en\/wp-json\/wp\/v2\/product\/7187","targetHints":{"allow":["GET"]}}],"collection":[{"href":"https:\/\/tammetorubbq.ee\/en\/wp-json\/wp\/v2\/product"}],"about":[{"href":"https:\/\/tammetorubbq.ee\/en\/wp-json\/wp\/v2\/types\/product"}],"replies":[{"embeddable":true,"href":"https:\/\/tammetorubbq.ee\/en\/wp-json\/wp\/v2\/comments?post=7187"}],"wp:featuredmedia":[{"embeddable":true,"href":"https:\/\/tammetorubbq.ee\/en\/wp-json\/wp\/v2\/media\/7192"}],"wp:attachment":[{"href":"https:\/\/tammetorubbq.ee\/en\/wp-json\/wp\/v2\/media?parent=7187"}],"wp:term":[{"taxonomy":"pwb-brand","embeddable":true,"href":"https:\/\/tammetorubbq.ee\/en\/wp-json\/wp\/v2\/pwb-brand?post=7187"},{"taxonomy":"product_brand","embeddable":true,"href":"https:\/\/tammetorubbq.ee\/en\/wp-json\/wp\/v2\/product_brand?post=7187"},{"taxonomy":"product_cat","embeddable":true,"href":"https:\/\/tammetorubbq.ee\/en\/wp-json\/wp\/v2\/product_cat?post=7187"},{"taxonomy":"product_tag","embeddable":true,"href":"https:\/\/tammetorubbq.ee\/en\/wp-json\/wp\/v2\/product_tag?post=7187"}],"curies":[{"name":"wp","href":"https:\/\/api.w.org\/{rel}","templated":true}]}}