{"id":10,"date":"2023-11-14T09:33:31","date_gmt":"2023-11-14T06:33:31","guid":{"rendered":"https:\/\/tammetorubbq.ee\/?page_id=10"},"modified":"2023-11-30T14:12:41","modified_gmt":"2023-11-30T12:12:41","slug":"muut-ehdot-ja-edellytykset","status":"publish","type":"page","link":"https:\/\/tammetorubbq.ee\/fi\/muut-ehdot-ja-edellytykset\/","title":{"rendered":"Myyntiehdot"},"content":{"rendered":"<h3>Tilauksen tekeminen<\/h3>\n<p>Valitse tuote(t), joista olet kiinnostunut ja paina \"Lis\u00e4\u00e4 ostoskoriin\" -painiketta. L\u00f6yd\u00e4t ostoskorisi ja siihen lis\u00e4\u00e4m\u00e4si tuotteet verkkokauppamme oikeasta yl\u00e4kulmasta riippumatta siit\u00e4, mill\u00e4 sivulla olet.<\/p>\n<p>Kun olet lis\u00e4nnyt kaikki haluamasi tuotteet ostoskoriin, voit aloittaa tilauksen tekemisen.<\/p>\n<p>Huomaa, ett\u00e4 tilauksen vahvistamisen j\u00e4lkeen s\u00e4hk\u00f6postiisi l\u00e4hetet\u00e4\u00e4n vain vahvistuss\u00e4hk\u00f6posti, jossa on tilauksen tiedot, mutta ei laskua! Lasku l\u00e4hetet\u00e4\u00e4n asiakkaan ilmoittamaan s\u00e4hk\u00f6postiosoitteeseen jonkin ajan kuluttua. Jos postilaatikkoosi ei ole tullut meilt\u00e4 mit\u00e4\u00e4n tietoja, tarkista, onko postilaatikossasi tilaa uusien viestien vastaanottamiselle tai eik\u00f6 roskapostisuodattimesi ole erehdyksess\u00e4 siirt\u00e4nyt l\u00e4hett\u00e4m\u00e4\u00e4mme s\u00e4hk\u00f6postia postilaatikkosi roskapostikansioon.<\/p>\n<p>Jos sinulla on kysytt\u00e4v\u00e4\u00e4, ota yhteytt\u00e4 numeroon +372 56 888 638 tai kirjoita meille seuraavaan s\u00e4hk\u00f6postiosoitteeseen. <a href=\"mailto:info@tammetorubbq.ee\">info@tammetorubbq.ee<\/a><\/p>\n<p>L\u00e4het\u00e4mme laskun asiakkaalle p\u00e4\u00e4s\u00e4\u00e4nt\u00f6isesti arkip\u00e4ivin\u00e4, viimeist\u00e4\u00e4n muutaman tunnin kuluessa tilauksen tekemisest\u00e4, kuitenkin viimeist\u00e4\u00e4n yhden arkip\u00e4iv\u00e4n kuluessa. Kaikki tilaukset k\u00e4sitell\u00e4\u00e4n vasta, kun maksu on vastaanotettu tai, jos maksu suoritetaan laskulla, kun kopio maksum\u00e4\u00e4r\u00e4yksest\u00e4 on l\u00e4hetetty seuraavaan osoitteeseen. <a href=\"mailto:info@tammetorubbq.ee\">info@tammetorubbq.ee<\/a><\/p>\n<h3><\/h3>\n<h3>Paikallinen toimitus ja sen kustannukset<\/h3>\n<p>Toimituskulut lasketaan ostoskorissa ostohetkell\u00e4 valitsemasi kumppanin hintasopimuksen mukaisesti.<\/p>","protected":false},"excerpt":{"rendered":"<p>Tellimuse vormistamine Valige endale huvipakkuv toode v\u00f5i tooted v\u00e4lja ja vajutage nuppu &#8220;Lisa ostukorvi&#8221;. Ostukorvi ja sinna lisatud tooted leiad, \u00fcksk\u00f5ik millisel lehel parasjagu oled, meie e-poe paremast \u00fclanurgast. Kui olete k\u00f5ik soovitud tooted ostukorvi lisanud, saate alustada tellimuse vormistamisega. Pange t\u00e4hele, et peale tellimuse kinnitamist saadetakse Teie e-mailile esialgu vaid tellimust kinnitav e-mail koos [&hellip;]<\/p>\n","protected":false},"author":3,"featured_media":0,"parent":0,"menu_order":0,"comment_status":"closed","ping_status":"closed","template":"","meta":{"_uf_show_specific_survey":0,"_uf_disable_surveys":false,"_breakdance_hide_in_design_set":false,"_breakdance_tags":"","footnotes":""},"class_list":["post-10","page","type-page","status-publish","hentry"],"_links":{"self":[{"href":"https:\/\/tammetorubbq.ee\/fi\/wp-json\/wp\/v2\/pages\/10","targetHints":{"allow":["GET"]}}],"collection":[{"href":"https:\/\/tammetorubbq.ee\/fi\/wp-json\/wp\/v2\/pages"}],"about":[{"href":"https:\/\/tammetorubbq.ee\/fi\/wp-json\/wp\/v2\/types\/page"}],"author":[{"embeddable":true,"href":"https:\/\/tammetorubbq.ee\/fi\/wp-json\/wp\/v2\/users\/3"}],"replies":[{"embeddable":true,"href":"https:\/\/tammetorubbq.ee\/fi\/wp-json\/wp\/v2\/comments?post=10"}],"version-history":[{"count":5,"href":"https:\/\/tammetorubbq.ee\/fi\/wp-json\/wp\/v2\/pages\/10\/revisions"}],"predecessor-version":[{"id":392,"href":"https:\/\/tammetorubbq.ee\/fi\/wp-json\/wp\/v2\/pages\/10\/revisions\/392"}],"wp:attachment":[{"href":"https:\/\/tammetorubbq.ee\/fi\/wp-json\/wp\/v2\/media?parent=10"}],"curies":[{"name":"wp","href":"https:\/\/api.w.org\/{rel}","templated":true}]}}