{"id":2627,"date":"2025-03-30T21:52:35","date_gmt":"2025-03-30T18:52:35","guid":{"rendered":"https:\/\/tammetorubbq.ee\/?page_id=2627"},"modified":"2025-11-21T16:41:21","modified_gmt":"2025-11-21T14:41:21","slug":"maksa-myohemmin","status":"publish","type":"page","link":"https:\/\/tammetorubbq.ee\/fi\/maksa-myohemmin\/","title":{"rendered":"Maksa my\u00f6hemmin"},"content":{"rendered":"<div class=\"bde-globalblock-2627-100 bde-globalblock\"><section class=\"bde-section-375-100-375-1 bde-section bde-section-375-100\">\n              \n  \n  \n\t\n\n  <div class=\"section-background-overlay\"><\/div>\n\n\n<div class=\"section-container\"><h1 class=\"bde-heading-375-101-375-1 bde-heading bde-heading-375-101\">\nMaksa my\u00f6hemmin\n<\/h1><\/div>\n<\/section><\/div><section class=\"bde-section-2627-101 bde-section\">\n  \n  \n\t\n\n\n\n<div class=\"section-container\"><div class=\"bde-columns-2627-102 bde-columns\"><div class=\"bde-column-2627-103 bde-column\">\n  \n  \n\t\n\n\n\n<div class=\"bde-rich-text-2627-104 bde-rich-text breakdance-rich-text-styles\">\n<h2>Hanki suosikkituotteesi t\u00e4n\u00e4\u00e4n ja maksa my\u00f6hemmin!<\/h2><p><strong>On hienoa ker\u00e4t\u00e4 rahaa ostoksia varten. Viel\u00e4 parempi on kuitenkin maksaa pieniss\u00e4 eriss\u00e4, jotta menot jakautuisivat paremmin.<br \/>Jaa ostosumma yht\u00e4 suuriin eriin ja aloita maksaminen vasta seuraavassa kuussa.<\/strong><\/p><p><strong>Hajautetut kustannukset<\/strong> - Valitse itsellesi sopiva ajanjakso ja kuukausimaksu ja maksa ostoksesi useammassa yht\u00e4 suuressa er\u00e4ss\u00e4.<br \/><strong>\u00c4l\u00e4 odota<\/strong> - Nopean luottop\u00e4\u00e4t\u00f6ksen ansiosta voit tehd\u00e4 ostoksesi muutamassa minuutissa.<br \/><strong>Nopeasti ja helposti<\/strong> - Osta ja k\u00e4yt\u00e4 suosikkituotteitasi jo t\u00e4n\u00e4\u00e4n. Huolestumatta.<\/p><p><strong>Yhteisty\u00f6ss\u00e4 InBankin kanssa tarjoamme joustavia ja edullisia maksuvaihtoehtoja, jotta voit nauttia grillaamisesta ja parhaista mauista jo t\u00e4n\u00e4\u00e4n:<\/strong><\/p><p><strong>Maksa my\u00f6hemmin<\/strong> - t\u00e4ysin ilmaiseksi! Jaa tilauksesi 2-3 osaan ilman lis\u00e4kustannuksia.<br \/>- Ensimm\u00e4inen maksu 30 p\u00e4iv\u00e4\u00e4 tilauksen vahvistamisen j\u00e4lkeen, koroton.<\/p><p><strong>Ota osamaksukauppa<\/strong> - juuri niin kauan kuin tarvitset! Maksa ostoksesi 3-72 kuukauden kuluessa.<br \/>- Sopimuksen osuus 11.9%<br \/>- Sopimuspalkkio 0\u20ac<br \/>- Kuukausittainen hallinnointimaksu 0,3%<br \/>\u2022 Finantseeritav summa 100 \u20ac kuni 2500 \u20ac<\/p><p>Maksev\u00f5imalused kehtivad alates 100 \u20ac ostukorvi kogusummast \u2013 vali endale sobiv grill v\u00f5i mistahes toote(d) meie valikust ning alusta kohe parimate grilli\/ BBQ lahenduste ja maitsetega!<\/p><p>Valitse ostoskorissa sinulle sopiva maksuratkaisu, niin varmistamme nopean toimituksen.<\/p><p><a href=\"https:\/\/montonio.com\/et\/juriidiline-teave\/jarelmaksuvahenduse-kasutustingimused\/\" target=\"_blank\" rel=\"noopener\">Osamaksu- ja my\u00f6hemmin maksettavien v\u00e4lityspalvelujen k\u00e4ytt\u00f6\u00e4 koskevat ehdot.<\/a><\/p><p><img loading=\"lazy\" decoding=\"async\" class=\"alignnone  wp-image-2646\" src=\"http:\/\/tammetorubbq.ee\/wp-content\/uploads\/2023\/12\/inbank-wordmark.png\" alt=\"Inbank\" width=\"149\" height=\"67\" srcset=\"https:\/\/tammetorubbq.ee\/wp-content\/uploads\/2023\/12\/inbank-wordmark.png 300w, https:\/\/tammetorubbq.ee\/wp-content\/uploads\/2023\/12\/inbank-wordmark-18x8.png 18w, https:\/\/tammetorubbq.ee\/wp-content\/uploads\/2023\/12\/inbank-wordmark-64x29.png 64w\" sizes=\"auto, (max-width: 149px) 100vw, 149px\" \/><\/p>\n<\/div>\n<\/div><div class=\"bde-column-2627-105 bde-column\">\n  \n  \n\t\n\n\n\n<div class=\"bde-image-2627-106 bde-image\">\n<figure class=\"breakdance-image breakdance-image--2640\">\n\t<div class=\"breakdance-image-container\">\n\t\t<div class=\"breakdance-image-clip\"><img loading=\"lazy\" decoding=\"async\" class=\"breakdance-image-object\" src=\"http:\/\/tammetorubbq.ee\/wp-content\/uploads\/2025\/03\/Konnected-Joe\u2122-768x768.jpg\" width=\"768\" height=\"768\" srcset=\"https:\/\/tammetorubbq.ee\/wp-content\/uploads\/2025\/03\/Konnected-Joe\u2122-768x768.jpg 768w, https:\/\/tammetorubbq.ee\/wp-content\/uploads\/2025\/03\/Konnected-Joe\u2122-300x300.jpg 300w, https:\/\/tammetorubbq.ee\/wp-content\/uploads\/2025\/03\/Konnected-Joe\u2122-150x150.jpg 150w, https:\/\/tammetorubbq.ee\/wp-content\/uploads\/2025\/03\/Konnected-Joe\u2122-600x600.jpg 600w, https:\/\/tammetorubbq.ee\/wp-content\/uploads\/2025\/03\/Konnected-Joe\u2122-64x64.jpg 64w\" sizes=\"auto, (max-width: 768px) 100vw, 768px\"><\/div>\n\t<\/div><\/figure>\n\n<\/div>\n<\/div><\/div><\/div>\n<\/section>","protected":false},"excerpt":{"rendered":"<p>Maksa hiljem Soeta lemmiktooted t\u00e4na ja maksa hiljem!Ostude tarbeks raha kogumine on suurep\u00e4rane. V\u00e4ikeste osamaksetega tasumine, mis aitab kulutusi hajutada, on aga veelgi parem.Jaota ostusumma v\u00f5rdse suurusega osamakseteks ja alusta tasumist alles j\u00e4rgmisel kuul.Hajutatud kulud &#8211; Vali omale sobiv periood ja kuumakse ning tasu ostu eest mitmes v\u00f5rdses osas.\u00c4ra oota &#8211; T\u00e4nu kiirele krediidiotsusele saad [&hellip;]<\/p>\n","protected":false},"author":2,"featured_media":0,"parent":0,"menu_order":0,"comment_status":"closed","ping_status":"closed","template":"","meta":{"_uf_show_specific_survey":0,"_uf_disable_surveys":false,"_breakdance_hide_in_design_set":false,"_breakdance_tags":"","footnotes":""},"class_list":["post-2627","page","type-page","status-publish","hentry"],"_links":{"self":[{"href":"https:\/\/tammetorubbq.ee\/fi\/wp-json\/wp\/v2\/pages\/2627","targetHints":{"allow":["GET"]}}],"collection":[{"href":"https:\/\/tammetorubbq.ee\/fi\/wp-json\/wp\/v2\/pages"}],"about":[{"href":"https:\/\/tammetorubbq.ee\/fi\/wp-json\/wp\/v2\/types\/page"}],"author":[{"embeddable":true,"href":"https:\/\/tammetorubbq.ee\/fi\/wp-json\/wp\/v2\/users\/2"}],"replies":[{"embeddable":true,"href":"https:\/\/tammetorubbq.ee\/fi\/wp-json\/wp\/v2\/comments?post=2627"}],"version-history":[{"count":5,"href":"https:\/\/tammetorubbq.ee\/fi\/wp-json\/wp\/v2\/pages\/2627\/revisions"}],"predecessor-version":[{"id":4262,"href":"https:\/\/tammetorubbq.ee\/fi\/wp-json\/wp\/v2\/pages\/2627\/revisions\/4262"}],"wp:attachment":[{"href":"https:\/\/tammetorubbq.ee\/fi\/wp-json\/wp\/v2\/media?parent=2627"}],"curies":[{"name":"wp","href":"https:\/\/api.w.org\/{rel}","templated":true}]}}