{"id":3,"date":"2023-10-17T16:37:05","date_gmt":"2023-10-17T16:37:05","guid":{"rendered":"https:\/\/tammetorubbq.ee\/?page_id=3"},"modified":"2023-11-30T09:32:56","modified_gmt":"2023-11-30T06:32:56","slug":"tietosuojakaytanto","status":"publish","type":"page","link":"https:\/\/tammetorubbq.ee\/fi\/privaatsuspoliitika\/","title":{"rendered":"Tietosuojak\u00e4yt\u00e4nt\u00f6"},"content":{"rendered":"<section class=\"bde-section-3-100 bde-section\">\n  \n  \n\t\n\n\n\n<div class=\"section-container\"><div class=\"bde-rich-text-3-101 bde-rich-text breakdance-rich-text-styles\">\n<h1>Tietosuojak\u00e4yt\u00e4nt\u00f6<\/h1><p>BBQ Buddy O\u00dc -verkkokauppa (j\u00e4ljemp\u00e4n\u00e4 Tammet\u00f5ru BBQ -verkkokauppa) on sitoutunut suojelemaan asiakkaidensa ja k\u00e4ytt\u00e4jiens\u00e4 yksityisyytt\u00e4. T\u00e4m\u00e4 tietosuojak\u00e4yt\u00e4nt\u00f6 tarjoaa yleiskatsauksen k\u00e4yt\u00e4nn\u00f6ist\u00e4mme, mukaan lukien siit\u00e4, mit\u00e4 tietoja ker\u00e4\u00e4mme, miten k\u00e4yt\u00e4mme tai luovutamme tietoja sek\u00e4 oikeuksistasi tietojen ker\u00e4\u00e4misen ja k\u00e4yt\u00f6n suhteen. Verkkotoimintamme on kaikkien asiaankuuluvien k\u00e4yt\u00e4nt\u00f6jen sek\u00e4 asiaankuuluvien Euroopan unionin direktiivien ja Viron tasavallan lakien mukaista.<\/p><p>Henkil\u00f6tietojen k\u00e4sittely asiakkaan kanssa tehdyn sopimuksen t\u00e4ytt\u00e4miseksi (asetuksen (EU) 2016\/679 6 artiklan 1 kohta) b) Henkil\u00f6tietojen k\u00e4sittely oikeudellisen velvoitteen t\u00e4ytt\u00e4miseksi (esim. kirjanpito ja kuluttajariitojen ratkaiseminen) (Johdanto s. 52, asetuksen (EU) 2016\/679 6 artiklan 1 kohta) c).<\/p><p>Tammet\u00f5ru BBQ -verkkokauppa pid\u00e4tt\u00e4\u00e4 itsell\u00e4\u00e4n oikeuden tarvittaessa muuttaa tietosuojak\u00e4yt\u00e4nt\u00f6\u00e4 (j\u00e4ljemp\u00e4n\u00e4 \"tietosuojak\u00e4yt\u00e4nt\u00f6\"). K\u00e4ytt\u00e4m\u00e4ll\u00e4 Tammet\u00f5ru BBQ -verkkokauppaa oletamme, ett\u00e4 olet lukenut ja hyv\u00e4ksynyt tietosuojak\u00e4yt\u00e4nt\u00f6mme.<br><br><br><\/p><h3>Mit\u00e4 tietoja ker\u00e4\u00e4mme ja miksi?<\/h3><p>Ker\u00e4\u00e4mme esimerkiksi tietoja, jotka annat, kun teet ostoksen tai tilauksen Tammet\u00f5ru BBQ -verkkokaupassa.<\/p><p>Verkkokauppa voi pyyt\u00e4\u00e4 sinua antamaan vapaaehtoisesti henkil\u00f6tietoja ja henkil\u00f6kohtaisia tietoja tietyill\u00e4 verkkosivuston alueilla.<\/p><p>Pyydettyj\u00e4 henkil\u00f6tietoja voivat olla nimi, osoite, postinumero, s\u00e4hk\u00f6postiosoite, puhelinnumero ja muut tiedot.<\/p><p>Luovutettuja tietoja k\u00e4ytet\u00e4\u00e4n t\u00e4ss\u00e4 tietosuojak\u00e4yt\u00e4nn\u00f6ss\u00e4 esitettyjen ehtojen mukaisesti.<\/p><h3><br><br>Miten k\u00e4yt\u00e4mme verkkokaupassa ker\u00e4\u00e4mi\u00e4mme tietoja.<\/h3><p>Edell\u00e4 kuvatun henkil\u00f6tietojen k\u00e4yt\u00f6n lis\u00e4ksi Tammet\u00f5ru BBQ -verkkokauppa voi k\u00e4ytt\u00e4\u00e4 sy\u00f6tettyj\u00e4 tietoja kuluttajia kiinnostavien tuotteiden ja palveluiden seurantaan, mahdollisten ongelmien selvitt\u00e4miseen, petoksilta ja muulta rikolliselta toiminnalta suojautumiseen, k\u00e4ytt\u00e4j\u00e4kokemuksen mukauttamiseen, tuotteiden tai palveluiden tarjoamiseen.<\/p><p>Kun olet yhteydess\u00e4 meihin, saatamme s\u00e4ilytt\u00e4\u00e4 kirjeenvaihdon parantaaksemme tuotteitamme, palveluitamme, verkkosivustoamme tai muita julkisia tarkoituksiamme.<\/p><p>Oakmeal BBQ -verkkokauppa voi luovuttaa yksitt\u00e4isi\u00e4 k\u00e4ytt\u00e4ji\u00e4 koskevia tietoja kolmannelle osapuolelle, joka tarjoaa palveluja Oakmeal BBQ:lle ja joka sitoutuu pit\u00e4m\u00e4\u00e4n jaetut tiedot luottamuksellisina. Kolmannet osapuolet ovat Tammet\u00f5ru BBQ:n yhteisty\u00f6kumppaneita, joiden teht\u00e4viin kuuluvat verkkokaupassa myyt\u00e4vien tavaroiden toimitus, kuljetus, verkkosivuston yll\u00e4pito, sis\u00e4ll\u00f6nhallinta, markkinointi ja maksujen v\u00e4litys.<\/p><p>Jos olet antanut suostumuksesi, l\u00e4het\u00e4mme sinulle markkinointis\u00e4hk\u00f6posteja tai tekstiviestej\u00e4 (SMS), jotta pysyt ajan tasalla siit\u00e4, mit\u00e4 teemme, ja jotta n\u00e4et ja l\u00f6yd\u00e4t tuotteemme ja parhaat tarjouksemme. Markkinointiviestien tilaaminen edellytt\u00e4\u00e4 asiakkaan vapaaehtoista suostumusta. Asiakas voi antaa suostumuksensa tilatessaan tuotteen tai palvelun ilmoittamalla tilaussivulla aktiivisena vaihtoehtona \"Haluan saada tietoa parhaista tarjouksista ja kampanjoista\". valintaruutu.<\/p><p>Voit milloin tahansa peruuttaa s\u00e4hk\u00f6postitse l\u00e4hetettyjen markkinointiviestien tilauksen klikkaamalla s\u00e4hk\u00f6postiviestiss\u00e4 olevaa tilauksen peruutuslinkki\u00e4. Jos peruutat tilauksen, saat edelleen palveluun liittyvi\u00e4 tietoja, kuten tilauksen tilap\u00e4ivityksi\u00e4. Jos haluat peruuttaa tekstiviestien markkinointiviestien tilauksen, ota yhteytt\u00e4 asiakaspalveluumme seuraavassa osoitteessa <a href=\"mailto:info@tammetorubbq.ee\">info@tammetorubbq.ee<\/a><\/p><h3><br><br>K\u00e4ytt\u00e4j\u00e4n oikeudet<\/h3><p>K\u00e4ytt\u00e4jill\u00e4 on oikeus tiet\u00e4\u00e4, mit\u00e4 henkil\u00f6tietoja meill\u00e4 on hallussamme sinusta.<\/p><p>Sinulla on oikeus oikaista, muuttaa tai poistaa n\u00e4m\u00e4 tiedot. Jos haluat k\u00e4ytt\u00e4\u00e4 oikeuksiasi tietojesi oikaisemiseen, muuttamiseen tai poistamiseen, ota meihin yhteytt\u00e4 alla olevilla yhteystiedoilla.<\/p><h3><br><br>Turvallisuus<\/h3><p>Oaks BBQ -verkkokaupassa on k\u00e4yt\u00f6ss\u00e4 tarvittavat toimenpiteet verkkokaupassa ker\u00e4ttyjen henkil\u00f6tietojen eheyden, tarkkuuden ja yksityisyyden suojaamiseksi.<\/p><p>Olemme ottaneet k\u00e4ytt\u00f6\u00f6n kohtuulliset varotoimet tietojen suojaamiseksi katoamiselta, v\u00e4\u00e4rink\u00e4yt\u00f6lt\u00e4 ja muuttamiselta. P\u00e4\u00e4sy tietojen muuttamiseen ja n\u00e4ytt\u00e4miseen on rajoitettu valtuutetuille henkil\u00f6ille.<\/p><p>Hyv\u00e4ksyt t\u00e4ten, ett\u00e4 Oak Tree BBQ ei ole vastuussa mist\u00e4\u00e4n Internetin kautta l\u00e4hetetyist\u00e4 \"varastetuista\" tiedoista, ja vapautat meid\u00e4t kaikista vaatimuksista, jotka johtuvat tai liittyv\u00e4t \"siepattujen\" tietojen luvattomaan k\u00e4ytt\u00f6\u00f6n.<\/p><h3><br><br>Tietosuojak\u00e4yt\u00e4nn\u00f6n ehdot ja muutokset<\/h3><p>K\u00e4ytt\u00e4m\u00e4ll\u00e4 Tammet\u00f5ru BBQ:n verkkokauppaa hyv\u00e4ksyt Tammet\u00f5ru BBQ:n tietosuojak\u00e4yt\u00e4nn\u00f6n. Jos et jostain syyst\u00e4 hyv\u00e4ksy n\u00e4it\u00e4 ehtoja, sinun ei pid\u00e4 k\u00e4ytt\u00e4\u00e4 verkkokauppaamme. Tammet\u00f5ru BBQ pid\u00e4tt\u00e4\u00e4 oikeuden muuttaa t\u00e4m\u00e4n tietosuojak\u00e4yt\u00e4nn\u00f6n ehtoja milloin tahansa.<\/p><p>Asiakkaan vastuulla on tarkistaa Oaks BBQ -verkkokaupan tietosuojak\u00e4yt\u00e4nt\u00f6 m\u00e4\u00e4r\u00e4ajoin ja varmistaa, ett\u00e4 h\u00e4n on tietoinen kaikista muutoksista. Jos asiakas jatkaa verkkokaupan k\u00e4ytt\u00f6\u00e4, h\u00e4n hyv\u00e4ksyy kaikki t\u00e4h\u00e4n tietosuojak\u00e4yt\u00e4nt\u00f6\u00f6n tehdyt muutokset.<\/p><h3><br><br>Ota yhteytt\u00e4<\/h3><p>Jos sinulla on kysytt\u00e4v\u00e4\u00e4 tietosuojak\u00e4yt\u00e4nn\u00f6st\u00e4mme, t\u00e4m\u00e4n tietosuojak\u00e4yt\u00e4nn\u00f6n soveltamisesta tai jos haluat k\u00e4ytt\u00e4\u00e4 oikeuksiasi, ota meihin yhteytt\u00e4 osoitteeseen. <a href=\"mailto:info@tammetorubbq.ee\">info@tammetorubbq.ee<\/a><\/p><p><\/p>\n<\/div><\/div>\n<\/section>","protected":false},"excerpt":{"rendered":"<p>PrivaatsuspoliitikaBBQ Buddy O\u00dc e-pood (edaspidi Tammet\u00f5ru BBQ e-pood ) on v\u00f5tnud endale kohustuse kaitsta klientide ja kasutajate privaatsust. K\u00e4esolev privaatsuspoliitika annab \u00fclevaate meie tavadest, sealhulgas millist teavet me kogume, kuidas me infot kasutame v\u00f5i avalikustame, Teie \u00f5igustest seoses meiepoolse andmete kogumise ja kasutamisega. Meie tegevus internetis on koosk\u00f5las k\u00f5igi asjakohaste tegevuste ja vastavate Euroopa Liidu [&hellip;]<\/p>\n","protected":false},"author":3,"featured_media":0,"parent":0,"menu_order":0,"comment_status":"closed","ping_status":"closed","template":"","meta":{"_uf_show_specific_survey":0,"_uf_disable_surveys":false,"_breakdance_hide_in_design_set":false,"_breakdance_tags":"","footnotes":""},"class_list":["post-3","page","type-page","status-publish","hentry"],"_links":{"self":[{"href":"https:\/\/tammetorubbq.ee\/fi\/wp-json\/wp\/v2\/pages\/3","targetHints":{"allow":["GET"]}}],"collection":[{"href":"https:\/\/tammetorubbq.ee\/fi\/wp-json\/wp\/v2\/pages"}],"about":[{"href":"https:\/\/tammetorubbq.ee\/fi\/wp-json\/wp\/v2\/types\/page"}],"author":[{"embeddable":true,"href":"https:\/\/tammetorubbq.ee\/fi\/wp-json\/wp\/v2\/users\/3"}],"replies":[{"embeddable":true,"href":"https:\/\/tammetorubbq.ee\/fi\/wp-json\/wp\/v2\/comments?post=3"}],"version-history":[{"count":3,"href":"https:\/\/tammetorubbq.ee\/fi\/wp-json\/wp\/v2\/pages\/3\/revisions"}],"predecessor-version":[{"id":320,"href":"https:\/\/tammetorubbq.ee\/fi\/wp-json\/wp\/v2\/pages\/3\/revisions\/320"}],"wp:attachment":[{"href":"https:\/\/tammetorubbq.ee\/fi\/wp-json\/wp\/v2\/media?parent=3"}],"curies":[{"name":"wp","href":"https:\/\/api.w.org\/{rel}","templated":true}]}}