{"id":525,"date":"2023-12-03T12:56:03","date_gmt":"2023-12-03T10:56:03","guid":{"rendered":"https:\/\/tammetorubbq.ee\/?page_id=525"},"modified":"2025-06-15T20:48:54","modified_gmt":"2025-06-15T17:48:54","slug":"kamado-joe-takuu","status":"publish","type":"page","link":"https:\/\/tammetorubbq.ee\/fi\/kamado-joe-garantii\/","title":{"rendered":"Kamado Joe takuu"},"content":{"rendered":"<div class=\"bde-globalblock-525-102 bde-globalblock\"><section class=\"bde-section-375-100-375-1 bde-section bde-section-375-100\">\n              \n  \n  \n\t\n\n  <div class=\"section-background-overlay\"><\/div>\n\n\n<div class=\"section-container\"><h1 class=\"bde-heading-375-101-375-1 bde-heading bde-heading-375-101\">\nKamado Joe takuu\n<\/h1><\/div>\n<\/section><\/div><section class=\"bde-section-525-100 bde-section\">\n  \n  \n\t\n\n\n\n<div class=\"section-container\"><div class=\"bde-text-525-101 bde-text\">\nAlla oleva takuu koskee Kamado Joe -malleja: Junior Joe, Classic Joe, Classic Joe Stand Alone, Big Joe, Big Joe Stand Alone ja Pro Joe.<br><br>HUOM: BBQ Bubby O\u00dc on KAMADO JOE:n virallinen valtuutettu j\u00e4lleenmyyj\u00e4 vuodesta 2023 alkaen. BBQ Buddy O\u00dc:n asiakkaita kehotetaan t\u00e4ytt\u00e4m\u00e4\u00e4n takuulomake t\u00e4\u00e4ll\u00e4, jolloin BBQ Buddy O\u00dc hoitaa takuun puolestasi.<br> <br>RAJOITETTU ELINIK\u00c4INEN TAKUU KERAAMISILLE OSILLE<br>Kamado Joen rajoitettu elinik\u00e4inen takuu keraamisille osille (lukuun ottamatta kuoppakivi\u00e4 ja l\u00e4mm\u00f6nsuojia) on voimassa vain, jos grilli on alkuper\u00e4isen ostajan omistuksessa, jos virallinen ostotodistus esitet\u00e4\u00e4n ja jos keraamisia osia ei ole k\u00e4ytetty muissa mahdollisissa grilleiss\u00e4.<br> <br>5 VUODEN TAKUU METALLIOSILLE<br>Kamado Joen 5 vuoden takuu koskee kaikkia Kamado Joen grilleiss\u00e4 k\u00e4ytettyj\u00e4 metalli- ja valurautaosia, jotka ovat olleet saman alkuper\u00e4isen omistajan omistuksessa.<br> <br>3 VUODEN TAKUU L\u00c4MP\u00d6HEIJASTIMELLE JA PITSILAATALLE.<br>Kamado Joen 3 vuoden takuu koskee Kamado Joen grilliss\u00e4 k\u00e4ytettyj\u00e4 l\u00e4mm\u00f6nsuojia, suojakehyksi\u00e4 ja pizzakivi\u00e4 grilliss\u00e4, jonka on omistanut sama alkuper\u00e4inen omistaja.<br> <br>1 VUODEN TAKUU L\u00c4MP\u00d6MITTARILLE JA TIIVISTEILLE<br>Kamado Joen 1 vuoden takuu koskee Kamado Joen l\u00e4mp\u00f6mittaria ja tiivisteit\u00e4 grilliss\u00e4, jonka on omistanut sama alkuper\u00e4inen omistaja.<br> <br>MILLOIN TAKUU ALKAA?<br>Takuu on voimassa tuotteen ostop\u00e4iv\u00e4st\u00e4 alkaen ja koskee vain laitteen ensimm\u00e4ist\u00e4 ostajaa. Takuu<br>sinun on rekister\u00f6it\u00e4v\u00e4 grillisi osoitteessa www.kamadojoe.co.uk ollaksesi voimassa.<br>Jos materiaali- tai valmistusvirhe havaitaan sovellettavan takuuaikana ja se johtuu laitteen normaalista k\u00e4yt\u00f6st\u00e4, Kamado Joe vaihtaa tai korjaa viallisen komponentin oman valintansa mukaan omalla kustannuksellaan. Takuu ei kata ty\u00f6- tai muita kustannuksia, jotka liittyv\u00e4t grillin huoltoon, korjaukseen tai k\u00e4ytt\u00f6\u00f6n. Kamado Joe maksaa takuun puitteissa vaihdettujen komponenttien toimituskustannukset.<br> <br>MIT\u00c4 TAKUU EI KATA?<br>Takuu ei kata vahinkoja, jotka johtuvat tuotteen v\u00e4\u00e4rink\u00e4yt\u00f6st\u00e4 tai tuotteen muusta kuin k\u00e4ytt\u00f6tarkoituksesta, vahinkoja, jotka johtuvat tuotteen virheellisest\u00e4 k\u00e4yt\u00f6st\u00e4, huollosta tai asennuksesta, vahinkoja, jotka johtuvat onnettomuuksista tai luonnonkatastrofeista, vahinkoja, jotka johtuvat luvattomien lis\u00e4varusteiden asentamisesta tai grilliin tehdyist\u00e4 muutoksista, eik\u00e4 kuljetuksesta aiheutuneita vahinkoja. Takuu ei kata vaurioita, jotka johtuvat tavanomaisesta kulumisesta (esim. naarmut, l\u00e4isk\u00e4t) tai grillien ulkon\u00e4\u00f6n muutoksista, jotka eiv\u00e4t vaikuta sen suorituskykyyn.<br><br>T\u00c4M\u00c4 TAKUU ON YKSINOMAINEN JA KORVAA KAIKKI MUUT TAKUUT, OLIVATPA NE SITTEN KIRJALLISIA TAI SUULLISIA, NIMENOMAISIA TAI EP\u00c4SUORIA. SE SIS\u00c4LT\u00c4\u00c4, MUTTA EI RAJOITU, IMPLISIITTISET TAKUUT MYYNTIKELPOISUUDESTA JA SOVELTUVUUDESTA TIETTYYN TARKOITUKSEEN. KAIKKIEN IMPLISIITTISTEN TAKUIDEN, MUKAAN LUKIEN IMPLISIITTISET TAKUUT MYYNTIKELPOISUUDESTA JA SOVELTUVUUDESTA TIETTYYN TARKOITUKSEEN, VOIMASSAOLOAIKA ON NIMENOMAISESTI RAJOITETTU SOVELLETTAVAN KOMPONENTIN TAKUUAIKANA.<br>* Joissakin maissa ei sallita rajoituksia implisiittisen takuun kestolle, joten yll\u00e4 oleva rajoitus ei v\u00e4ltt\u00e4m\u00e4tt\u00e4 koske sinua. <br><br>JOS RAJOITETTUA TAKUUTA TAI MUUTA IMPLISIITTIST\u00c4 TAKUUTA RIKOTAAN, OSTAJALLA ON TAKUUEHDOISSA ESITETTYJEN RAJOITUSTEN MUKAISESTI OIKEUS AINOASTAAN KOMPONENTTIEN VAIHTOON. KAMADO JOE EI OLE MISS\u00c4\u00c4N TAPAUKSESSA VASTUUSSA MIST\u00c4\u00c4N ERITYISIST\u00c4, SATUNNAISISTA TAI V\u00c4LILLISIST\u00c4 VAHINGOISTA.<br>* Joissakin maissa ei sallita poikkeuksellisten, v\u00e4lillisten tai satunnaisten vahinkojen korvausrajoituksia, joten edell\u00e4 mainittu rajoitus ei v\u00e4ltt\u00e4m\u00e4tt\u00e4 koske sinua.<br> <br>MIK\u00c4 MIT\u00c4T\u00d6I TAKUUN?<br>Takuu ei ole voimassa, jos ostat Kamado Joe -tuotteen valtuuttamattomalta j\u00e4lleenmyyj\u00e4lt\u00e4. Valtuuttamattomia j\u00e4lleenmyyji\u00e4 ovat muun muassa alennusklubit, ostoskeskukset tai muut j\u00e4lleenmyyj\u00e4t, joita Kamado Joe ei ole nimenomaisesti valtuuttanut myym\u00e4\u00e4n Kamado Joe -tuotteita.<br> <br>NB! BBQ Buddy O\u00dc on KAMADO JOE:n virallinen valtuutettu jakelija vuodesta 2023 l\u00e4htien.<br>\n<\/div><\/div>\n<\/section>","protected":false},"excerpt":{"rendered":"<p>Kamado Joe garantii Allolev garantii kehtib Kamado Joe mudelitele: Junior Joe, Classic Joe, Classic Joe Stand Alone, Big Joe, Big Joe Stand Alone ja Pro Joe.NB! BBQ Bubby O\u00dc on ametlik KAMADO JOE VOLITATUD EDASIM\u00dc\u00dcJA alates aastast 2023. BBQ Buddy O\u00dc klientidel soovitame t\u00e4ita siinsamas olev garantiivorm ja sel juhul muretseb garantii toimivuse eest Teie [&hellip;]<\/p>\n","protected":false},"author":5,"featured_media":0,"parent":0,"menu_order":0,"comment_status":"closed","ping_status":"closed","template":"","meta":{"_uf_show_specific_survey":0,"_uf_disable_surveys":false,"_breakdance_hide_in_design_set":false,"_breakdance_tags":"","footnotes":""},"class_list":["post-525","page","type-page","status-publish","hentry"],"_links":{"self":[{"href":"https:\/\/tammetorubbq.ee\/fi\/wp-json\/wp\/v2\/pages\/525","targetHints":{"allow":["GET"]}}],"collection":[{"href":"https:\/\/tammetorubbq.ee\/fi\/wp-json\/wp\/v2\/pages"}],"about":[{"href":"https:\/\/tammetorubbq.ee\/fi\/wp-json\/wp\/v2\/types\/page"}],"author":[{"embeddable":true,"href":"https:\/\/tammetorubbq.ee\/fi\/wp-json\/wp\/v2\/users\/5"}],"replies":[{"embeddable":true,"href":"https:\/\/tammetorubbq.ee\/fi\/wp-json\/wp\/v2\/comments?post=525"}],"version-history":[{"count":5,"href":"https:\/\/tammetorubbq.ee\/fi\/wp-json\/wp\/v2\/pages\/525\/revisions"}],"predecessor-version":[{"id":955,"href":"https:\/\/tammetorubbq.ee\/fi\/wp-json\/wp\/v2\/pages\/525\/revisions\/955"}],"wp:attachment":[{"href":"https:\/\/tammetorubbq.ee\/fi\/wp-json\/wp\/v2\/media?parent=525"}],"curies":[{"name":"wp","href":"https:\/\/api.w.org\/{rel}","templated":true}]}}