{"id":699,"date":"2023-12-07T10:18:41","date_gmt":"2023-12-07T08:18:41","guid":{"rendered":"https:\/\/tammetorubbq.ee\/?page_id=699"},"modified":"2023-12-11T13:52:29","modified_gmt":"2023-12-11T11:52:29","slug":"erikoistilaukset","status":"publish","type":"page","link":"https:\/\/tammetorubbq.ee\/fi\/eritellimused\/","title":{"rendered":"Erikoistilaukset"},"content":{"rendered":"<div class=\"bde-globalblock-699-108 bde-globalblock\"><section class=\"bde-section-375-100-375-1 bde-section bde-section-375-100\">\n              \n  \n  \n\t\n\n  <div class=\"section-background-overlay\"><\/div>\n\n\n<div class=\"section-container\"><h1 class=\"bde-heading-375-101-375-1 bde-heading bde-heading-375-101\">\nErikoistilaukset\n<\/h1><\/div>\n<\/section><\/div><section class=\"bde-section-699-104 bde-section\">\n  \n  \n\t\n\n\n\n<div class=\"section-container\"><div class=\"bde-columns-699-105 bde-columns\"><div class=\"bde-column-699-106 bde-column\">\n  \n  \n\t\n\n\n\n<div class=\"bde-rich-text-699-103 bde-rich-text breakdance-rich-text-styles\">\n<h2>Ironbrand \"offset\" BBQ-savustimet<\/h2><p><strong>Oletko valmis toteuttamaan unelmasi?<\/strong><\/p><p>Ironbrandin ty\u00f6paja sijaitsee syv\u00e4ll\u00e4 kauniin Chiltern Hillsin syd\u00e4mess\u00e4, ja siell\u00e4 k\u00e4ytet\u00e4\u00e4n korkealaatuista brittil\u00e4ist\u00e4 ter\u00e4st\u00e4 leikkaamaan, rullaamaan, taittamaan, taivuttamaan ja hitsaamaan hienoimpia savustimia - rautaklassikko offset-kiukaiden maailmassa.<\/p><p>Jokainen Ironbrand-tuote valmistetaan k\u00e4sity\u00f6n\u00e4 pienen, eritt\u00e4in ammattitaitoisen tiimin toimesta korkeimpien standardien mukaisesti, jotta se on ty\u00f6pajasta l\u00e4htiess\u00e4\u00e4n vertaansa vailla laadultaan, muodoltaan ja toiminnaltaan.<\/p><p>Olitpa sitten ammattikokki, pop-up-ravintola, festivaalikokki tai kuten me, jotka vain rakastamme grillausta, investointi Ironbrand-tuotteisiin on investointi, joka kest\u00e4\u00e4 koko el\u00e4m\u00e4n.<\/p><p>Kaikki Ironbrand-uunit valmistetaan k\u00e4sity\u00f6n\u00e4 korkeatasoisesti.<\/p><p> <\/p>\n<\/div>\n<\/div><div class=\"bde-column-699-107 bde-column\">\n  \n  \n\t\n\n\n\n<div class=\"bde-image-699-109 bde-image\">\n<figure class=\"breakdance-image breakdance-image--823\">\n\t<div class=\"breakdance-image-container\">\n\t\t<div class=\"breakdance-image-clip\"><img loading=\"lazy\" decoding=\"async\" class=\"breakdance-image-object\" src=\"http:\/\/tammetorubbq.ee\/wp-content\/uploads\/2023\/12\/IRONBRAND-500_1.jpg\" width=\"558\" height=\"507\" srcset=\"https:\/\/tammetorubbq.ee\/wp-content\/uploads\/2023\/12\/IRONBRAND-500_1.jpg 558w, https:\/\/tammetorubbq.ee\/wp-content\/uploads\/2023\/12\/IRONBRAND-500_1-300x273.jpg 300w, https:\/\/tammetorubbq.ee\/wp-content\/uploads\/2023\/12\/IRONBRAND-500_1-64x58.jpg 64w\" sizes=\"auto, (max-width: 558px) 100vw, 558px\"><\/div>\n\t<\/div><\/figure>\n\n<\/div>\n<\/div><\/div><div class=\"bde-columns-699-110 bde-columns\"><div class=\"bde-column-699-111 bde-column\">\n  \n  \n\t\n\n\n\n<div class=\"bde-image-box-699-114 bde-image-box\">\n<div class=\"ee-imagebox-image\">\n  <img loading=\"lazy\" decoding=\"async\" class=\"breakdance-image-object\" src=\"http:\/\/tammetorubbq.ee\/wp-content\/uploads\/2023\/12\/IRONBRAND-120-1.jpg\" width=\"1000\" height=\"1000\" srcset=\"https:\/\/tammetorubbq.ee\/wp-content\/uploads\/2023\/12\/IRONBRAND-120-1.jpg 1000w, https:\/\/tammetorubbq.ee\/wp-content\/uploads\/2023\/12\/IRONBRAND-120-1-300x300.jpg 300w, https:\/\/tammetorubbq.ee\/wp-content\/uploads\/2023\/12\/IRONBRAND-120-1-150x150.jpg 150w, https:\/\/tammetorubbq.ee\/wp-content\/uploads\/2023\/12\/IRONBRAND-120-1-768x768.jpg 768w, https:\/\/tammetorubbq.ee\/wp-content\/uploads\/2023\/12\/IRONBRAND-120-1-600x600.jpg 600w, https:\/\/tammetorubbq.ee\/wp-content\/uploads\/2023\/12\/IRONBRAND-120-1-100x100.jpg 100w, https:\/\/tammetorubbq.ee\/wp-content\/uploads\/2023\/12\/IRONBRAND-120-1-64x64.jpg 64w\" sizes=\"auto, (max-width: 1000px) 100vw, 1000px\" alt=\"IRONBRAND 120\">\n<\/div>\n<div class=\"ee-imagebox-content\">\n      <p class=\"ee-imagebox-title bde-h3\" >IRONBRAND 120<\/p>\n    \n      <div class=\"ee-imagebox-text\" >Ironband 120 on \u00e4\u00e4rimm\u00e4inen takapihan savustin, joka on suunniteltu todelliselle grillauksen harrastajalle, joka etsii ensiluokkaista teksasilaisen tyylin savustuskokemusta.<\/div>\n    \n              \n    \n    \n    \n    \n            \n                    \n            \n            \n\n    \n    \n    \n    \n    \n    <a class=\"breakdance-link button-atom button-atom--primary ee-imagebox-button\" href=\"https:\/\/tammetorubbq.ee\/fi\/erikoistilaukset\/ironbrand-120-3\/\" target=\"_self\" data-type=\"url\"  >\n\n    \n        <span class=\"button-atom__text\">Lue lis\u00e4\u00e4<\/span>\n\n        \n        \n                <\/a>\n\n    \n\n  <\/div>\n\n<\/div>\n<\/div><div class=\"bde-column-699-112 bde-column\">\n  \n  \n\t\n\n\n\n<div class=\"bde-image-box-699-115 bde-image-box\">\n<div class=\"ee-imagebox-image\">\n  <img loading=\"lazy\" decoding=\"async\" class=\"breakdance-image-object\" src=\"http:\/\/tammetorubbq.ee\/wp-content\/uploads\/2023\/12\/IRONBRAND-250-1.jpg\" width=\"1000\" height=\"1000\" srcset=\"https:\/\/tammetorubbq.ee\/wp-content\/uploads\/2023\/12\/IRONBRAND-250-1.jpg 1000w, https:\/\/tammetorubbq.ee\/wp-content\/uploads\/2023\/12\/IRONBRAND-250-1-300x300.jpg 300w, https:\/\/tammetorubbq.ee\/wp-content\/uploads\/2023\/12\/IRONBRAND-250-1-150x150.jpg 150w, https:\/\/tammetorubbq.ee\/wp-content\/uploads\/2023\/12\/IRONBRAND-250-1-768x768.jpg 768w, https:\/\/tammetorubbq.ee\/wp-content\/uploads\/2023\/12\/IRONBRAND-250-1-600x600.jpg 600w, https:\/\/tammetorubbq.ee\/wp-content\/uploads\/2023\/12\/IRONBRAND-250-1-100x100.jpg 100w, https:\/\/tammetorubbq.ee\/wp-content\/uploads\/2023\/12\/IRONBRAND-250-1-64x64.jpg 64w\" sizes=\"auto, (max-width: 1000px) 100vw, 1000px\">\n<\/div>\n<div class=\"ee-imagebox-content\">\n      <p class=\"ee-imagebox-title bde-h3\" >IRONBRAND 250<\/p>\n    \n      <div class=\"ee-imagebox-text\" >Ironbrand 250 on savustin, joka on suunniteltu pitopalveluille ja ammattikokeille, jotka haluavat tarjota ammattimaisesti aitoa teksasilaisittain savustettua grilliruokaa.<\/div>\n    \n              \n    \n    \n    \n    \n            \n                    \n            \n            \n\n    \n    \n    \n    \n    \n    <a class=\"breakdance-link button-atom button-atom--primary ee-imagebox-button\" href=\"https:\/\/tammetorubbq.ee\/fi\/erikoistilaukset\/ironbrand-250-3\/\" target=\"_self\" data-type=\"url\"  >\n\n    \n        <span class=\"button-atom__text\">Lue lis\u00e4\u00e4<\/span>\n\n        \n        \n                <\/a>\n\n    \n\n  <\/div>\n\n<\/div>\n<\/div><div class=\"bde-column-699-113 bde-column\">\n  \n  \n\t\n\n\n\n<div class=\"bde-image-box-699-116 bde-image-box\">\n<div class=\"ee-imagebox-image\">\n  <img loading=\"lazy\" decoding=\"async\" class=\"breakdance-image-object\" src=\"http:\/\/tammetorubbq.ee\/wp-content\/uploads\/2023\/12\/IRONBRAND-500.jpg\" width=\"1000\" height=\"1000\" srcset=\"https:\/\/tammetorubbq.ee\/wp-content\/uploads\/2023\/12\/IRONBRAND-500.jpg 1000w, https:\/\/tammetorubbq.ee\/wp-content\/uploads\/2023\/12\/IRONBRAND-500-300x300.jpg 300w, https:\/\/tammetorubbq.ee\/wp-content\/uploads\/2023\/12\/IRONBRAND-500-150x150.jpg 150w, https:\/\/tammetorubbq.ee\/wp-content\/uploads\/2023\/12\/IRONBRAND-500-768x768.jpg 768w, https:\/\/tammetorubbq.ee\/wp-content\/uploads\/2023\/12\/IRONBRAND-500-600x600.jpg 600w, https:\/\/tammetorubbq.ee\/wp-content\/uploads\/2023\/12\/IRONBRAND-500-100x100.jpg 100w, https:\/\/tammetorubbq.ee\/wp-content\/uploads\/2023\/12\/IRONBRAND-500-64x64.jpg 64w\" sizes=\"auto, (max-width: 1000px) 100vw, 1000px\">\n<\/div>\n<div class=\"ee-imagebox-content\">\n      <p class=\"ee-imagebox-title bde-h3\" >IRONBRAND 500<\/p>\n    \n      <div class=\"ee-imagebox-text\" >Ironbrand 500 on huippulaadukas offset BBQ-savustin ammattimaisille catering- tai grilliravintoloille, jotka tarvitsevat lis\u00e4kapasiteettia, jonka Ironbrandin ~1900 litran kypsennyskammio voi tarjota.<\/div>\n    \n              \n    \n    \n    \n    \n            \n                    \n            \n            \n\n    \n    \n    \n    \n    \n    <a class=\"breakdance-link button-atom button-atom--primary ee-imagebox-button\" href=\"https:\/\/tammetorubbq.ee\/fi\/erikoistilaukset\/ironbrand-500-2\/\" target=\"_self\" data-type=\"url\"  >\n\n    \n        <span class=\"button-atom__text\">Lue lis\u00e4\u00e4<\/span>\n\n        \n        \n                <\/a>\n\n    \n\n  <\/div>\n\n<\/div>\n<\/div><\/div><\/div>\n<\/section>","protected":false},"excerpt":{"rendered":"<p>Eritellimused Ironbrand \u201eoffset\u201c BBQ suitsutusahjudOled valmis oma unistused tegelikkuseks muutma?Ironbrandi t\u00f6\u00f6kojas, mis asub s\u00fcgaval kaunite Chilterni m\u00e4gede s\u00fcdames, kasutatakse kvaliteetset Briti terast millest l\u00f5igatakse, rullitakse, volditakse, painutatakse ja keevitatakse parimad suitsutusahjud mis on \u201eoffset\u201c ahjude maailmas raudne klassika.Iga Ironbrandi toode on nende v\u00e4ikese k\u00f5rgelt kvalifitseeritud meeskonna poolt k\u00e4sitsi valmistatud k\u00f5rgeimate standardite j\u00e4rgi, et toote t\u00f6\u00f6kojast [&hellip;]<\/p>\n","protected":false},"author":3,"featured_media":0,"parent":0,"menu_order":0,"comment_status":"closed","ping_status":"closed","template":"","meta":{"_uf_show_specific_survey":0,"_uf_disable_surveys":false,"_breakdance_hide_in_design_set":false,"_breakdance_tags":"","footnotes":""},"class_list":["post-699","page","type-page","status-publish","hentry"],"_links":{"self":[{"href":"https:\/\/tammetorubbq.ee\/fi\/wp-json\/wp\/v2\/pages\/699","targetHints":{"allow":["GET"]}}],"collection":[{"href":"https:\/\/tammetorubbq.ee\/fi\/wp-json\/wp\/v2\/pages"}],"about":[{"href":"https:\/\/tammetorubbq.ee\/fi\/wp-json\/wp\/v2\/types\/page"}],"author":[{"embeddable":true,"href":"https:\/\/tammetorubbq.ee\/fi\/wp-json\/wp\/v2\/users\/3"}],"replies":[{"embeddable":true,"href":"https:\/\/tammetorubbq.ee\/fi\/wp-json\/wp\/v2\/comments?post=699"}],"version-history":[{"count":5,"href":"https:\/\/tammetorubbq.ee\/fi\/wp-json\/wp\/v2\/pages\/699\/revisions"}],"predecessor-version":[{"id":862,"href":"https:\/\/tammetorubbq.ee\/fi\/wp-json\/wp\/v2\/pages\/699\/revisions\/862"}],"wp:attachment":[{"href":"https:\/\/tammetorubbq.ee\/fi\/wp-json\/wp\/v2\/media?parent=699"}],"curies":[{"name":"wp","href":"https:\/\/api.w.org\/{rel}","templated":true}]}}