{"id":9,"date":"2023-10-17T16:37:22","date_gmt":"2023-10-17T16:37:22","guid":{"rendered":"https:\/\/tammetorubbq.ee\/my-account\/"},"modified":"2023-12-12T11:08:03","modified_gmt":"2023-12-12T09:08:03","slug":"tilini","status":"publish","type":"page","link":"https:\/\/tammetorubbq.ee\/fi\/minu-konto\/","title":{"rendered":"Tilini"},"content":{"rendered":"<section class=\"bde-section-9-100 bde-section\">\n  \n  \n\t\n\n\n\n<div class=\"section-container\"><div class=\"bde-woopageaccount-9-101 bde-woopageaccount breakdance-woocommerce\">    <div class=\"breakdance-empty-ssr-message breakdance-empty-ssr-message-error\">\n        <div>\n            The <b>\"Tilisivu\"<\/b> elementin voi lis\u00e4t\u00e4 vain <b>WooCommerce-tilin sivu<\/b>.<br \/><br \/>\n            The <b>WooCommerce-tilin sivu<\/b> on t\u00e4ll\u00e4 hetkell\u00e4 asetettu <b>\"Oma tili\" (ID: 9)<\/b>.<br \/><br \/>\n            Aseta <b>WooCommerce-tilin sivu<\/b> WP:n hallinnassa osoitteessa <b>WooCommerce &gt; Asetukset &gt; Lis\u00e4asetukset &gt; Sivun asetukset<\/b>.\n        <\/div>\n    <\/div><\/div><\/div>\n<\/section>","protected":false},"excerpt":{"rendered":"<p>\"Tilisivu\"-elementti voidaan lis\u00e4t\u00e4 vain WooCommercen tilisivulle. WooCommercen tilisivu on t\u00e4ll\u00e4 hetkell\u00e4 asetettu \"Oma tili\" (ID: 9). Aseta WooCommerce Account Page (WooCommerce-tili-sivu) WP:n hallinnassa osoitteessa WooCommerce &gt; Settings (Asetukset) &gt; Advanced (Lis\u00e4asetukset) &gt; Page Setup (Sivun asetukset).<\/p>","protected":false},"author":3,"featured_media":0,"parent":0,"menu_order":0,"comment_status":"closed","ping_status":"closed","template":"","meta":{"_uf_show_specific_survey":0,"_uf_disable_surveys":false,"_breakdance_hide_in_design_set":false,"_breakdance_tags":"","footnotes":""},"class_list":["post-9","page","type-page","status-publish","hentry"],"_links":{"self":[{"href":"https:\/\/tammetorubbq.ee\/fi\/wp-json\/wp\/v2\/pages\/9","targetHints":{"allow":["GET"]}}],"collection":[{"href":"https:\/\/tammetorubbq.ee\/fi\/wp-json\/wp\/v2\/pages"}],"about":[{"href":"https:\/\/tammetorubbq.ee\/fi\/wp-json\/wp\/v2\/types\/page"}],"author":[{"embeddable":true,"href":"https:\/\/tammetorubbq.ee\/fi\/wp-json\/wp\/v2\/users\/3"}],"replies":[{"embeddable":true,"href":"https:\/\/tammetorubbq.ee\/fi\/wp-json\/wp\/v2\/comments?post=9"}],"version-history":[{"count":3,"href":"https:\/\/tammetorubbq.ee\/fi\/wp-json\/wp\/v2\/pages\/9\/revisions"}],"predecessor-version":[{"id":899,"href":"https:\/\/tammetorubbq.ee\/fi\/wp-json\/wp\/v2\/pages\/9\/revisions\/899"}],"wp:attachment":[{"href":"https:\/\/tammetorubbq.ee\/fi\/wp-json\/wp\/v2\/media?parent=9"}],"curies":[{"name":"wp","href":"https:\/\/api.w.org\/{rel}","templated":true}]}}