{"id":1008,"date":"2024-01-03T20:29:51","date_gmt":"2024-01-03T18:29:51","guid":{"rendered":"https:\/\/tammetorubbq.ee\/?post_type=product&#038;p=1008"},"modified":"2026-04-30T02:00:01","modified_gmt":"2026-04-29T23:00:01","slug":"looft-lighter-i-sahkogrillin-sulatuslaite","status":"publish","type":"product","link":"https:\/\/tammetorubbq.ee\/fi\/toode\/looft-lighter-i-elektriline-grillsoe-suutaja\/","title":{"rendered":"Looft Lighter I s\u00e4hk\u00f6inen grillaussytytin"},"content":{"rendered":"<p>Looft-sytytin on nopein, turvallisin ja puhtain tapa sytytt\u00e4\u00e4 grilli, nuotio tai liesi.<br \/>\nNopea ja monipuolinen - Looft-sytytin on nopein tapa aloittaa ja saada grilli valmiiksi. Saavuttaa t\u00e4ydellisen hehkun hetkess\u00e4.<\/p>\n<p>Yksinkertaista - paina Looft-painiketta ja sytyt\u00e4 hiillos. Ei ole helpompaa tapaa sytytt\u00e4\u00e4 puuhiilt\u00e4.<br \/>\nPuhdas - ei liekki\u00e4, kaasua tai myrkyllisi\u00e4 kemikaaleja. Looft-sytytin k\u00e4ytt\u00e4\u00e4 ylikuumennettua ilmaa hiilen k\u00e4ynnist\u00e4miseen.<\/p>\n<p class=\"\" data-start=\"0\" data-end=\"150\"><strong data-start=\"0\" data-end=\"21\">Tekniset tiedot<\/strong><br data-start=\"21\" data-end=\"24\" \/>- On\/Off-kytkin<br data-start=\"44\" data-end=\"47\" \/>- 700 \u00b0C ylikuumennetulla ilmalla<br data-start=\"69\" data-end=\"72\" \/>- 3 metrin virtajohto<br data-start=\"94\" data-end=\"97\" \/>- Teho: 1800W, 230V, 50Hz<br data-start=\"125\" data-end=\"128\" \/>- Alusta \/ Pullonavaaja<\/p>\n<p class=\"\" data-start=\"152\" data-end=\"199\"><strong data-start=\"152\" data-end=\"170\">Mitat ja paino<\/strong><br data-start=\"170\" data-end=\"173\" \/>- 49 x 7 x 7 cm<br data-start=\"188\" data-end=\"191\" \/>- 1 kg<\/p>\n<p class=\"\" data-start=\"201\" data-end=\"266\"><strong data-start=\"201\" data-end=\"221\">Pakkaus sis\u00e4lt\u00e4\u00e4<\/strong><br data-start=\"221\" data-end=\"224\" \/>- Looftlighter Classic<br data-start=\"246\" data-end=\"249\" \/>- K\u00e4ytt\u00e4j\u00e4n k\u00e4sikirja<\/p>\n<p class=\"\" data-start=\"268\" data-end=\"594\"><strong data-start=\"268\" data-end=\"291\">Miten tuote toimii<\/strong><br data-start=\"291\" data-end=\"294\" \/>Looftlighter sytytt\u00e4\u00e4 puuhiilen tai puun ylikuumennetulla ilmalla - ilman liekki\u00e4, kaasua tai kemikaaleja. Osoita sytytin hiiliin tai puuhun, paina nappia ja vain 60 sekunnissa voimakas kuuma ilma syttyy. Kun n\u00e4et kipin\u00f6it\u00e4, ved\u00e4 hieman taaksep\u00e4in lis\u00e4t\u00e4ksesi ilmavirtaa ja nopeuttaaksesi syttymist\u00e4 entisest\u00e4\u00e4n.<\/p>","protected":false},"excerpt":{"rendered":"<p>LOOFT LIGHTER I -s\u00e4hk\u00f6sytytin on nopein ja k\u00e4tevin tapa sytytt\u00e4\u00e4 hiilet grilliin, puutakkaan tai pizzauuniin.<\/p>\n<p><strong>Tulitikun sytytt\u00e4minen kest\u00e4\u00e4 alle minuutin.<\/strong><\/p>\n<p>LOOFT sytytt\u00e4\u00e4 hiilet ylikuumennetulla ilmalla - ei tulta, ei kemikaaleja, ei kaasua tulen sytytt\u00e4miseksi.<\/p>\n<p class=\"\" data-start=\"136\" data-end=\"282\">- 700 \u00b0C syttyy 60 sekunnissa<br data-start=\"163\" data-end=\"166\" \/>- T\u00e4yss\u00e4hk\u00f6inen<br data-start=\"183\" data-end=\"186\" data-is-only-node=\"\" \/>- T\u00e4yteaineita ei tarvita<br data-start=\"209\" data-end=\"212\" \/>- Ymp\u00e4rist\u00f6yst\u00e4v\u00e4llinen<br data-start=\"231\" data-end=\"234\" \/>- Polttaa kaikkia polttoaineita - kivihiilt\u00e4, brikettej\u00e4 ja multaa.<\/p>\n<p class=\"\" data-start=\"284\" data-end=\"335\"><img loading=\"lazy\" decoding=\"async\" class=\"alignnone wp-image-3025\" src=\"http:\/\/tammetorubbq.ee\/wp-content\/uploads\/2024\/01\/Electric-plug_0f8362a7-973c-4a97-a704-c35e66e02199.webp\" alt=\"\" width=\"20\" height=\"20\" srcset=\"https:\/\/tammetorubbq.ee\/wp-content\/uploads\/2024\/01\/Electric-plug_0f8362a7-973c-4a97-a704-c35e66e02199.webp 48w, https:\/\/tammetorubbq.ee\/wp-content\/uploads\/2024\/01\/Electric-plug_0f8362a7-973c-4a97-a704-c35e66e02199-12x12.webp 12w\" sizes=\"auto, (max-width: 20px) 100vw, 20px\" \/> T\u00e4yss\u00e4hk\u00f6inen\u00a0 <img loading=\"lazy\" decoding=\"async\" class=\"alignnone wp-image-3026\" src=\"http:\/\/tammetorubbq.ee\/wp-content\/uploads\/2024\/01\/wind-128.webp\" alt=\"\" width=\"21\" height=\"21\" srcset=\"https:\/\/tammetorubbq.ee\/wp-content\/uploads\/2024\/01\/wind-128.webp 48w, https:\/\/tammetorubbq.ee\/wp-content\/uploads\/2024\/01\/wind-128-12x12.webp 12w\" sizes=\"auto, (max-width: 21px) 100vw, 21px\" \/> Ilman liekki\u00e4\u00a0 <img loading=\"lazy\" decoding=\"async\" class=\"alignnone wp-image-3027\" src=\"http:\/\/tammetorubbq.ee\/wp-content\/uploads\/2024\/01\/shield-security-128.webp\" alt=\"\" width=\"24\" height=\"24\" srcset=\"https:\/\/tammetorubbq.ee\/wp-content\/uploads\/2024\/01\/shield-security-128.webp 48w, https:\/\/tammetorubbq.ee\/wp-content\/uploads\/2024\/01\/shield-security-128-12x12.webp 12w\" sizes=\"auto, (max-width: 24px) 100vw, 24px\" \/> 3 vuoden takuu<\/p>\n<p>&nbsp;<\/p>\n<p><img loading=\"lazy\" decoding=\"async\" class=\"wp-image-1673\" src=\"http:\/\/tammetorubbq.ee\/wp-content\/uploads\/2024\/05\/Looft-logo-300x120.png\" alt=\"looft\" width=\"165\" height=\"66\" srcset=\"https:\/\/tammetorubbq.ee\/wp-content\/uploads\/2024\/05\/Looft-logo-300x120.png 300w, https:\/\/tammetorubbq.ee\/wp-content\/uploads\/2024\/05\/Looft-logo-18x7.png 18w, https:\/\/tammetorubbq.ee\/wp-content\/uploads\/2024\/05\/Looft-logo-64x26.png 64w, https:\/\/tammetorubbq.ee\/wp-content\/uploads\/2024\/05\/Looft-logo.png 400w\" sizes=\"auto, (max-width: 165px) 100vw, 165px\" \/><\/p>","protected":false},"featured_media":1009,"comment_status":"open","ping_status":"closed","template":"","meta":{"_uf_show_specific_survey":0,"_uf_disable_surveys":false},"pwb-brand":[],"product_brand":[],"product_cat":[30,60],"product_tag":[],"class_list":{"0":"post-1008","1":"product","2":"type-product","3":"status-publish","4":"has-post-thumbnail","6":"product_cat-grillimise-tarvikud","7":"product_cat-suutepulgad","9":"first","10":"instock","11":"taxable","12":"shipping-taxable","13":"purchasable","14":"product-type-simple"},"brands":[],"_links":{"self":[{"href":"https:\/\/tammetorubbq.ee\/fi\/wp-json\/wp\/v2\/product\/1008","targetHints":{"allow":["GET"]}}],"collection":[{"href":"https:\/\/tammetorubbq.ee\/fi\/wp-json\/wp\/v2\/product"}],"about":[{"href":"https:\/\/tammetorubbq.ee\/fi\/wp-json\/wp\/v2\/types\/product"}],"replies":[{"embeddable":true,"href":"https:\/\/tammetorubbq.ee\/fi\/wp-json\/wp\/v2\/comments?post=1008"}],"wp:featuredmedia":[{"embeddable":true,"href":"https:\/\/tammetorubbq.ee\/fi\/wp-json\/wp\/v2\/media\/1009"}],"wp:attachment":[{"href":"https:\/\/tammetorubbq.ee\/fi\/wp-json\/wp\/v2\/media?parent=1008"}],"wp:term":[{"taxonomy":"pwb-brand","embeddable":true,"href":"https:\/\/tammetorubbq.ee\/fi\/wp-json\/wp\/v2\/pwb-brand?post=1008"},{"taxonomy":"product_brand","embeddable":true,"href":"https:\/\/tammetorubbq.ee\/fi\/wp-json\/wp\/v2\/product_brand?post=1008"},{"taxonomy":"product_cat","embeddable":true,"href":"https:\/\/tammetorubbq.ee\/fi\/wp-json\/wp\/v2\/product_cat?post=1008"},{"taxonomy":"product_tag","embeddable":true,"href":"https:\/\/tammetorubbq.ee\/fi\/wp-json\/wp\/v2\/product_tag?post=1008"}],"curies":[{"name":"wp","href":"https:\/\/api.w.org\/{rel}","templated":true}]}}