{"id":1030,"date":"2024-01-07T20:05:56","date_gmt":"2024-01-07T18:05:56","guid":{"rendered":"https:\/\/tammetorubbq.ee\/?post_type=product&#038;p=1030"},"modified":"2026-04-26T18:00:16","modified_gmt":"2026-04-26T15:00:16","slug":"aurelia-bold-double-nitriilikasineet-musta-100kpl","status":"publish","type":"product","link":"https:\/\/tammetorubbq.ee\/fi\/product-2\/aurelia-bold-double-nitriilikasineet-musta-100kpl\/","title":{"rendered":"Nitriilkindad (must) 100tk"},"content":{"rendered":"<p><strong>Tekniset tiedot<\/strong><\/p>\n<p>V\u00c4RI musta<\/p>\n<p>M\u00c4\u00c4R\u00c4 100 kpl per pakkaus<\/p>\n<p>MATERIAALI nitriili<\/p>","protected":false},"excerpt":{"rendered":"<p>Meie valikus pakutavad \u00fchekordne nitriils\u00f5rmkinnas on k\u00f5rgekvaliteediline puudrivaba musta v\u00e4rvi \u00a0s\u00f5rmkinnas.<\/p>\n<p>Nagu nimigi \u00fctleb on tegemist Aurelia kinnaste nimistus k\u00f5ige kaalukama ja paksema kindaga.<\/p>\n<p>Kinda s\u00f5rmeotsa paksus on 0,13mm. Bold s\u00f5rmkinnas omab suurep\u00e4rast t\u00f5mbetugevust ja suuremat kaitset k\u00e4tele v\u00f5rreldes lateksi v\u00f5i vin\u00fc\u00fclkindaga. Bold pakub kandjale extra mugavust ja venivust.<\/p>\n<p>T\u00e4m\u00e4 nitriilik\u00e4sine on l\u00e4\u00e4ketieteellinen k\u00e4sine, joka soveltuu k\u00e4ytett\u00e4v\u00e4ksi elintarviketeollisuudessa ja on lateksiton.<\/p>\n<p>Saatavilla olevat koot <strong>L<\/strong> ja <strong>XL<\/strong> - Ilmoita tilausta tehdess\u00e4si haluamasi koko \"Huomautuksia tilauksen yhteydess\u00e4\" -kentt\u00e4\u00e4n.<\/p>","protected":false},"featured_media":1032,"comment_status":"open","ping_status":"closed","template":"","meta":{"_uf_show_specific_survey":0,"_uf_disable_surveys":false},"pwb-brand":[],"product_brand":[],"product_cat":[30],"product_tag":[134,330],"class_list":{"0":"post-1030","1":"product","2":"type-product","3":"status-publish","4":"has-post-thumbnail","6":"product_cat-grillimise-tarvikud","7":"product_tag-grillimise-tarvikud","8":"product_tag-nitriilkindad","10":"first","11":"instock","12":"taxable","13":"shipping-taxable","14":"purchasable","15":"product-type-simple"},"brands":[],"_links":{"self":[{"href":"https:\/\/tammetorubbq.ee\/fi\/wp-json\/wp\/v2\/product\/1030","targetHints":{"allow":["GET"]}}],"collection":[{"href":"https:\/\/tammetorubbq.ee\/fi\/wp-json\/wp\/v2\/product"}],"about":[{"href":"https:\/\/tammetorubbq.ee\/fi\/wp-json\/wp\/v2\/types\/product"}],"replies":[{"embeddable":true,"href":"https:\/\/tammetorubbq.ee\/fi\/wp-json\/wp\/v2\/comments?post=1030"}],"wp:featuredmedia":[{"embeddable":true,"href":"https:\/\/tammetorubbq.ee\/fi\/wp-json\/wp\/v2\/media\/1032"}],"wp:attachment":[{"href":"https:\/\/tammetorubbq.ee\/fi\/wp-json\/wp\/v2\/media?parent=1030"}],"wp:term":[{"taxonomy":"pwb-brand","embeddable":true,"href":"https:\/\/tammetorubbq.ee\/fi\/wp-json\/wp\/v2\/pwb-brand?post=1030"},{"taxonomy":"product_brand","embeddable":true,"href":"https:\/\/tammetorubbq.ee\/fi\/wp-json\/wp\/v2\/product_brand?post=1030"},{"taxonomy":"product_cat","embeddable":true,"href":"https:\/\/tammetorubbq.ee\/fi\/wp-json\/wp\/v2\/product_cat?post=1030"},{"taxonomy":"product_tag","embeddable":true,"href":"https:\/\/tammetorubbq.ee\/fi\/wp-json\/wp\/v2\/product_tag?post=1030"}],"curies":[{"name":"wp","href":"https:\/\/api.w.org\/{rel}","templated":true}]}}