{"id":1083,"date":"2024-01-22T19:43:09","date_gmt":"2024-01-22T17:43:09","guid":{"rendered":"https:\/\/tammetorubbq.ee\/?post_type=product&#038;p=1083"},"modified":"2026-04-14T22:00:31","modified_gmt":"2026-04-14T19:00:31","slug":"swift-searibi-st-louise-usa","status":"publish","type":"product","link":"https:\/\/tammetorubbq.ee\/fi\/product-2\/swift-searibi-st-louise-usa\/","title":{"rendered":"Swift searibi St.Louise ~1,7kg (USA)"},"content":{"rendered":"<ul>\n<li>Antibioottivapaata, luonnonmukaista sianlihaa.<\/li>\n<li>Tyhji\u00f6pakattu.<\/li>\n<li>Pakastettu (s\u00e4ilytysl\u00e4mp\u00f6tila -18C).<\/li>\n<li>\u00dche ribiplaadi kaal ~1,7kg.<\/li>\n<li>Irtotavarapakkaus ~18 kg (~10 uurrettua levy\u00e4).<\/li>\n<li>Alkuper\u00e4maa Yhdysvallat.<\/li>\n<\/ul>\n<p>&nbsp;<\/p>\n<p>Tuotetta ei voi l\u00e4hett\u00e4\u00e4 pakettiautomaatilla tai kuriirilla.<\/p>\n<p>Tellimus on v\u00f5imalik k\u00e4tte saada eelneval kokkuleppel Harjumaa piires.<\/p>\n<p>Kirjoita meille <a href=\"\/fi\/info@tammetorubbq.ee\/\">info@tammetorubbq.ee<\/a> tai soita <a href=\"http:\/\/+372 56 888 638\">+372 56 888 638<\/a><\/p>\n<p>&nbsp;<\/p>","protected":false},"excerpt":{"rendered":"<p><strong><span style=\"color: #0000ff;\">BBQ-yst\u00e4vien suosikki Swift pork rib St.Louis -tyyliin.<\/span><\/strong><\/p>\n<p>Ensiluokkaista sianlihaa, jota k\u00e4ytet\u00e4\u00e4n monissa BBQ-kilpailuissa ymp\u00e4ri maailmaa.<\/p>\n<p>Ihanteellinen matalaan ja hitaaseen grillaukseen tai BBQ-grillaukseen.<\/p>\n<p>&nbsp;<\/p>\n<p>\u00dche ribiplaadi keskmine kaal on ~1,7kg.<\/p>\n<p>Kysy rohkeasti erikoishintaa suuremmista m\u00e4\u00e4rist\u00e4.<\/p>\n<p>Tuote myyd\u00e4\u00e4n painon mukaan. Tarkka hinta lasketaan tuotteen punnituksen j\u00e4lkeen.<\/p>\n<p><strong>Tuote varastossa. <\/strong><\/p>\n<p>Koska kyseess\u00e4 on punnitustuote, tilausta ei voi tehd\u00e4 verkkokaupan kautta.<\/p>\n<p>Tilausta varten kirjoita osoitteeseen <a href=\"\/fi\/info@tammetorubbq.ee\/\">info@tammetorubbq.ee<\/a> tai soita <a href=\"http:\/\/+372 56 888 638\">+372 56 888 638<\/a><\/p>\n<p>&nbsp;<\/p>\n<p><img loading=\"lazy\" decoding=\"async\" class=\"alignnone wp-image-1389\" src=\"http:\/\/tammetorubbq.ee\/wp-content\/uploads\/2024\/01\/Swift.svg\" alt=\"\" width=\"214\" height=\"99\" \/><\/p>\n<p>&nbsp;<\/p>\n<p>&nbsp;<\/p>","protected":false},"featured_media":1084,"comment_status":"open","ping_status":"closed","template":"","meta":{"_uf_show_specific_survey":0,"_uf_disable_surveys":false},"pwb-brand":[72],"product_brand":[],"product_cat":[71],"product_tag":[114,122],"class_list":{"0":"post-1083","1":"product","2":"type-product","3":"status-publish","4":"has-post-thumbnail","6":"pwb-brand-swift","7":"product_cat-liha","8":"product_tag-sealiha","9":"product_tag-searibi","11":"first","12":"outofstock","13":"taxable","14":"shipping-taxable","15":"purchasable","16":"product-type-simple"},"brands":[{"id":72,"name":"Swift","slug":"swift"}],"_links":{"self":[{"href":"https:\/\/tammetorubbq.ee\/fi\/wp-json\/wp\/v2\/product\/1083","targetHints":{"allow":["GET"]}}],"collection":[{"href":"https:\/\/tammetorubbq.ee\/fi\/wp-json\/wp\/v2\/product"}],"about":[{"href":"https:\/\/tammetorubbq.ee\/fi\/wp-json\/wp\/v2\/types\/product"}],"replies":[{"embeddable":true,"href":"https:\/\/tammetorubbq.ee\/fi\/wp-json\/wp\/v2\/comments?post=1083"}],"wp:featuredmedia":[{"embeddable":true,"href":"https:\/\/tammetorubbq.ee\/fi\/wp-json\/wp\/v2\/media\/1084"}],"wp:attachment":[{"href":"https:\/\/tammetorubbq.ee\/fi\/wp-json\/wp\/v2\/media?parent=1083"}],"wp:term":[{"taxonomy":"pwb-brand","embeddable":true,"href":"https:\/\/tammetorubbq.ee\/fi\/wp-json\/wp\/v2\/pwb-brand?post=1083"},{"taxonomy":"product_brand","embeddable":true,"href":"https:\/\/tammetorubbq.ee\/fi\/wp-json\/wp\/v2\/product_brand?post=1083"},{"taxonomy":"product_cat","embeddable":true,"href":"https:\/\/tammetorubbq.ee\/fi\/wp-json\/wp\/v2\/product_cat?post=1083"},{"taxonomy":"product_tag","embeddable":true,"href":"https:\/\/tammetorubbq.ee\/fi\/wp-json\/wp\/v2\/product_tag?post=1083"}],"curies":[{"name":"wp","href":"https:\/\/api.w.org\/{rel}","templated":true}]}}