{"id":1335,"date":"2024-02-21T20:18:37","date_gmt":"2024-02-21T18:18:37","guid":{"rendered":"https:\/\/tammetorubbq.ee\/?post_type=product&#038;p=1335"},"modified":"2026-04-16T19:00:09","modified_gmt":"2026-04-16T16:00:09","slug":"blues-hog-alkuperainen-bbq-tahna-709g","status":"publish","type":"product","link":"https:\/\/tammetorubbq.ee\/fi\/product-2\/blues-hog-alkuperainen-bbq-tahna-709g\/","title":{"rendered":"Blues Hog Original BBQ-kastike 709g"},"content":{"rendered":"<p><strong>Ainesosat:<\/strong> ruskea sokeri, ketsuppi, omenaviinietikka, sokeri, suola, mausteet, paprika, worcestershire-kastike, vaniljauute, valkosipuli.<\/p>\n<p><img loading=\"lazy\" decoding=\"async\" class=\"alignnone size-full wp-image-1337\" src=\"http:\/\/tammetorubbq.ee\/wp-content\/uploads\/2024\/02\/Blues-Hog-Original-BBQ-kaste.jpg\" alt=\"Blues Hog Original BBQ \" width=\"297\" height=\"95\" srcset=\"https:\/\/tammetorubbq.ee\/wp-content\/uploads\/2024\/02\/Blues-Hog-Original-BBQ-kaste.jpg 297w, https:\/\/tammetorubbq.ee\/wp-content\/uploads\/2024\/02\/Blues-Hog-Original-BBQ-kaste-18x6.jpg 18w, https:\/\/tammetorubbq.ee\/wp-content\/uploads\/2024\/02\/Blues-Hog-Original-BBQ-kaste-64x20.jpg 64w\" sizes=\"auto, (max-width: 297px) 100vw, 297px\" \/><\/p>","protected":false},"excerpt":{"rendered":"<p>Legendaarinen Bill Arnold Blues Hog ei kaipaa esittely\u00e4 - nimi kertoo kaiken!<\/p>\n<p>Blues Hog Original BBQ -kastike on t\u00e4ydellinen sekoitus makeutta, joka on tasapainossa juuri oikean mausteisuuden kanssa. Blues Hog Original BBQ-kastike on \u00e4\u00e4nestetty \"maailman parhaaksi kastikkeeksi\".<\/p>\n<p>Se on hyvin ainutlaatuinen maku ja hyvin \"tahmea\" kastike.<\/p>\n<p>Blues Hogin gourmet-kastikkeet ovat gluteenittomia ja valmistettu luonnollisista, korkealaatuisista raaka-aineista.<\/p>\n<p>Blues Hog -tuotteilla on enemm\u00e4n palkintoja kuin mill\u00e4\u00e4n muulla markkinoilla olevalla \"kilpailijalla\", mink\u00e4 vuoksi Blues Hog -tuotteita k\u00e4ytt\u00e4v\u00e4t 90% kilpailevat grillijoukkueet ymp\u00e4ri maailmaa.<\/p>\n<p><span style=\"color: #0000ff;\"><strong style=\"font-weight: var(--bde-woo-typography-font-weight-heavy);\">Blues Hog on palkittujen mestareiden valinta!<\/strong><\/span><\/p>\n<p><img loading=\"lazy\" decoding=\"async\" class=\"alignnone wp-image-3462\" src=\"http:\/\/tammetorubbq.ee\/wp-content\/uploads\/2024\/02\/BH_Logo_2022-300x280.avif\" alt=\"\" width=\"192\" height=\"179\" srcset=\"https:\/\/tammetorubbq.ee\/wp-content\/uploads\/2024\/02\/BH_Logo_2022-300x280.avif 300w, https:\/\/tammetorubbq.ee\/wp-content\/uploads\/2024\/02\/BH_Logo_2022-13x12.avif 13w, https:\/\/tammetorubbq.ee\/wp-content\/uploads\/2024\/02\/BH_Logo_2022-64x60.avif 64w, https:\/\/tammetorubbq.ee\/wp-content\/uploads\/2024\/02\/BH_Logo_2022.avif 322w\" sizes=\"auto, (max-width: 192px) 100vw, 192px\" \/><\/p>","protected":false},"featured_media":4760,"comment_status":"open","ping_status":"closed","template":"","meta":{"_uf_show_specific_survey":0,"_uf_disable_surveys":false},"pwb-brand":[],"product_brand":[],"product_cat":[22],"product_tag":[331,354],"class_list":{"0":"post-1335","1":"product","2":"type-product","3":"status-publish","4":"has-post-thumbnail","6":"product_cat-kastmed-ja-marinaadid","7":"product_tag-blues-hog","8":"product_tag-blues-hog-kastmed","10":"first","11":"instock","12":"taxable","13":"shipping-taxable","14":"purchasable","15":"product-type-simple"},"brands":[],"_links":{"self":[{"href":"https:\/\/tammetorubbq.ee\/fi\/wp-json\/wp\/v2\/product\/1335","targetHints":{"allow":["GET"]}}],"collection":[{"href":"https:\/\/tammetorubbq.ee\/fi\/wp-json\/wp\/v2\/product"}],"about":[{"href":"https:\/\/tammetorubbq.ee\/fi\/wp-json\/wp\/v2\/types\/product"}],"replies":[{"embeddable":true,"href":"https:\/\/tammetorubbq.ee\/fi\/wp-json\/wp\/v2\/comments?post=1335"}],"wp:featuredmedia":[{"embeddable":true,"href":"https:\/\/tammetorubbq.ee\/fi\/wp-json\/wp\/v2\/media\/4760"}],"wp:attachment":[{"href":"https:\/\/tammetorubbq.ee\/fi\/wp-json\/wp\/v2\/media?parent=1335"}],"wp:term":[{"taxonomy":"pwb-brand","embeddable":true,"href":"https:\/\/tammetorubbq.ee\/fi\/wp-json\/wp\/v2\/pwb-brand?post=1335"},{"taxonomy":"product_brand","embeddable":true,"href":"https:\/\/tammetorubbq.ee\/fi\/wp-json\/wp\/v2\/product_brand?post=1335"},{"taxonomy":"product_cat","embeddable":true,"href":"https:\/\/tammetorubbq.ee\/fi\/wp-json\/wp\/v2\/product_cat?post=1335"},{"taxonomy":"product_tag","embeddable":true,"href":"https:\/\/tammetorubbq.ee\/fi\/wp-json\/wp\/v2\/product_tag?post=1335"}],"curies":[{"name":"wp","href":"https:\/\/api.w.org\/{rel}","templated":true}]}}