{"id":1342,"date":"2024-02-21T21:17:00","date_gmt":"2024-02-21T19:17:00","guid":{"rendered":"https:\/\/tammetorubbq.ee\/?post_type=product&#038;p=1342"},"modified":"2026-04-15T04:00:06","modified_gmt":"2026-04-15T01:00:06","slug":"meat-church-honey-hog-hog-hot-rub-397g","status":"publish","type":"product","link":"https:\/\/tammetorubbq.ee\/fi\/product-2\/meat-church-honey-hog-hog-hot-rub-397g\/","title":{"rendered":"Meat Church Honey Hog HOT Rub 397g"},"content":{"rendered":"<p><strong>Ainesosat:<\/strong> suhkur, sool, meepulber (rafineeritud siirup, mesi), v\u00fcrtsid, sh. paprika, dekstroos, veetustatud jalapeno, veetustatud k\u00fc\u00fcslauk, seller, kuni 2% r\u00e4nidioksiid (et v\u00e4ltida paakumist) ja v\u00fcrtside ekstraktiivained.<\/p>\n<p>Gluteeniton.<\/p>\n<p>Tuote ei sis\u00e4ll\u00e4 makuaineen MSG:t\u00e4 (<em>mononatriumglutamaatti<\/em>\u00a0tai natriumglutamaatti (E621).<\/p>","protected":false},"excerpt":{"rendered":"<p>Meat Church Honey Hog HOT -mausteseos on jatkoa Meat Churchin suositulle Honey Hog -mausteseokselle, johon on lis\u00e4tty jalapenoa. T\u00e4m\u00e4 makea\/mausteinen rub sopii erinomaisesti porsaankyljyksille, sianlihalle, siipikarjalle ja kalalle.<\/p>\n<p>Yhdist\u00e4 se Honey Hog BBQ:n kanssa ja saat \"tappavan\" yhdistelm\u00e4n kylkiluita, jotka tekev\u00e4t teot BBQ-kilpailuissa ymp\u00e4ri maailmaa.<\/p>\n<p>Honey Hog HOT on loistava my\u00f6s kanansiipien kanssa.<\/p>\n<p><img loading=\"lazy\" decoding=\"async\" class=\"wp-image-1702\" src=\"https:\/\/tammetorubbq.ee\/wp-content\/uploads\/2024\/02\/Meat-Church-logo-scaled-300x300.webp\" alt=\"Lihakirkon logo\" width=\"178\" height=\"178\" srcset=\"https:\/\/tammetorubbq.ee\/wp-content\/uploads\/2024\/02\/Meat-Church-logo-scaled-300x300.webp 300w, https:\/\/tammetorubbq.ee\/wp-content\/uploads\/2024\/02\/Meat-Church-logo-scaled-1024x1024.webp 1024w, https:\/\/tammetorubbq.ee\/wp-content\/uploads\/2024\/02\/Meat-Church-logo-scaled-150x150.webp 150w, https:\/\/tammetorubbq.ee\/wp-content\/uploads\/2024\/02\/Meat-Church-logo-scaled-768x768.webp 768w, https:\/\/tammetorubbq.ee\/wp-content\/uploads\/2024\/02\/Meat-Church-logo-scaled-1536x1536.webp 1536w, https:\/\/tammetorubbq.ee\/wp-content\/uploads\/2024\/02\/Meat-Church-logo-scaled-2048x2048.webp 2048w, https:\/\/tammetorubbq.ee\/wp-content\/uploads\/2024\/02\/Meat-Church-logo-scaled-12x12.webp 12w, https:\/\/tammetorubbq.ee\/wp-content\/uploads\/2024\/02\/Meat-Church-logo-scaled-600x600.webp 600w, https:\/\/tammetorubbq.ee\/wp-content\/uploads\/2024\/02\/Meat-Church-logo-scaled-64x64.webp 64w\" sizes=\"auto, (max-width: 178px) 100vw, 178px\" \/><\/p>","protected":false},"featured_media":1329,"comment_status":"open","ping_status":"closed","template":"","meta":{"_uf_show_specific_survey":0,"_uf_disable_surveys":false},"pwb-brand":[96],"product_brand":[],"product_cat":[21],"product_tag":[159,166,114],"class_list":{"0":"post-1342","1":"product","2":"type-product","3":"status-publish","4":"has-post-thumbnail","6":"pwb-brand-meat-church","7":"product_cat-maitseainesegud","8":"product_tag-kanatiivad","9":"product_tag-rebitudliha","10":"product_tag-sealiha","12":"first","13":"instock","14":"taxable","15":"shipping-taxable","16":"purchasable","17":"product-type-simple"},"brands":[{"id":96,"name":"Lihakirkko","slug":"meat-church"}],"_links":{"self":[{"href":"https:\/\/tammetorubbq.ee\/fi\/wp-json\/wp\/v2\/product\/1342","targetHints":{"allow":["GET"]}}],"collection":[{"href":"https:\/\/tammetorubbq.ee\/fi\/wp-json\/wp\/v2\/product"}],"about":[{"href":"https:\/\/tammetorubbq.ee\/fi\/wp-json\/wp\/v2\/types\/product"}],"replies":[{"embeddable":true,"href":"https:\/\/tammetorubbq.ee\/fi\/wp-json\/wp\/v2\/comments?post=1342"}],"wp:featuredmedia":[{"embeddable":true,"href":"https:\/\/tammetorubbq.ee\/fi\/wp-json\/wp\/v2\/media\/1329"}],"wp:attachment":[{"href":"https:\/\/tammetorubbq.ee\/fi\/wp-json\/wp\/v2\/media?parent=1342"}],"wp:term":[{"taxonomy":"pwb-brand","embeddable":true,"href":"https:\/\/tammetorubbq.ee\/fi\/wp-json\/wp\/v2\/pwb-brand?post=1342"},{"taxonomy":"product_brand","embeddable":true,"href":"https:\/\/tammetorubbq.ee\/fi\/wp-json\/wp\/v2\/product_brand?post=1342"},{"taxonomy":"product_cat","embeddable":true,"href":"https:\/\/tammetorubbq.ee\/fi\/wp-json\/wp\/v2\/product_cat?post=1342"},{"taxonomy":"product_tag","embeddable":true,"href":"https:\/\/tammetorubbq.ee\/fi\/wp-json\/wp\/v2\/product_tag?post=1342"}],"curies":[{"name":"wp","href":"https:\/\/api.w.org\/{rel}","templated":true}]}}