{"id":1343,"date":"2024-02-21T21:40:06","date_gmt":"2024-02-21T19:40:06","guid":{"rendered":"https:\/\/tammetorubbq.ee\/?post_type=product&#038;p=1343"},"modified":"2026-04-14T22:01:08","modified_gmt":"2026-04-14T19:01:08","slug":"lihakirkko-deez-nuts-hunaja-pekaanipahkina-rub-397g","status":"publish","type":"product","link":"https:\/\/tammetorubbq.ee\/fi\/product-2\/lihakirkko-deez-nuts-hunaja-pekaanipahkina-rub-397g\/","title":{"rendered":"Meat Church Deez Nuts (Honey Pecan) Rub 397g"},"content":{"rendered":"<p>Ainesosat: sokeri, suola, hunajajauhe (puhdistettu siirappi, hunaja), mausteet, mm. sokeri, suola. Pippuri, dekstroosi, dehydratoitu valkosipuli, selleri (enint\u00e4\u00e4n 2%), paakkuuntumisen est\u00e4v\u00e4 piidioksidi, mausteuutteet ja luonnollinen pekaanip\u00e4hkin\u00e4aromi.<\/p>\n<p>Gluteeniton.<\/p>\n<p>Tuote ei sis\u00e4ll\u00e4 makuaineen MSG:t\u00e4 (<em>mononatriumglutamaatti<\/em>\u00a0tai natriumglutamaatti (E621).<\/p>","protected":false},"excerpt":{"rendered":"<p>Meat Church on kuunnellut kuluttajien vaatimuksia ja vastannut niihin. Deez Nuts (Honey Pecan) -mausteseos on saanut inspiraationsa Meat Churchin suositusta Honey Hog BBQ rubista.<\/p>\n<p>Tuote on kehitetty useiden huippukokkien kanssa, jotka ovat kokeilleet erilaisia pekaanip\u00e4hkin\u00e4n makuja.<\/p>\n<p>Meat Church Deez Nuts (Honey Pecan) makea rub sopii erinomaisesti sianlihalle, siipikarjalle ja kalalle!<\/p>\n<p><img loading=\"lazy\" decoding=\"async\" class=\"wp-image-1702\" src=\"http:\/\/tammetorubbq.ee\/wp-content\/uploads\/2024\/02\/Meat-Church-logo-300x300.webp\" alt=\"Lihakirkon logo\" width=\"167\" height=\"167\" \/><\/p>","protected":false},"featured_media":1321,"comment_status":"open","ping_status":"closed","template":"","meta":{"_uf_show_specific_survey":0,"_uf_disable_surveys":false},"pwb-brand":[],"product_brand":[],"product_cat":[21],"product_tag":[],"class_list":{"0":"post-1343","1":"product","2":"type-product","3":"status-publish","4":"has-post-thumbnail","6":"product_cat-maitseainesegud","8":"first","9":"outofstock","10":"taxable","11":"shipping-taxable","12":"purchasable","13":"product-type-simple"},"brands":[],"_links":{"self":[{"href":"https:\/\/tammetorubbq.ee\/fi\/wp-json\/wp\/v2\/product\/1343","targetHints":{"allow":["GET"]}}],"collection":[{"href":"https:\/\/tammetorubbq.ee\/fi\/wp-json\/wp\/v2\/product"}],"about":[{"href":"https:\/\/tammetorubbq.ee\/fi\/wp-json\/wp\/v2\/types\/product"}],"replies":[{"embeddable":true,"href":"https:\/\/tammetorubbq.ee\/fi\/wp-json\/wp\/v2\/comments?post=1343"}],"wp:featuredmedia":[{"embeddable":true,"href":"https:\/\/tammetorubbq.ee\/fi\/wp-json\/wp\/v2\/media\/1321"}],"wp:attachment":[{"href":"https:\/\/tammetorubbq.ee\/fi\/wp-json\/wp\/v2\/media?parent=1343"}],"wp:term":[{"taxonomy":"pwb-brand","embeddable":true,"href":"https:\/\/tammetorubbq.ee\/fi\/wp-json\/wp\/v2\/pwb-brand?post=1343"},{"taxonomy":"product_brand","embeddable":true,"href":"https:\/\/tammetorubbq.ee\/fi\/wp-json\/wp\/v2\/product_brand?post=1343"},{"taxonomy":"product_cat","embeddable":true,"href":"https:\/\/tammetorubbq.ee\/fi\/wp-json\/wp\/v2\/product_cat?post=1343"},{"taxonomy":"product_tag","embeddable":true,"href":"https:\/\/tammetorubbq.ee\/fi\/wp-json\/wp\/v2\/product_tag?post=1343"}],"curies":[{"name":"wp","href":"https:\/\/api.w.org\/{rel}","templated":true}]}}