{"id":1347,"date":"2024-02-21T22:31:26","date_gmt":"2024-02-21T20:31:26","guid":{"rendered":"https:\/\/tammetorubbq.ee\/?post_type=product&#038;p=1347"},"modified":"2026-04-15T02:00:11","modified_gmt":"2026-04-14T23:00:11","slug":"killer-hogs-ap-seasoning-rub-397g","status":"publish","type":"product","link":"https:\/\/tammetorubbq.ee\/fi\/product-2\/killer-hogs-ap-seasoning-rub-397g\/","title":{"rendered":"Killer Hogs AP Seasoning Rub 397g"},"content":{"rendered":"<p><strong>Ainesosat:<\/strong> sool, veetustatud k\u00fc\u00fcslauk, v\u00fcrtsid (punane ja must pipar), naatriumglutamaat, rafineeritud soja\u00f5li, deh\u00fcdreeritud petersell ja alla 2% kaltsiumstearaati (mis on lisatud paakumise v\u00e4ltimiseks).<\/p>\n<p>Killer Hogs -tuotteet eiv\u00e4t sis\u00e4ll\u00e4 gluteenia.<\/p>","protected":false},"excerpt":{"rendered":"<p>Kuten nimess\u00e4 oleva lyhenne A.P. kertoo, kyseess\u00e4 on \"All Purpose\" eli yleisk\u00e4ytt\u00f6inen mausteseos.<\/p>\n<p>Maukas ja tasapainoinen rub, joka on tarpeeksi monipuolinen k\u00e4ytett\u00e4v\u00e4ksi kaiken kanssa.<\/p>\n<p>Killer Hogs A.P. rub toimii t\u00e4ydellisesti sianlihalle, naudanlihalle, kanalle... ja jopa vihanneksille.<\/p>\n<p>K\u00e4yt\u00e4 A.P. Rubia yksin\u00e4\u00e4n, jotta maku pysyy yksinkertaisena ja puhtaana, tai yhdist\u00e4 se muiden Killer Hogs Rubien kanssa saadaksesi entist\u00e4kin voimakkaamman ja voimakkaamman makuyhdistelm\u00e4n.<\/p>\n<p>&nbsp;<\/p>\n<p><img loading=\"lazy\" decoding=\"async\" class=\"wp-image-2335\" src=\"http:\/\/tammetorubbq.ee\/wp-content\/uploads\/2024\/12\/Killer-Hogs-logo-300x300.webp\" alt=\"Killer hogs logo\" width=\"146\" height=\"146\" srcset=\"https:\/\/tammetorubbq.ee\/wp-content\/uploads\/2024\/12\/Killer-Hogs-logo-300x300.webp 300w, https:\/\/tammetorubbq.ee\/wp-content\/uploads\/2024\/12\/Killer-Hogs-logo-150x150.webp 150w, https:\/\/tammetorubbq.ee\/wp-content\/uploads\/2024\/12\/Killer-Hogs-logo-768x768.webp 768w, https:\/\/tammetorubbq.ee\/wp-content\/uploads\/2024\/12\/Killer-Hogs-logo-12x12.webp 12w, https:\/\/tammetorubbq.ee\/wp-content\/uploads\/2024\/12\/Killer-Hogs-logo-600x600.webp 600w, https:\/\/tammetorubbq.ee\/wp-content\/uploads\/2024\/12\/Killer-Hogs-logo-64x64.webp 64w, https:\/\/tammetorubbq.ee\/wp-content\/uploads\/2024\/12\/Killer-Hogs-logo.webp 800w\" sizes=\"auto, (max-width: 146px) 100vw, 146px\" \/><\/p>","protected":false},"featured_media":2354,"comment_status":"open","ping_status":"closed","template":"","meta":{"_uf_show_specific_survey":0,"_uf_disable_surveys":false},"pwb-brand":[103],"product_brand":[],"product_cat":[21,20],"product_tag":[118,159,121,120,319,114,122,123,119],"class_list":{"0":"post-1347","1":"product","2":"type-product","3":"status-publish","4":"has-post-thumbnail","6":"pwb-brand-killer-hogs-bbq","7":"product_cat-maitseainesegud","8":"product_cat-kampaania","9":"product_tag-kanaliha","10":"product_tag-kanatiivad","11":"product_tag-koogiviljad","12":"product_tag-mereannid","13":"product_tag-pardi-rinnafilee","14":"product_tag-sealiha","15":"product_tag-searibi","16":"product_tag-steik","17":"product_tag-veiseliha","19":"first","20":"instock","21":"sale","22":"taxable","23":"shipping-taxable","24":"purchasable","25":"product-type-simple"},"brands":[{"id":103,"name":"Killer Hogs BBQ","slug":"killer-hogs-bbq"}],"_links":{"self":[{"href":"https:\/\/tammetorubbq.ee\/fi\/wp-json\/wp\/v2\/product\/1347","targetHints":{"allow":["GET"]}}],"collection":[{"href":"https:\/\/tammetorubbq.ee\/fi\/wp-json\/wp\/v2\/product"}],"about":[{"href":"https:\/\/tammetorubbq.ee\/fi\/wp-json\/wp\/v2\/types\/product"}],"replies":[{"embeddable":true,"href":"https:\/\/tammetorubbq.ee\/fi\/wp-json\/wp\/v2\/comments?post=1347"}],"wp:featuredmedia":[{"embeddable":true,"href":"https:\/\/tammetorubbq.ee\/fi\/wp-json\/wp\/v2\/media\/2354"}],"wp:attachment":[{"href":"https:\/\/tammetorubbq.ee\/fi\/wp-json\/wp\/v2\/media?parent=1347"}],"wp:term":[{"taxonomy":"pwb-brand","embeddable":true,"href":"https:\/\/tammetorubbq.ee\/fi\/wp-json\/wp\/v2\/pwb-brand?post=1347"},{"taxonomy":"product_brand","embeddable":true,"href":"https:\/\/tammetorubbq.ee\/fi\/wp-json\/wp\/v2\/product_brand?post=1347"},{"taxonomy":"product_cat","embeddable":true,"href":"https:\/\/tammetorubbq.ee\/fi\/wp-json\/wp\/v2\/product_cat?post=1347"},{"taxonomy":"product_tag","embeddable":true,"href":"https:\/\/tammetorubbq.ee\/fi\/wp-json\/wp\/v2\/product_tag?post=1347"}],"curies":[{"name":"wp","href":"https:\/\/api.w.org\/{rel}","templated":true}]}}