{"id":1356,"date":"2024-02-21T22:49:49","date_gmt":"2024-02-21T20:49:49","guid":{"rendered":"https:\/\/tammetorubbq.ee\/?post_type=product&#038;p=1356"},"modified":"2026-04-15T06:00:02","modified_gmt":"2026-04-15T03:00:02","slug":"killer-hogs-the-bbq-rub-397g","status":"publish","type":"product","link":"https:\/\/tammetorubbq.ee\/fi\/product-2\/killer-hogs-the-bbq-rub-397g\/","title":{"rendered":"Killer Hogs THE BBQ Rub 397g"},"content":{"rendered":"<p>Ainesosat: ruskea sokeri, sokeri, paprika, suola, mausteet (punainen ja musta pippuri), kuivattu valkosipuli, vahapippuri\u00f6ljy, kuivattu appelsiininkuori, luontainen aromi ja alle 2% trikalsiumfosfaattia (lis\u00e4tty paakkuuntumisen est\u00e4miseksi).<\/p>\n<p>Killer Hogs -tuotteet eiv\u00e4t sis\u00e4ll\u00e4 gluteenia.<\/p>","protected":false},"excerpt":{"rendered":"<p>Et voita grillimestaruutta, jos et tied\u00e4 mit\u00e4\u00e4n lihan maustamisesta!<\/p>\n<p>Malcolm Reed ja h\u00e4nen BBQ-tiimins\u00e4 Killer Hogs ovat koonneet juuri sinua varten \"THE BBQ RUB\" -mausteseoksen, jossa on kaikkea - makua, tasapainoa, makeutta ja lopuksi mukavaa \"potkua\", joka hell\u00e4sti hy\u00f6dynt\u00e4\u00e4 jo aiemmin kokemiasi hyvi\u00e4 makuja ja tekee niist\u00e4 entist\u00e4kin tiiviimpi\u00e4.<\/p>\n<p><span style=\"color: #0000ff;\"><strong>Todellinen BBQ-perusmauste, jossa on kaikki kolme ominaisuutta: suolaisuus, makeus ja my\u00f6s luonnetta tai mausteisuutta.<\/strong><\/span><\/p>\n<p>Sopii kaikenlaiselle sianlihalle.<\/p>\n<p><img loading=\"lazy\" decoding=\"async\" class=\"wp-image-2335\" src=\"http:\/\/tammetorubbq.ee\/wp-content\/uploads\/2024\/12\/Killer-Hogs-logo-300x300.webp\" alt=\"Killer hogs logo\" width=\"126\" height=\"126\" srcset=\"https:\/\/tammetorubbq.ee\/wp-content\/uploads\/2024\/12\/Killer-Hogs-logo-300x300.webp 300w, https:\/\/tammetorubbq.ee\/wp-content\/uploads\/2024\/12\/Killer-Hogs-logo-150x150.webp 150w, https:\/\/tammetorubbq.ee\/wp-content\/uploads\/2024\/12\/Killer-Hogs-logo-768x768.webp 768w, https:\/\/tammetorubbq.ee\/wp-content\/uploads\/2024\/12\/Killer-Hogs-logo-12x12.webp 12w, https:\/\/tammetorubbq.ee\/wp-content\/uploads\/2024\/12\/Killer-Hogs-logo-600x600.webp 600w, https:\/\/tammetorubbq.ee\/wp-content\/uploads\/2024\/12\/Killer-Hogs-logo-64x64.webp 64w, https:\/\/tammetorubbq.ee\/wp-content\/uploads\/2024\/12\/Killer-Hogs-logo.webp 800w\" sizes=\"auto, (max-width: 126px) 100vw, 126px\" \/><\/p>","protected":false},"featured_media":2343,"comment_status":"open","ping_status":"closed","template":"","meta":{"_uf_show_specific_survey":0,"_uf_disable_surveys":false},"pwb-brand":[103],"product_brand":[],"product_cat":[21],"product_tag":[],"class_list":{"0":"post-1356","1":"product","2":"type-product","3":"status-publish","4":"has-post-thumbnail","6":"pwb-brand-killer-hogs-bbq","7":"product_cat-maitseainesegud","9":"first","10":"instock","11":"taxable","12":"shipping-taxable","13":"purchasable","14":"product-type-simple"},"brands":[{"id":103,"name":"Killer Hogs BBQ","slug":"killer-hogs-bbq"}],"_links":{"self":[{"href":"https:\/\/tammetorubbq.ee\/fi\/wp-json\/wp\/v2\/product\/1356","targetHints":{"allow":["GET"]}}],"collection":[{"href":"https:\/\/tammetorubbq.ee\/fi\/wp-json\/wp\/v2\/product"}],"about":[{"href":"https:\/\/tammetorubbq.ee\/fi\/wp-json\/wp\/v2\/types\/product"}],"replies":[{"embeddable":true,"href":"https:\/\/tammetorubbq.ee\/fi\/wp-json\/wp\/v2\/comments?post=1356"}],"wp:featuredmedia":[{"embeddable":true,"href":"https:\/\/tammetorubbq.ee\/fi\/wp-json\/wp\/v2\/media\/2343"}],"wp:attachment":[{"href":"https:\/\/tammetorubbq.ee\/fi\/wp-json\/wp\/v2\/media?parent=1356"}],"wp:term":[{"taxonomy":"pwb-brand","embeddable":true,"href":"https:\/\/tammetorubbq.ee\/fi\/wp-json\/wp\/v2\/pwb-brand?post=1356"},{"taxonomy":"product_brand","embeddable":true,"href":"https:\/\/tammetorubbq.ee\/fi\/wp-json\/wp\/v2\/product_brand?post=1356"},{"taxonomy":"product_cat","embeddable":true,"href":"https:\/\/tammetorubbq.ee\/fi\/wp-json\/wp\/v2\/product_cat?post=1356"},{"taxonomy":"product_tag","embeddable":true,"href":"https:\/\/tammetorubbq.ee\/fi\/wp-json\/wp\/v2\/product_tag?post=1356"}],"curies":[{"name":"wp","href":"https:\/\/api.w.org\/{rel}","templated":true}]}}